{"id":11956,"date":"2025-09-17T13:32:20","date_gmt":"2025-09-17T11:32:20","guid":{"rendered":"https:\/\/boreait.com\/hu\/?post_type=product&#038;p=11956"},"modified":"2025-09-17T13:33:52","modified_gmt":"2025-09-17T11:33:52","slug":"hasznalt-dc-jack-kabel-dell-latitude-5404-5414-7404-7414-7204-7214-02yyff","status":"publish","type":"product","link":"https:\/\/boreait.com\/hu\/termek\/hasznalt-dc-jack-kabel-dell-latitude-5404-5414-7404-7414-7204-7214-02yyff\/","title":{"rendered":"Haszn\u00e1lt DC Jack k\u00e1bel Dell Latitude 5404 5414 7404 7414 7204 7214 02YYFF"},"content":{"rendered":"<p data-start=\"177\" data-end=\"309\"><strong data-start=\"177\" data-end=\"309\">Haszn\u00e1lt DC t\u00e1pcsatlakoz\u00f3 k\u00e1bel a DELL Latitude Rugged Series-hez \u2013 5404, 5414, 7404, 7414, 7204, 7214 \u2013 P\/YFF,02 TDP-105HSR2-D-102-J<\/strong><\/p>\n<p data-start=\"311\" data-end=\"506\">Ez egy <em data-start=\"321\" data-end=\"341\">tesztelt \u00e9s m\u0171k\u00f6d\u0151<\/em> egyen\u00e1ram\u00fa t\u00e1pk\u00e1bel, amely ide\u00e1lis a Dell Latitude Rugged sorozat\u00fa laptopja t\u00e1pcsatlakoz\u00e1si probl\u00e9m\u00e1inak jav\u00edt\u00e1s\u00e1ra vagy helyre\u00e1ll\u00edt\u00e1s\u00e1ra. Kompatibilis a k\u00f6vetkez\u0151 modellekkel:<\/p>\n<ul data-start=\"508\" data-end=\"682\">\n<li data-start=\"508\" data-end=\"558\">\n<p data-start=\"510\" data-end=\"558\"><strong data-start=\"510\" data-end=\"533\">Latitude 14 robusztus:<\/strong> 5404, 5414, 7404, 7414<\/p>\n<\/li>\n<li data-start=\"559\" data-end=\"597\">\n<p data-start=\"561\" data-end=\"597\"><strong data-start=\"561\" data-end=\"584\">Latitude 12 robusztus:<\/strong> 7204, 7214<\/p>\n<\/li>\n<li data-start=\"598\" data-end=\"639\">\n<p data-start=\"600\" data-end=\"639\">Dell cikksz\u00e1mok: <strong data-start=\"619\" data-end=\"637\">02YYFF \/ 2YYFF<\/strong><\/p>\n<\/li>\n<li data-start=\"640\" data-end=\"682\">\n<p data-start=\"642\" data-end=\"682\">Csatlakoz\u00f3 modell: <strong data-start=\"659\" data-end=\"682\">TDP-105HSR2-D-102-J<\/strong><\/p>\n<\/li>\n<\/ul>\n<p data-start=\"684\" data-end=\"859\">\u2714 Szakszer\u0171en elt\u00e1vol\u00edtva m\u0171k\u00f6d\u0151 eszk\u00f6zr\u0151l<br data-start=\"730\" data-end=\"733\" \/>\u2714 Fizikai s\u00e9r\u00fcl\u00e9sek szempontj\u00e1b\u00f3l megvizsg\u00e1lva \u2013 <em data-start=\"771\" data-end=\"800\">nincs reped\u00e9s, nincsenek szabadd\u00e1 v\u00e1l\u00f3 vezet\u00e9kek<\/em><\/p>\n<p>0&#8243; datatart=&#8221;\u271408&#8243; adattart Ide\u00e1lis technikusoknak \u00e9s bark\u00e1csol\u00e1sos laptopjav\u00edt\u00e1si projektekhez<\/p>\n<p data-start=\"861\" data-end=\"954\"><strong data-start=\"861\" data-end=\"870\">Megjegyz\u00e9s:<\/strong> Ez egy haszn\u00e1lt, j\u00f3 \u00e1llapot\u00fa alkatr\u00e9sz. Rendel\u00e9s el\u0151tt gy\u0151z\u0151dj\u00f6n meg a kompatibilit\u00e1sr\u00f3l.<\/p>\n","protected":false},"excerpt":{"rendered":"<p>Haszn\u00e1lt egyen\u00e1ram\u00fa t\u00e1pk\u00e1bel a Dell Latitude Rugged 14\/12 sorozathoz (5404\u20137414, 7204\u20137214). #02YYFF r\u00e9sz. Tesztelve \u00e9s m\u0171k\u00f6d\u0151k\u00e9pes \u00e1llapotban.<\/p>\n","protected":false},"featured_media":12009,"template":"","meta":[],"product_brand":[],"product_cat":[20],"product_tag":[],"class_list":{"0":"post-11956","1":"product","2":"type-product","3":"status-publish","4":"has-post-thumbnail","6":"product_cat-cables","8":"first","9":"instock","10":"taxable","11":"shipping-taxable","12":"purchasable","13":"product-type-simple"},"_links":{"self":[{"href":"https:\/\/boreait.com\/hu\/wp-json\/wp\/v2\/product\/11956","targetHints":{"allow":["GET"]}}],"collection":[{"href":"https:\/\/boreait.com\/hu\/wp-json\/wp\/v2\/product"}],"about":[{"href":"https:\/\/boreait.com\/hu\/wp-json\/wp\/v2\/types\/product"}],"wp:featuredmedia":[{"embeddable":true,"href":"https:\/\/boreait.com\/hu\/wp-json\/wp\/v2\/media\/12009"}],"wp:attachment":[{"href":"https:\/\/boreait.com\/hu\/wp-json\/wp\/v2\/media?parent=11956"}],"wp:term":[{"taxonomy":"product_brand","embeddable":true,"href":"https:\/\/boreait.com\/hu\/wp-json\/wp\/v2\/product_brand?post=11956"},{"taxonomy":"product_cat","embeddable":true,"href":"https:\/\/boreait.com\/hu\/wp-json\/wp\/v2\/product_cat?post=11956"},{"taxonomy":"product_tag","embeddable":true,"href":"https:\/\/boreait.com\/hu\/wp-json\/wp\/v2\/product_tag?post=11956"}],"curies":[{"name":"wp","href":"https:\/\/api.w.org\/{rel}","templated":true}]}}