{"id":11942,"date":"2025-09-17T13:31:55","date_gmt":"2025-09-17T11:31:55","guid":{"rendered":"https:\/\/boreait.com\/hu\/?post_type=product&#038;p=11942"},"modified":"2025-09-17T13:33:29","modified_gmt":"2025-09-17T11:33:29","slug":"eredeti-dell-latitude-rugged-e7204-felso-fedel-eredeti-laptop-alkatreszek-az-e7204-sorozathoz","status":"publish","type":"product","link":"https:\/\/boreait.com\/hu\/termek\/eredeti-dell-latitude-rugged-e7204-felso-fedel-eredeti-laptop-alkatreszek-az-e7204-sorozathoz\/","title":{"rendered":"Eredeti DELL Latitude Rugged E7204 fels\u0151 fed\u00e9l \u2013 Eredeti laptop alkatr\u00e9szek az E7204 sorozathoz"},"content":{"rendered":"<p class=\"\" data-start=\"606\" data-end=\"845\">Ny\u00fajtsa vissza Dell Latitude Rugged E7204 tart\u00f3ss\u00e1g\u00e1t \u00e9s megjelen\u00e9s\u00e9t ezzel az <strong data-start=\"689\" data-end=\"715\">eredeti fels\u0151 fed\u00e9llel<\/strong>. Ez az alkatr\u00e9sz <strong data-start=\"732\" data-end=\"758\">eredeti Dell-komponens<\/strong>, \u00e9s ide\u00e1lis az E7204 sorozat\u00fa laptop elhaszn\u00e1l\u00f3dott vagy s\u00e9r\u00fclt fels\u0151 burkolat\u00e1nak cser\u00e9j\u00e9hez.<\/p>\n<p class=\"\" data-start=\"847\" data-end=\"1157\">Ak\u00e1r viszontelad\u00e1s c\u00e9lj\u00e1b\u00f3l fel\u00faj\u00edtja az eszk\u00f6zt, ak\u00e1r egyszer\u0171en csak szeretn\u00e9 megtartani robusztus g\u00e9p\u00e9t a legjobb form\u00e1ban, ez a <strong data-start=\"959\" data-end=\"974\">laptop alkatr\u00e9sz<\/strong> t\u00f6k\u00e9letes illeszked\u00e9st \u00e9s OEM-szint\u0171 min\u0151s\u00e9get biztos\u00edt. A fels\u0151 bor\u00edt\u00f3 haszn\u00e1lt, de kit\u0171n\u0151 \u00e1llapotban van, a <strong data-start=\"1078\" data-end=\"1124\">a list\u00e1ban tal\u00e1lhat\u00f3 f\u00e9nyk\u00e9peken pedig a t\u00e9nyleges \u00e1rucikk<\/strong> l\u00e1that\u00f3 \u2013 nincs meglepet\u00e9s.<\/p>\n<p class=\"\" data-start=\"1159\" data-end=\"1420\">K\u00e9rj\u00fck, vegye figyelembe:<br data-start=\"1171\" data-end=\"1174\" \/>\ud83d\udccc Ez a lista a <strong data-start=\"1201\" data-end=\"1217\">fels\u0151 fed\u00e9lre vonatkozik<\/strong> \u2013 p\u00e9ld\u00e1ul nem tartalmazza a zsan\u00e9rokat \u00e9s a bels\u0151 alkatr\u00e9szeket. data-start=&#8221;1300&#8243; data-end=&#8221;1303&#8243; \/>\ud83d\udccc Telep\u00edt\u00e9si utas\u00edt\u00e1sokat nem adunk, de seg\u00edts\u00e9ggel vagy kompatibilit\u00e1si k\u00e9rd\u00e9sekkel kapcsolatban nyugodtan fordulhat hozz\u00e1nk.<\/p>\n<p class=\"\" data-start=\"1422\" data-end=\"1571\">\ud83c\udf0d Eur\u00f3p\u00e1b\u00f3l sz\u00e1ll\u00edtjuk, vil\u00e1gszerte el\u00e9rhet\u0151 sz\u00e1ll\u00edt\u00e1si lehet\u0151s\u00e9gekkel.<br data-start=\"1485\" data-end=\"1488\" \/>\ud83d\udee0\ufe0f Megb\u00edzhat\u00f3 v\u00e1laszt\u00e1s jav\u00edt\u00f3m\u0171helyek, viszontelad\u00f3k vagy bark\u00e1csolt laptop alkatr\u00e9szcser\u00e9k sz\u00e1m\u00e1ra.<\/p>\n","protected":false},"excerpt":{"rendered":"<p>Eredeti fels\u0151 fed\u00e9l a Dell Latitude Rugged E7204-hez. Ide\u00e1lis cserealkatr\u00e9sz laptopja eredeti megjelen\u00e9s\u00e9nek \u00e9s v\u00e9delm\u00e9nek vissza\u00e1ll\u00edt\u00e1s\u00e1hoz.<\/p>\n","protected":false},"featured_media":11997,"template":"","meta":[],"product_brand":[],"product_cat":[16],"product_tag":[17],"class_list":{"0":"post-11942","1":"product","2":"type-product","3":"status-publish","4":"has-post-thumbnail","6":"product_cat-laptop-housing","7":"product_tag-dell","9":"first","10":"instock","11":"taxable","12":"shipping-taxable","13":"purchasable","14":"product-type-simple"},"_links":{"self":[{"href":"https:\/\/boreait.com\/hu\/wp-json\/wp\/v2\/product\/11942","targetHints":{"allow":["GET"]}}],"collection":[{"href":"https:\/\/boreait.com\/hu\/wp-json\/wp\/v2\/product"}],"about":[{"href":"https:\/\/boreait.com\/hu\/wp-json\/wp\/v2\/types\/product"}],"wp:featuredmedia":[{"embeddable":true,"href":"https:\/\/boreait.com\/hu\/wp-json\/wp\/v2\/media\/11997"}],"wp:attachment":[{"href":"https:\/\/boreait.com\/hu\/wp-json\/wp\/v2\/media?parent=11942"}],"wp:term":[{"taxonomy":"product_brand","embeddable":true,"href":"https:\/\/boreait.com\/hu\/wp-json\/wp\/v2\/product_brand?post=11942"},{"taxonomy":"product_cat","embeddable":true,"href":"https:\/\/boreait.com\/hu\/wp-json\/wp\/v2\/product_cat?post=11942"},{"taxonomy":"product_tag","embeddable":true,"href":"https:\/\/boreait.com\/hu\/wp-json\/wp\/v2\/product_tag?post=11942"}],"curies":[{"name":"wp","href":"https:\/\/api.w.org\/{rel}","templated":true}]}}