{"id":11940,"date":"2025-09-17T13:31:55","date_gmt":"2025-09-17T11:31:55","guid":{"rendered":"https:\/\/boreait.com\/hu\/?post_type=product&#038;p=11940"},"modified":"2025-09-17T13:33:22","modified_gmt":"2025-09-17T11:33:22","slug":"dell-latitude-e7204-sarokgumi-eredeti-robusztus-laptop-alkatresz-eu-keszlet","status":"publish","type":"product","link":"https:\/\/boreait.com\/hu\/termek\/dell-latitude-e7204-sarokgumi-eredeti-robusztus-laptop-alkatresz-eu-keszlet\/","title":{"rendered":"DELL Latitude E7204 Sarokgumi Eredeti Robusztus Laptop Alkatr\u00e9sz EU-k\u00e9szlet"},"content":{"rendered":"<p class=\"\" data-start=\"590\" data-end=\"854\"> \u00c1ll\u00edtsa vissza robusztus laptopja v\u00e9delm\u00e9t ezzel az <strong data-start=\"640\" data-end=\"665\">eredeti sarokgumival<\/strong>, amelyet a <strong data-start=\"683\" data-end=\"713\">DELL Latitude Rugged E720<\/strong>-hoz terveztek. Ez egy eredeti laptop alkatr\u00e9sz, elt\u00e1vol\u00edtva a m\u0171k\u00f6d\u0151 egys\u00e9gb\u0151l, \u00e9s ide\u00e1lis, ha a megl\u00e9v\u0151 gumi l\u00f6kh\u00e1r\u00edt\u00f3ja hi\u00e1nyzik, megrepedt vagy elhaszn\u00e1l\u00f3dott.<\/p>\n<p class=\"\" data-start=\"856\" data-end=\"1152\">Ez az alkatr\u00e9sz elengedhetetlen a Rugged E7204 modell \u00fct\u00e9scsillap\u00edt\u00f3 szerkezet\u00e9nek meg\u0151rz\u00e9s\u00e9hez, \u00e9s kulcsszerepet j\u00e1tszik a tart\u00f3ss\u00e1g\u00e1nak meg\u0151rz\u00e9s\u00e9ben. Legyen \u00d6n technikus, jav\u00edt\u00f3m\u0171hely vagy saj\u00e1t k\u00e9sz\u00fcl\u00e9k\u00e9t karbantart\u00f3 v\u00e9gfelhaszn\u00e1l\u00f3, ez az alkatr\u00e9sz t\u00f6k\u00e9letes illeszked\u00e9st \u00e9s megb\u00edzhat\u00f3 teljes\u00edtm\u00e9nyt biztos\u00edt.<\/p>\n<ul data-start=\"1154\" data-end=\"1533\">\n<li class=\"\" data-start=\"1154\" data-end=\"1206\">\n<p class=\"\" data-start=\"1156\" data-end=\"1206\"><strong data-start=\"1156\" data-end=\"1177\">Kompatibilis modell:<\/strong> DELL Latitude Rugged E7204<\/p>\n<\/li>\n<li class=\"\" data-start=\"1207\" data-end=\"1248\">\n<p class=\"\" data-start=\"1209\" data-end=\"1248\"><strong data-start=\"1209\" data-end=\"1223\">Alkatr\u00e9sz t\u00edpusa:<\/strong> Sarokgumi \/ l\u00f6kh\u00e1r\u00edt\u00f3<\/p>\n<\/li>\n<li class=\"\" data-start=\"1249\" data-end=\"1308\">\n<p class=\"\" data-start=\"1251\" data-end=\"1308\"><strong data-start=\"1251\" data-end=\"1265\">\u00c1llapot:<\/strong> Haszn\u00e1lt, tesztelt, kiv\u00e1l\u00f3 \u00e1llapot\u00fa<\/p>\n<\/li>\n<li class=\"\" data-start=\"1309\" data-end=\"1349\">\n<p class=\"\" data-start=\"1311\" data-end=\"1349\"><strong data-start=\"1311\" data-end=\"1322\">Eredeti:<\/strong> Eredeti DELL laptop alkatr\u00e9sz<\/p>\n<\/li>\n<li class=\"\" data-start=\"1350\" data-end=\"1408\">\n<p class=\"\" data-start=\"1352\" data-end=\"1408\"><strong data-start=\"1352\" data-end=\"1363\">Fot\u00f3k:<\/strong> Val\u00f3di k\u00e9pek \u2013 amit l\u00e1tsz, azt kapod<\/p>\n<\/li>\n<li class=\"\" data-start=\"1409\" data-end=\"1533\">\n<p class=\"\" data-start=\"1411\" data-end=\"1533\"><strong data-start=\"1411\" data-end=\"1423\">T\u00e1mogat\u00e1s:<\/strong> Nem adunk utas\u00edt\u00e1sokat a cser\u00e9re, de nyugodtan \u00edrjon nek\u00fcnk, ha seg\u00edts\u00e9gre van sz\u00fcks\u00e9ge az alkatr\u00e9sz azonos\u00edt\u00e1s\u00e1hoz<\/p>\n<\/li>\n<\/ul>\n<p>? Legyen sz\u00f3 helyi vagy nemzetk\u00f6zi v\u00e1s\u00e1rl\u00e1sr\u00f3l, mi biztos\u00edtjuk a gyors kisz\u00e1ll\u00edt\u00e1st \u00e9s a megb\u00edzhat\u00f3 csomagol\u00e1st.<\/p>\n","protected":false},"excerpt":{"rendered":"<p>Eredeti sarokgumi DELL Latitude Rugged E7204-hez. T\u00f6k\u00e9letesen illeszkedik a kopott vagy s\u00e9r\u00fclt gumi l\u00f6kh\u00e1r\u00edt\u00f3k cser\u00e9j\u00e9hez. Ide\u00e1lis massz\u00edv laptopja v\u00e9delm\u00e9nek \u00e9s stabilit\u00e1s\u00e1nak helyre\u00e1ll\u00edt\u00e1s\u00e1hoz.<\/p>\n","protected":false},"featured_media":11995,"template":"","meta":[],"product_brand":[],"product_cat":[16],"product_tag":[17],"class_list":{"0":"post-11940","1":"product","2":"type-product","3":"status-publish","4":"has-post-thumbnail","6":"product_cat-laptop-housing","7":"product_tag-dell","9":"first","10":"instock","11":"taxable","12":"shipping-taxable","13":"purchasable","14":"product-type-simple"},"_links":{"self":[{"href":"https:\/\/boreait.com\/hu\/wp-json\/wp\/v2\/product\/11940","targetHints":{"allow":["GET"]}}],"collection":[{"href":"https:\/\/boreait.com\/hu\/wp-json\/wp\/v2\/product"}],"about":[{"href":"https:\/\/boreait.com\/hu\/wp-json\/wp\/v2\/types\/product"}],"wp:featuredmedia":[{"embeddable":true,"href":"https:\/\/boreait.com\/hu\/wp-json\/wp\/v2\/media\/11995"}],"wp:attachment":[{"href":"https:\/\/boreait.com\/hu\/wp-json\/wp\/v2\/media?parent=11940"}],"wp:term":[{"taxonomy":"product_brand","embeddable":true,"href":"https:\/\/boreait.com\/hu\/wp-json\/wp\/v2\/product_brand?post=11940"},{"taxonomy":"product_cat","embeddable":true,"href":"https:\/\/boreait.com\/hu\/wp-json\/wp\/v2\/product_cat?post=11940"},{"taxonomy":"product_tag","embeddable":true,"href":"https:\/\/boreait.com\/hu\/wp-json\/wp\/v2\/product_tag?post=11940"}],"curies":[{"name":"wp","href":"https:\/\/api.w.org\/{rel}","templated":true}]}}