{"id":11930,"date":"2025-09-17T13:31:31","date_gmt":"2025-09-17T11:31:31","guid":{"rendered":"https:\/\/boreait.com\/hu\/?post_type=product&#038;p=11930"},"modified":"2025-09-17T13:33:18","modified_gmt":"2025-09-17T11:33:18","slug":"eredeti-dell-latitude-e7204-robusztus-hdmi-fedel-eredeti-laptop-eu-resz","status":"publish","type":"product","link":"https:\/\/boreait.com\/hu\/termek\/eredeti-dell-latitude-e7204-robusztus-hdmi-fedel-eredeti-laptop-eu-resz\/","title":{"rendered":"Eredeti DELL Latitude E7204 robusztus HDMI-fed\u00e9l \u2013 Eredeti laptop EU-r\u00e9sz"},"content":{"rendered":"<p class=\"\" data-start=\"625\" data-end=\"1000\">Vissza\u00e1ll\u00edtsa DELL Latitude E7204 Robusztus laptopja teljes v\u00e9delm\u00e9t ezzel az <strong data-start=\"700\" data-end=\"723\">eredeti HDMI-burkolattal<\/strong>, amely egy kicsi, de n\u00e9lk\u00fcl\u00f6zhetetlen <strong data-start=\"747\" data-top=\"762\"> HDMI-portt\u00f3l a dustlap-top=&#8221;shield&#8221;> HDMI portig<\/strong> nedvess\u00e9g \u00e9s hat\u00e1s. Kifejezetten az <strong data-start=\"856\" data-end=\"879\">E7204 Rugged sorozathoz<\/strong> k\u00e9sz\u00fclt, ez az eredeti DELL darab t\u00f6k\u00e9letes illeszked\u00e9st \u00e9s tart\u00f3ss\u00e1got biztos\u00edt, meg\u0151rizve a robusztus szabv\u00e1nyokat, amelyekre az eszk\u00f6z k\u00e9sz\u00fclt.<\/p>\n<p class=\"\" data-start=\"1002\" data-end=\"1366\">Ez a r\u00e9sz ide\u00e1lis, ha az eredeti HDMI-burkolat elveszett vagy megs\u00e9r\u00fclt. Biztons\u00e1gosan bepattan, \u00e9s ugyanolyan szint\u0171 lefedetts\u00e9get \u00e9s portv\u00e9delmet biztos\u00edt, mint az eszk\u00f6zh\u00f6z mell\u00e9kelt. Ak\u00e1r neh\u00e9z terepk\u00f6rnyezetben haszn\u00e1lja laptopj\u00e1t, ak\u00e1r csak szeretn\u00e9 tiszt\u00e1n tartani \u00e9s j\u00f3l m\u0171k\u00f6dni, ez a cserealkatr\u00e9sz egyszer\u0171 \u00e9s hat\u00e9kony megold\u00e1s.<\/p>\n<p class=\"\" data-start=\"1368\" data-end=\"1387\">\u2705 <strong data-start=\"1370\" data-end=\"1387\">F\u0151bb jellemz\u0151k:<\/strong><\/p>\n<ul data-start=\"1388\" data-end=\"1665\">\n<li class=\"\" data-start=\"1388\" data-end=\"1436\">\n<p class=\"\" data-start=\"1390\" data-end=\"1436\">Kompatibilis a <strong data-start=\"1406\" data-end=\"1436\">DELL Latitude E7204 Rugged<\/strong><\/p>\n<\/li>\n<li class=\"\" data-start=\"1437\" data-end=\"1477\">\n<p class=\"\" data-start=\"1439\" data-end=\"1477\">Eredeti, eredeti DELL <strong data-start=\"1462\" data-end=\"1477\">laptop alkatr\u00e9sz<\/strong><\/p>\n<\/li>\n<li class=\"\" data-start=\"1478\" data-end=\"1519\">\n<p class=\"\" data-start=\"1480\" data-end=\"1519\">Megv\u00e9di a HDMI-portot a port\u00f3l \u00e9s a t\u00f6rmel\u00e9kt\u0151l<\/p>\n<\/li>\n<li class=\"\" data-start=\"1520\" data-end=\"1558\">\n<p class=\"\" data-start=\"1522\" data-end=\"1558\">K\u00f6nnyen beilleszthet\u0151 \u2013 nincs sz\u00fcks\u00e9g szersz\u00e1mra<\/p>\n<\/li>\n<li class=\"\" data-start=\"1559\" data-end=\"1611\">\n<p class=\"\" data-start=\"1561\" data-end=\"1611\">Val\u00f3di term\u00e9kfot\u00f3k \u2013 pontosan azt kapod, amit l\u00e1tsz<\/p>\n<\/li>\n<li class=\"\" data-start=\"1612\" data-end=\"1665\">\n<p class=\"\" data-start=\"1614\" data-end=\"1665\">Eur\u00f3p\u00e1b\u00f3l \u00e9rkez\u0151 sz\u00e1ll\u00edtm\u00e1nyok, vil\u00e1gszerte sz\u00e1ll\u00edthat\u00f3<\/p>\n<\/li>\n<\/ul>\n<p>?<\/p>\n","protected":false},"excerpt":{"rendered":"<p>Eredeti HDMI port fed\u00e9l DELL Latitude E7204 Rugged laptophoz. Ide\u00e1lis az elveszett vagy s\u00e9r\u00fclt burkolatok cser\u00e9j\u00e9hez. Tart\u00f3s, eredeti alkatr\u00e9sz. Haj\u00f3k Eur\u00f3p\u00e1b\u00f3l.<\/p>\n","protected":false},"featured_media":11994,"template":"","meta":[],"product_brand":[],"product_cat":[16],"product_tag":[17],"class_list":{"0":"post-11930","1":"product","2":"type-product","3":"status-publish","4":"has-post-thumbnail","6":"product_cat-laptop-housing","7":"product_tag-dell","9":"first","10":"instock","11":"taxable","12":"shipping-taxable","13":"purchasable","14":"product-type-simple"},"_links":{"self":[{"href":"https:\/\/boreait.com\/hu\/wp-json\/wp\/v2\/product\/11930","targetHints":{"allow":["GET"]}}],"collection":[{"href":"https:\/\/boreait.com\/hu\/wp-json\/wp\/v2\/product"}],"about":[{"href":"https:\/\/boreait.com\/hu\/wp-json\/wp\/v2\/types\/product"}],"wp:featuredmedia":[{"embeddable":true,"href":"https:\/\/boreait.com\/hu\/wp-json\/wp\/v2\/media\/11994"}],"wp:attachment":[{"href":"https:\/\/boreait.com\/hu\/wp-json\/wp\/v2\/media?parent=11930"}],"wp:term":[{"taxonomy":"product_brand","embeddable":true,"href":"https:\/\/boreait.com\/hu\/wp-json\/wp\/v2\/product_brand?post=11930"},{"taxonomy":"product_cat","embeddable":true,"href":"https:\/\/boreait.com\/hu\/wp-json\/wp\/v2\/product_cat?post=11930"},{"taxonomy":"product_tag","embeddable":true,"href":"https:\/\/boreait.com\/hu\/wp-json\/wp\/v2\/product_tag?post=11930"}],"curies":[{"name":"wp","href":"https:\/\/api.w.org\/{rel}","templated":true}]}}