{"id":11928,"date":"2025-09-17T13:31:30","date_gmt":"2025-09-17T11:31:30","guid":{"rendered":"https:\/\/boreait.com\/hu\/?post_type=product&#038;p=11928"},"modified":"2025-09-17T13:33:12","modified_gmt":"2025-09-17T11:33:12","slug":"dell-latitude-robusztus-e7204-hatso-burkolat-eredeti-laptop-alkatreszek-eu-keszlet","status":"publish","type":"product","link":"https:\/\/boreait.com\/hu\/termek\/dell-latitude-robusztus-e7204-hatso-burkolat-eredeti-laptop-alkatreszek-eu-keszlet\/","title":{"rendered":"DELL Latitude robusztus E7204 h\u00e1ts\u00f3 burkolat \u2013 eredeti laptop-alkatr\u00e9szek, EU-k\u00e9szlet"},"content":{"rendered":"<p class=\"\" data-start=\"526\" data-end=\"773\">Friss\u00edtse vagy cser\u00e9lje ki a s\u00e9r\u00fclt h\u00e1tlapot erre az <strong data-start=\"579\" data-end=\"628\">eredeti DELL Latitude Rugged E7204 h\u00e1tlapra<\/strong>. Ez egy eredeti laptop alkatr\u00e9sz, nem egy harmadik f\u00e9lt\u0151l sz\u00e1rmaz\u00f3 replika. T\u00f6k\u00e9letesen illeszkedik a Rugged E7204 modellhez, tart\u00f3ss\u00e1got \u00e9s OEM-szint\u0171 min\u0151s\u00e9get k\u00edn\u00e1l.<\/p>\n<p class=\"\" data-start=\"775\" data-end=\"993\">Ezt a laptop alkatr\u00e9szt gondosan elt\u00e1vol\u00edtott\u00e1k egy m\u0171k\u00f6d\u0151 egys\u00e9gb\u0151l, \u00e9s <strong data-start=\"841\" data-end=\"882\">teljesen ellen\u0151rizt\u00e9k, \u00e9s j\u00f3 \u00e1llapotban van<\/strong>. Ide\u00e1lis technikusok, jav\u00edt\u00f3m\u0171helyek vagy bark\u00e1csol\u00f3k sz\u00e1m\u00e1ra, akik szeretn\u00e9k vissza\u00e1ll\u00edtani Rugged E7204-\u00fcket eredeti form\u00e1jukba.<\/p>\n<p class=\"\" data-start=\"995\" data-end=\"1123\">\ud83d\udd27 <strong data-start=\"998\" data-end=\"1007\">Megjegyz\u00e9s:<\/strong> A cser\u00e9re vonatkoz\u00f3 utas\u00edt\u00e1sokat nem adjuk meg, de ha seg\u00edts\u00e9gre van sz\u00fcks\u00e9ge vagy k\u00e9rd\u00e9se van, \u00edrjon nek\u00fcnk \u00fczenetet.<\/p>\n<p class=\"\" data-start=\"1125\" data-end=\"1156\">\ud83d\udce6 <strong data-start=\"1128\" data-end=\"1156\">Mi\u00e9rt \u00e9rdemes a Siggm\u00f3t\u00f3l v\u00e1s\u00e1rolni?<\/strong><\/p>\n<ul data-start=\"1157\" data-end=\"1321\">\n<li class=\"\" data-start=\"1157\" data-end=\"1201\">\n<p class=\"\" data-start=\"1159\" data-end=\"1201\"><strong data-start=\"1177\" data-end=\"1201\">Min\u0151s\u00e9gi laptop-alkatr\u00e9szek<\/strong><\/p>\n<p> megb\u00edzhat\u00f3 elad\u00f3ja<\/p>\n<\/li>\n<li class=\"\" data-start=\"1202\" data-end=\"1233\">\n<p class=\"\" data-start=\"1204\" data-end=\"1233\">Gyors sz\u00e1ll\u00edt\u00e1s az EU-n bel\u00fclr\u0151l<\/p>\n<\/li>\n<li class=\"\" data-start=\"1234\" data-end=\"1286\">\n<p class=\"\" data-start=\"1236\" data-end=\"1286\">Val\u00f3di term\u00e9kfot\u00f3k \u2013 amit l\u00e1tsz, azt kapod<\/p>\n<\/li>\n<li class=\"\" data-start=\"1287\" data-end=\"1321\">\n<p class=\"\" data-start=\"1289\" data-end=\"1321\">El\u00e9rhet\u0151 nemzetk\u00f6zi sz\u00e1ll\u00edt\u00e1s<\/p>\n<\/li>\n<\/ul>\n<p class=\"\" data-start=\"1323\" data-end=\"1457\">\u2705 <strong data-start=\"1325\" data-end=\"1344\">Kompatibilis<\/strong>: DELL Latitude Rugged E7204<br data-start=\"1372\" data-end=\"1375\" <strong data-start=\"1375\" \/>\ud83d\udcf7=&#8221;1375&#8243; \/>\ud83d\udcf7 data-end=&#8221;1388&#8243;>Fot\u00f3k<\/strong>: Az adatlapon szerepl\u0151 k\u00e9pek a t\u00e9nylegesen megkapott t\u00e9telt mutatj\u00e1k.<\/p>\n","protected":false},"excerpt":{"rendered":"<p>Eredeti h\u00e1ts\u00f3 bor\u00edt\u00f3 DELL Latitude Rugged E7204-hez. \u00d3vatosan elt\u00e1vol\u00edtva, tesztelve \u00e9s sz\u00e1ll\u00edt\u00e1sra k\u00e9szen az EU rakt\u00e1rr\u00f3l. Val\u00f3di alkatr\u00e9szek fot\u00f3k mell\u00e9kelve.<\/p>\n","protected":false},"featured_media":11992,"template":"","meta":[],"product_brand":[],"product_cat":[16],"product_tag":[17],"class_list":{"0":"post-11928","1":"product","2":"type-product","3":"status-publish","4":"has-post-thumbnail","6":"product_cat-laptop-housing","7":"product_tag-dell","9":"first","10":"instock","11":"taxable","12":"shipping-taxable","13":"purchasable","14":"product-type-simple"},"_links":{"self":[{"href":"https:\/\/boreait.com\/hu\/wp-json\/wp\/v2\/product\/11928","targetHints":{"allow":["GET"]}}],"collection":[{"href":"https:\/\/boreait.com\/hu\/wp-json\/wp\/v2\/product"}],"about":[{"href":"https:\/\/boreait.com\/hu\/wp-json\/wp\/v2\/types\/product"}],"wp:featuredmedia":[{"embeddable":true,"href":"https:\/\/boreait.com\/hu\/wp-json\/wp\/v2\/media\/11992"}],"wp:attachment":[{"href":"https:\/\/boreait.com\/hu\/wp-json\/wp\/v2\/media?parent=11928"}],"wp:term":[{"taxonomy":"product_brand","embeddable":true,"href":"https:\/\/boreait.com\/hu\/wp-json\/wp\/v2\/product_brand?post=11928"},{"taxonomy":"product_cat","embeddable":true,"href":"https:\/\/boreait.com\/hu\/wp-json\/wp\/v2\/product_cat?post=11928"},{"taxonomy":"product_tag","embeddable":true,"href":"https:\/\/boreait.com\/hu\/wp-json\/wp\/v2\/product_tag?post=11928"}],"curies":[{"name":"wp","href":"https:\/\/api.w.org\/{rel}","templated":true}]}}