{"id":11926,"date":"2025-09-17T13:31:30","date_gmt":"2025-09-17T11:31:30","guid":{"rendered":"https:\/\/boreait.com\/hu\/?post_type=product&#038;p=11926"},"modified":"2025-09-17T13:32:56","modified_gmt":"2025-09-17T11:32:56","slug":"dell-latitude-robusztus-e7204-led-tabla-eredeti-laptop-alkatresz-gyors-szallitas","status":"publish","type":"product","link":"https:\/\/boreait.com\/hu\/termek\/dell-latitude-robusztus-e7204-led-tabla-eredeti-laptop-alkatresz-gyors-szallitas\/","title":{"rendered":"DELL Latitude robusztus E7204 LED t\u00e1bla \u2013 Eredeti laptop alkatr\u00e9sz \u2013 Gyors sz\u00e1ll\u00edt\u00e1s"},"content":{"rendered":"<p class=\"\" data-start=\"548\" data-end=\"631\"><strong data-start=\"548\" data-end=\"631\">Eredeti DELL Latitude robusztus E7204 LED k\u00e1rtya \u2013 min\u0151s\u00e9gi laptop alkatr\u00e9sz a SIGGMO-t\u00f3l<\/strong><\/p>\n<p class=\"\" data-start=\"633\" data-end=\"864\">Megb\u00edzhat\u00f3 csere LED k\u00e1rty\u00e1t keres DELL Latitude Rugged E7204 k\u00e9sz\u00fcl\u00e9k\u00e9hez? Ez egy eredeti, tesztelt alkatr\u00e9sz, amelyet egy m\u0171k\u00f6d\u0151 egys\u00e9gb\u0151l t\u00e1vol\u00edtottak el \u2013 t\u00f6k\u00e9letes a laptop professzion\u00e1lis jav\u00edt\u00e1s\u00e1hoz vagy az eszk\u00f6z eredeti \u00e1llapot\u00e1nak helyre\u00e1ll\u00edt\u00e1s\u00e1hoz.<\/p>\n<p class=\"\" data-start=\"866\" data-end=\"1121\">Ez a LED-k\u00e1rtya teljesen m\u0171k\u00f6d\u0151k\u00e9pes, \u00e9s ide\u00e1lis azok sz\u00e1m\u00e1ra, akiknek j\u00f3 min\u0151s\u00e9g\u0171 laptop-alkatr\u00e9szre van sz\u00fcks\u00e9g\u00fck tal\u00e1lgat\u00e1sok n\u00e9lk\u00fcl. Mint mindig, most is pontosan azt kapod, amit a fot\u00f3kon l\u00e1tsz. Minden k\u00e9p val\u00f3di, \u00e9s a teljes \u00e1tl\u00e1tsz\u00f3s\u00e1g \u00e9rdek\u00e9ben a t\u00e9nyleges t\u00e1bl\u00e1t mutatja be.<\/p>\n<p class=\"\" data-start=\"1123\" data-end=\"1147\">\ud83d\udccc <strong data-start=\"1126\" data-end=\"1146\">Term\u00e9kjellemz\u0151k<\/strong>:<\/p>\n<ul data-start=\"1148\" data-end=\"1339\">\n<li class=\"\" data-start=\"1148\" data-end=\"1197\">\n<p class=\"\" data-start=\"1150\" data-end=\"1197\">Kompatibilis: <strong data-start=\"1167\" data-end=\"1197\">DELL Latitude Rugged E7204<\/strong><\/p>\n<\/li>\n<li class=\"\" data-start=\"1198\" data-end=\"1219\">\n<p class=\"\" data-start=\"1200\" data-end=\"1219\">T\u00edpus: <strong data-start=\"1206\" data-end=\"1219\">LED t\u00e1bla<\/strong><\/p>\n<\/li>\n<li class=\"\" data-start=\"1220\" data-end=\"1266\">\n<p class=\"\" data-start=\"1222\" data-end=\"1266\">Eredeti DELL alkatr\u00e9sz, nem \u00e1ltal\u00e1nos helyettes\u00edt\u0151<\/p>\n<\/li>\n<li class=\"\" data-start=\"1267\" data-end=\"1297\">\n<p class=\"\" data-start=\"1269\" data-end=\"1297\">Tesztelt \u00e9s m\u0171k\u00f6d\u0151 \u00e1llapot<\/p>\n<\/li>\n<li class=\"\" data-start=\"1298\" data-end=\"1339\">\n<p class=\"\" data-start=\"1300\" data-end=\"1339\">\u00d3vatosan elt\u00e1vol\u00edtva egy m\u0171k\u00f6d\u0151 laptopr\u00f3l<\/p>\n<\/li>\n<\/ul>\n<p class=\"\" data-start=\"1341\" data-end=\"1477\">\ud83d\udce6 <strong data-start=\"1344\" data-end=\"1356\">Sz\u00e1ll\u00edt\u00e1s<\/strong>:<br data-start=\"1357\" data-end=\"1360\" \/>Gyorsan sz\u00e1ll\u00edtunk Eur\u00f3p\u00e1b\u00f3l, \u00e9s vil\u00e1gszerte sz\u00e1ll\u00edtunk. Ha az EU-ban vagy a k\u00f6zeli r\u00e9gi\u00f3kban tart\u00f3zkodik, gyors sz\u00e1ll\u00edt\u00e1si id\u0151re sz\u00e1m\u00edtson.<\/p>\n<p class=\"\" data-start=\"1479\" data-end=\"1639\">\ud83d\udcac <strong data-start=\"1482\" data-end=\"1496\">Seg\u00edts\u00e9gre van sz\u00fcks\u00e9ge?<\/strong><br data-start=\"1496\" data-end=\"1499\" \/>Telep\u00edt\u00e9si utas\u00edt\u00e1sokat nem adunk, de ha k\u00e9rd\u00e9se van, v\u00e1s\u00e1rl\u00e1s el\u0151tt vagy ut\u00e1n sz\u00edvesen seg\u00edt\u00fcnk!<\/><\/p>\n","protected":false},"excerpt":{"rendered":"<p>Eredeti LED t\u00e1bla DELL Latitude Rugged E7204-hez. Tesztelt, eredeti alkatr\u00e9sz \u2013 ide\u00e1lis jav\u00edt\u00e1shoz vagy cser\u00e9hez. Gyors sz\u00e1ll\u00edt\u00e1s Eur\u00f3p\u00e1b\u00f3l.<\/p>\n","protected":false},"featured_media":11982,"template":"","meta":[],"product_brand":[],"product_cat":[27],"product_tag":[17],"class_list":{"0":"post-11926","1":"product","2":"type-product","3":"status-publish","4":"has-post-thumbnail","6":"product_cat-motherboards-board-parts","7":"product_tag-dell","9":"first","10":"instock","11":"taxable","12":"shipping-taxable","13":"purchasable","14":"product-type-simple"},"_links":{"self":[{"href":"https:\/\/boreait.com\/hu\/wp-json\/wp\/v2\/product\/11926","targetHints":{"allow":["GET"]}}],"collection":[{"href":"https:\/\/boreait.com\/hu\/wp-json\/wp\/v2\/product"}],"about":[{"href":"https:\/\/boreait.com\/hu\/wp-json\/wp\/v2\/types\/product"}],"wp:featuredmedia":[{"embeddable":true,"href":"https:\/\/boreait.com\/hu\/wp-json\/wp\/v2\/media\/11982"}],"wp:attachment":[{"href":"https:\/\/boreait.com\/hu\/wp-json\/wp\/v2\/media?parent=11926"}],"wp:term":[{"taxonomy":"product_brand","embeddable":true,"href":"https:\/\/boreait.com\/hu\/wp-json\/wp\/v2\/product_brand?post=11926"},{"taxonomy":"product_cat","embeddable":true,"href":"https:\/\/boreait.com\/hu\/wp-json\/wp\/v2\/product_cat?post=11926"},{"taxonomy":"product_tag","embeddable":true,"href":"https:\/\/boreait.com\/hu\/wp-json\/wp\/v2\/product_tag?post=11926"}],"curies":[{"name":"wp","href":"https:\/\/api.w.org\/{rel}","templated":true}]}}