{"id":11925,"date":"2025-09-17T13:31:30","date_gmt":"2025-09-17T11:31:30","guid":{"rendered":"https:\/\/boreait.com\/hu\/?post_type=product&#038;p=11925"},"modified":"2025-09-17T13:32:53","modified_gmt":"2025-09-17T11:32:53","slug":"dell-latitude-7212-robusztus-tablagep-tapburkolat-eredeti-laptop-alkatreszek-eu-keszlet","status":"publish","type":"product","link":"https:\/\/boreait.com\/hu\/termek\/dell-latitude-7212-robusztus-tablagep-tapburkolat-eredeti-laptop-alkatreszek-eu-keszlet\/","title":{"rendered":"Dell Latitude 7212 robusztus t\u00e1blag\u00e9p t\u00e1pburkolat Eredeti laptop-alkatr\u00e9szek EU-k\u00e9szlet"},"content":{"rendered":"<p class=\"\" data-start=\"645\" data-end=\"873\">Megb\u00edzhat\u00f3 <strong data-start=\"666\" data-end=\"682\">laptop alkatr\u00e9szeket<\/strong> keres a Dell Rugged eszk\u00f6z vissza\u00e1ll\u00edt\u00e1s\u00e1hoz? Ez a <strong data-start=\"724\" data-end=\"788\">t\u00e1pfed\u00e9l a Dell Latitude 7212 Rugged Extreme Tablethez<\/strong> egy eredeti Dell alkatr\u00e9sz, amely ide\u00e1lis a s\u00e9r\u00fclt vagy nem m\u0171k\u00f6d\u0151 t\u00e1pburkolat cser\u00e9j\u00e9hez.<\/p>\n<p class=\"\" data-start=\"875\" data-end=\"1138\">Csak eredeti alkatr\u00e9szeket szerz\u00fcnk be, \u00e9s ennek min\u0151s\u00e9g\u00e9t \u00e9s teljes\u00edtm\u00e9ny\u00e9t alaposan ellen\u0151rizt\u00fck. Ak\u00e1r saj\u00e1t k\u00e9sz\u00fcl\u00e9k\u00e9t jav\u00edtja, ak\u00e1r egy kliens massz\u00edv t\u00e1blag\u00e9p\u00e9t kezeli, ez a t\u00e1pburkolat biztos\u00edtja a tart\u00f3ss\u00e1got \u00e9s a Latitude 7212 sorozattal val\u00f3 kompatibilit\u00e1st.<\/p>\n<p class=\"\" data-start=\"1140\" data-end=\"1163\">\ud83d\udce6 <strong data-start=\"1143\" data-end=\"1162\">Term\u00e9k r\u00e9szletei<\/strong>:<\/p>\n<ul data-start=\"1164\" data-end=\"1426\">\n<li class=\"\" data-start=\"1164\" data-end=\"1188\">\n<p class=\"\" data-start=\"1166\" data-end=\"1188\">Term\u00e9k: Power Cover<\/p>\n<\/li>\n<li class=\"\" data-start=\"1189\" data-end=\"1248\">\n<p class=\"\" data-start=\"1191\" data-end=\"1248\">Kompatibilit\u00e1s: Dell Latitude 7212 Rugged Extreme Tablet<\/p>\n<\/li>\n<li class=\"\" data-start=\"1249\" data-end=\"1298\">\n<p class=\"\" data-start=\"1251\" data-end=\"1298\">\u00c1llapot: Haszn\u00e1lt, tesztelt \u00e9s teljesen m\u0171k\u00f6d\u0151k\u00e9pes<\/p>\n<\/li>\n<li class=\"\" data-start=\"1299\" data-end=\"1354\">\n<p class=\"\" data-start=\"1301\" data-end=\"1354\">R\u00e9gi\u00f3: Eur\u00f3p\u00e1n bel\u00fcli sz\u00e1ll\u00edt\u00e1s \u2013 gyors EU-s sz\u00e1ll\u00edt\u00e1s<\/p>\n<\/li>\n<li class=\"\" data-start=\"1355\" data-end=\"1426\">\n<p class=\"\" data-start=\"1357\" data-end=\"1426\">Fot\u00f3k: Amit l\u00e1tsz, azt kapod \u2013 val\u00f3di fot\u00f3k az aktu\u00e1lis r\u00e9szr\u0151l<\/p>\n<\/li>\n<\/ul>\n<p class=\"\" data-start=\"1428\" data-end=\"1650\">Ez egy <strong data-start=\"1438\" data-end=\"1472\">professzion\u00e1lis min\u0151s\u00e9g\u0171 laptop alkatr\u00e9sz<\/strong>, amely t\u00f6k\u00e9letes olyan massz\u00edv k\u00f6rnyezetekhez, ahol a megb\u00edzhat\u00f3s\u00e1g sz\u00e1m\u00edt. Nincsenek telep\u00edt\u00e9si utas\u00edt\u00e1sok, de ha b\u00e1rmilyen k\u00e9rd\u00e9se van, nyugodtan \u00edrjon nek\u00fcnk \u2013 sz\u00edvesen seg\u00edt\u00fcnk.<\/p>\n","protected":false},"excerpt":{"rendered":"<p>Eredeti Dell Latitude 7212 Rugged Extreme Tablet t\u00e1pburkolat. Eredeti alkatr\u00e9sz, tesztelt \u00e9s sz\u00e1ll\u00edt\u00e1sra k\u00e9sz Eur\u00f3p\u00e1b\u00f3l. Val\u00f3di fot\u00f3k \u2013 amit l\u00e1tsz, azt kapod.<\/p>\n","protected":false},"featured_media":11981,"template":"","meta":[],"product_brand":[],"product_cat":[16],"product_tag":[17],"class_list":{"0":"post-11925","1":"product","2":"type-product","3":"status-publish","4":"has-post-thumbnail","6":"product_cat-laptop-housing","7":"product_tag-dell","9":"first","10":"instock","11":"taxable","12":"shipping-taxable","13":"purchasable","14":"product-type-simple"},"_links":{"self":[{"href":"https:\/\/boreait.com\/hu\/wp-json\/wp\/v2\/product\/11925","targetHints":{"allow":["GET"]}}],"collection":[{"href":"https:\/\/boreait.com\/hu\/wp-json\/wp\/v2\/product"}],"about":[{"href":"https:\/\/boreait.com\/hu\/wp-json\/wp\/v2\/types\/product"}],"wp:featuredmedia":[{"embeddable":true,"href":"https:\/\/boreait.com\/hu\/wp-json\/wp\/v2\/media\/11981"}],"wp:attachment":[{"href":"https:\/\/boreait.com\/hu\/wp-json\/wp\/v2\/media?parent=11925"}],"wp:term":[{"taxonomy":"product_brand","embeddable":true,"href":"https:\/\/boreait.com\/hu\/wp-json\/wp\/v2\/product_brand?post=11925"},{"taxonomy":"product_cat","embeddable":true,"href":"https:\/\/boreait.com\/hu\/wp-json\/wp\/v2\/product_cat?post=11925"},{"taxonomy":"product_tag","embeddable":true,"href":"https:\/\/boreait.com\/hu\/wp-json\/wp\/v2\/product_tag?post=11925"}],"curies":[{"name":"wp","href":"https:\/\/api.w.org\/{rel}","templated":true}]}}