{"id":11922,"date":"2025-09-17T13:31:29","date_gmt":"2025-09-17T11:31:29","guid":{"rendered":"https:\/\/boreait.com\/hu\/?post_type=product&#038;p=11922"},"modified":"2025-09-17T13:32:47","modified_gmt":"2025-09-17T11:32:47","slug":"dell-latitude-12-rugged-tablet-7202-hatso-kamerafedel-eredeti-laptop-alkatresz","status":"publish","type":"product","link":"https:\/\/boreait.com\/hu\/termek\/dell-latitude-12-rugged-tablet-7202-hatso-kamerafedel-eredeti-laptop-alkatresz\/","title":{"rendered":"Dell Latitude 12 Rugged Tablet 7202 h\u00e1ts\u00f3 kamerafed\u00e9l \u2013 Eredeti laptop alkatr\u00e9sz"},"content":{"rendered":"<p class=\"\" data-start=\"576\" data-end=\"892\">Vissza\u00e1ll\u00edtsa Dell Latitude 12 Rugged Tablet 7202 k\u00e9sz\u00fcl\u00e9k\u00e9t teljes funkcionalit\u00e1s\u00e1ra ezzel az <strong data-start=\"661\" data-end=\"690\">eredeti h\u00e1tlapi kameraburkolattal<\/strong> \u2013 minden <strong data-start=\"7\" jav\u00edt\u00e1st keres<\/strong>a<\/strong>data-top=&#8221;705&#8243; alkatr\u00e9szhez<\/strong> eg\u00e9sz\u00edts\u00e9k ki massz\u00edv k\u00e9sz\u00fcl\u00e9k\u00fcket. Ez az <strong data-start=\"788\" data-end=\"817\">eredeti cserealkatr\u00e9sz<\/strong> ide\u00e1lis, ha a megl\u00e9v\u0151 kameraburkolat hi\u00e1nyzik, s\u00e9r\u00fclt vagy elhaszn\u00e1l\u00f3dott.<\/p>\n<p class=\"\" data-start=\"894\" data-end=\"1120\">Ez a kifejezetten a Dell Latitude 12 7202 robusztus t\u00e1blag\u00e9phez tervezett kameraburkolat prec\u00edz illeszked\u00e9st \u00e9s tart\u00f3ss\u00e1got k\u00edn\u00e1l, \u00edgy a t\u00e1blag\u00e9p h\u00e1ts\u00f3 kamer\u00e1ja v\u00e9dve marad a port\u00f3l, \u00fct\u00e9sekt\u0151l \u00e9s egy\u00e9b k\u00fcls\u0151 elemekt\u0151l.<\/p>\n<p class=\"\" data-start=\"1122\" data-end=\"1232\">Ez egy <strong data-start=\"1132\" data-end=\"1165\">val\u00f3di fot\u00f3 a t\u00e9nyleges r\u00e9szr\u0151l<\/strong>, amelyet megkap \u2013 nincs stock k\u00e9p. Pontosan azt fogja l\u00e1tni, ami l\u00e1that\u00f3.<\/p>\n<p class=\"\" data-start=\"1234\" data-end=\"1254\">\ud83d\udce6 <strong data-start=\"1237\" data-end=\"1254\">F\u0151bb jellemz\u0151k:<\/strong><\/p>\n<ul data-start=\"1255\" data-end=\"1544\">\n<li class=\"\" data-start=\"1255\" data-end=\"1318\">\n<p class=\"\" data-start=\"1257\" data-end=\"1318\">A Dell Latitude 12 Rugged 7202-vel kompatibilis OEM-kameraburkolat<\/p>\n<\/li>\n<li class=\"\" data-start=\"1319\" data-end=\"1369\">\n<p class=\"\" data-start=\"1321\" data-end=\"1369\">Tart\u00f3s \u00e9s robusztus \u2013 neh\u00e9z k\u00f6rnyezetekhez k\u00e9sz\u00fclt<\/p>\n<\/li>\n<li class=\"\" data-start=\"1370\" data-end=\"1433\">\n<p class=\"\" data-start=\"1372\" data-end=\"1433\">K\u00f6nnyen telep\u00edthet\u0151 \u00e9s t\u00f6k\u00e9letesen illeszkedik (nincs hozz\u00e1 utas\u00edt\u00e1s)<\/p>\n<\/li>\n<li class=\"\" data-start=\"1434\" data-end=\"1489\">\n<p class=\"\" data-start=\"1436\" data-end=\"1489\">Ide\u00e1lis technikusok, IT-r\u00e9szlegek vagy bark\u00e1cs-jav\u00edt\u00e1sok sz\u00e1m\u00e1ra<\/p>\n<\/li>\n<li class=\"\" data-start=\"1490\" data-end=\"1544\">\n<p class=\"\" data-start=\"1492\" data-end=\"1544\">Remek kieg\u00e9sz\u00edt\u00e9s a min\u0151s\u00e9gi laptop-alkatr\u00e9szek k\u00e9szlet\u00e9hez<\/p>\n<\/li>\n<\/ul>\n<p class=\"\" data-start=\"1546\" data-end=\"1662\">\ud83d\udcac Ha seg\u00edts\u00e9gre van sz\u00fcks\u00e9ge a kompatibilit\u00e1s azonos\u00edt\u00e1s\u00e1hoz, vagy b\u00e1rmilyen k\u00e9rd\u00e9se van, \u00edrjon nek\u00fcnk. \u00d6r\u00f6mmel seg\u00edt\u00fcnk.<\/p>\n","protected":false},"excerpt":{"rendered":"<p>Eredeti h\u00e1ts\u00f3 kameraburkolat a Dell Latitude 12 Rugged Tablet 7202-hez. Ide\u00e1lis cserealkatr\u00e9sz a t\u00e1blag\u00e9p h\u00e1ts\u00f3 kamer\u00e1j\u00e1nak teljes v\u00e9delm\u00e9nek helyre\u00e1ll\u00edt\u00e1s\u00e1hoz.<\/p>\n","protected":false},"featured_media":11978,"template":"","meta":[],"product_brand":[],"product_cat":[23],"product_tag":[17],"class_list":{"0":"post-11922","1":"product","2":"type-product","3":"status-publish","4":"has-post-thumbnail","6":"product_cat-laptop-camera","7":"product_tag-dell","9":"first","10":"instock","11":"taxable","12":"shipping-taxable","13":"purchasable","14":"product-type-simple"},"_links":{"self":[{"href":"https:\/\/boreait.com\/hu\/wp-json\/wp\/v2\/product\/11922","targetHints":{"allow":["GET"]}}],"collection":[{"href":"https:\/\/boreait.com\/hu\/wp-json\/wp\/v2\/product"}],"about":[{"href":"https:\/\/boreait.com\/hu\/wp-json\/wp\/v2\/types\/product"}],"wp:featuredmedia":[{"embeddable":true,"href":"https:\/\/boreait.com\/hu\/wp-json\/wp\/v2\/media\/11978"}],"wp:attachment":[{"href":"https:\/\/boreait.com\/hu\/wp-json\/wp\/v2\/media?parent=11922"}],"wp:term":[{"taxonomy":"product_brand","embeddable":true,"href":"https:\/\/boreait.com\/hu\/wp-json\/wp\/v2\/product_brand?post=11922"},{"taxonomy":"product_cat","embeddable":true,"href":"https:\/\/boreait.com\/hu\/wp-json\/wp\/v2\/product_cat?post=11922"},{"taxonomy":"product_tag","embeddable":true,"href":"https:\/\/boreait.com\/hu\/wp-json\/wp\/v2\/product_tag?post=11922"}],"curies":[{"name":"wp","href":"https:\/\/api.w.org\/{rel}","templated":true}]}}