{"id":11908,"date":"2025-09-17T13:31:05","date_gmt":"2025-09-17T11:31:05","guid":{"rendered":"https:\/\/boreait.com\/hu\/?post_type=product&#038;p=11908"},"modified":"2025-09-17T13:32:29","modified_gmt":"2025-09-17T11:32:29","slug":"lenovo-v330-v15-v17-cserebillentyuzet-valassza-ki-a-kulcsat","status":"publish","type":"product","link":"https:\/\/boreait.com\/hu\/termek\/lenovo-v330-v15-v17-cserebillentyuzet-valassza-ki-a-kulcsat\/","title":{"rendered":"Lenovo V330 V15 V17 cserebillenty\u0171zet \u2013 V\u00e1lassza ki a kulcs\u00e1t"},"content":{"rendered":"<p class=\"\" data-start=\"200\" data-end=\"405\">Cser\u00e9lje ki a hi\u00e1nyz\u00f3 vagy s\u00e9r\u00fclt billenty\u0171ket a Lenovo IdeaPad billenty\u0171zet\u00e9n kiv\u00e1l\u00f3 min\u0151s\u00e9g\u0171 egyedi cserekulcsokra. Ez a term\u00e9k kompatibilis a <strong data-start=\"343\" data-end=\"397\">Lenovo IdeaPad V330-15ISK, V15 G1-IML \u00e9s V17-IIL<\/strong> modellekkel.<\/p>\n<p class=\"\" data-start=\"407\" data-end=\"601\">\ud83d\udfe2 <strong data-start=\"410\" data-end=\"430\">Mit tartalmaz:<\/strong><br data-start=\"430\" data-end=\"433\" \/>Egy tetsz\u0151leges egyedi kulcsot kapsz (kulcssapka + csukl\u00f3p\u00e1nt a k\u00edv\u00e1nt term\u00e9kkulcsb\u00f3l) \u2013 egyszer\u0171en v\u00e1lassza ki a k\u00e9pet a term\u00e9kkulcsban, ha sz\u00fcks\u00e9ges list\u00e1ja.<\/p>\n<p class=\"\" data-start=\"603\" data-end=\"628\">\u2705 <strong data-start=\"605\" data-end=\"626\">Term\u00e9kjellemz\u0151k:<\/strong><\/p>\n<ul data-start=\"629\" data-end=\"880\">\n<li class=\"\" data-start=\"629\" data-end=\"663\">\n<p class=\"\" data-start=\"631\" data-end=\"663\">100%-ban eredeti kulcscsere<\/p>\n<\/li>\n<li class=\"\" data-start=\"664\" data-end=\"726\">\n<p class=\"\" data-start=\"666\" data-end=\"726\">Tartalmazza a kulcssapk\u00e1t, a csukl\u00f3p\u00e1ntot \u00e9s a gumit (ha sz\u00fcks\u00e9ges)<\/p>\n<\/li>\n<li class=\"\" data-start=\"727\" data-end=\"770\">\n<p class=\"\" data-start=\"729\" data-end=\"770\">K\u00f6nnyen telep\u00edthet\u0151 \u2013 nincs sz\u00fcks\u00e9g forraszt\u00e1sra<\/p>\n<\/li>\n<li class=\"\" data-start=\"771\" data-end=\"815\">\n<p class=\"\" data-start=\"773\" data-end=\"815\">\u00d3vatosan elt\u00e1vol\u00edtva a m\u0171k\u00f6d\u0151 billenty\u0171zetr\u0151l<\/p>\n<\/li>\n<li class=\"\" data-start=\"816\" data-end=\"880\">\n<p class=\"\" data-start=\"818\" data-end=\"880\">T\u00f6k\u00e9letesen illeszkedik a Lenovo IdeaPad V330, V15 vagy V17 sorozathoz<\/p>\n<\/li>\n<\/ul>\n<p class=\"\" data-start=\"882\" data-end=\"1073\">\ud83d\udcf7 <strong data-start=\"885\" data-end=\"894\">Megjegyz\u00e9s:<\/strong><br data-start=\"894\" data-end=\"897\" \/>K\u00e9rj\u00fck, tekintse meg a list\u00e1ban tal\u00e1lhat\u00f3 fot\u00f3t a pontos kulcs azonos\u00edt\u00e1s\u00e1hoz \u00e9s kiv\u00e1laszt\u00e1s\u00e1hoz. Ha nem biztos a kompatibilit\u00e1st vagy a telep\u00edt\u00e9st illet\u0151en, forduljon hozz\u00e1nk bizalommal seg\u00edts\u00e9g\u00e9rt.<\/p>\n<p class=\"\" data-start=\"1075\" data-end=\"1166\">Vissza\u00e1ll\u00edtsa billenty\u0171zete teljes funkcionalit\u00e1s\u00e1t an\u00e9lk\u00fcl, hogy a teljes billenty\u0171zetet ki kellene cser\u00e9lni!<\/p>\n","protected":false},"excerpt":{"rendered":"<p>Egyedi cserekulcsok Lenovo IdeaPad V330-15ISK, V15 G1-IML, V17-IIL k\u00e9sz\u00fcl\u00e9kekhez. Tartalmazza a kulcssapk\u00e1t + csukl\u00f3p\u00e1ntot + sz\u00fcks\u00e9g eset\u00e9n gumikupol\u00e1t. V\u00e1lassza ki a kulcsot a k\u00e9pr\u0151l.<\/p>\n","protected":false},"featured_media":11963,"template":"","meta":[],"product_brand":[],"product_cat":[24],"product_tag":[26],"class_list":{"0":"post-11908","1":"product","2":"type-product","3":"status-publish","4":"has-post-thumbnail","6":"product_cat-individual-keyboard-keys","7":"product_tag-lenovo","9":"first","10":"instock","11":"taxable","12":"shipping-taxable","13":"purchasable","14":"product-type-simple"},"_links":{"self":[{"href":"https:\/\/boreait.com\/hu\/wp-json\/wp\/v2\/product\/11908","targetHints":{"allow":["GET"]}}],"collection":[{"href":"https:\/\/boreait.com\/hu\/wp-json\/wp\/v2\/product"}],"about":[{"href":"https:\/\/boreait.com\/hu\/wp-json\/wp\/v2\/types\/product"}],"wp:featuredmedia":[{"embeddable":true,"href":"https:\/\/boreait.com\/hu\/wp-json\/wp\/v2\/media\/11963"}],"wp:attachment":[{"href":"https:\/\/boreait.com\/hu\/wp-json\/wp\/v2\/media?parent=11908"}],"wp:term":[{"taxonomy":"product_brand","embeddable":true,"href":"https:\/\/boreait.com\/hu\/wp-json\/wp\/v2\/product_brand?post=11908"},{"taxonomy":"product_cat","embeddable":true,"href":"https:\/\/boreait.com\/hu\/wp-json\/wp\/v2\/product_cat?post=11908"},{"taxonomy":"product_tag","embeddable":true,"href":"https:\/\/boreait.com\/hu\/wp-json\/wp\/v2\/product_tag?post=11908"}],"curies":[{"name":"wp","href":"https:\/\/api.w.org\/{rel}","templated":true}]}}