{"id":11907,"date":"2025-09-17T13:31:04","date_gmt":"2025-09-17T11:31:04","guid":{"rendered":"https:\/\/boreait.com\/hu\/?post_type=product&#038;p=11907"},"modified":"2025-09-17T13:32:25","modified_gmt":"2025-09-17T11:32:25","slug":"lenovo-ideapad-300-15isk-80q7-dvd-rw-meghajto-su-228-eredeti-laptop-alkatresz","status":"publish","type":"product","link":"https:\/\/boreait.com\/hu\/termek\/lenovo-ideapad-300-15isk-80q7-dvd-rw-meghajto-su-228-eredeti-laptop-alkatresz\/","title":{"rendered":"Lenovo IdeaPad 300-15ISK 80Q7 DVD RW meghajt\u00f3 SU-228 \u2013 Eredeti laptop alkatr\u00e9sz"},"content":{"rendered":"<p class=\"\" data-start=\"743\" data-end=\"1019\">Szeretn\u00e9 lecser\u00e9lni <strong data-start=\"767\" data-end=\"780\">DVD-meghajt\u00f3j\u00e1t<\/strong> a <strong data-start=\"789\" data-end=\"824\">Lenovo IdeaPad 300-15ISK<\/strong> (80Q7?) Ez a<strong data-start=\"831\" data-end=\"882\">eredeti Lenovo SU-228 DVD t\u00f6bbsz\u00f6r\u00f6s \u00fajra\u00edr\u00f3 meghajt\u00f3<\/strong> a t\u00f6k\u00e9letes megold\u00e1s. Ak\u00e1r lemezeket \u00edr, ak\u00e1r DVD-ket n\u00e9z, ak\u00e1r szoftvereket telep\u00edt, ez a meghajt\u00f3 megb\u00edzhat\u00f3 teljes\u00edtm\u00e9nyt biztos\u00edt. A m\u0171anyag el\u0151lapot nem tartalmazza.<\/p>\n<h4 class=\"\" data-start=\"1021\" data-end=\"1045\"><strong data-start=\"1026\" data-end=\"1043\">F\u0151bb jellemz\u0151k:<\/strong><\/h4>\n<p class=\"\" data-start=\"1046\" data-end=\"1343\">\u2714 <strong data-start=\"1048\" data-end=\"1071\">Eredeti Lenovo alkatr\u00e9sz<\/strong> \u2013 Az eredeti meghajt\u00f3 k\u00f6zvetlen cser\u00e9je.<br data-start=\"1116\" data-end=\"1119\" \/>\u2714 <strong data-end=\"1119\" \/>\u2714 <strong data-2-start data-end=\"1150\">Olvas\u00e1s \u00e9s amp; \u00cdr\u00e1si k\u00e9pess\u00e9gek<\/strong> \u2013 T\u00e1mogatja a CD-R, CD-RW, DVD-R, DVD+R \u00e9s egyebeket.<br data-start=\"1198\" data-end=\"1201\" \/>\u2714 <strong data-start=\"1203\" data-end=\"1231\">Dugja be \u00e9s amp; A Play telep\u00edt\u00e9se<\/strong> \u2013 Nincs sz\u00fcks\u00e9g tov\u00e1bbi szoftverre.<br data-start=\"1266\" data-end=\"1269\" \/>\u2714 <strong data-start=\"1271\" data-end=\"1295\">Val\u00f3di fot\u00f3k biztos\u00edtottak<\/strong> \u2013 A l\u00e1tott term\u00e9ket kapja meg.<\/p>\n<h4 class=\"\" data-start=\"1345\" data-end=\"1370\"><strong data-start=\"1350\" data-end=\"1368\">Kompatibilit\u00e1s:<\/strong><\/h4>\n<ul data-start=\"1371\" data-end=\"1529\">\n<li class=\"\" data-start=\"1371\" data-end=\"1424\">\n<p class=\"\" data-start=\"1373\" data-end=\"1424\"><strong data-start=\"1386\" data-end=\"1421\">Lenovo IdeaPad 300-15ISK (80Q7)<\/strong>hez tervezve.<\/p>\n<\/li>\n<li class=\"\" data-start=\"1425\" data-end=\"1529\">\n<p class=\"\" data-start=\"1427\" data-end=\"1529\">R\u00e9szes\u00edthet m\u00e1s Lenovo-modelleket azonos meghajt\u00f3t\u00edpussal (v\u00e1s\u00e1rl\u00e1s el\u0151tt ellen\u0151rizze a kompatibilit\u00e1st).<\/p>\n<\/li>\n<\/ul>\n<p class=\"\" data-start=\"1531\" data-end=\"1649\">\ud83d\udd27 <strong data-start=\"1534\" data-end=\"1548\">Seg\u00edts\u00e9gre van sz\u00fcks\u00e9ge?<\/strong> Telep\u00edt\u00e9si utas\u00edt\u00e1sokat nem adunk, de ha k\u00e9rd\u00e9se van, nyugodtan \u00edrjon nek\u00fcnk!<\/p>\n<p class=\"\" data-start=\"1651\" data-end=\"1741\">\ud83d\udce6 <strong data-start=\"1654\" data-end=\"1686\">El\u00e9rhet\u0151 a vil\u00e1gm\u00e9ret\u0171 kisz\u00e1ll\u00edt\u00e1s<\/strong> \u2013 A biztons\u00e1gos csomagol\u00e1s biztos\u00edtja, hogy az alkatr\u00e9sz biztons\u00e1gosan meg\u00e9rkezzen.<\/p>\n","protected":false},"excerpt":{"rendered":"<p>Friss\u00edtse vagy cser\u00e9lje ki megl\u00e9v\u0151 <strong data-start=\"427\" data-end=\"455\">DVD t\u00f6bbsz\u00f6r\u00f6s \u00fajra\u00edr\u00f3 meghajt\u00f3j\u00e1t<\/strong> erre az <strong data-start=\"466\" data-end=\"516\">eredeti Lenovo IdeaPad 300-15ISK (80Q7) SU-228<\/strong> optikai meghajt\u00f3ra. T\u00f6k\u00e9letes CD\/DVD-k olvas\u00e1s\u00e1hoz \u00e9s \u00edr\u00e1s\u00e1hoz z\u00f6kken\u0151mentes teljes\u00edtm\u00e9nnyel. <strong data-start=\"598\" data-end=\"653\">Val\u00f3di term\u00e9kfot\u00f3k \u2013 amit l\u00e1tsz, azt kapod!<\/strong><\/p>\n","protected":false},"featured_media":11962,"template":"","meta":[],"product_brand":[],"product_cat":[27],"product_tag":[26],"class_list":{"0":"post-11907","1":"product","2":"type-product","3":"status-publish","4":"has-post-thumbnail","6":"product_cat-motherboards-board-parts","7":"product_tag-lenovo","9":"first","10":"instock","11":"taxable","12":"shipping-taxable","13":"purchasable","14":"product-type-simple"},"_links":{"self":[{"href":"https:\/\/boreait.com\/hu\/wp-json\/wp\/v2\/product\/11907","targetHints":{"allow":["GET"]}}],"collection":[{"href":"https:\/\/boreait.com\/hu\/wp-json\/wp\/v2\/product"}],"about":[{"href":"https:\/\/boreait.com\/hu\/wp-json\/wp\/v2\/types\/product"}],"wp:featuredmedia":[{"embeddable":true,"href":"https:\/\/boreait.com\/hu\/wp-json\/wp\/v2\/media\/11962"}],"wp:attachment":[{"href":"https:\/\/boreait.com\/hu\/wp-json\/wp\/v2\/media?parent=11907"}],"wp:term":[{"taxonomy":"product_brand","embeddable":true,"href":"https:\/\/boreait.com\/hu\/wp-json\/wp\/v2\/product_brand?post=11907"},{"taxonomy":"product_cat","embeddable":true,"href":"https:\/\/boreait.com\/hu\/wp-json\/wp\/v2\/product_cat?post=11907"},{"taxonomy":"product_tag","embeddable":true,"href":"https:\/\/boreait.com\/hu\/wp-json\/wp\/v2\/product_tag?post=11907"}],"curies":[{"name":"wp","href":"https:\/\/api.w.org\/{rel}","templated":true}]}}