{"id":11896,"date":"2025-09-17T13:30:40","date_gmt":"2025-09-17T11:30:40","guid":{"rendered":"https:\/\/boreait.com\/hu\/?post_type=product&#038;p=11896"},"modified":"2025-09-17T13:32:06","modified_gmt":"2025-09-17T11:32:06","slug":"oem-dell-latitude-14-5420-robusztus-lcd-hatso-fedel-chc03-71cj1-eredeti-laptop-alkatresz","status":"publish","type":"product","link":"https:\/\/boreait.com\/hu\/termek\/oem-dell-latitude-14-5420-robusztus-lcd-hatso-fedel-chc03-71cj1-eredeti-laptop-alkatresz\/","title":{"rendered":"OEM Dell Latitude 14 5420 robusztus LCD h\u00e1ts\u00f3 fed\u00e9l CHC03 71CJ1 \u2013 Eredeti laptop alkatr\u00e9sz"},"content":{"rendered":"<p class=\"\" data-start=\"557\" data-end=\"815\">Friss\u00edtse <strong data-start=\"570\" data-end=\"609\">Dell Latitude 14 5420 robusztus laptopj\u00e1t<\/strong> ezzel az <strong data-start=\"620\" data-end=\"661\">OEM LCD h\u00e1ts\u00f3 fed\u00e9llel,<\/strong>ChC0J3,<\/strong> Ez a kifejezetten ehhez a modellhez tervezett eredeti <strong data-start=\"714\" data-end=\"729\">laptop alkatr\u00e9sz<\/strong> tart\u00f3ss\u00e1got \u00e9s t\u00f6k\u00e9letes illeszked\u00e9st biztos\u00edt, meg\u0151rizve eszk\u00f6ze massz\u00edv kialak\u00edt\u00e1s\u00e1t.<\/p>\n<h3 class=\"\" data-start=\"817\" data-end=\"840\"><strong data-start=\"821\" data-end=\"838\">F\u0151bb jellemz\u0151k:<\/strong><\/h3>\n<p class=\"\" data-start=\"841\" data-end=\"1256\">\u2714 <strong data-start=\"843\" data-end=\"868\">Eredeti Dell OEM-alkatr\u00e9sz<\/strong> \u2013 T\u00edpus: <strong data-start=\"878\" data-end=\"894\">CHC03, 71CJ=8 data&#8221;7=&#8221;71CJ-1<\/strong><br8 data\" \/>\u2714 <strong data-start=\"899\" data-end=\"947\">Kompatibilis a Dell Latitude 14 5420 strapab\u00edr\u00f3val<\/strong><br data-start=\"947\" data-end=\"950\" \/>\u2714 <strong data-start=\"952\" data-end=\"980\">Kiv\u00e1l\u00f3 burkolat a<\/strong> kiv\u00e1l\u00f3 min\u0151s\u00e9g\u00e9rt vagy cser\u00e9\u00e9rt data-start=&#8221;1019&#8243; data-end=&#8221;1022&#8243; \/>\u2714 <strong data-start=\"1024\" data-end=\"1041\">Magas diz\u00e1jn<\/strong> \u2013 Megtartja laptopja eredeti v\u00e9delmi funkci\u00f3it<br data-start=\"1101\" data-end=\"1104\" \/>\u2714 <strong data-start=\"1024\" data-end=\"1041\">End=10-6&#8243; data=&#8221;1041&#8243; data \u2013 T\u00f6k\u00e9letesen illeszkedik m\u00f3dos\u00edt\u00e1sok n\u00e9lk\u00fcl<br data-start=\"1166\" data-end=\"1169\" \/>\u2714 <strong data-start=\"1171\" data-end=\"1186\">Val\u00f3di fot\u00f3k<\/strong> \u2013 A list\u00e1n szerepl\u0151 k\u00e9pek a t\u00e9nyleges term\u00e9ket mutatj\u00e1k, amelyet kapni fog<\/p>\n<p class=\"\" data-start=\"1258\" data-end=\"1485\">Ez a <strong data-start=\"1263\" data-end=\"1303\">Dell Latitude 14 5420 LCD h\u00e1tlap<\/strong> n\u00e9lk\u00fcl\u00f6zhetetlen csere azoknak a felhaszn\u00e1l\u00f3knak, akik szeretn\u00e9k vissza\u00e1ll\u00edtani laptopjuk tart\u00f3ss\u00e1g\u00e1t \u00e9s megjelen\u00e9s\u00e9t. Nem tartalmaz utas\u00edt\u00e1sokat, de ha seg\u00edts\u00e9gre van sz\u00fcks\u00e9ge, nyugodtan <strong data-start=\"1468\" data-end=\"1482\">\u00fczenjen nek\u00fcnk<\/strong>.<\/p>\n<p class=\"\" data-start=\"1487\" data-end=\"1570\">\ud83d\udce6 <strong data-start=\"1490\" data-end=\"1523\">Vil\u00e1gszerte el\u00e9rhet\u0151 sz\u00e1ll\u00edt\u00e1s!<\/strong> Rendeljen most, \u00e9s \u00faj k\u00fcls\u0151t adjon laptopj\u00e1nak.<\/p>\n","protected":false},"excerpt":{"rendered":"<p>Eredeti Dell Latitude 14 5420 robusztus LCD h\u00e1ts\u00f3 fed\u00e9l (CHC03, 71CJ1). T\u00f6k\u00e9letes a s\u00e9r\u00fclt vagy elhaszn\u00e1l\u00f3dott h\u00e1tlap cser\u00e9j\u00e9re, biztos\u00edtva a biztons\u00e1gos illeszked\u00e9st \u00e9s a tart\u00f3ss\u00e1got. Val\u00f3di term\u00e9kfot\u00f3k mell\u00e9kelve.<\/p>\n","protected":false},"featured_media":11950,"template":"","meta":[],"product_brand":[],"product_cat":[16],"product_tag":[17],"class_list":{"0":"post-11896","1":"product","2":"type-product","3":"status-publish","4":"has-post-thumbnail","6":"product_cat-laptop-housing","7":"product_tag-dell","9":"first","10":"instock","11":"taxable","12":"shipping-taxable","13":"purchasable","14":"product-type-simple"},"_links":{"self":[{"href":"https:\/\/boreait.com\/hu\/wp-json\/wp\/v2\/product\/11896","targetHints":{"allow":["GET"]}}],"collection":[{"href":"https:\/\/boreait.com\/hu\/wp-json\/wp\/v2\/product"}],"about":[{"href":"https:\/\/boreait.com\/hu\/wp-json\/wp\/v2\/types\/product"}],"wp:featuredmedia":[{"embeddable":true,"href":"https:\/\/boreait.com\/hu\/wp-json\/wp\/v2\/media\/11950"}],"wp:attachment":[{"href":"https:\/\/boreait.com\/hu\/wp-json\/wp\/v2\/media?parent=11896"}],"wp:term":[{"taxonomy":"product_brand","embeddable":true,"href":"https:\/\/boreait.com\/hu\/wp-json\/wp\/v2\/product_brand?post=11896"},{"taxonomy":"product_cat","embeddable":true,"href":"https:\/\/boreait.com\/hu\/wp-json\/wp\/v2\/product_cat?post=11896"},{"taxonomy":"product_tag","embeddable":true,"href":"https:\/\/boreait.com\/hu\/wp-json\/wp\/v2\/product_tag?post=11896"}],"curies":[{"name":"wp","href":"https:\/\/api.w.org\/{rel}","templated":true}]}}