{"id":11894,"date":"2025-09-17T13:30:39","date_gmt":"2025-09-17T11:30:39","guid":{"rendered":"https:\/\/boreait.com\/hu\/?post_type=product&#038;p=11894"},"modified":"2025-09-17T13:31:59","modified_gmt":"2025-09-17T11:31:59","slug":"lenovo-ideapad-3-15iil05-lcd-elolap-eredeti-laptop-elulso-keret-potalkatresz","status":"publish","type":"product","link":"https:\/\/boreait.com\/hu\/termek\/lenovo-ideapad-3-15iil05-lcd-elolap-eredeti-laptop-elulso-keret-potalkatresz\/","title":{"rendered":"Lenovo IdeaPad 3 15IIL05 LCD el\u0151lap | Eredeti laptop el\u00fcls\u0151 keret | P\u00f3talkatr\u00e9sz"},"content":{"rendered":"<p class=\"\" data-start=\"585\" data-end=\"652\"><strong data-start=\"585\" data-end=\"650\">Lenovo IdeaPad 3 15IIL05 81we LCD el\u0151lap \u2013 Eredeti cserealkatr\u00e9sz<\/strong><\/p>\n<p class=\"\" data-start=\"654\" data-end=\"986\"><strong data-start=\"668\" data-end=\"693\">Csere LCD el\u0151lapot<\/strong> keres <strong data-start=\"703\" data-end=\"731\">Lenovo IdeaPad 3 15IIL05<\/strong>hez? Ez a <strong data-start=\"738\" data-end=\"763\">autentikus el\u00fcls\u0151 keret<\/strong> t\u00f6k\u00e9letes megold\u00e1s a laptop kijelz\u0151j\u00e9nek eredeti \u00e1llapot\u00e1nak vissza\u00e1ll\u00edt\u00e1s\u00e1ra. F\u00fcggetlen\u00fcl att\u00f3l, hogy a megl\u00e9v\u0151 el\u0151lap megrepedt, karcos vagy meglazult, ez az alkatr\u00e9sz <strong data-start=\"932\" data-end=\"946\">biztos illeszked\u00e9st<\/strong> \u00e9s <strong data-start=\"953\" data-end=\"983\">tiszta, professzion\u00e1lis fel\u00fcletet<\/strong> biztos\u00edt.<\/p>\n<h3 class=\"\" data-start=\"988\" data-end=\"1011\"><strong data-start=\"992\" data-end=\"1009\">F\u0151bb jellemz\u0151k:<\/strong><\/h3>\n<p class=\"\" data-start=\"1012\" data-end=\"1373\">\u2714\ufe0f <strong data-start=\"1015\" data-end=\"1035\">Kompatibilis modell<\/strong>: Lenovo IdeaPad 3 15IIL05<br data-start=\"1061\" data-end=\"1373\">\u2714\ufe0f <strong data-start=\"1015\" data-end=\"1035\">Kompatibilis modell<\/strong>: Lenovo IdeaPad 3 15IIL05<br data-start=\"1061\" data-end=\"1064\" \/> \u2714\ufe0f adatok \/>\u2714\ufe0f <strong data-start=\"1219\" data-end=\"1245\">Eszt\u00e9tikai \u00e9s amp; Funkcion\u00e1lis<\/strong>: Jav\u00edtja a laptop megjelen\u00e9s\u00e9t, mik\u00f6zben v\u00e9di a k\u00e9perny\u0151t<br data-start=\"1305\" data-end=\"1308\" \/>\u2714\ufe0f <strong data-start=\"1311\" data-end=\"1326\">Val\u00f3di fot\u00f3k<\/strong>: Pontosan azt fogod kapni, amit l\u00e1tsz<\/p>\n<p class=\"\" data-start=\"1375\" data-end=\"1523\">\ud83d\udd39 <strong data-start=\"1378\" data-end=\"1398\">Seg\u00edts\u00e9gre van sz\u00fcks\u00e9ge?<\/strong> B\u00e1r nem adunk l\u00e9p\u00e9sr\u0151l l\u00e9p\u00e9sre telep\u00edt\u00e9si utas\u00edt\u00e1sokat, sz\u00edvesen v\u00e1laszolunk minden k\u00e9rd\u00e9sre \u2013 csak k\u00fcldj\u00f6n \u00fczenetet!<\/p>\n<p class=\"\" data-start=\"1525\" data-end=\"1649\">\ud83d\udce6 <strong data-start=\"1528\" data-end=\"1560\">El\u00e9rhet\u0151 a vil\u00e1gm\u00e9ret\u0171 kisz\u00e1ll\u00edt\u00e1s<\/strong>: <strong data-start=\"1577\" data-end=\"1600\">Sz\u00e1ll\u00edt\u00e1st biztos\u00edtunk az eg\u00e9sz vil\u00e1gon, a biztons\u00e1gos sz\u00e1ll\u00edt\u00e1s \u00e9rdek\u00e9ben<\/strong> Eur\u00f3p\u00e1ban \u00e9s vil\u00e1gszerte<\/p>\n<p class=\"\" data-start=\"1651\" data-end=\"1729\"><strong data-start=\"1651\" data-end=\"1727\">Friss\u00edtse Lenovo IdeaPad 3 15IIL05 k\u00e9sz\u00fcl\u00e9k\u00e9t ezzel a min\u0151s\u00e9gi LCD el\u0151lappal m\u00e9g ma!<\/strong><\/p>\n","protected":false},"excerpt":{"rendered":"<p>Friss\u00edtse Lenovo IdeaPad 3 15IIL05 k\u00e9sz\u00fcl\u00e9k\u00e9t ezzel az <strong data-start=\"344\" data-end=\"365\">eredeti LCD el\u0151lappal<\/strong>. Ez a kiv\u00e1l\u00f3 min\u0151s\u00e9g\u0171 alkatr\u00e9sz t\u00f6k\u00e9letes illeszked\u00e9st \u00e9s eleg\u00e1ns megjelen\u00e9st biztos\u00edt a s\u00e9r\u00fclt vagy elhaszn\u00e1l\u00f3dott els\u0151 keret cser\u00e9j\u00e9hez. <strong data-start=\"484\" data-end=\"529\">Val\u00f3di fot\u00f3k \u2013 amit l\u00e1tsz, azt kapod!<\/strong><\/p>\n","protected":false},"featured_media":11948,"template":"","meta":[],"product_brand":[],"product_cat":[16],"product_tag":[26],"class_list":{"0":"post-11894","1":"product","2":"type-product","3":"status-publish","4":"has-post-thumbnail","6":"product_cat-laptop-housing","7":"product_tag-lenovo","9":"first","10":"instock","11":"taxable","12":"shipping-taxable","13":"purchasable","14":"product-type-simple"},"_links":{"self":[{"href":"https:\/\/boreait.com\/hu\/wp-json\/wp\/v2\/product\/11894","targetHints":{"allow":["GET"]}}],"collection":[{"href":"https:\/\/boreait.com\/hu\/wp-json\/wp\/v2\/product"}],"about":[{"href":"https:\/\/boreait.com\/hu\/wp-json\/wp\/v2\/types\/product"}],"wp:featuredmedia":[{"embeddable":true,"href":"https:\/\/boreait.com\/hu\/wp-json\/wp\/v2\/media\/11948"}],"wp:attachment":[{"href":"https:\/\/boreait.com\/hu\/wp-json\/wp\/v2\/media?parent=11894"}],"wp:term":[{"taxonomy":"product_brand","embeddable":true,"href":"https:\/\/boreait.com\/hu\/wp-json\/wp\/v2\/product_brand?post=11894"},{"taxonomy":"product_cat","embeddable":true,"href":"https:\/\/boreait.com\/hu\/wp-json\/wp\/v2\/product_cat?post=11894"},{"taxonomy":"product_tag","embeddable":true,"href":"https:\/\/boreait.com\/hu\/wp-json\/wp\/v2\/product_tag?post=11894"}],"curies":[{"name":"wp","href":"https:\/\/api.w.org\/{rel}","templated":true}]}}