{"id":11892,"date":"2025-09-17T13:30:39","date_gmt":"2025-09-17T11:30:39","guid":{"rendered":"https:\/\/boreait.com\/hu\/?post_type=product&#038;p=11892"},"modified":"2025-09-17T13:31:49","modified_gmt":"2025-09-17T11:31:49","slug":"hasznalt-lcd-kabel-gs552-lenovo-ideapad-3-15-v15-dc020027800-30-tus","status":"publish","type":"product","link":"https:\/\/boreait.com\/hu\/termek\/hasznalt-lcd-kabel-gs552-lenovo-ideapad-3-15-v15-dc020027800-30-tus\/","title":{"rendered":"Haszn\u00e1lt LCD-k\u00e1bel GS552 Lenovo IdeaPad 3-15 V15 DC020027800 30 t\u0171s"},"content":{"rendered":"<p class=\"\" data-start=\"382\" data-end=\"593\">Ez egy <strong data-start=\"392\" data-end=\"448\">haszn\u00e1lt, eredeti LCD EDP kijelz\u0151k\u00e1bel (GS552, 30 t\u0171s)<\/strong>, teljesen tesztelt \u00e9s kiv\u00e1l\u00f3 m\u0171k\u00f6d\u00e9si \u00e1llapotban.<br data-start=\"498\" data-end=\"501\" \/>A Lenovo sz\u00e9les sk\u00e1l\u00e1ja kompatibilis data-start=&#8221;546&#8243; data-end=&#8221;562&#8243;>IdeaPad 3-15<\/strong> \u00e9s <strong data-start=\"567\" data-end=\"574\">V15<\/strong> modellek, bele\u00e9rtve:<\/p>\n<ul data-start=\"595\" data-end=\"762\">\n<li class=\"\" data-start=\"595\" data-end=\"671\">\n<p class=\"\" data-start=\"597\" data-end=\"671\">IdeaPad 3-15IIL05, 3-15IML05, 3-15ADA05, 3-15ARE05, 3-15IGL05, 3-15ITL05<\/p>\n<\/li>\n<li class=\"\" data-start=\"672\" data-end=\"686\">\n<p class=\"\" data-start=\"674\" data-end=\"686\">V15 G1-IML<\/p>\n<\/li>\n<li class=\"\" data-start=\"687\" data-end=\"762\">\n<p class=\"\" data-start=\"689\" data-end=\"762\">Modellsz\u00e1mok: <strong data-start=\"704\" data-end=\"760\">81WE, 81W1, 81W4, 81WB, 81WR, 81WQ, 81X8, 82BS,\/8p><\/p>\n<\/li>\n<\/ul>\n<p class=\"\" data-start=\"764\" data-end=\"938\">A cikksz\u00e1mokat is lecser\u00e9li: <strong data-start=\"792\" data-end=\"807\">DC020027800<\/strong>, <strong data-start=\"809\" data-end=\"824\">DC02002782=&#8221;5&#8243;start.<br \/>20 data&#8221; data-end=&#8221;828&#8243; \/>Ez a <strong data-start=\"833\" data-end=\"849\">30 t\u0171s k\u00e1bel<\/strong> \u00f6sszek\u00f6ti a laptop alaplapj\u00e1t az LCD-k\u00e9perny\u0151vel, \u00edgy \u00e9les \u00e9s tiszta megjelen\u00edt\u00e9st tesz lehet\u0151v\u00e9.<\/p>\n<p class=\"\" data-start=\"940\" data-end=\"1044\">\u2705 100%-ban tesztelt \u00e9s m\u0171k\u00f6dik<br data-start=\"965\" data-end=\"968\" \/>\u2705 Ide\u00e1lis k\u00e9perny\u0151jav\u00edt\u00e1shoz vagy -cser\u00e9hez<br data-start=\"1010\" data-end=\"1013\" \/>\u2705 Faeniast<\/>p><\/p>\n<p class=\"\" data-start=\"1046\" data-end=\"1120\">Seg\u00edts\u00e9gre van sz\u00fcks\u00e9ge a kompatibilit\u00e1s ellen\u0151rz\u00e9s\u00e9hez? Csak k\u00fcldje el nek\u00fcnk a modellsz\u00e1m\u00e1t!<\/p>\n","protected":false},"excerpt":{"rendered":"<p>Haszn\u00e1lt eredeti GS552 LCD EDP k\u00e1bel, 30 t\u0171s, k\u00fcl\u00f6nb\u00f6z\u0151 Lenovo IdeaPad \u00e9s V15 modellekhez. Kompatibilis a DC020027800 \u00e9s DC020027820 cikksz\u00e1mokkal.<\/p>\n","protected":false},"featured_media":11937,"template":"","meta":[],"product_brand":[],"product_cat":[20],"product_tag":[26],"class_list":{"0":"post-11892","1":"product","2":"type-product","3":"status-publish","4":"has-post-thumbnail","6":"product_cat-cables","7":"product_tag-lenovo","9":"first","10":"instock","11":"taxable","12":"shipping-taxable","13":"purchasable","14":"product-type-simple"},"_links":{"self":[{"href":"https:\/\/boreait.com\/hu\/wp-json\/wp\/v2\/product\/11892","targetHints":{"allow":["GET"]}}],"collection":[{"href":"https:\/\/boreait.com\/hu\/wp-json\/wp\/v2\/product"}],"about":[{"href":"https:\/\/boreait.com\/hu\/wp-json\/wp\/v2\/types\/product"}],"wp:featuredmedia":[{"embeddable":true,"href":"https:\/\/boreait.com\/hu\/wp-json\/wp\/v2\/media\/11937"}],"wp:attachment":[{"href":"https:\/\/boreait.com\/hu\/wp-json\/wp\/v2\/media?parent=11892"}],"wp:term":[{"taxonomy":"product_brand","embeddable":true,"href":"https:\/\/boreait.com\/hu\/wp-json\/wp\/v2\/product_brand?post=11892"},{"taxonomy":"product_cat","embeddable":true,"href":"https:\/\/boreait.com\/hu\/wp-json\/wp\/v2\/product_cat?post=11892"},{"taxonomy":"product_tag","embeddable":true,"href":"https:\/\/boreait.com\/hu\/wp-json\/wp\/v2\/product_tag?post=11892"}],"curies":[{"name":"wp","href":"https:\/\/api.w.org\/{rel}","templated":true}]}}