{"id":11881,"date":"2025-09-17T13:30:17","date_gmt":"2025-09-17T11:30:17","guid":{"rendered":"https:\/\/boreait.com\/hu\/?post_type=product&#038;p=11881"},"modified":"2025-09-17T13:31:45","modified_gmt":"2025-09-17T11:31:45","slug":"lenovo-ideapad-3-15are05-3-15iil-15iml-pk23000ssv0-laptop-hangszoro-csere-eredeti-kivalo-minosegu-alkatresz","status":"publish","type":"product","link":"https:\/\/boreait.com\/hu\/termek\/lenovo-ideapad-3-15are05-3-15iil-15iml-pk23000ssv0-laptop-hangszoro-csere-eredeti-kivalo-minosegu-alkatresz\/","title":{"rendered":"Lenovo IdeaPad 3-15ARE05 3 15IIL 15IML PK23000SSV0 Laptop hangsz\u00f3r\u00f3 csere \u2013 Eredeti, kiv\u00e1l\u00f3 min\u0151s\u00e9g\u0171 alkatr\u00e9sz"},"content":{"rendered":"<p class=\"\" data-start=\"843\" data-end=\"1119\"> \u00c1ll\u00edtsa vissza laptopja hangteljes\u00edtm\u00e9ny\u00e9t ezzel a <strong data-start=\"893\" data-end=\"974\">Lenovo IdeaPad 3-15ARE05 3 15IIL 15IML PK23000SSV0 laptop hangsz\u00f3r\u00f3<\/strong> cser\u00e9j\u00e9vel. Ha probl\u00e9m\u00e1kat tapasztal a halk vagy a hangtalans\u00e1g miatt, ez az eredeti cserehangsz\u00f3r\u00f3 a t\u00f6k\u00e9letes megold\u00e1s, hogy \u00fajra \u00e9letre keltse eszk\u00f6z\u00e9t.<\/p>\n<p class=\"\" data-start=\"1121\" data-end=\"1138\"><strong data-start=\"1121\" data-end=\"1138\">F\u0151bb jellemz\u0151k:<\/strong><\/p>\n<ul data-start=\"1139\" data-end=\"1911\">\n<li class=\"\" data-start=\"1139\" data-end=\"1337\">\n<p class=\"\" data-start=\"1141\" data-end=\"1337\"><strong data-start=\"1141\" data-end=\"1177\">Eredeti Lenovo cserealkatr\u00e9sz:<\/strong> Ezt a hangsz\u00f3r\u00f3t kifejezetten a <strong data-start=\"1224\" data-end=\"1252\" data-end=\"1252\" <strong>Lenovo Idea5,0. data-start=&#8221;1254&#8243; data-end=&#8221;1265&#8243;>3 15IIL<\/strong> \u00e9s <strong data-start=\"1271\" data-end=\"1280\">15IML<\/strong> modell, t\u00f6k\u00e9letes illeszked\u00e9st \u00e9s megb\u00edzhat\u00f3 teljes\u00edtm\u00e9nyt biztos\u00edtva.<\/p>\n<\/li>\n<li class=\"\" data-start=\"1338\" data-end=\"1544\">\n<p class=\"\" data-start=\"1340\" data-end=\"1544\"><strong data-start=\"1340\" data-end=\"1375\">Kiv\u00e1l\u00f3 min\u0151s\u00e9g\u0171 hangvissza\u00e1ll\u00edt\u00e1s:<\/strong> Ak\u00e1r vide\u00f3kat n\u00e9z, ak\u00e1r zen\u00e9t hallgat, vagy online h\u00edv\u00e1sokban vesz r\u00e9szt, ez a hangsz\u00f3r\u00f3 vissza\u00e1ll\u00edtja a tiszta \u00e9s \u00e9les multim\u00e9di\u00e1s hang\u00e9lm\u00e9nyt.<\/p>\n<\/li>\n<li class=\"\" data-start=\"1545\" data-end=\"1756\">\n<p class=\"\" data-start=\"1547\" data-end=\"1756\"><strong data-start=\"1547\" data-end=\"1569\">Egyszer\u0171 telep\u00edt\u00e9s:<\/strong> B\u00e1r a telep\u00edt\u00e9si utas\u00edt\u00e1sokat nem tartalmazza, sz\u00fcks\u00e9g eset\u00e9n seg\u00edts\u00e9g\u00e9rt forduljon hozz\u00e1nk. K\u00e9rj\u00fck, vegye figyelembe, hogy a list\u00e1n szerepl\u0151 fot\u00f3k pontosan arr\u00f3l a term\u00e9kr\u0151l k\u00e9sz\u00fcltek, amelyet \u00d6n kap.<\/p>\n<\/li>\n<li class=\"\" data-start=\"1757\" data-end=\"1908\">\n<p class=\"\" data-start=\"1759\" data-end=\"1908\"><strong data-start=\"1759\" data-end=\"1787\">Vil\u00e1gszint\u0171 kompatibilit\u00e1s:<\/strong> Ez a r\u00e9sz alkalmas eur\u00f3pai \u00e9s vil\u00e1gszerte \u00e9l\u0151 \u00fcgyfelek sz\u00e1m\u00e1ra, \u00e9s z\u00f6kken\u0151mentes hang\u00e9lm\u00e9nyt biztos\u00edt, b\u00e1rhol is legyen.<\/p>\n<\/li>\n<\/ul>\n<p class=\"\" data-start=\"1912\" data-end=\"2041\">Ha b\u00e1rmilyen k\u00e9rd\u00e9se van, vagy tov\u00e1bbi seg\u00edts\u00e9gre van sz\u00fcks\u00e9ge a telep\u00edt\u00e9ssel kapcsolatban, ne habozzon kapcsolatba l\u00e9pni. \u00d6r\u00f6mmel seg\u00edt\u00fcnk!<\/p>\n<p class=\"\" data-start=\"2043\" data-end=\"2190\"><strong data-start=\"2043\" data-end=\"2062\">Fontos megjegyz\u00e9s:<\/strong> A mell\u00e9kelt k\u00e9pek val\u00f3di fot\u00f3k a t\u00e9nylegesen megkapott alkatr\u00e9szr\u0151l, biztos\u00edtva az \u00e1tl\u00e1that\u00f3s\u00e1got \u00e9s a v\u00e1s\u00e1rl\u00e1s bizalm\u00e1t.<\/p>\n","protected":false},"excerpt":{"rendered":"<p>Cser\u00e9lje ki a s\u00e9r\u00fclt vagy hib\u00e1s hangsz\u00f3r\u00f3t a <strong data-start=\"427\" data-end=\"496\">Lenovo IdeaPad 3-15ARE05 3 15IIL 15IML PK23000SSV0 laptop hangsz\u00f3r\u00f3<\/strong>ra. Ez a kiv\u00e1l\u00f3 min\u0151s\u00e9g\u0171, eredeti alkatr\u00e9sz vissza\u00e1ll\u00edtja az optim\u00e1lis hangteljes\u00edtm\u00e9nyt laptopj\u00e1ban, tiszta hangot \u00e9s jobb hallgat\u00e1si \u00e9lm\u00e9nyt biztos\u00edtva. A Lenovo IdeaPad sz\u00e1mos modellj\u00e9vel kompatibilis, ide\u00e1lis megold\u00e1s laptopja audiofunkci\u00f3inak vissza\u00e1ll\u00edt\u00e1s\u00e1ra. Val\u00f3di term\u00e9kfot\u00f3kat tartalmaznak.<\/p>\n","protected":false},"featured_media":11935,"template":"","meta":[],"product_brand":[],"product_cat":[18],"product_tag":[26],"class_list":{"0":"post-11881","1":"product","2":"type-product","3":"status-publish","4":"has-post-thumbnail","6":"product_cat-laptop-speakers","7":"product_tag-lenovo","9":"first","10":"instock","11":"taxable","12":"shipping-taxable","13":"purchasable","14":"product-type-simple"},"_links":{"self":[{"href":"https:\/\/boreait.com\/hu\/wp-json\/wp\/v2\/product\/11881","targetHints":{"allow":["GET"]}}],"collection":[{"href":"https:\/\/boreait.com\/hu\/wp-json\/wp\/v2\/product"}],"about":[{"href":"https:\/\/boreait.com\/hu\/wp-json\/wp\/v2\/types\/product"}],"wp:featuredmedia":[{"embeddable":true,"href":"https:\/\/boreait.com\/hu\/wp-json\/wp\/v2\/media\/11935"}],"wp:attachment":[{"href":"https:\/\/boreait.com\/hu\/wp-json\/wp\/v2\/media?parent=11881"}],"wp:term":[{"taxonomy":"product_brand","embeddable":true,"href":"https:\/\/boreait.com\/hu\/wp-json\/wp\/v2\/product_brand?post=11881"},{"taxonomy":"product_cat","embeddable":true,"href":"https:\/\/boreait.com\/hu\/wp-json\/wp\/v2\/product_cat?post=11881"},{"taxonomy":"product_tag","embeddable":true,"href":"https:\/\/boreait.com\/hu\/wp-json\/wp\/v2\/product_tag?post=11881"}],"curies":[{"name":"wp","href":"https:\/\/api.w.org\/{rel}","templated":true}]}}