{"id":11878,"date":"2025-09-17T13:30:16","date_gmt":"2025-09-17T11:30:16","guid":{"rendered":"https:\/\/boreait.com\/hu\/?post_type=product&#038;p=11878"},"modified":"2026-02-09T10:55:40","modified_gmt":"2026-02-09T09:55:40","slug":"hp-chromebook-14b-ca0015cl-sorozatu-vezetek-nelkuli-kartya-9560ngw-dp-n-l41693-001-laptop-cserealkatresze","status":"publish","type":"product","link":"https:\/\/boreait.com\/hu\/termek\/hp-chromebook-14b-ca0015cl-sorozatu-vezetek-nelkuli-kartya-9560ngw-dp-n-l41693-001-laptop-cserealkatresze\/","title":{"rendered":"HP Chromebook 14b-ca0015cl sorozat\u00fa vezet\u00e9k n\u00e9lk\u00fcli k\u00e1rtya 9560NGW DP\/N L41693-001 \u2013 Laptop cserealkatr\u00e9sze"},"content":{"rendered":"<p class=\"\" data-start=\"732\" data-end=\"1064\">Friss\u00edtse vagy cser\u00e9lje ki vezet\u00e9k n\u00e9lk\u00fcli k\u00e1rty\u00e1j\u00e1t ezzel a HP <strong data-start=\"780\" data-end=\"852\">Chromebook 14b-ca0015cl Series 9560NGW DP\/N L41693-001 vezet\u00e9k n\u00e9lk\u00fcli k\u00e1rty\u00e1val, amely gyors \u00e9s megb\u00edzhat\u00f3 csatlakoz\u00e1st biztos\u00edt az eszk\u00f6zh\u00f6z<\/strong>. Ak\u00e1r hibaelh\u00e1r\u00edt\u00e1st, ak\u00e1r friss\u00edt\u00e9st v\u00e9gez, ezt az eredeti cserealkatr\u00e9szt \u00fagy tervezt\u00e9k, hogy t\u00f6k\u00e9letesen illeszkedjen a <strong data-start=\"1019\" data-end=\"1053\">Chromebook 14b-ca0015cl sorozathoz<\/strong>.<\/p>\n<p class=\"\" data-start=\"1066\" data-end=\"1343\">A <strong data-start=\"1070\" data-end=\"1081\">9560NGW<\/strong> vezet\u00e9k n\u00e9lk\u00fcli k\u00e1rtya t\u00e1mogatja a Wi-Fi 6-ot (802.11ax), gyorsabb \u00e9s stabilabb vezet\u00e9k n\u00e9lk\u00fcli kapcsolatot biztos\u00edtva, ami elengedhetetlen a mai ig\u00e9nyes online feladatokhoz. Bluetooth 5.0-val rendelkezik a jobb eszk\u00f6zkompatibilit\u00e1s \u00e9rdek\u00e9ben, ide\u00e1lis streaminghez, j\u00e1t\u00e9khoz vagy \u00e1ltal\u00e1nos b\u00f6ng\u00e9sz\u00e9shez.<\/p>\n<p class=\"\" data-start=\"1345\" data-end=\"1604\">Ez a k\u00e1rtya k\u00f6nnyen telep\u00edthet\u0151, \u00e9s val\u00f3di f\u00e9nyk\u00e9peket tartalmaz a pontos alkatr\u00e9szr\u0151l. B\u00e1r nem adunk telep\u00edt\u00e9si \u00fatmutat\u00f3t, mindig sz\u00edvesen seg\u00edt\u00fcnk b\u00e1rmilyen k\u00e9rd\u00e9s\u00e9ben. Tov\u00e1bbi t\u00e1mogat\u00e1s\u00e9rt b\u00e1tran \u00edrjon nek\u00fcnk!<\/p>\n<p class=\"\" data-start=\"1606\" data-end=\"1623\"><strong data-start=\"1606\" data-end=\"1623\">F\u0151bb jellemz\u0151k:<\/strong><\/p>\n<ul data-start=\"1624\" data-end=\"1989\">\n<li class=\"\" data-start=\"1624\" data-end=\"1644\">\n<p class=\"\" data-start=\"1626\" data-end=\"1644\"><strong data-start=\"1626\" data-end=\"1636\">Modell:<\/strong> 9560NGW<\/p>\n<\/li>\n<li class=\"\" data-start=\"1645\" data-end=\"1698\">\n<p class=\"\" data-start=\"1647\" data-end=\"1698\"><strong data-start=\"1647\" data-end=\"1667\">Kompatibilis:<\/strong> Chromebook 14b-ca0015cl Series<\/p>\n<\/li>\n<li class=\"\" data-start=\"1699\" data-end=\"1776\">\n<p class=\"\" data-start=\"1701\" data-end=\"1776\"><strong data-start=\"1701\" data-end=\"1720\">Wi-Fi szabv\u00e1ny:<\/strong> Wi-Fi 6 (802.11ax) a gyorsabb sebess\u00e9g \u00e9s a nagyobb hat\u00f3t\u00e1v \u00e9rdek\u00e9ben<\/p>\n<\/li>\n<li class=\"\" data-start=\"1777\" data-end=\"1846\">\n<p class=\"\" data-start=\"1779\" data-end=\"1846\"><strong data-start=\"1779\" data-end=\"1801\">Bluetooth-verzi\u00f3:<\/strong> 5.0 a vezet\u00e9k n\u00e9lk\u00fcli eszk\u00f6z\u00f6k z\u00f6kken\u0151mentes csatlakoztat\u00e1s\u00e1hoz<\/p>\n<\/li>\n<li class=\"\" data-start=\"1847\" data-end=\"1883\">\n<p class=\"\" data-start=\"1849\" data-end=\"1883\"><strong data-start=\"1849\" data-end=\"1872\">Alkatr\u00e9szsz\u00e1m (DP\/N):<\/strong> L41693-001<\/p>\n<\/li>\n<li class=\"\" data-start=\"1884\" data-end=\"1927\">\n<p class=\"\" data-start=\"1886\" data-end=\"1927\"><strong data-start=\"1886\" data-end=\"1900\">\u00c1llapot:<\/strong> Vadonat\u00faj \u00e9s eredeti alkatr\u00e9sz<\/p>\n<\/li>\n<li class=\"\" data-start=\"1928\" data-end=\"1989\">\n<p class=\"\" data-start=\"1930\" data-end=\"1989\"><strong data-start=\"1930\" data-end=\"1941\">Fot\u00f3k:<\/strong> Val\u00f3di k\u00e9pek a t\u00e9nylegesen megkapott t\u00e9telr\u0151l<\/p>\n<\/li>\n<\/ul>\n<p class=\"\" data-start=\"1991\" data-end=\"2127\">Ez a vezet\u00e9k n\u00e9lk\u00fcli cserek\u00e1rtya biztos\u00edtja, hogy laptopja optim\u00e1lis vezet\u00e9k n\u00e9lk\u00fcli teljes\u00edtm\u00e9nyt ny\u00fajtson, \u00e9s probl\u00e9mamentes internetez\u00e9si \u00e9lm\u00e9nyt ny\u00fajtson.<\/p>\n<p class=\"\" data-start=\"2129\" data-end=\"2303\"><strong data-start=\"2129\" data-end=\"2148\">Fontos megjegyz\u00e9s:<\/strong> K\u00e9rj\u00fck, v\u00e1s\u00e1rl\u00e1s el\u0151tt gy\u0151z\u0151dj\u00f6n meg arr\u00f3l, hogy kompatibilis az adott laptopmodellj\u00e9vel. Ha k\u00e9ts\u00e9gei vannak, ne habozzon kapcsolatba l\u00e9pni vel\u00fcnk tov\u00e1bbi r\u00e9szletek\u00e9rt!<\/p>\n","protected":false},"excerpt":{"rendered":"<p>Ez az eredeti <strong data-start=\"314\" data-end=\"339\">Wireless Card 9560NGW<\/strong> (DP\/N L41693-001) a <strong data-start=\"396\" data-end=\"430\">Chromebook 14b-ca0015cl sorozat<\/strong> k\u00f6zvetlen cserealkatr\u00e9sze. Megb\u00edzhat\u00f3 \u00e9s gyors vezet\u00e9k n\u00e9lk\u00fcli kapcsolatot biztos\u00edt laptopja sz\u00e1m\u00e1ra, t\u00e1mogatja a Wi-Fi 6-ot (802.11ax) a nagyobb sebess\u00e9g \u00e9s teljes\u00edtm\u00e9ny \u00e9rdek\u00e9ben. T\u00f6k\u00e9letes a r\u00e9gi vezet\u00e9k n\u00e9lk\u00fcli k\u00e1rtya friss\u00edt\u00e9s\u00e9hez vagy cser\u00e9j\u00e9hez, ez a r\u00e9sz val\u00f3di f\u00e9nyk\u00e9peket tartalmaz a kapott term\u00e9kr\u0151l.<\/p>\n","protected":false},"featured_media":11932,"template":"","meta":[],"product_brand":[],"product_cat":[27],"product_tag":[25],"class_list":{"0":"post-11878","1":"product","2":"type-product","3":"status-publish","4":"has-post-thumbnail","6":"product_cat-motherboards-board-parts","7":"product_tag-hp","9":"first","10":"instock","11":"taxable","12":"shipping-taxable","13":"purchasable","14":"product-type-simple"},"_links":{"self":[{"href":"https:\/\/boreait.com\/hu\/wp-json\/wp\/v2\/product\/11878","targetHints":{"allow":["GET"]}}],"collection":[{"href":"https:\/\/boreait.com\/hu\/wp-json\/wp\/v2\/product"}],"about":[{"href":"https:\/\/boreait.com\/hu\/wp-json\/wp\/v2\/types\/product"}],"wp:featuredmedia":[{"embeddable":true,"href":"https:\/\/boreait.com\/hu\/wp-json\/wp\/v2\/media\/11932"}],"wp:attachment":[{"href":"https:\/\/boreait.com\/hu\/wp-json\/wp\/v2\/media?parent=11878"}],"wp:term":[{"taxonomy":"product_brand","embeddable":true,"href":"https:\/\/boreait.com\/hu\/wp-json\/wp\/v2\/product_brand?post=11878"},{"taxonomy":"product_cat","embeddable":true,"href":"https:\/\/boreait.com\/hu\/wp-json\/wp\/v2\/product_cat?post=11878"},{"taxonomy":"product_tag","embeddable":true,"href":"https:\/\/boreait.com\/hu\/wp-json\/wp\/v2\/product_tag?post=11878"}],"curies":[{"name":"wp","href":"https:\/\/api.w.org\/{rel}","templated":true}]}}