{"id":11877,"date":"2025-09-17T13:30:16","date_gmt":"2025-09-17T11:30:16","guid":{"rendered":"https:\/\/boreait.com\/hu\/?post_type=product&#038;p=11877"},"modified":"2026-02-09T10:37:48","modified_gmt":"2026-02-09T09:37:48","slug":"kingston-99p5316-014-a00lf-ddr2-2-gb-laptop-ram-memoria-eredeti-cserealkatresz","status":"publish","type":"product","link":"https:\/\/boreait.com\/hu\/termek\/kingston-99p5316-014-a00lf-ddr2-2-gb-laptop-ram-memoria-eredeti-cserealkatresz\/","title":{"rendered":"Kingston 99P5316-014.A00LF DDR2 2 GB laptop RAM mem\u00f3ria \u2013 Eredeti cserealkatr\u00e9sz"},"content":{"rendered":"<p class=\"\" data-start=\"706\" data-end=\"1045\">A <strong data-start=\"710\" data-end=\"753\">Kingston 99P5316-014.A00LF DDR2 2 GB RAM<\/strong> egy kiv\u00e1l\u00f3 min\u0151s\u00e9g\u0171, eredeti cserealkatr\u00e9sz, amelyet laptopja teljes\u00edtm\u00e9ny\u00e9nek jav\u00edt\u00e1s\u00e1ra terveztek. Ak\u00e1r egy megl\u00e9v\u0151 rendszert friss\u00edt, ak\u00e1r egy hib\u00e1s modult cser\u00e9l, ez a 2 GB-os DDR2 RAM megn\u00f6velt sebess\u00e9get \u00e9s megb\u00edzhat\u00f3s\u00e1got biztos\u00edt laptopj\u00e1nak az alkalmaz\u00e1sok g\u00f6rd\u00fcl\u00e9kenyebb futtat\u00e1s\u00e1hoz.<\/p>\n<p class=\"\" data-start=\"1047\" data-end=\"1060\">F\u0151bb jellemz\u0151k:<\/p>\n<ul data-start=\"1061\" data-end=\"1267\">\n<li class=\"\" data-start=\"1061\" data-end=\"1080\">\n<p class=\"\" data-start=\"1063\" data-end=\"1080\"><strong data-start=\"1063\" data-end=\"1075\">Kapacit\u00e1s<\/strong>: 2 GB<\/p>\n<\/li>\n<li class=\"\" data-start=\"1081\" data-end=\"1103\">\n<p class=\"\" data-start=\"1083\" data-end=\"1103\"><strong data-start=\"1083\" data-end=\"1091\">T\u00edpus<\/strong>: DDR2 SDRAM<\/p>\n<\/li>\n<li class=\"\" data-start=\"1104\" data-end=\"1165\">\n<p class=\"\" data-start=\"1106\" data-end=\"1165\"><strong data-start=\"1106\" data-end=\"1115\">Sebess\u00e9g<\/strong>: Kompatibilis a DDR2 mem\u00f3ri\u00e1t t\u00e1mogat\u00f3 rendszerekkel<\/p>\n<\/li>\n<li class=\"\" data-start=\"1166\" data-end=\"1223\">\n<p class=\"\" data-start=\"1168\" data-end=\"1223\"><strong data-start=\"1168\" data-end=\"1177\">M\u00e1rka<\/strong>: Kingston, megb\u00edzhat\u00f3 n\u00e9v a mem\u00f3riamegold\u00e1sokban<\/p>\n<\/li>\n<li class=\"\" data-start=\"1224\" data-end=\"1267\">\n<p class=\"\" data-start=\"1226\" data-end=\"1267\"><strong data-start=\"1226\" data-end=\"1239\">\u00c1llapot<\/strong>: vadonat\u00faj \u00e9s eredeti alkatr\u00e9sz<\/p>\n<\/li>\n<\/ul>\n<p class=\"\" data-start=\"1269\" data-end=\"1541\">Ez a DDR2 2 GB RAM kompatibilis azokkal a laptopokkal, amelyek t\u00e1mogatj\u00e1k a DDR2 modulokat, \u00edgy z\u00f6kken\u0151mentes teljes\u00edtm\u00e9nyfriss\u00edt\u00e9st biztos\u00edt sz\u00e1mos rendszer sz\u00e1m\u00e1ra. Ide\u00e1lis megold\u00e1s azoknak a felhaszn\u00e1l\u00f3knak, akik laptopjuk sebess\u00e9g\u00e9t szeretn\u00e9k n\u00f6velni olyan feladatokhoz, mint a b\u00f6ng\u00e9sz\u00e9s, a videostreaming \u00e9s az \u00e1ltal\u00e1nos sz\u00e1m\u00edt\u00e1stechnika.<\/p>\n<p class=\"\" data-start=\"1543\" data-end=\"1858\">K\u00e9rj\u00fck, vegye figyelembe, hogy az ezen a list\u00e1n szerepl\u0151 fot\u00f3k pontosan arr\u00f3l a term\u00e9kr\u0151l k\u00e9sz\u00fcltek, amelyet \u00d6n kap, \u00edgy biztos lehet benne, hogy az alkatr\u00e9sz \u00e1llapota \u00e9s eredetis\u00e9ge \u00e9rv\u00e9nyben van. <strong data-start=\"1695\" data-end=\"1742\">Nem adunk telep\u00edt\u00e9si utas\u00edt\u00e1sokat<\/strong> ehhez a term\u00e9khez, de ha seg\u00edts\u00e9gre van sz\u00fcks\u00e9ge, vagy b\u00e1rmilyen k\u00e9rd\u00e9se van, ne habozzon, \u00edrjon nek\u00fcnk \u2013 mi seg\u00edt\u00fcnk!<\/p>\n<p class=\"\" data-start=\"1860\" data-end=\"2097\">Friss\u00edtse laptopja teljes\u00edtm\u00e9ny\u00e9t m\u00e9g ma a <strong data-start=\"1909\" data-end=\"1952\">Kingston 99P5316-014.A00LF DDR2 2 GB RAM<\/strong> seg\u00edts\u00e9g\u00e9vel. Ak\u00e1r egy hib\u00e1s alkatr\u00e9szt cser\u00e9l, ak\u00e1r egyszer\u0171en csak n\u00f6veli a rendszer teljes\u00edtm\u00e9ny\u00e9t, ez az eredeti cserealkatr\u00e9sz a t\u00f6k\u00e9letes megold\u00e1s.<\/p>\n","protected":false},"excerpt":{"rendered":"<p>N\u00f6velje laptopja teljes\u00edtm\u00e9ny\u00e9t a Kingston 99P5316-014.A00LF DDR2 2 GB RAM-mal. Ez az eredeti cserealkatr\u00e9sz t\u00f6k\u00e9letes a rendszer sebess\u00e9g\u00e9nek \u00e9s hat\u00e9konys\u00e1g\u00e1nak n\u00f6vel\u00e9s\u00e9re. Ide\u00e1lis a DDR2 RAM-ot t\u00e1mogat\u00f3 laptopokhoz, megb\u00edzhat\u00f3 teljes\u00edtm\u00e9nyt biztos\u00edt, \u00e9s k\u00e9szen \u00e1ll a telep\u00edt\u00e9sre. A megjelen\u00edtett fot\u00f3k pontosan azt a r\u00e9szt jelentik, amelyet kapni fog. Telep\u00edt\u00e9si seg\u00edts\u00e9g\u00e9rt forduljon hozz\u00e1nk bizalommal.<\/p>\n","protected":false},"featured_media":11931,"template":"","meta":[],"product_brand":[],"product_cat":[41,36],"product_tag":[],"class_list":{"0":"post-11877","1":"product","2":"type-product","3":"status-publish","4":"has-post-thumbnail","6":"product_cat-ddr2","7":"product_cat-ram-memory","9":"first","10":"instock","11":"taxable","12":"shipping-taxable","13":"purchasable","14":"product-type-simple"},"_links":{"self":[{"href":"https:\/\/boreait.com\/hu\/wp-json\/wp\/v2\/product\/11877","targetHints":{"allow":["GET"]}}],"collection":[{"href":"https:\/\/boreait.com\/hu\/wp-json\/wp\/v2\/product"}],"about":[{"href":"https:\/\/boreait.com\/hu\/wp-json\/wp\/v2\/types\/product"}],"wp:featuredmedia":[{"embeddable":true,"href":"https:\/\/boreait.com\/hu\/wp-json\/wp\/v2\/media\/11931"}],"wp:attachment":[{"href":"https:\/\/boreait.com\/hu\/wp-json\/wp\/v2\/media?parent=11877"}],"wp:term":[{"taxonomy":"product_brand","embeddable":true,"href":"https:\/\/boreait.com\/hu\/wp-json\/wp\/v2\/product_brand?post=11877"},{"taxonomy":"product_cat","embeddable":true,"href":"https:\/\/boreait.com\/hu\/wp-json\/wp\/v2\/product_cat?post=11877"},{"taxonomy":"product_tag","embeddable":true,"href":"https:\/\/boreait.com\/hu\/wp-json\/wp\/v2\/product_tag?post=11877"}],"curies":[{"name":"wp","href":"https:\/\/api.w.org\/{rel}","templated":true}]}}