{"id":11862,"date":"2025-09-17T13:29:46","date_gmt":"2025-09-17T11:29:46","guid":{"rendered":"https:\/\/boreait.com\/hu\/?post_type=product&#038;p=11862"},"modified":"2026-02-09T10:37:13","modified_gmt":"2026-02-09T09:37:13","slug":"4-gb-2rx8-pc3-12800s-ddr3-1600mhz-laptop-ram-tesztelt-es-mukodokepes","status":"publish","type":"product","link":"https:\/\/boreait.com\/hu\/termek\/4-gb-2rx8-pc3-12800s-ddr3-1600mhz-laptop-ram-tesztelt-es-mukodokepes\/","title":{"rendered":"4 GB 2Rx8 PC3-12800S DDR3-1600MHz laptop RAM \u2013 tesztelt \u00e9s m\u0171k\u00f6d\u0151k\u00e9pes"},"content":{"rendered":"<p class=\"\" data-start=\"628\" data-end=\"965\">Egy <strong data-start=\"642\" data-end=\"688\">megb\u00edzhat\u00f3 \u00e9s megfizethet\u0151 laptop RAM-b\u0151v\u00edt\u00e9st<\/strong> keres? Ez a <strong data-start=\"695\" data-end=\"735\">4 GB 2Rx8 PC3-12800S DDR3-1600 MHz RAM<\/strong> t\u00f6k\u00e9letes v\u00e1laszt\u00e1s a rendszersebess\u00e9g \u00e9s a t\u00f6bbfeladatos teljes\u00edtm\u00e9ny n\u00f6vel\u00e9s\u00e9re. Ak\u00e1r egy r\u00e9gi laptopot friss\u00edt, ak\u00e1r egy hib\u00e1s RAM-k\u00e1rty\u00e1t cser\u00e9l, ez a modul <strong data-start=\"905\" data-end=\"962\">z\u00f6kken\u0151mentes m\u0171k\u00f6d\u00e9st \u00e9s gyorsabb alkalmaz\u00e1sbet\u00f6lt\u00e9si id\u0151t<\/strong> biztos\u00edt.<\/p>\n<h3 class=\"\" data-start=\"967\" data-end=\"990\"><strong data-start=\"971\" data-end=\"988\">F\u0151bb jellemz\u0151k:<\/strong><\/h3>\n<p class=\"\" data-start=\"991\" data-end=\"1328\">\u2705 <strong data-start=\"993\" data-end=\"1005\">Kapacit\u00e1s<\/strong>: 4 GB<br data-start=\"1010\" data-end=\"1013\" \/>\u2705 <strong data-start=\"1013\" \/>\u2705 <strong data-start=\"1015\" data=\"3-101\">DRP SODIMM (204 t\u0171s)<br data-start=\"1046\" data-end=\"1049\" \/>\u2705 <strong data-start=\"1051\" data-end=\"1060\">Sebess\u00e9g<\/strong>: 1600 MHz (PC3-12800S)<br=\"data-start=\"1082\"8 data5\" \/strong>0 data-start=&#8221;1087&#8243; data-end=&#8221;1095&#8243;>Rangsor<\/strong>: 2Rx8 \u2013 K\u00e9toldalas a jobb kompatibilit\u00e1s \u00e9rdek\u00e9ben<br data-start=\"1141\" data-end=\"1144\" \/>\u2705 <strong data-start=\"1146\" data-end=\"1157\">Latencia<\/strong><br \/>s CL111 for data: &#8211; start 8 performance data-end=&#8221;1189&#8243; \/>\u2705 <strong data-start=\"1191\" data-end=\"1204\">\u00c1llapot<\/strong>: Teljesen tesztelt \u00e9s kiv\u00e1l\u00f3 m\u0171k\u00f6d\u00e9si \u00e1llapotban<br data-start=\"1253\" data-end=\"1256\" \/>\u2705 <strong data-start=\"1258\" data-end=\"1275\" kompatibilit\u00e1s a laptopokhoz. SODIMM RAM<\/p>\n<h3 class=\"\" data-start=\"1330\" data-end=\"1360\"><strong data-start=\"1334\" data-end=\"1358\">Mi\u00e9rt v\u00e1lassza ezt a RAM-ot?<\/strong><\/h3>\n<ul data-start=\"1361\" data-end=\"1667\">\n<li class=\"\" data-start=\"1361\" data-end=\"1462\">\n<p class=\"\" data-start=\"1363\" data-end=\"1462\">Fokozza a rendszer teljes\u00edtm\u00e9ny\u00e9t olyan mindennapi feladatokhoz, mint a webb\u00f6ng\u00e9sz\u00e9s, a videostreaming \u00e9s az irodai munka.<\/p>\n<\/li>\n<li class=\"\" data-start=\"1463\" data-end=\"1536\">\n<p class=\"\" data-start=\"1465\" data-end=\"1536\"><strong data-start=\"1465\" data-end=\"1500\">K\u00f6nny\u0171 plug-and-play telep\u00edt\u00e9s<\/strong> \u2013 nincs sz\u00fcks\u00e9g tov\u00e1bbi konfigur\u00e1ci\u00f3kra.<\/p>\n<\/li>\n<li class=\"\" data-start=\"1537\" data-end=\"1598\">\n<p class=\"\" data-start=\"1539\" data-end=\"1598\">Kompatibilis a legt\u00f6bb <strong data-start=\"1574\" data-end=\"1595\">DDR3 SODIMM b\u0151v\u00edt\u0151helyet<\/strong> haszn\u00e1l\u00f3 laptoppal.<\/p>\n<\/li>\n<li class=\"\" data-start=\"1599\" data-end=\"1667\">\n<p class=\"\" data-start=\"1601\" data-end=\"1667\"><strong data-start=\"1601\" data-end=\"1635\">Eredeti term\u00e9k \u2013 Val\u00f3di fot\u00f3k!<\/strong> Amit l\u00e1tsz, azt kapod.<\/p>\n<\/li>\n<\/ul>\n<p class=\"\" data-start=\"1669\" data-end=\"1769\">\ud83d\udce9 <strong data-start=\"1672\" data-end=\"1686\">Seg\u00edts\u00e9gre van sz\u00fcks\u00e9ge?<\/strong> Ha nem biztos a kompatibilit\u00e1sban, nyugodtan \u00edrjon nek\u00fcnk a v\u00e1s\u00e1rl\u00e1s el\u0151tt.<\/p>\n<p class=\"\" data-start=\"1771\" data-end=\"1814\">\ud83d\ude80 <strong data-start=\"1774\" data-end=\"1791\">Gyors sz\u00e1ll\u00edt\u00e1s<\/strong> \u2013 Vil\u00e1gszerte sz\u00e1ll\u00edtunk!<\/p>\n","protected":false},"excerpt":{"rendered":"<p>N\u00f6velje laptopja teljes\u00edtm\u00e9ny\u00e9t ezzel a <strong data-start=\"363\" data-end=\"410\">4 GB 2Rx8 PC3-12800S DDR3-1600MHz RAM modullal<\/strong>. A z\u00f6kken\u0151mentes t\u00f6bbfeladatos munkav\u00e9gz\u00e9shez tervezt\u00e9k, gyorsabb v\u00e1laszid\u0151t \u00e9s jobb rendszerstabilit\u00e1st k\u00edn\u00e1l. Teljesen tesztelt \u00e9s telep\u00edt\u00e9sre k\u00e9sz.<\/p>\n","protected":false},"featured_media":11918,"template":"","meta":[],"product_brand":[],"product_cat":[37,36],"product_tag":[],"class_list":{"0":"post-11862","1":"product","2":"type-product","3":"status-publish","4":"has-post-thumbnail","6":"product_cat-ddr3-ddr3l","7":"product_cat-ram-memory","9":"first","10":"instock","11":"taxable","12":"shipping-taxable","13":"purchasable","14":"product-type-simple"},"_links":{"self":[{"href":"https:\/\/boreait.com\/hu\/wp-json\/wp\/v2\/product\/11862","targetHints":{"allow":["GET"]}}],"collection":[{"href":"https:\/\/boreait.com\/hu\/wp-json\/wp\/v2\/product"}],"about":[{"href":"https:\/\/boreait.com\/hu\/wp-json\/wp\/v2\/types\/product"}],"wp:featuredmedia":[{"embeddable":true,"href":"https:\/\/boreait.com\/hu\/wp-json\/wp\/v2\/media\/11918"}],"wp:attachment":[{"href":"https:\/\/boreait.com\/hu\/wp-json\/wp\/v2\/media?parent=11862"}],"wp:term":[{"taxonomy":"product_brand","embeddable":true,"href":"https:\/\/boreait.com\/hu\/wp-json\/wp\/v2\/product_brand?post=11862"},{"taxonomy":"product_cat","embeddable":true,"href":"https:\/\/boreait.com\/hu\/wp-json\/wp\/v2\/product_cat?post=11862"},{"taxonomy":"product_tag","embeddable":true,"href":"https:\/\/boreait.com\/hu\/wp-json\/wp\/v2\/product_tag?post=11862"}],"curies":[{"name":"wp","href":"https:\/\/api.w.org\/{rel}","templated":true}]}}