{"id":11861,"date":"2025-09-17T13:29:45","date_gmt":"2025-09-17T11:29:45","guid":{"rendered":"https:\/\/boreait.com\/hu\/?post_type=product&#038;p=11861"},"modified":"2026-02-09T10:36:51","modified_gmt":"2026-02-09T09:36:51","slug":"2-gb-ddr2-667mhz-cl5-665ee-laptop-ram-tesztelt-gyors-es-megbizhato","status":"publish","type":"product","link":"https:\/\/boreait.com\/hu\/termek\/2-gb-ddr2-667mhz-cl5-665ee-laptop-ram-tesztelt-gyors-es-megbizhato\/","title":{"rendered":"2 GB DDR2 667MHz CL5 -665EE laptop RAM \u2013 tesztelt, gyors \u00e9s megb\u00edzhat\u00f3"},"content":{"rendered":"<p class=\"\" data-start=\"579\" data-end=\"669\"><strong data-start=\"579\" data-end=\"667\">2 GB DDR2 667MHz CL5 -665EE Laptop RAM \u2013 Kiv\u00e1l\u00f3 min\u0151s\u00e9g\u0171 mem\u00f3ria a megn\u00f6velt teljes\u00edtm\u00e9ny\u00e9rt<\/strong><\/p>\n<p class=\"\" data-start=\"671\" data-end=\"883\">Fokozza laptopja hat\u00e9konys\u00e1g\u00e1t ezzel a <strong data-start=\"712\" data-end=\"753\">2 GB DDR2 667MHz CL5 -665EE RAM modullal<\/strong>. Ak\u00e1r egy r\u00e9gebbi eszk\u00f6zt friss\u00edt, ak\u00e1r hib\u00e1s mem\u00f3ri\u00e1t cser\u00e9l, ez a modul <strong data-start=\"845\" data-end=\"880\">stabil \u00e9s megb\u00edzhat\u00f3 teljes\u00edtm\u00e9nyt<\/strong> biztos\u00edt.<\/p>\n<h3 class=\"\" data-start=\"885\" data-end=\"908\"><strong data-start=\"889\" data-end=\"906\">F\u0151bb jellemz\u0151k:<\/strong><\/h3>\n<p class=\"\" data-start=\"909\" data-end=\"1253\">\u2714 <strong data-start=\"911\" data-end=\"924\">Kapacit\u00e1s:<\/strong> 2 GB DDR2<br data-start=\"933\" data-end=\"936\" \/>\u2714 <strong data-start=\"939\":4<\/strong>adat 667 MHz (PC2-5300)<br data-start=\"966\" data-end=\"969\" \/>\u2714 <strong data-start=\"971\" data-end=\"983\">K\u00e9s\u00e9s:<\/strong> CL5<br data-start=\"987\" data-end=\"990\" \/>\u2714 <strong data2-start adatok data-end=\"1107\" \/>\u2714 <strong data-start=\"1109\" data-end=\"1123\">\u00c1llapot:<\/strong> Teljesen tesztelt \u00e9s <strong data-start=\"1144\" data-end=\"1161\">m\u0171k\u00f6d\u0151k\u00e9pes<\/strong><br data-start=\"1161\" data-end=\"1164\" \/>-start data-end=&#8221;1182&#8243;>Val\u00f3di fot\u00f3k:<\/strong> A lista k\u00e9pei azt a <strong data-start=\"1218\" data-end=\"1234\">pontos modult<\/strong> mutatj\u00e1k, amelyet kapni fog<\/p>\n<h3 class=\"\" data-start=\"1255\" data-end=\"1282\"><strong data-start=\"1259\" data-end=\"1280\">Mi\u00e9rt v\u00e1s\u00e1rolja meg ezt a RAM-ot?<\/strong><\/h3>\n<p class=\"\" data-start=\"1283\" data-end=\"1548\">\ud83d\udca1 <strong data-start=\"1286\" data-end=\"1309\">Gyorsabb teljes\u00edtm\u00e9ny:<\/strong> Tapasztalja meg a tov\u00e1bbfejlesztett t\u00f6bbfeladatos munkav\u00e9gz\u00e9st \u00e9s a g\u00f6rd\u00fcl\u00e9kenyebb m\u0171k\u00f6d\u00e9st.<br data-start=\"1365\" data-end=\"1368\" \/>7. data-end=&#8221;1398&#8243;>K\u00f6lts\u00e9ghat\u00e9kony friss\u00edt\u00e9s:<\/strong> P\u00e9nzt\u00e1rcabar\u00e1t m\u00f3dja laptopja \u00e9lettartam\u00e1nak meghosszabb\u00edt\u00e1s\u00e1ra<br data-start=\"1453\" data-end=\"1456\" \/>\ud83d\udca1 <strong data-start=\"1459\" data-end=\"1481\">Megb\u00edzhat\u00f3 \u00e9s amp; Tesztelve:<\/strong> Minden modul <strong data-start=\"1508\" data-end=\"1530\">teljes funkcionalit\u00e1s\u00e1t<\/strong> teszteli a sz\u00e1ll\u00edt\u00e1s el\u0151tt<\/p>\n<p class=\"\" data-start=\"1550\" data-end=\"1671\">\u26a0 <strong data-start=\"1552\" data-end=\"1561\">Megjegyz\u00e9s:<\/strong> A telep\u00edt\u00e9si utas\u00edt\u00e1sokat <strong data-start=\"1592\" data-end=\"1608\">nincs mell\u00e9kelve<\/strong>, de ha seg\u00edts\u00e9gre van sz\u00fcks\u00e9ge, \u00edrjon nek\u00fcnk.<\/p>\n<p class=\"\" data-start=\"1673\" data-end=\"1782\">Friss\u00edtse laptopj\u00e1t m\u00e9g ma ezzel a <strong data-start=\"1709\" data-end=\"1747\">min\u0151s\u00e9gi DDR2 2GB 667MHz RAM modullal<\/strong> \u00e9s \u00e9lvezze a jobb teljes\u00edtm\u00e9nyt! \ud83d\ude80<\/p>\n","protected":false},"excerpt":{"rendered":"<p>N\u00f6velje laptopja teljes\u00edtm\u00e9ny\u00e9t ezzel a <strong data-start=\"350\" data-end=\"391\">2 GB DDR2 667MHz CL5 -665EE RAM modullal<\/strong>. Teljesen tesztelt \u00e9s megb\u00edzhat\u00f3, z\u00f6kken\u0151mentes t\u00f6bbfeladatos munkav\u00e9gz\u00e9st \u00e9s gyorsabb feldolgoz\u00e1st biztos\u00edt. T\u00f6k\u00e9letes r\u00e9gebbi laptopokhoz, amelyek mem\u00f3riab\u0151v\u00edt\u00e9st ig\u00e9nyelnek.<\/p>\n","protected":false},"featured_media":11917,"template":"","meta":[],"product_brand":[],"product_cat":[41,36],"product_tag":[],"class_list":{"0":"post-11861","1":"product","2":"type-product","3":"status-publish","4":"has-post-thumbnail","6":"product_cat-ddr2","7":"product_cat-ram-memory","9":"first","10":"instock","11":"taxable","12":"shipping-taxable","13":"purchasable","14":"product-type-simple"},"_links":{"self":[{"href":"https:\/\/boreait.com\/hu\/wp-json\/wp\/v2\/product\/11861","targetHints":{"allow":["GET"]}}],"collection":[{"href":"https:\/\/boreait.com\/hu\/wp-json\/wp\/v2\/product"}],"about":[{"href":"https:\/\/boreait.com\/hu\/wp-json\/wp\/v2\/types\/product"}],"wp:featuredmedia":[{"embeddable":true,"href":"https:\/\/boreait.com\/hu\/wp-json\/wp\/v2\/media\/11917"}],"wp:attachment":[{"href":"https:\/\/boreait.com\/hu\/wp-json\/wp\/v2\/media?parent=11861"}],"wp:term":[{"taxonomy":"product_brand","embeddable":true,"href":"https:\/\/boreait.com\/hu\/wp-json\/wp\/v2\/product_brand?post=11861"},{"taxonomy":"product_cat","embeddable":true,"href":"https:\/\/boreait.com\/hu\/wp-json\/wp\/v2\/product_cat?post=11861"},{"taxonomy":"product_tag","embeddable":true,"href":"https:\/\/boreait.com\/hu\/wp-json\/wp\/v2\/product_tag?post=11861"}],"curies":[{"name":"wp","href":"https:\/\/api.w.org\/{rel}","templated":true}]}}