{"id":11860,"date":"2025-09-17T13:29:45","date_gmt":"2025-09-17T11:29:45","guid":{"rendered":"https:\/\/boreait.com\/hu\/?post_type=product&#038;p=11860"},"modified":"2026-02-09T10:36:29","modified_gmt":"2026-02-09T09:36:29","slug":"4-gb-2rx8-pc3l-12800s-laptop-ram-ddr3l-1600mhz-sodimm","status":"publish","type":"product","link":"https:\/\/boreait.com\/hu\/termek\/4-gb-2rx8-pc3l-12800s-laptop-ram-ddr3l-1600mhz-sodimm\/","title":{"rendered":"4 GB 2Rx8 PC3L-12800S laptop RAM \u2013 DDR3L 1600MHz SODIMM"},"content":{"rendered":"<p class=\"\" data-start=\"467\" data-end=\"760\">Fokozza laptopja sebess\u00e9g\u00e9t \u00e9s hat\u00e9konys\u00e1g\u00e1t ezzel a <strong data-start=\"518\" data-end=\"574\">4 GB 2Rx8 PC3L-12800S DDR3L 1600 MHz-es SODIMM RAM modullal<\/strong>. Ak\u00e1r egy r\u00e9gebbi rendszert friss\u00edt, ak\u00e1r a hib\u00e1s mem\u00f3ri\u00e1t cser\u00e9li, ez a RAM-k\u00e1rtya <strong data-start=\"668\" data-end=\"757\">z\u00f6kken\u0151mentes t\u00f6bbfeladatos munkav\u00e9gz\u00e9st, jobb alkalmaz\u00e1steljes\u00edtm\u00e9nyt \u00e9s energiahat\u00e9kony m\u0171k\u00f6d\u00e9st<\/strong> biztos\u00edt.<\/p>\n<h4 class=\"\" data-start=\"762\" data-end=\"796\"><strong data-start=\"767\" data-end=\"794\">Term\u00e9kspecifik\u00e1ci\u00f3k:<\/strong><\/h4>\n<ul data-start=\"797\" data-end=\"1065\">\n<li class=\"\" data-start=\"797\" data-end=\"818\">\n<p class=\"\" data-start=\"799\" data-end=\"818\"><strong data-start=\"799\" data-end=\"812\">Kapacit\u00e1s:<\/strong> 4 GB<\/p>\n<\/li>\n<li class=\"\" data-start=\"819\" data-end=\"852\">\n<p class=\"\" data-start=\"821\" data-end=\"852\"><strong data-start=\"821\" data-end=\"830\">T\u00edpus:<\/strong> DDR3L (alacsony fesz\u00fclts\u00e9g)<\/p>\n<\/li>\n<li class=\"\" data-start=\"853\" data-end=\"889\">\n<p class=\"\" data-start=\"855\" data-end=\"889\"><strong data-start=\"855\" data-end=\"865\">Sebess\u00e9g:<\/strong> 1600MHz (PC3L-12800S)<\/p>\n<\/li>\n<li class=\"\" data-start=\"890\" data-end=\"908\">\n<p class=\"\" data-start=\"892\" data-end=\"908\"><strong data-start=\"892\" data-end=\"901\">Rang:<\/strong> 2Rx8<\/p>\n<\/li>\n<li class=\"\" data-start=\"909\" data-end=\"946\">\n<p class=\"\" data-start=\"911\" data-end=\"946\"><strong data-start=\"911\" data-end=\"927\">Alakt\u00e9nyez\u0151:<\/strong> SODIMM (204 t\u0171s)<\/p>\n<\/li>\n<li class=\"\" data-start=\"947\" data-end=\"991\">\n<p class=\"\" data-start=\"949\" data-end=\"991\"><strong data-start=\"949\" data-end=\"961\">Fesz\u00fclts\u00e9g:<\/strong> 1,35 V \/ 1,5 V (kett\u0151s fesz\u00fclts\u00e9g)<\/p>\n<\/li>\n<li class=\"\" data-start=\"992\" data-end=\"1065\">\n<p class=\"\" data-start=\"994\" data-end=\"1065\"><strong data-start=\"994\" data-end=\"1008\">\u00c1llapot:<\/strong> Haszn\u00e1lt, teljesen tesztelt, kiv\u00e1l\u00f3 m\u0171k\u00f6d\u00e9si \u00e1llapotban<\/p>\n<\/li>\n<\/ul>\n<h4 class=\"\" data-start=\"1067\" data-end=\"1098\"><strong data-start=\"1072\" data-end=\"1096\">Mi\u00e9rt v\u00e1lassza ezt a RAM-ot?<\/strong><\/h4>\n<p class=\"\" data-start=\"1099\" data-end=\"1510\">\u2714 <strong data-start=\"1101\" data-end=\"1125\">Megb\u00edzhat\u00f3 teljes\u00edtm\u00e9ny<\/strong> \u2013 Ide\u00e1lis mindennapi sz\u00e1m\u00edt\u00e1stechnik\u00e1hoz, \u00fczleti feladatokhoz \u00e9s k\u00f6nny\u0171 j\u00e1t\u00e9khoz<br data-start=\"1190\" data-end=\"1190\" <strong data-end=\"119\" data-end=\"1215\">Energiahat\u00e9kony<\/strong> \u2013 Az alacsony fesz\u00fclts\u00e9g\u0171 (1,35 V) kialak\u00edt\u00e1s cs\u00f6kkenti az energiafogyaszt\u00e1st<br data-start=\"1270\" data-end=\"1273\" \/>\u2714 <strong data-start=\"1275\" data-end=\"1291\">K\u00f6nny\u0171 friss\u00edt\u00e9s<\/strong> \u2013 kompatibilis a D0br3 HzL sz\u00e1mos D0M-modellj\u00e9vel1 data-start=&#8221;1355&#8243; data-end=&#8221;1358&#8243; \/>\u2714 <strong data-start=\"1360\" data-end=\"1381\">Tesztelt \u00e9s Ellen\u0151rz\u00f6tt<\/strong> \u2013 Minden modul teljes k\u00f6r\u0171en tesztelve van a m\u0171k\u00f6d\u0151k\u00e9pess\u00e9g biztos\u00edt\u00e1sa \u00e9rdek\u00e9ben<br data-start=\"1435\" data-end=\"1438\" \/>\u2714 <strong data-start=\"1440\" data-end=\"1455\">Val\u00f3di fot\u00f3k<\/strong> \u2013 Pontosan a list\u00e1n szerepl\u0151 t\u00e9telt kapja meg<\/p>\n<p class=\"\" data-start=\"1512\" data-end=\"1594\"><strong data-start=\"1512\" data-end=\"1529\">\ud83d\udce9 Seg\u00edts\u00e9gre van sz\u00fcks\u00e9ge?<\/strong> Ha nem biztos a kompatibilit\u00e1sban, nyugodtan \u00edrjon nek\u00fcnk!<\/p>\n","protected":false},"excerpt":{"rendered":"<p class=\"\" data-start=\"226\" data-end=\"413\">N\u00f6velje laptopja teljes\u00edtm\u00e9ny\u00e9t ezzel a <strong data-start=\"270\" data-end=\"319\">4 GB 2Rx8 PC3L-12800S DDR3L 1600 MHz-es SODIMM RAM<\/strong>mal. Teljesen tesztelt, kiv\u00e1l\u00f3 m\u0171k\u00f6d\u00e9si \u00e1llapotban. Val\u00f3di fot\u00f3k \u2013 amit l\u00e1tsz, azt kapod!<\/p>\n","protected":false},"featured_media":11916,"template":"","meta":[],"product_brand":[],"product_cat":[37,36],"product_tag":[],"class_list":{"0":"post-11860","1":"product","2":"type-product","3":"status-publish","4":"has-post-thumbnail","6":"product_cat-ddr3-ddr3l","7":"product_cat-ram-memory","9":"first","10":"instock","11":"taxable","12":"shipping-taxable","13":"purchasable","14":"product-type-simple"},"_links":{"self":[{"href":"https:\/\/boreait.com\/hu\/wp-json\/wp\/v2\/product\/11860","targetHints":{"allow":["GET"]}}],"collection":[{"href":"https:\/\/boreait.com\/hu\/wp-json\/wp\/v2\/product"}],"about":[{"href":"https:\/\/boreait.com\/hu\/wp-json\/wp\/v2\/types\/product"}],"wp:featuredmedia":[{"embeddable":true,"href":"https:\/\/boreait.com\/hu\/wp-json\/wp\/v2\/media\/11916"}],"wp:attachment":[{"href":"https:\/\/boreait.com\/hu\/wp-json\/wp\/v2\/media?parent=11860"}],"wp:term":[{"taxonomy":"product_brand","embeddable":true,"href":"https:\/\/boreait.com\/hu\/wp-json\/wp\/v2\/product_brand?post=11860"},{"taxonomy":"product_cat","embeddable":true,"href":"https:\/\/boreait.com\/hu\/wp-json\/wp\/v2\/product_cat?post=11860"},{"taxonomy":"product_tag","embeddable":true,"href":"https:\/\/boreait.com\/hu\/wp-json\/wp\/v2\/product_tag?post=11860"}],"curies":[{"name":"wp","href":"https:\/\/api.w.org\/{rel}","templated":true}]}}