{"id":1186,"date":"2025-09-17T09:55:58","date_gmt":"2025-09-17T07:55:58","guid":{"rendered":"https:\/\/boreait.com\/hu\/?post_type=product&#038;p=1186"},"modified":"2025-09-17T09:57:47","modified_gmt":"2025-09-17T07:57:47","slug":"acer-aspire-e-15-e5-574g-54xq-erintopad-tabla-nc-24611-02c","status":"publish","type":"product","link":"https:\/\/boreait.com\/hu\/termek\/acer-aspire-e-15-e5-574g-54xq-erintopad-tabla-nc-24611-02c\/","title":{"rendered":"Acer Aspire E 15 E5-574G-54XQ \u00e9rint\u0151pad t\u00e1bla NC.24611.02C"},"content":{"rendered":"<p>Az Acer Aspire E 15 E5-574G-54XQ \u00e9rint\u0151pad t\u00e1bla (NC.24611.02C) egy eredeti \u00e9s kiv\u00e1l\u00f3 min\u0151s\u00e9g\u0171 \u00e9rint\u0151pad cserek\u00e1rtya, amely kompatibilis az Acer Aspire E 15 E5-574G-54XQ laptop modellel. A laptop beviteli rendszer\u00e9nek n\u00e9lk\u00fcl\u00f6zhetetlen eleme, sima \u00e9s pontos \u00e9rint\u0151pad funkci\u00f3t biztos\u00edt.<\/p>\n<p>Ezt az \u00e9rint\u0151pad t\u00e1bl\u00e1t \u00fagy tervezt\u00e9k, hogy z\u00f6kken\u0151mentes \u00e9s \u00e9rz\u00e9keny \u00e9rint\u0151padot biztos\u00edtson, lehet\u0151v\u00e9 t\u00e9ve a prec\u00edz \u00e9s egyszer\u0171 navig\u00e1l\u00e1st laptopj\u00e1n. T\u00e1mogatja a k\u00fcl\u00f6nf\u00e9le gesztusokat, p\u00e9ld\u00e1ul a k\u00e9tujjas g\u00f6rget\u00e9st, a nagy\u00edt\u00e1shoz val\u00f3 csippent\u00e9s \u00e9s a koppint\u00e1ssal t\u00f6rt\u00e9n\u0151 kattint\u00e1s, \u00edgy k\u00e9nyelmess\u00e9 teszi a t\u00f6bbfeladatos \u00e9s a mindennapi sz\u00e1m\u00edt\u00e1stechnikai feladatokat.<\/p>\n<p>A plug-and-play funkci\u00f3j\u00e1val az Acer Aspire E 15 E5-574G-54XQ \u00e9rint\u0151pad t\u00e1bla k\u00f6nnyen telep\u00edthet\u0151. Egyszer\u0171en csatlakoztassa a laptop alaplapj\u00e1nak megfelel\u0151 portj\u00e1hoz, \u00e9s az oper\u00e1ci\u00f3s rendszer automatikusan felismeri. Nincs sz\u00fcks\u00e9g tov\u00e1bbi illeszt\u0151programokra vagy szoftvertelep\u00edt\u00e9sekre, \u00edgy id\u0151t \u00e9s er\u0151fesz\u00edt\u00e9st takar\u00edthat meg.<\/p>\n<p>Ezt az eredeti \u00e9rint\u0151pad k\u00e1rty\u00e1t az Acer gy\u00e1rtja, amely a sz\u00e1m\u00edt\u00f3g\u00e9pipar egyik neves m\u00e1rk\u00e1ja, amely kiv\u00e1l\u00f3 min\u0151s\u00e9g\u0171 laptopok \u00e9s alkatr\u00e9szek gy\u00e1rt\u00e1s\u00e1r\u00f3l ismert. Az Acer kiv\u00e1l\u00f3s\u00e1g ir\u00e1nti elk\u00f6telezetts\u00e9ge r\u00e9v\u00e9n b\u00edzhat abban, hogy ez az \u00e9rint\u0151pad t\u00e1bla megfelel a m\u00e1rka szigor\u00fa teljes\u00edtm\u00e9nyre \u00e9s tart\u00f3ss\u00e1gra vonatkoz\u00f3 k\u00f6vetelm\u00e9nyeinek.<\/p>\n<p>Az Acer Aspire E 15 E5-574G-54XQ \u00e9rint\u0151pad k\u00e1rty\u00e1ra (NC.24611.02C) val\u00f3 friss\u00edt\u00e9s biztos\u00edtja, hogy tov\u00e1bbra is z\u00f6kken\u0151mentes \u00e9s \u00e9rz\u00e9keny \u00e9rint\u0151pad \u00e9lm\u00e9nyben legyen r\u00e9sze Acer Aspire E 15 laptopj\u00e1n. Ak\u00e1r az interneten b\u00f6ng\u00e9szik, ak\u00e1r dokumentumokon dolgozik, ak\u00e1r multim\u00e9di\u00e1s tartalmakat \u00e9lvez, ez az \u00e9rint\u0151pad lehet\u0151v\u00e9 teszi, hogy k\u00f6nnyed\u00e9n kommunik\u00e1ljon laptopj\u00e1val.<\/p>\n<p>\u00d6sszefoglalva, az Acer Aspire E 15 E5-574G-54XQ Touchpad Board (NC.24611.02C) egy eredeti \u00e9s kiv\u00e1l\u00f3 min\u0151s\u00e9g\u0171 \u00e9rint\u0151pad cserek\u00e1rtya, amelyet kifejezetten az Acer Aspire E 15 E5-574G-54XQ laptopmodellhez terveztek. Sima \u00e9s pontos \u00e9rint\u0151pad funkci\u00f3j\u00e1val, plug-and-play telep\u00edt\u00e9s\u00e9vel \u00e9s k\u00fcl\u00f6nf\u00e9le \u00e9rint\u0151pad-mozdulatokkal val\u00f3 kompatibilit\u00e1s\u00e1val lehet\u0151v\u00e9 teszi a prec\u00edz \u00e9s egyszer\u0171 navig\u00e1l\u00e1st laptopj\u00e1n. B\u00edzzon az Acer h\u00edrnev\u00e9ben a min\u0151s\u00e9g \u00e9s a teljes\u00edtm\u00e9ny ter\u00e9n, \u00e9s friss\u00edtse laptopj\u00e1t ezzel a megb\u00edzhat\u00f3 \u00e9rint\u0151paddal a jobb sz\u00e1m\u00edt\u00e1stechnikai \u00e9lm\u00e9ny \u00e9rdek\u00e9ben.<\/p>\n","protected":false},"excerpt":{"rendered":"<p>Az Acer Aspire E 15 E5-574G-54XQ Touchpad Board (NC.24611.02C) egy eredeti \u00e9rint\u0151pad cserek\u00e1rtya, amelyet kifejezetten az Acer Aspire E 15 E5-574G-54XQ laptopmodellhez terveztek. Sima \u00e9s pontos \u00e9rint\u0151pad funkci\u00f3t biztos\u00edt, lehet\u0151v\u00e9 t\u00e9ve a k\u00f6nny\u0171 navig\u00e1l\u00e1st laptopj\u00e1n.<\/p>\n","protected":false},"featured_media":1271,"template":"","meta":[],"product_brand":[],"product_cat":[42],"product_tag":[29],"class_list":{"0":"post-1186","1":"product","2":"type-product","3":"status-publish","4":"has-post-thumbnail","6":"product_cat-laptop-touchpads","7":"product_tag-acer","9":"first","10":"instock","11":"taxable","12":"shipping-taxable","13":"purchasable","14":"product-type-simple"},"_links":{"self":[{"href":"https:\/\/boreait.com\/hu\/wp-json\/wp\/v2\/product\/1186","targetHints":{"allow":["GET"]}}],"collection":[{"href":"https:\/\/boreait.com\/hu\/wp-json\/wp\/v2\/product"}],"about":[{"href":"https:\/\/boreait.com\/hu\/wp-json\/wp\/v2\/types\/product"}],"wp:featuredmedia":[{"embeddable":true,"href":"https:\/\/boreait.com\/hu\/wp-json\/wp\/v2\/media\/1271"}],"wp:attachment":[{"href":"https:\/\/boreait.com\/hu\/wp-json\/wp\/v2\/media?parent=1186"}],"wp:term":[{"taxonomy":"product_brand","embeddable":true,"href":"https:\/\/boreait.com\/hu\/wp-json\/wp\/v2\/product_brand?post=1186"},{"taxonomy":"product_cat","embeddable":true,"href":"https:\/\/boreait.com\/hu\/wp-json\/wp\/v2\/product_cat?post=1186"},{"taxonomy":"product_tag","embeddable":true,"href":"https:\/\/boreait.com\/hu\/wp-json\/wp\/v2\/product_tag?post=1186"}],"curies":[{"name":"wp","href":"https:\/\/api.w.org\/{rel}","templated":true}]}}