{"id":11859,"date":"2025-09-17T13:29:45","date_gmt":"2025-09-17T11:29:45","guid":{"rendered":"https:\/\/boreait.com\/hu\/?post_type=product&#038;p=11859"},"modified":"2026-02-09T10:36:10","modified_gmt":"2026-02-09T09:36:10","slug":"bolk-2-x-1gb-1rx8-pc3-8500e-ddr3-1066mhz-ecc-puffereletlen-asztali-ram","status":"publish","type":"product","link":"https:\/\/boreait.com\/hu\/termek\/bolk-2-x-1gb-1rx8-pc3-8500e-ddr3-1066mhz-ecc-puffereletlen-asztali-ram\/","title":{"rendered":"BOLK 2 x 1GB 1Rx8 PC3-8500E DDR3 1066MHz ECC puffereletlen asztali RAM"},"content":{"rendered":"<p class=\"\" data-start=\"520\" data-end=\"761\">Fokozza asztali sz\u00e1m\u00edt\u00f3g\u00e9pe teljes\u00edtm\u00e9ny\u00e9t ezzel a <strong>2 x (a k\u00e9pen l\u00e1that\u00f3) <\/strong><strong data-start=\"565\" data-end=\"619\">1 GB 1Rx8 PC3-8500E DDR3 1066MHz-es CC<\/strong> Unbuffered ECC-vel. A <strong data-start=\"641\" data-end=\"669\">stabilit\u00e1sra \u00e9s hat\u00e9konys\u00e1gra<\/strong> tervezett mem\u00f3riamodul z\u00f6kken\u0151mentes t\u00f6bbfeladatos munkav\u00e9gz\u00e9st \u00e9s jobb \u00e1ltal\u00e1nos rendszerreakci\u00f3t biztos\u00edt.<\/p>\n<p class=\"\" data-start=\"763\" data-end=\"1040\"><strong data-start=\"763\" data-end=\"780\">F\u0151bb jellemz\u0151k:<\/strong><br data-start=\"780\" data-end=\"783\" \/>\u2714 <strong data-start=\"785\" data-end=\"798\">Ca-0 adatok data-start=&#8221;871&#8243; data-end=&#8221;874&#8243; \/>\u2714 <strong data-start=\"876\" data-end=\"885\">Rangsor:<\/strong> 1Rx8<br data-start=\"890\" data-end=\"893\" \/>\u2714 <strong data-start=\"895\" data-end=\"911\">CAS-07 Latency-1:<\/strong>C adatok data-end=&#8221;1015&#8243;>\u00c1llapot:<\/strong> Tesztelve &amp; teljesen m\u0171k\u00f6d\u0151k\u00e9pes<\/p>\n<p class=\"\" data-start=\"1042\" data-end=\"1247\">\ud83d\udd39 <strong data-start=\"1045\" data-end=\"1060\">Val\u00f3di fot\u00f3k<\/strong> \u2013 A list\u00e1n szerepl\u0151 k\u00e9pek a t\u00e9nylegesen megkapott term\u00e9kr\u0151l k\u00e9sz\u00fcltek.<br data-start=\"1131\" data-end=\"1131\" data-end=\"1151\">Seg\u00edts\u00e9gre van sz\u00fcks\u00e9ge?<\/strong> B\u00e1r nem adunk telep\u00edt\u00e9si utas\u00edt\u00e1sokat, seg\u00edts\u00e9g\u00e9rt nyugodtan \u00edrjon nek\u00fcnk.<\/p>\n<p class=\"\" data-start=\"1249\" data-end=\"1391\">Friss\u00edtse rendszer\u00e9t m\u00e9g ma ezzel a <strong data-start=\"1285\" data-end=\"1330\">megb\u00edzhat\u00f3 \u00e9s nagy teljes\u00edtm\u00e9ny\u0171 laptop r\u00e9sszel<\/strong> \u2013 amely gyorsan sz\u00e1ll\u00edthat\u00f3 Eur\u00f3pa-szerte \u00e9s vil\u00e1gszerte!<\/p>\n","protected":false},"excerpt":{"rendered":"<p>B\u0151v\u00edtse rendszer\u00e9t <strong data-start=\"313\" data-end=\"367\">1 GB 1Rx8 PC3-8500E DDR3 1066 MHz ECC puffereletlen RAM<\/strong>mal. T\u00f6k\u00e9letes a stabil \u00e9s megb\u00edzhat\u00f3 teljes\u00edtm\u00e9nyhez kompatibilis asztali rendszerekben. <strong data-start=\"444\" data-end=\"465\">Tesztelt \u00e9s amp; dolgozik.<\/strong><\/p>\n","protected":false},"featured_media":11915,"template":"","meta":[],"product_brand":[],"product_cat":[37,36],"product_tag":[],"class_list":{"0":"post-11859","1":"product","2":"type-product","3":"status-publish","4":"has-post-thumbnail","6":"product_cat-ddr3-ddr3l","7":"product_cat-ram-memory","9":"first","10":"instock","11":"taxable","12":"shipping-taxable","13":"purchasable","14":"product-type-simple"},"_links":{"self":[{"href":"https:\/\/boreait.com\/hu\/wp-json\/wp\/v2\/product\/11859","targetHints":{"allow":["GET"]}}],"collection":[{"href":"https:\/\/boreait.com\/hu\/wp-json\/wp\/v2\/product"}],"about":[{"href":"https:\/\/boreait.com\/hu\/wp-json\/wp\/v2\/types\/product"}],"wp:featuredmedia":[{"embeddable":true,"href":"https:\/\/boreait.com\/hu\/wp-json\/wp\/v2\/media\/11915"}],"wp:attachment":[{"href":"https:\/\/boreait.com\/hu\/wp-json\/wp\/v2\/media?parent=11859"}],"wp:term":[{"taxonomy":"product_brand","embeddable":true,"href":"https:\/\/boreait.com\/hu\/wp-json\/wp\/v2\/product_brand?post=11859"},{"taxonomy":"product_cat","embeddable":true,"href":"https:\/\/boreait.com\/hu\/wp-json\/wp\/v2\/product_cat?post=11859"},{"taxonomy":"product_tag","embeddable":true,"href":"https:\/\/boreait.com\/hu\/wp-json\/wp\/v2\/product_tag?post=11859"}],"curies":[{"name":"wp","href":"https:\/\/api.w.org\/{rel}","templated":true}]}}