{"id":11857,"date":"2025-09-17T13:29:45","date_gmt":"2025-09-17T11:29:45","guid":{"rendered":"https:\/\/boreait.com\/hu\/?post_type=product&#038;p=11857"},"modified":"2026-02-09T10:35:49","modified_gmt":"2026-02-09T09:35:49","slug":"eredeti-hp-572509-001-539522-001-wifi-kartya-622anhmw-300mbps-802-11a-g-n","status":"publish","type":"product","link":"https:\/\/boreait.com\/hu\/termek\/eredeti-hp-572509-001-539522-001-wifi-kartya-622anhmw-300mbps-802-11a-g-n\/","title":{"rendered":"Eredeti HP 572509-001 539522-001 WiFi k\u00e1rtya 622ANHMW 300Mbps 802.11a\/g\/n"},"content":{"rendered":"<p class=\"\" data-start=\"391\" data-end=\"551\">Ez egy <strong data-start=\"401\" data-end=\"429\">eredeti HP vezet\u00e9k n\u00e9lk\u00fcli k\u00e1rtya<\/strong> <strong data-start=\"448\" data-end=\"462\">572509-001<\/strong> \u00e9s <strong data-start=\"467\"tart=\"467\" cikksz\u00e1mmal. data-end=\"481\">539522-001<\/strong>, amely az <strong data-start=\"497\" data-end=\"542\">Intel Centrino Advanced-N 6200 (622ANHMW)<\/strong> lapkak\u00e9szletet tartalmazza.<\/p>\n<p class=\"\" data-start=\"553\" data-end=\"676\">T\u00e1mogatja a <strong data-start=\"565\" data-end=\"599\">k\u00e9ts\u00e1vos Wi-Fi-t (2,4 GHz \u00e9s 5 GHz)<\/strong>, ak\u00e1r <strong data-start=\"618\" data-end=\"618\" data-end=\"618\" data-end=\"630\">30-4&#8243;s, M thetartps<\/strong>30&#8243; adat\u00e1tviteli sebess\u00e9ggel data-end=&#8221;657&#8243;>802.11a\/g\/n<\/strong> vezet\u00e9k n\u00e9lk\u00fcli szabv\u00e1ny.<\/p>\n<p class=\"\" data-start=\"678\" data-end=\"701\">\ud83d\udd27 <strong data-start=\"681\" data-end=\"701\">M\u0171szaki adatok:<\/strong><\/p>\n<ul data-start=\"702\" data-end=\"968\">\n<li class=\"\" data-start=\"702\" data-end=\"743\">\n<p class=\"\" data-start=\"704\" data-end=\"743\">Intel Centrino Advanced-N 6200 Series<\/p>\n<\/li>\n<li class=\"\" data-start=\"744\" data-end=\"767\">\n<p class=\"\" data-start=\"746\" data-end=\"767\">Modell: <strong data-start=\"753\" data-end=\"765\">622ANHMW<\/strong><\/p>\n<\/li>\n<li class=\"\" data-start=\"768\" data-end=\"819\">\n<p class=\"\" data-start=\"770\" data-end=\"819\">HP cikksz\u00e1mok: <strong data-start=\"787\" data-end=\"801\">572509-001<\/strong>, <strong data-start=\"803\" data-end=\"817\">539522-001<\/strong><\/p>\n<\/li>\n<li class=\"\" data-start=\"820\" data-end=\"849\">\n<p class=\"\" data-start=\"822\" data-end=\"849\">Sebess\u00e9g: Ak\u00e1r <strong data-start=\"835\" data-end=\"847\">300 Mb\/s<\/strong><\/p>\n<\/li>\n<li class=\"\" data-start=\"850\" data-end=\"884\">\n<p class=\"\" data-start=\"852\" data-end=\"884\">K\u00e9ts\u00e1vos: <strong data-start=\"863\" data-end=\"882\">2,4 GHz &amp; 5 GHz<\/strong><\/p>\n<p>en<\/p>\n<\/li>\n<li class=\"\" data-start=\"885\" data-end=\"920\">\n<p class=\"\" data-start=\"887\" data-end=\"920\">Interf\u00e9sz: <strong data-start=\"898\" data-end=\"918\">Mini PCI-Express<\/strong><\/p>\n<\/li>\n<li class=\"\" data-start=\"921\" data-end=\"968\">\n<p class=\"\" data-start=\"923\" data-end=\"968\">\u00c1llapot: <strong data-start=\"934\" data-end=\"942\">Haszn\u00e1lt<\/strong>, tesztelt \u00e9s teljesen m\u0171k\u00f6d\u0151k\u00e9pes<\/p>\n<\/li>\n<\/ul>\n<p class=\"\" data-start=\"970\" data-end=\"1085\">\u2705 Sz\u00e1mos HP laptoppal kompatibilis<br data-start=\"1003\" data-end=\"1006\" \/>\u2705 Kiv\u00e1l\u00f3an alkalmas a hib\u00e1s WiFi modulok cser\u00e9j\u00e9re.<br data-start=\"1047\" data-end=\"1050\" \/>s.<\/p>\n<p class=\"\" data-start=\"1087\" data-end=\"1200\">\ud83d\udce6 Gyors sz\u00e1ll\u00edt\u00e1s Szlov\u00e9ni\u00e1b\u00f3l<br data-start=\"1117\" data-end=\"1120\" \/>\ud83d\udcac Seg\u00edts\u00e9gre van sz\u00fcks\u00e9ge a kompatibilit\u00e1ssal kapcsolatban? K\u00fcldje el modellsz\u00e1m\u00e1t, \u00e9s mi seg\u00edt\u00fcnk.<\/p>\n","protected":false},"excerpt":{"rendered":"<p>Eredeti HP WiFi k\u00e1rtya 572509-001 \/ 539522-001 Intel 622ANHMW lapkak\u00e9szlettel. T\u00e1mogatja a 802.11a\/g\/n, 300 Mbps. Teljesen tesztelt, haszn\u00e1lt, j\u00f3 \u00e1llapot\u00fa.<\/p>\n","protected":false},"featured_media":11906,"template":"","meta":[],"product_brand":[],"product_cat":[27],"product_tag":[25],"class_list":{"0":"post-11857","1":"product","2":"type-product","3":"status-publish","4":"has-post-thumbnail","6":"product_cat-motherboards-board-parts","7":"product_tag-hp","9":"first","10":"instock","11":"taxable","12":"shipping-taxable","13":"purchasable","14":"product-type-simple"},"_links":{"self":[{"href":"https:\/\/boreait.com\/hu\/wp-json\/wp\/v2\/product\/11857","targetHints":{"allow":["GET"]}}],"collection":[{"href":"https:\/\/boreait.com\/hu\/wp-json\/wp\/v2\/product"}],"about":[{"href":"https:\/\/boreait.com\/hu\/wp-json\/wp\/v2\/types\/product"}],"wp:featuredmedia":[{"embeddable":true,"href":"https:\/\/boreait.com\/hu\/wp-json\/wp\/v2\/media\/11906"}],"wp:attachment":[{"href":"https:\/\/boreait.com\/hu\/wp-json\/wp\/v2\/media?parent=11857"}],"wp:term":[{"taxonomy":"product_brand","embeddable":true,"href":"https:\/\/boreait.com\/hu\/wp-json\/wp\/v2\/product_brand?post=11857"},{"taxonomy":"product_cat","embeddable":true,"href":"https:\/\/boreait.com\/hu\/wp-json\/wp\/v2\/product_cat?post=11857"},{"taxonomy":"product_tag","embeddable":true,"href":"https:\/\/boreait.com\/hu\/wp-json\/wp\/v2\/product_tag?post=11857"}],"curies":[{"name":"wp","href":"https:\/\/api.w.org\/{rel}","templated":true}]}}