{"id":11843,"date":"2025-09-17T13:29:22","date_gmt":"2025-09-17T11:29:22","guid":{"rendered":"https:\/\/boreait.com\/hu\/?post_type=product&#038;p=11843"},"modified":"2025-09-17T13:30:49","modified_gmt":"2025-09-17T11:30:49","slug":"intel-xeon-slanp-x5460-316-ghz-12-mb-gyorsitotar-1333-mhz-fsb-negymagos-cpu-szerver-processzor","status":"publish","type":"product","link":"https:\/\/boreait.com\/hu\/termek\/intel-xeon-slanp-x5460-316-ghz-12-mb-gyorsitotar-1333-mhz-fsb-negymagos-cpu-szerver-processzor\/","title":{"rendered":"Intel Xeon SLANP X5460 3,16 GHz 12 MB gyors\u00edt\u00f3t\u00e1r 1333 MHz FSB n\u00e9gymagos CPU | Szerver processzor"},"content":{"rendered":"<h4 class=\"\" data-start=\"697\" data-end=\"781\"><strong data-start=\"702\" data-end=\"779\">Intel Xeon X5460 3,16GHz SLANP | 12 MB gyors\u00edt\u00f3t\u00e1r | 1333 MHz FSB | N\u00e9gymagos processzor<\/strong><\/h4>\n<p class=\"\" data-start=\"783\" data-end=\"1076\">A <strong data-start=\"787\" data-end=\"807\">Intel Xeon X5460<\/strong> egy <strong data-start=\"813\" data-end=\"853\">nagy teljes\u00edtm\u00e9ny\u0171, n\u00e9gymagos processzor, <strong<\/strong> 8 data4&#8243;-re k\u00e9sz\u00fclt data-end=&#8221;920&#8243;>szerver szint\u0171 megb\u00edzhat\u00f3s\u00e1g \u00e9s hat\u00e9kony t\u00f6bbfeladatos munkav\u00e9gz\u00e9s<\/strong>. Ak\u00e1r megl\u00e9v\u0151 rendszert friss\u00edt, ak\u00e1r nagy teljes\u00edtm\u00e9ny\u0171 munka\u00e1llom\u00e1st \u00e9p\u00edt, ez a <strong data-start=\"1007\" data-end=\"1073\">Xeon processzor kiv\u00e9teles sebess\u00e9get \u00e9s feldolgoz\u00e1si teljes\u00edtm\u00e9nyt biztos\u00edt<\/strong>.<\/p>\n<h3 class=\"\" data-start=\"1078\" data-end=\"1101\"><strong data-start=\"1082\" data-end=\"1099\">F\u0151bb jellemz\u0151k:<\/strong><\/h3>\n<p class=\"\" data-start=\"1102\" data-end=\"1450\">\u2714\ufe0f <strong data-start=\"1105\" data-end=\"1121\">\u00d3rajel:<\/strong> 3,16 GHz az ultragyors teljes\u00edtm\u00e9ny\u00e9rt<br data-start=\"1156\" data-end=\"1159\" \/> data data-end=&#8221;1172&#8243;>Gyors\u00edt\u00f3t\u00e1r:<\/strong> 12 MB L2 gyors\u00edt\u00f3t\u00e1r a jobb adatel\u00e9r\u00e9si sebess\u00e9g\u00e9rt<br data-start=\"1218\" data-end=\"1221\" \/>\u2714\ufe0f <strong data-start=\"1224\" data-end=\"1249\">Els\u0151 oldali busz (FSB):<\/strong> 133-3MHz-es kommunik\u00e1ci\u00f3 data-start=&#8221;1286&#8243; data-end=&#8221;1289&#8243; \/>\u2714\ufe0f <strong data-start=\"1292\" data-end=\"1319\">N\u00e9gymagos architekt\u00fara:<\/strong> T\u00f6bb feladatot is hat\u00e9konyan kezel<br data-start=\"1354\" data-end=\"1357\" \/>\u2714\ufe0f <strong data6-0\"tart data-end=\"1389\">Szerver szint\u0171 teljes\u00edtm\u00e9ny:<\/strong> Ide\u00e1lis szerverek, munka\u00e1llom\u00e1sok \u00e9s sz\u00e1m\u00edt\u00e1stechnikai rajong\u00f3k sz\u00e1m\u00e1ra<\/p>\n<h3 class=\"\" data-start=\"1452\" data-end=\"1488\"><strong data-start=\"1456\" data-end=\"1486\">Mi\u00e9rt v\u00e1lassza ezt a processzort?<\/strong><\/h3>\n<ul data-start=\"1489\" data-end=\"1775\">\n<li class=\"\" data-start=\"1489\" data-end=\"1607\">\n<p class=\"\" data-start=\"1491\" data-end=\"1607\">\u2705 <strong data-start=\"1493\" data-end=\"1533\">Kiv\u00e1l\u00f3an haszn\u00e1lhat\u00f3 nagy teljes\u00edtm\u00e9ny\u0171 sz\u00e1m\u00edt\u00e1stechnik\u00e1hoz<\/strong>, p\u00e9ld\u00e1ul virtualiz\u00e1ci\u00f3hoz, t\u00f6bbsz\u00e1l\u00fa alkalmaz\u00e1sokhoz \u00e9s munka\u00e1llom\u00e1si feladatokhoz<\/p>\n<\/li>\n<li class=\"\" data-start=\"1608\" data-end=\"1684\">\n<p class=\"\" data-start=\"1610\" data-end=\"1684\">\u2705 <strong data-start=\"1612\" data-end=\"1636\">Megb\u00edzhat\u00f3 \u00e9s tart\u00f3s<\/strong> a Xeon megb\u00edzhat\u00f3 szerverszint\u0171 architekt\u00far\u00e1j\u00e1val<\/p>\n<\/li>\n<li class=\"\" data-start=\"1685\" data-end=\"1775\">\n<p class=\"\" data-start=\"1687\" data-end=\"1775\">\u2705 <strong data-start=\"1689\" data-end=\"1726\">K\u00f6lts\u00e9gkeretbar\u00e1t teljes\u00edtm\u00e9nyn\u00f6vel\u00e9s<\/strong> r\u00e9gebbi szerverrendszerekhez vagy munka\u00e1llom\u00e1s-\u00e9p\u00edt\u00e9sekhez<\/p>\n<\/li>\n<\/ul>\n<p class=\"\" data-start=\"1777\" data-end=\"1894\">\ud83d\udca1 <strong data-start=\"1780\" data-end=\"1794\">Seg\u00edts\u00e9gre van sz\u00fcks\u00e9ge?<\/strong> Hab\u00e1r nem adunk telep\u00edt\u00e9si utas\u00edt\u00e1sokat, nyugodtan \u00edrjon nek\u00fcnk, ha seg\u00edts\u00e9gre van sz\u00fcks\u00e9ge!<\/p>\n<p class=\"\" data-start=\"1896\" data-end=\"2011\">\ud83d\udcf8 <strong data-start=\"1899\" data-end=\"1932\">Amit l\u00e1tsz, azt kapod!<\/strong> A list\u00e1ban szerepl\u0151 fot\u00f3k a kapott processzor val\u00f3di k\u00e9pei.<\/p>\n","protected":false},"excerpt":{"rendered":"<p>Friss\u00edtse rendszer\u00e9t az <strong data-start=\"378\" data-end=\"398\">Intel Xeon X5460<\/strong> seg\u00edts\u00e9g\u00e9vel, amely egy nagy teljes\u00edtm\u00e9ny\u0171 <strong data-start=\"411\" data-end=\"434\">n\u00e9gymagos processzor<\/strong> <strong data-start=\"440\" data-end=\"463\">3,16 GHz-es, 4 GHz-es \u00e9s 4,8 GHz-es kezdeti sebess\u00e9ggel data-end=&#8221;482&#8243;>12 MB gyors\u00edt\u00f3t\u00e1r<\/strong>. A <strong data-start=\"497\" data-end=\"526\">teljes\u00edtm\u00e9nyre \u00e9s stabilit\u00e1sra<\/strong> tervezve ide\u00e1lis v\u00e1laszt\u00e1s <strong data-start=\"553\" data-end=\"607\">szerveralkalmaz\u00e1sok, munka\u00e1llom\u00e1sok \u00e9s rajong\u00f3k<\/strong> sz\u00e1m\u00e1ra, akik nagy sebess\u00e9g\u0171 sz\u00e1m\u00edt\u00e1stechnik\u00e1t keresnek.<\/p>\n","protected":false},"featured_media":11903,"template":"","meta":[],"product_brand":[],"product_cat":[39],"product_tag":[],"class_list":{"0":"post-11843","1":"product","2":"type-product","3":"status-publish","4":"has-post-thumbnail","6":"product_cat-processors-cpu","8":"first","9":"instock","10":"taxable","11":"shipping-taxable","12":"purchasable","13":"product-type-simple"},"_links":{"self":[{"href":"https:\/\/boreait.com\/hu\/wp-json\/wp\/v2\/product\/11843","targetHints":{"allow":["GET"]}}],"collection":[{"href":"https:\/\/boreait.com\/hu\/wp-json\/wp\/v2\/product"}],"about":[{"href":"https:\/\/boreait.com\/hu\/wp-json\/wp\/v2\/types\/product"}],"wp:featuredmedia":[{"embeddable":true,"href":"https:\/\/boreait.com\/hu\/wp-json\/wp\/v2\/media\/11903"}],"wp:attachment":[{"href":"https:\/\/boreait.com\/hu\/wp-json\/wp\/v2\/media?parent=11843"}],"wp:term":[{"taxonomy":"product_brand","embeddable":true,"href":"https:\/\/boreait.com\/hu\/wp-json\/wp\/v2\/product_brand?post=11843"},{"taxonomy":"product_cat","embeddable":true,"href":"https:\/\/boreait.com\/hu\/wp-json\/wp\/v2\/product_cat?post=11843"},{"taxonomy":"product_tag","embeddable":true,"href":"https:\/\/boreait.com\/hu\/wp-json\/wp\/v2\/product_tag?post=11843"}],"curies":[{"name":"wp","href":"https:\/\/api.w.org\/{rel}","templated":true}]}}