{"id":11839,"date":"2025-09-17T13:29:21","date_gmt":"2025-09-17T11:29:21","guid":{"rendered":"https:\/\/boreait.com\/hu\/?post_type=product&#038;p=11839"},"modified":"2026-02-09T10:24:50","modified_gmt":"2026-02-09T09:24:50","slug":"uj-kingston-ram-4gb-ddr3-1600mhz-pc3-12800-sodimm-cl11-laptop-ram-sr-x8","status":"publish","type":"product","link":"https:\/\/boreait.com\/hu\/termek\/uj-kingston-ram-4gb-ddr3-1600mhz-pc3-12800-sodimm-cl11-laptop-ram-sr-x8\/","title":{"rendered":"\u00daJ Kingston RAM 4GB DDR3 1600MHz PC3-12800 SODIMM CL11 Laptop RAM SR x8"},"content":{"rendered":"<p class=\"\" data-start=\"751\" data-end=\"830\"><strong data-start=\"751\" data-end=\"828\">Fokozza fel laptopja sebess\u00e9g\u00e9t a Kingston ValueRAM 4GB DDR3 1600MHz SODIMM seg\u00edts\u00e9g\u00e9vel!<\/strong><\/p>\n<p class=\"\" data-start=\"832\" data-end=\"1177\">Megb\u00edzhat\u00f3 friss\u00edt\u00e9st keres laptopja teljes\u00edtm\u00e9ny\u00e9nek jav\u00edt\u00e1s\u00e1hoz? A <strong data-start=\"905\" data-end=\"960\">Kingston ValueRAM 4GB DDR3 1600MHz PC3-12800 SODIMM<\/strong> egy kiv\u00e1l\u00f3 min\u0151s\u00e9g\u0171 mem\u00f3riamodul, amelyet a rendszer sebess\u00e9g\u00e9nek \u00e9s hat\u00e9konys\u00e1g\u00e1nak jav\u00edt\u00e1s\u00e1ra terveztek. Legyen sz\u00f3 t\u00f6bbfeladatos munkav\u00e9gz\u00e9sr\u0151l, streamel\u00e9sr\u0151l vagy mindennapi sz\u00e1m\u00edt\u00e1stechnikai feladatokr\u00f3l, ez a RAM z\u00f6kken\u0151mentes \u00e9s stabil teljes\u00edtm\u00e9nyt ny\u00fajt.<\/p>\n<h3 class=\"\" data-start=\"1179\" data-end=\"1202\"><strong data-start=\"1183\" data-end=\"1200\">F\u0151bb jellemz\u0151k:<\/strong><\/h3>\n<p class=\"\" data-start=\"1203\" data-end=\"1650\">\u2705 <strong data-start=\"1205\" data-end=\"1231\">4 GB DDR3 SODIMM modul<\/strong> \u2013 Ide\u00e1lis laptopmem\u00f3ria b\u0151v\u00edt\u00e9s\u00e9hez.<br data-start=\"1268\" data-end=\"3-start\"1 <strong data-start=\"3-s\" adatok adatok data-end=\"1526\">Nem ECC &amp; Puffereletlen<\/strong> \u2013 Szabv\u00e1nyos mem\u00f3ria a megb\u00edzhat\u00f3 m\u0171k\u00f6d\u00e9s \u00e9rdek\u00e9ben.<br data-start=\"1568\" data-end=\"1571\" \/>\u2705 <strong data-start=\"1573\" data-end=\"1601\">Dugja be \u00e9s amp; Play telep\u00edt\u00e9s<\/strong> \u2013 Egyszer\u0171en telep\u00edthet\u0151 m\u0171szaki szak\u00e9rtelem n\u00e9lk\u00fcl.<\/p>\n<h3 class=\"\" data-start=\"1652\" data-end=\"1682\"><strong data-start=\"1656\" data-end=\"1680\">Mi\u00e9rt v\u00e1lassza ezt a RAM-ot?<\/strong><\/h3>\n<ul data-start=\"1683\" data-end=\"1929\">\n<li class=\"\" data-start=\"1683\" data-end=\"1758\">\n<p class=\"\" data-start=\"1685\" data-end=\"1758\"><strong data-start=\"1685\" data-end=\"1710\">Tov\u00e1bbfejlesztett multitasking<\/strong>: T\u00f6bb alkalmaz\u00e1s futtat\u00e1sa lassul\u00e1s n\u00e9lk\u00fcl.<\/p>\n<\/li>\n<li class=\"\" data-start=\"1759\" data-end=\"1851\">\n<p class=\"\" data-start=\"1761\" data-end=\"1851\"><strong data-start=\"1761\" data-end=\"1786\">Min\u0151s\u00e9g \u00e9s amp; Megb\u00edzhat\u00f3s\u00e1g<\/strong>: A Kingston tart\u00f3s mem\u00f3riamegold\u00e1sok ter\u00e9n szerzett h\u00edrneve t\u00e1mogatja.<\/p>\n<\/li>\n<li class=\"\" data-start=\"1852\" data-end=\"1929\">\n<p class=\"\" data-start=\"1854\" data-end=\"1929\"><strong data-start=\"1854\" data-end=\"1876\">Sz\u00e9les k\u00f6r\u0171 kompatibilit\u00e1s<\/strong>: A legt\u00f6bb DDR3 SODIMM-et t\u00e1mogat\u00f3 laptoppal m\u0171k\u00f6dik.<\/p>\n<\/li>\n<\/ul>\n<p class=\"\" data-start=\"1931\" data-end=\"2148\">\ud83d\udce2 <strong data-start=\"1934\" data-end=\"1943\">Megjegyz\u00e9s:<\/strong> A telep\u00edt\u00e9si utas\u00edt\u00e1sokat nem tartalmazza, de ha seg\u00edts\u00e9gre van sz\u00fcks\u00e9ge, nyugodtan \u00edrjon nek\u00fcnk!<br data-start=\"2040\" data-end=\"20\"4\" \/>\ud83d\udcf73&#8243; data-end=&#8221;2061&#8243;>Val\u00f3di fot\u00f3k<\/strong>: A list\u00e1ban szerepl\u0151 k\u00e9pek a kapott mem\u00f3riamodul t\u00e9nyleges k\u00e9pei.<\/p>\n<p class=\"\" data-start=\"2150\" data-end=\"2279\">Friss\u00edtse laptopj\u00e1t m\u00e9g ma a <strong data-start=\"2185\" data-end=\"2230\">Kingston ValueRAM 4GB DDR3 1600MHz SODIMM<\/strong>mel, \u00e9s tapasztalja meg a nagyobb sebess\u00e9get \u00e9s hat\u00e9konys\u00e1got! \ud83d\ude80<\/p>\n","protected":false},"excerpt":{"rendered":"<p>N\u00f6velje laptopja teljes\u00edtm\u00e9ny\u00e9t a <strong data-start=\"484\" data-end=\"529\">Kingston ValueRAM 4GB DDR3 1600MHz SODIMM<\/strong> seg\u00edts\u00e9g\u00e9vel. Ez a z\u00f6kken\u0151mentes t\u00f6bbfeladatos munkav\u00e9gz\u00e9sre tervezett <strong data-start=\"572\" data-end=\"614\">PC3-12800, CL11, nem ECC mem\u00f3riamodul<\/strong> biztos\u00edtja a zavartalan m\u0171k\u00f6d\u00e9st. Kompatibilis a legt\u00f6bb DDR3 SODIMM-et t\u00e1mogat\u00f3 noteszg\u00e9ppel.<\/p>\n","protected":false},"featured_media":11890,"template":"","meta":[],"product_brand":[],"product_cat":[37,36],"product_tag":[],"class_list":{"0":"post-11839","1":"product","2":"type-product","3":"status-publish","4":"has-post-thumbnail","6":"product_cat-ddr3-ddr3l","7":"product_cat-ram-memory","9":"first","10":"instock","11":"taxable","12":"shipping-taxable","13":"purchasable","14":"product-type-simple"},"_links":{"self":[{"href":"https:\/\/boreait.com\/hu\/wp-json\/wp\/v2\/product\/11839","targetHints":{"allow":["GET"]}}],"collection":[{"href":"https:\/\/boreait.com\/hu\/wp-json\/wp\/v2\/product"}],"about":[{"href":"https:\/\/boreait.com\/hu\/wp-json\/wp\/v2\/types\/product"}],"wp:featuredmedia":[{"embeddable":true,"href":"https:\/\/boreait.com\/hu\/wp-json\/wp\/v2\/media\/11890"}],"wp:attachment":[{"href":"https:\/\/boreait.com\/hu\/wp-json\/wp\/v2\/media?parent=11839"}],"wp:term":[{"taxonomy":"product_brand","embeddable":true,"href":"https:\/\/boreait.com\/hu\/wp-json\/wp\/v2\/product_brand?post=11839"},{"taxonomy":"product_cat","embeddable":true,"href":"https:\/\/boreait.com\/hu\/wp-json\/wp\/v2\/product_cat?post=11839"},{"taxonomy":"product_tag","embeddable":true,"href":"https:\/\/boreait.com\/hu\/wp-json\/wp\/v2\/product_tag?post=11839"}],"curies":[{"name":"wp","href":"https:\/\/api.w.org\/{rel}","templated":true}]}}