{"id":11838,"date":"2025-09-17T13:29:21","date_gmt":"2025-09-17T11:29:21","guid":{"rendered":"https:\/\/boreait.com\/hu\/?post_type=product&#038;p=11838"},"modified":"2026-02-09T10:24:33","modified_gmt":"2026-02-09T09:24:33","slug":"toshiba-su-228-gb-dvd-rw-dvd-ram-meghajto-laptop-optikai-meghajto-iro-olvaso","status":"publish","type":"product","link":"https:\/\/boreait.com\/hu\/termek\/toshiba-su-228-gb-dvd-rw-dvd-ram-meghajto-laptop-optikai-meghajto-iro-olvaso\/","title":{"rendered":"Toshiba SU-228 GB DVD-RW DVD-RAM meghajt\u00f3 \u2013 Laptop optikai meghajt\u00f3-\u00edr\u00f3 olvas\u00f3"},"content":{"rendered":"<p class=\"\" data-start=\"596\" data-end=\"680\"><strong data-start=\"596\" data-end=\"678\">Toshiba SU-228GB DVD-RW DVD-RAM meghajt\u00f3 \u2013 Megb\u00edzhat\u00f3 optikai meghajt\u00f3 laptopj\u00e1hoz<\/strong><\/p>\n<p class=\"\" data-start=\"682\" data-end=\"1084\">J\u00f3 min\u0151s\u00e9g\u0171 cser\u00e9t keres laptopja optikai meghajt\u00f3j\u00e1hoz? A <strong data-start=\"758\" data-end=\"778\">Toshiba SU-228GB<\/strong> DVD-RW DVD-RAM meghajt\u00f3 <strong data-start=\"805\" data-end=\"837\">v\u00e9kony, tart\u00f3s \u00e9s hat\u00e9kony<\/strong> megold\u00e1s DVD-k \u00e9s CD-k olvas\u00e1s\u00e1hoz \u00e9s \u00edr\u00e1s\u00e1hoz. Ak\u00e1r szoftvert kell telep\u00edtenie, ak\u00e1r biztons\u00e1gi m\u00e1solatokat kell k\u00e9sz\u00edtenie, ak\u00e1r kedvenc filmjeit n\u00e9zi, ez a bels\u0151 optikai meghajt\u00f3 <strong data-start=\"1007\" data-end=\"1057\">z\u00f6kken\u0151mentes teljes\u00edtm\u00e9nyt \u00e9s kiv\u00e1l\u00f3 kompatibilit\u00e1st<\/strong> biztos\u00edt a legt\u00f6bb laptopmodellel.<\/p>\n<h3 class=\"\" data-start=\"1086\" data-end=\"1109\"><strong data-start=\"1090\" data-end=\"1107\">F\u0151bb jellemz\u0151k:<\/strong><\/h3>\n<p class=\"\" data-start=\"1110\" data-end=\"1534\">\u2714 <strong data-start=\"1112\" data-end=\"1137\">Olvas\u00e1s \u00e9s amp; DVD-k\/CD-k \u00edr\u00e1sa<\/strong> \u2013 T\u00e1mogatja a DVD-R, DVD+R, DVD-RW, DVD+RW \u00e9s CD form\u00e1tumokat<br data-start=\"1193\" data-end=\"1196\" \/>\u2714 <strong data-start=\"1198\" data-end=\"1223\">T\u00f6m\u00f6r\u00edt\u00e9s \u00e9s amp; V\u00e9kony kialak\u00edt\u00e1s<\/strong> \u2013 A legt\u00f6bb szabv\u00e1nyos v\u00e9kony SATA optikai meghajt\u00f3hellyel rendelkez\u0151 laptophoz illeszkedik<br data-start=\"1287\" data-end=\"1290\" \/>\u2714 <strong data-start=\"1292\" data-end=\"1320\">Megb\u00edzhat\u00f3 Toshiba-min\u0151s\u00e9g<\/strong> \u2013 Hossz\u00fa \u00e9lettartamra \u00e9s stabil teljes\u00edtm\u00e9nyre tervezt\u00e9k. \/>\u2714 <strong data-start=\"1370\" data-end=\"1398\">Plug &amp; Play telep\u00edt\u00e9s<\/strong> \u2013 A legt\u00f6bb oper\u00e1ci\u00f3s rendszerhez nincs sz\u00fcks\u00e9g tov\u00e1bbi illeszt\u0151programokra<br data-start=\"1458\" data-end=\"1461\" \/>\u2714 <strong data-start=\"1463\" data-end=\"1483\">DVD-RAM t\u00e1mogat\u00e1sa<\/strong> \u2013 Ide\u00e1lis hossz\u00fa t\u00e1v\u00fa adatt\u00e1rol\u00e1shoz \u00e9s archiv\u00e1l\u00e1shoz<\/p>\n<h3 class=\"\" data-start=\"1536\" data-end=\"1560\"><strong data-start=\"1540\" data-end=\"1558\">Kompatibilit\u00e1s:<\/strong><\/h3>\n<ul data-start=\"1561\" data-end=\"1735\">\n<li class=\"\" data-start=\"1561\" data-end=\"1636\">\n<p class=\"\" data-start=\"1563\" data-end=\"1636\">Alkalmas a legt\u00f6bb laptophoz <strong data-start=\"1596\" data-end=\"1616\">12,7 mm v\u00e9kony SATA<\/strong> optikai meghajt\u00f3hellyel<\/p>\n<\/li>\n<li class=\"\" data-start=\"1637\" data-end=\"1681\">\n<p class=\"\" data-start=\"1639\" data-end=\"1681\">M\u0171k\u00f6dik <strong data-start=\"1650\" data-end=\"1679\">Windows, macOS \u00e9s Linux rendszerrel<\/strong><\/p>\n<\/li>\n<li class=\"\" data-start=\"1682\" data-end=\"1735\">\n<p class=\"\" data-start=\"1684\" data-end=\"1735\">Plug-and-play funkci\u00f3 az egyszer\u0171 telep\u00edt\u00e9s \u00e9rdek\u00e9ben<\/p>\n<\/li>\n<\/ul>\n<h3 class=\"\" data-start=\"1737\" data-end=\"1763\"><strong data-start=\"1741\" data-end=\"1761\">Mi\u00e9rt v\u00e1s\u00e1roljon t\u0151l\u00fcnk?<\/strong><\/h3>\n<p class=\"\" data-start=\"1764\" data-end=\"2030\">\ud83d\udccc <strong data-start=\"1767\" data-end=\"1782\">Val\u00f3di fot\u00f3k<\/strong> \u2013 A lista k\u00e9pei a t\u00e9nyleges term\u00e9ket mutatj\u00e1k, amelyet kapsz<br data-start=\"1851\" data-end=\"1854\" \/>\ud83d\udcccstart=&#8221;1854&#8243; \/>\ud83d\udcccstart data-end=&#8221;1875&#8243;>Tesztelt min\u0151s\u00e9g<\/strong> \u2013 Sz\u00e1ll\u00edt\u00e1s el\u0151tt minden meghajt\u00f3t ellen\u0151riznek a teljes funkcionalit\u00e1s biztos\u00edt\u00e1sa \u00e9rdek\u00e9ben<br data-start=\"1945\" data-end=\"1948\" \/>\ud83d\udccc <strong data-start=\"1951\" data-end=\"1969\">Szak\u00e9rt\u0151i t\u00e1mogat\u00e1s<\/strong> \u2013 Ha seg\u00edts\u00e9gre van sz\u00fcks\u00e9ge, \u00edrjon b\u00e1tran<\/p>\n<p class=\"\" data-start=\"2032\" data-end=\"2156\">Friss\u00edtse laptopj\u00e1t a <strong data-start=\"2061\" data-end=\"2102\">Toshiba SU-228GB DVD-RW DVD-RAM meghajt\u00f3val<\/strong> m\u00e9g ma, \u00e9s \u00e9lvezze a megb\u00edzhat\u00f3 optikai meghajt\u00f3 teljes\u00edtm\u00e9ny\u00e9t!<\/p>\n","protected":false},"excerpt":{"rendered":"<p>Friss\u00edtse vagy cser\u00e9lje ki laptopja optikai meghajt\u00f3j\u00e1t a <strong data-start=\"332\" data-end=\"373\">Toshiba SU-228GB DVD-RW DVD-RAM meghajt\u00f3ra<\/strong>. A megb\u00edzhat\u00f3s\u00e1gra tervezett v\u00e9kony bels\u0151 DVD-meghajt\u00f3 t\u00e1mogatja a DVD-k \u00e9s CD-k olvas\u00e1s\u00e1t \u00e9s \u00edr\u00e1s\u00e1t. T\u00f6k\u00e9letes biztons\u00e1gi ment\u00e9shez, szoftvertelep\u00edt\u00e9shez \u00e9s m\u00e9dialej\u00e1tsz\u00e1shoz.<\/p>\n","protected":false},"featured_media":11889,"template":"","meta":[],"product_brand":[],"product_cat":[27],"product_tag":[],"class_list":{"0":"post-11838","1":"product","2":"type-product","3":"status-publish","4":"has-post-thumbnail","6":"product_cat-motherboards-board-parts","8":"first","9":"instock","10":"taxable","11":"shipping-taxable","12":"purchasable","13":"product-type-simple"},"_links":{"self":[{"href":"https:\/\/boreait.com\/hu\/wp-json\/wp\/v2\/product\/11838","targetHints":{"allow":["GET"]}}],"collection":[{"href":"https:\/\/boreait.com\/hu\/wp-json\/wp\/v2\/product"}],"about":[{"href":"https:\/\/boreait.com\/hu\/wp-json\/wp\/v2\/types\/product"}],"wp:featuredmedia":[{"embeddable":true,"href":"https:\/\/boreait.com\/hu\/wp-json\/wp\/v2\/media\/11889"}],"wp:attachment":[{"href":"https:\/\/boreait.com\/hu\/wp-json\/wp\/v2\/media?parent=11838"}],"wp:term":[{"taxonomy":"product_brand","embeddable":true,"href":"https:\/\/boreait.com\/hu\/wp-json\/wp\/v2\/product_brand?post=11838"},{"taxonomy":"product_cat","embeddable":true,"href":"https:\/\/boreait.com\/hu\/wp-json\/wp\/v2\/product_cat?post=11838"},{"taxonomy":"product_tag","embeddable":true,"href":"https:\/\/boreait.com\/hu\/wp-json\/wp\/v2\/product_tag?post=11838"}],"curies":[{"name":"wp","href":"https:\/\/api.w.org\/{rel}","templated":true}]}}