{"id":11828,"date":"2025-09-17T13:28:58","date_gmt":"2025-09-17T11:28:58","guid":{"rendered":"https:\/\/boreait.com\/hu\/?post_type=product&#038;p=11828"},"modified":"2026-02-09T10:24:17","modified_gmt":"2026-02-09T09:24:17","slug":"hp-super-multi-dvd-ujrairo-509419-001-amck701-574285-6c0-laptop-optikai-meghajto","status":"publish","type":"product","link":"https:\/\/boreait.com\/hu\/termek\/hp-super-multi-dvd-ujrairo-509419-001-amck701-574285-6c0-laptop-optikai-meghajto\/","title":{"rendered":"HP Super Multi DVD-\u00fajra\u00edr\u00f3 509419-001 AMCK701 574285-6C0 laptop optikai meghajt\u00f3"},"content":{"rendered":"<p class=\"\" data-start=\"711\" data-end=\"904\">Fokozza laptopja funkcionalit\u00e1s\u00e1t a <strong data-start=\"756\" data-end=\"821\">HP Super Multi DVD-\u00fajra\u00edr\u00f3val (509419-001, AMCK701, 574285-6C0)<\/strong> \u2013 nagy teljes\u00edtm\u00e9ny\u0171 optikai cserealkatr\u00e9szek<\/strong>.<\/p>\n<p class=\"\" data-start=\"906\" data-end=\"927\">\u2705 <strong data-start=\"908\" data-end=\"925\">F\u0151bb jellemz\u0151k:<\/strong><\/p>\n<ul data-start=\"928\" data-end=\"1184\">\n<li class=\"\" data-start=\"928\" data-end=\"966\">\n<p class=\"\" data-start=\"930\" data-end=\"966\">K\u00fcl\u00f6nb\u00f6z\u0151 HP laptopokkal kompatibilis<\/p>\n<\/li>\n<li class=\"\" data-start=\"967\" data-end=\"1000\">\n<p class=\"\" data-start=\"969\" data-end=\"1000\">CD-ket \u00e9s DVD-ket olvas \u00e9s \u00edr<\/p>\n<\/li>\n<li class=\"\" data-start=\"1001\" data-end=\"1065\">\n<p class=\"\" data-start=\"1003\" data-end=\"1065\">Ide\u00e1lis szoftvertelep\u00edt\u00e9shez, biztons\u00e1gi ment\u00e9sekhez \u00e9s m\u00e9dialej\u00e1tsz\u00e1shoz<\/p>\n<\/li>\n<li class=\"\" data-start=\"1066\" data-end=\"1110\">\n<p class=\"\" data-start=\"1068\" data-end=\"1110\">Eredeti HP alkatr\u00e9sz a megb\u00edzhat\u00f3 teljes\u00edtm\u00e9ny \u00e9rdek\u00e9ben<\/p>\n<\/li>\n<li class=\"\" data-start=\"1111\" data-end=\"1184\">\n<p class=\"\" data-start=\"1113\" data-end=\"1184\"><strong data-start=\"1113\" data-end=\"1128\">Val\u00f3di fot\u00f3k<\/strong> \u2013 pontosan azt kapod, amit az adatlapon l\u00e1tsz!<\/p>\n<\/li>\n<\/ul>\n<p class=\"\" data-start=\"1186\" data-end=\"1381\">\ud83d\udca1 <strong data-start=\"1189\" data-end=\"1203\">Seg\u00edts\u00e9gre van sz\u00fcks\u00e9ge?<\/strong> Ha b\u00e1rmilyen k\u00e9rd\u00e9se van a kompatibilit\u00e1sr\u00f3l, \u00edrjon nek\u00fcnk! B\u00e1r nem adunk telep\u00edt\u00e9si utas\u00edt\u00e1sokat, sz\u00edvesen seg\u00edt\u00fcnk a megfelel\u0151 alkatr\u00e9sz kiv\u00e1laszt\u00e1s\u00e1ban.<\/p>\n<p class=\"\" data-start=\"1383\" data-end=\"1506\">\ud83d\udce6 <strong data-start=\"1386\" data-end=\"1409\">Sz\u00e1ll\u00edt\u00e1s az eg\u00e9sz vil\u00e1gon:<\/strong> Laptop alkatr\u00e9szeket sz\u00e1ll\u00edtunk Eur\u00f3pa-szerte \u00e9s vil\u00e1gszerte. Rendelje meg most a gyors \u00e9s probl\u00e9mamentes friss\u00edt\u00e9s\u00e9rt!<\/p>\n","protected":false},"excerpt":{"rendered":"<p>Friss\u00edtse vagy cser\u00e9lje ki laptopja optikai meghajt\u00f3j\u00e1t ezzel a <strong data-start=\"397\" data-end=\"462\">HP Super Multi DVD-\u00fajra\u00edr\u00f3val (509419-001, AMCK701, 574285-6C0)<\/strong>. Ez a megb\u00edzhat\u00f3 DVD-RW meghajt\u00f3 biztos\u00edtja a CD-k \u00e9s DVD-k z\u00f6kken\u0151mentes olvas\u00e1s\u00e1t \u00e9s \u00edr\u00e1s\u00e1t, \u00edgy t\u00f6k\u00e9letes szoftvertelep\u00edt\u00e9shez, biztons\u00e1gi ment\u00e9shez \u00e9s multim\u00e9di\u00e1s haszn\u00e1lathoz.<\/p>\n","protected":false},"featured_media":11888,"template":"","meta":[],"product_brand":[],"product_cat":[27],"product_tag":[],"class_list":{"0":"post-11828","1":"product","2":"type-product","3":"status-publish","4":"has-post-thumbnail","6":"product_cat-motherboards-board-parts","8":"first","9":"instock","10":"taxable","11":"shipping-taxable","12":"purchasable","13":"product-type-simple"},"_links":{"self":[{"href":"https:\/\/boreait.com\/hu\/wp-json\/wp\/v2\/product\/11828","targetHints":{"allow":["GET"]}}],"collection":[{"href":"https:\/\/boreait.com\/hu\/wp-json\/wp\/v2\/product"}],"about":[{"href":"https:\/\/boreait.com\/hu\/wp-json\/wp\/v2\/types\/product"}],"wp:featuredmedia":[{"embeddable":true,"href":"https:\/\/boreait.com\/hu\/wp-json\/wp\/v2\/media\/11888"}],"wp:attachment":[{"href":"https:\/\/boreait.com\/hu\/wp-json\/wp\/v2\/media?parent=11828"}],"wp:term":[{"taxonomy":"product_brand","embeddable":true,"href":"https:\/\/boreait.com\/hu\/wp-json\/wp\/v2\/product_brand?post=11828"},{"taxonomy":"product_cat","embeddable":true,"href":"https:\/\/boreait.com\/hu\/wp-json\/wp\/v2\/product_cat?post=11828"},{"taxonomy":"product_tag","embeddable":true,"href":"https:\/\/boreait.com\/hu\/wp-json\/wp\/v2\/product_tag?post=11828"}],"curies":[{"name":"wp","href":"https:\/\/api.w.org\/{rel}","templated":true}]}}