{"id":11827,"date":"2025-09-17T13:28:58","date_gmt":"2025-09-17T11:28:58","guid":{"rendered":"https:\/\/boreait.com\/hu\/?post_type=product&#038;p=11827"},"modified":"2025-10-07T10:10:34","modified_gmt":"2025-10-07T08:10:34","slug":"0801-9011e00-eredeti-dell-latitude-5420-bekapcsologomb-keszlet","status":"publish","type":"product","link":"https:\/\/boreait.com\/hu\/termek\/0801-9011e00-eredeti-dell-latitude-5420-bekapcsologomb-keszlet\/","title":{"rendered":"0801-9011E00 Eredeti Dell Latitude 5420 bekapcsol\u00f3gomb k\u00e9szlet"},"content":{"rendered":"<p class=\"\" data-start=\"634\" data-end=\"730\"><strong data-start=\"634\" data-end=\"728\">0801-9011E00 Eredeti csere a Dell Latitude 5420 bekapcsol\u00f3gomb k\u00e9szlethez \u2013 OEM laptop alkatr\u00e9sz<\/strong><\/p>\n<p class=\"\" data-start=\"732\" data-end=\"1069\">Ha a <strong data-start=\"740\" data-end=\"762\">Dell Latitude 5420<\/strong> bekapcsol\u00f3gombja nem reag\u00e1l, elromlott vagy meghib\u00e1sodott, akkor ez a <strong data-start=\"825\" data-end=\"884\">cserekapcsol\u00f3 gomb kituine=&#8221;884&#8243; (0801-9011E00)<\/strong>a t\u00f6k\u00e9letes megold\u00e1s. Az eredeti Dell-\u00f6sszetev\u0151kb\u0151l sz\u00e1rmaz\u00f3 laptop alkatr\u00e9szt \u00fagy tervezt\u00e9k, hogy <strong data-start=\"985\" data-end=\"999\">z\u00f6kken\u0151mentesen<\/strong> illeszkedjen az eszk\u00f6zh\u00f6z, biztos\u00edtva a z\u00f6kken\u0151mentes \u00e9s megb\u00edzhat\u00f3 t\u00e1pell\u00e1t\u00e1st.<\/p>\n<h3 class=\"\" data-start=\"1071\" data-end=\"1098\"><strong data-start=\"1075\" data-end=\"1096\">Term\u00e9kjellemz\u0151k:<\/strong><\/h3>\n<p class=\"\" data-start=\"1099\" data-end=\"1427\">\u2714 <strong data-start=\"1101\" data-end=\"1127\">100%-ban eredeti Dell alkatr\u00e9sz<\/strong> \u2013 <strong data-start=\"1136\" data-end=\"1152\">0801-9011E data=&#8221;1152&#8243;>0801-9011E adatok data-end=&#8221;1155&#8243; \/>\u2714 <strong data-start=\"1157\" data-end=\"1195\">Kompatibilis a Dell Latitude 5420-al<\/strong><br data-start=\"1195\" data-end=\"1198\" \/>\u2714 <strong data-start=\"1200\" data-end=\"1246\">Power Buttonesality<\/strong><br \/>Data-end=&#8221;12446&#8243;> data-start=&#8221;1246&#8243; data-end=&#8221;1249&#8243; \/>\u2714 <strong data-start=\"1251\" data-end=\"1283\">Kiv\u00e1l\u00f3 min\u0151s\u00e9g\u0171 OEM csere<\/strong> \u2013 Hossz\u00fa t\u00e1v\u00fa tart\u00f3ss\u00e1got biztos\u00edt<br data-start=\"1314\" data-end=\"1317\" \/>1-9&#8243; data-end=&#8221;1340&#8243;>Egyszer\u0171 telep\u00edt\u00e9s<\/strong> \u2013 Nincs sz\u00fcks\u00e9g m\u00f3dos\u00edt\u00e1sra<br data-start=\"1368\" data-end=\"1371\" \/>\u2714 <strong data-start=\"1373\" data-end=\"1394\">Tesztelt \u00e9s amp; Ellen\u0151rz\u00f6tt<\/strong> \u2013 Val\u00f3di term\u00e9kfot\u00f3kat tartalmaz<\/p>\n<h3 class=\"\" data-start=\"1429\" data-end=\"1467\"><strong data-start=\"1433\" data-end=\"1465\">Mi\u00e9rt v\u00e1lassza ezt a laptopr\u00e9szt?<\/strong><\/h3>\n<ul data-start=\"1468\" data-end=\"1879\">\n<li class=\"\" data-start=\"1468\" data-end=\"1630\">\n<p class=\"\" data-start=\"1470\" data-end=\"1630\"><strong data-start=\"1470\" data-end=\"1495\">Megb\u00edzhat\u00f3 teljes\u00edtm\u00e9ny:<\/strong> Ez az OEM-alkatr\u00e9sz megegyezik azzal, amelyet eredetileg a <strong data-start=\"1565\" data-start=\"1565\" data-end=\"1582\">2La0compatitude=&#8221;1582&#8243;>2La0compatitud=&#8221;1582&#8243;>2La0tpatiitude=&#8221;1582&#8243;>2. m\u0171veletet.<\/p>\n<\/li>\n<li class=\"\" data-start=\"1631\" data-end=\"1780\">\n?<\/p>\n<\/li>\n<li class=\"\" data-start=\"1781\" data-end=\"1879\">\n<p class=\"\" data-start=\"1783\" data-end=\"1879\"><strong data-start=\"1783\" data-end=\"1813\">Val\u00f3di fot\u00f3k, meglepet\u00e9sek n\u00e9lk\u00fcl:<\/strong> Az adatlapon szerepl\u0151 fot\u00f3k azt mutatj\u00e1k, hogy milyen r\u00e9szt kapsz!<\/p>\n<\/li>\n<\/ul>\n<p class=\"\" data-start=\"1881\" data-end=\"2037\">\ud83d\udca1 <strong data-start=\"1884\" data-end=\"1898\">Seg\u00edts\u00e9gre van sz\u00fcks\u00e9ge?<\/strong> Hab\u00e1r nem adunk r\u00e9szletes telep\u00edt\u00e9si \u00fatmutat\u00f3t, nyugodtan \u00edrjon nek\u00fcnk, ha k\u00e9rd\u00e9se van. \u00d6r\u00f6mmel seg\u00edt\u00fcnk!<\/p>\n<p class=\"\" data-start=\"2039\" data-end=\"2148\">\ud83d\udce6 <strong data-start=\"2042\" data-end=\"2085\">Gyors sz\u00e1ll\u00edt\u00e1s Eur\u00f3pa-szerte &amp; Vil\u00e1gszerte<\/strong> \u2013 Rendeljen most, \u00e9s \u00fajra bekapcsolja <strong data-start=\"2111\" data-end=\"2128\">Latitude 5420<\/strong> k\u00e9sz\u00fcl\u00e9k\u00e9t!<\/p>\n","protected":false},"excerpt":{"rendered":"<p class=\"\" data-start=\"322\" data-end=\"550\"><strong data-start=\"322\" data-end=\"550\">Gondoskodjon z\u00f6kken\u0151mentes bekapcsol\u00e1sr\u00f3l ezzel az eredeti Dell Latitude 5420 bekapcsol\u00f3gomb-k\u00e9szlettel (0801-9011E00). T\u00f6k\u00e9letes a s\u00e9r\u00fclt vagy nem reag\u00e1l\u00f3 bekapcsol\u00f3gomb cser\u00e9j\u00e9re. 100%-ban eredeti \u00e9s tesztelt. Val\u00f3di term\u00e9kfot\u00f3kat mell\u00e9kel\u00fcnk!<\/strong><\/p>\n","protected":false},"featured_media":11887,"template":"","meta":[],"product_brand":[],"product_cat":[27],"product_tag":[],"class_list":{"0":"post-11827","1":"product","2":"type-product","3":"status-publish","4":"has-post-thumbnail","6":"product_cat-motherboards-board-parts","8":"first","9":"instock","10":"taxable","11":"shipping-taxable","12":"purchasable","13":"product-type-simple"},"_links":{"self":[{"href":"https:\/\/boreait.com\/hu\/wp-json\/wp\/v2\/product\/11827","targetHints":{"allow":["GET"]}}],"collection":[{"href":"https:\/\/boreait.com\/hu\/wp-json\/wp\/v2\/product"}],"about":[{"href":"https:\/\/boreait.com\/hu\/wp-json\/wp\/v2\/types\/product"}],"wp:featuredmedia":[{"embeddable":true,"href":"https:\/\/boreait.com\/hu\/wp-json\/wp\/v2\/media\/11887"}],"wp:attachment":[{"href":"https:\/\/boreait.com\/hu\/wp-json\/wp\/v2\/media?parent=11827"}],"wp:term":[{"taxonomy":"product_brand","embeddable":true,"href":"https:\/\/boreait.com\/hu\/wp-json\/wp\/v2\/product_brand?post=11827"},{"taxonomy":"product_cat","embeddable":true,"href":"https:\/\/boreait.com\/hu\/wp-json\/wp\/v2\/product_cat?post=11827"},{"taxonomy":"product_tag","embeddable":true,"href":"https:\/\/boreait.com\/hu\/wp-json\/wp\/v2\/product_tag?post=11827"}],"curies":[{"name":"wp","href":"https:\/\/api.w.org\/{rel}","templated":true}]}}