{"id":11826,"date":"2025-09-17T13:28:58","date_gmt":"2025-09-17T11:28:58","guid":{"rendered":"https:\/\/boreait.com\/hu\/?post_type=product&#038;p=11826"},"modified":"2025-09-17T13:30:27","modified_gmt":"2025-09-17T11:30:27","slug":"lenovo-ideapad-3-15iil05-156-eredeti-cpu-huto-hutoborda-at1k00010l0","status":"publish","type":"product","link":"https:\/\/boreait.com\/hu\/termek\/lenovo-ideapad-3-15iil05-156-eredeti-cpu-huto-hutoborda-at1k00010l0\/","title":{"rendered":"Lenovo IdeaPad 3 15IIL05 15,6&#8243; eredeti CPU h\u0171t\u0151 h\u0171t\u0151borda AT1K00010L0"},"content":{"rendered":"<p class=\"\" data-start=\"572\" data-end=\"923\">Tartsa h\u0171v\u00f6sen a <strong data-start=\"582\" data-end=\"610\">Lenovo IdeaPad 3 15IIL05<\/strong> k\u00e9sz\u00fcl\u00e9k\u00e9t, \u00e9s a legjobb teljes\u00edtm\u00e9nyt ny\u00fajtja ezzel az <strong data-start=\"661\" data-end=\"697 CPU\"<\/strong>h\u0171t\u00e9ssel (Eredeti OEMtParink: CPU) data-start=&#8221;712&#8243; data-end=&#8221;727&#8243;>AT1K00010L0<\/strong>). A kifejezetten a <strong data-start=\"760\" data-end=\"791\">15,6 h\u00fcvelykes IdeaPad 3 15IIL05<\/strong>hez tervezett kiv\u00e1l\u00f3 min\u0151s\u00e9g\u0171 <strong data-start=\"811\" data-end=\"826\">laptop r\u00e9sz<\/strong> hat\u00e9kony h\u0151elvezet\u00e9st biztos\u00edt, cs\u00f6kkenti a t\u00falmeleged\u00e9s kock\u00e1zat\u00e1t \u00e9s jav\u00edtja a rendszer stabilit\u00e1s\u00e1t.<\/p>\n<h3 class=\"\" data-start=\"925\" data-end=\"952\"><strong data-start=\"929\" data-end=\"950\">Term\u00e9kjellemz\u0151k:<\/strong><\/h3>\n<p class=\"\" data-start=\"953\" data-end=\"1314\">\u2714 <strong data-start=\"955\" data-end=\"982\">Eredeti Lenovo OEM alkatr\u00e9sz<\/strong> \u2013 Garant\u00e1lt kompatibilit\u00e1s \u00e9s megb\u00edzhat\u00f3s\u00e1g<br data-start=\"1025\" data-end=\"1028\" \/>-s&#8221; data-end=&#8221;1060&#8243;>Optimaliz\u00e1lt h\u0151lead\u00e1s<\/strong> \u2013 Seg\u00edt fenntartani az ide\u00e1lis CPU h\u0151m\u00e9rs\u00e9kletet<br data-start=\"1099\" data-end=\"1102\" \/>\u2714 <strong data-start=\"1104\" data-end=\"1146\">Pontosan illeszkedik a Lenovo IdeaPad 3-hoz=&#8221;tartozik data-end=&#8221;1175&#8243; \/>\u2714 <strong data-start=\"1177\" data-end=\"1209\">Tart\u00f3s &amp; Kiv\u00e1l\u00f3 min\u0151s\u00e9g\u0171 \u00f6ssze\u00e1ll\u00edt\u00e1s<\/strong> \u2013 Hossz\u00fa t\u00e1v\u00fa teljes\u00edtm\u00e9nyre tervezve<br data-start=\"1246\" data-end=\"1249\" \/>\u2714 <strong data-start=\"1251\" data-end=\"1266\">Val\u00f3di fot\u00f3k<\/strong> \u2013 A l\u00e1that\u00f3 r\u00e9sz az a r\u00e9sz, amelyet kapni fog<\/p>\n<h3 class=\"\" data-start=\"1316\" data-end=\"1340\"><strong data-start=\"1320\" data-end=\"1338\">Kompatibilit\u00e1s:<\/strong><\/h3>\n<p class=\"\" data-start=\"1341\" data-end=\"1447\">\ud83d\udd39 Kompatibilis a k\u00f6vetkez\u0151vel: <strong data-start=\"1360\" data-end=\"1388\">Lenovo IdeaPad 3 15IIL05<\/strong> (15,6 h\u00fcvelykes modellek)<br data-start=\"140 EM 7. sz\u00e1m\"1 data-end> <strong data-start=\"1430\" data-end=\"1445\">AT1K00010L0<\/strong><\/p>\n<h3 class=\"\" data-start=\"1449\" data-end=\"1475\"><strong data-start=\"1453\" data-end=\"1473\">Fontos megjegyz\u00e9sek:<\/strong><\/h3>\n<ul data-start=\"1476\" data-end=\"1660\">\n<li class=\"\" data-start=\"1476\" data-end=\"1577\">\n<p class=\"\" data-start=\"1478\" data-end=\"1577\"><strong data-start=\"1478\" data-end=\"1523\">Nem tartalmaz telep\u00edt\u00e9si utas\u00edt\u00e1st<\/strong>, de ha \u00fatmutat\u00e1sra van sz\u00fcks\u00e9ge, nyugodtan \u00edrjon nekem!<\/p>\n<\/li>\n<li class=\"\" data-start=\"1578\" data-end=\"1660\">\n<p class=\"\" data-start=\"1580\" data-end=\"1660\"><strong data-start=\"1580\" data-end=\"1614\">Az adatlapon szerepl\u0151 fot\u00f3k val\u00f3diak<\/strong>, \u00edgy pontosan azt kapod, amit l\u00e1tsz.<\/p>\n<\/li>\n<\/ul>\n<p class=\"\" data-start=\"1662\" data-end=\"1783\">Friss\u00edtse laptopja h\u0171t\u00e9si rendszer\u00e9t ezzel az <strong data-start=\"1709\" data-end=\"1741\">eredeti Lenovo CPU h\u0171t\u0151bord\u00e1val<\/strong> \u2013 rendeljen most a megb\u00edzhat\u00f3 csere\u00e9rt!<\/p>\n","protected":false},"excerpt":{"rendered":"<p>Eredeti <strong data-start=\"266\" data-end=\"294\">Lenovo IdeaPad 3 15IIL05<\/strong> CPU h\u0171t\u0151borda (<strong data-start=\"317\" data-end=\"332\">AT1K00010L0<\/strong>), amely hat\u00e9kony h\u0151elvezet\u00e9st \u00e9s optim\u00e1lis laptopteljes\u00edtm\u00e9nyt biztos\u00edt. Cser\u00e9re vagy jav\u00edt\u00e1sra t\u00f6k\u00e9letes. <strong data-start=\"441\" data-end=\"488\">Val\u00f3di fot\u00f3k \u2013 amit l\u00e1tsz, azt kapod!<\/strong><\/p>\n","protected":false},"featured_media":11886,"template":"","meta":[],"product_brand":[],"product_cat":[33],"product_tag":[],"class_list":{"0":"post-11826","1":"product","2":"type-product","3":"status-publish","4":"has-post-thumbnail","6":"product_cat-cpu-fans-heatsinks","8":"first","9":"instock","10":"taxable","11":"shipping-taxable","12":"purchasable","13":"product-type-simple"},"_links":{"self":[{"href":"https:\/\/boreait.com\/hu\/wp-json\/wp\/v2\/product\/11826","targetHints":{"allow":["GET"]}}],"collection":[{"href":"https:\/\/boreait.com\/hu\/wp-json\/wp\/v2\/product"}],"about":[{"href":"https:\/\/boreait.com\/hu\/wp-json\/wp\/v2\/types\/product"}],"wp:featuredmedia":[{"embeddable":true,"href":"https:\/\/boreait.com\/hu\/wp-json\/wp\/v2\/media\/11886"}],"wp:attachment":[{"href":"https:\/\/boreait.com\/hu\/wp-json\/wp\/v2\/media?parent=11826"}],"wp:term":[{"taxonomy":"product_brand","embeddable":true,"href":"https:\/\/boreait.com\/hu\/wp-json\/wp\/v2\/product_brand?post=11826"},{"taxonomy":"product_cat","embeddable":true,"href":"https:\/\/boreait.com\/hu\/wp-json\/wp\/v2\/product_cat?post=11826"},{"taxonomy":"product_tag","embeddable":true,"href":"https:\/\/boreait.com\/hu\/wp-json\/wp\/v2\/product_tag?post=11826"}],"curies":[{"name":"wp","href":"https:\/\/api.w.org\/{rel}","templated":true}]}}