{"id":11825,"date":"2025-09-17T13:28:58","date_gmt":"2025-09-17T11:28:58","guid":{"rendered":"https:\/\/boreait.com\/hu\/?post_type=product&#038;p=11825"},"modified":"2025-09-17T13:30:26","modified_gmt":"2025-09-17T11:30:26","slug":"dell-latitude-7202-robusztus-tablagep-hatso-webkamera-kamera-5c7d2-05c7d2","status":"publish","type":"product","link":"https:\/\/boreait.com\/hu\/termek\/dell-latitude-7202-robusztus-tablagep-hatso-webkamera-kamera-5c7d2-05c7d2\/","title":{"rendered":"Dell Latitude 7202 robusztus t\u00e1blag\u00e9p h\u00e1ts\u00f3 webkamera kamera 5C7D2 05C7D2"},"content":{"rendered":"<p class=\"\" data-start=\"620\" data-end=\"962\">Friss\u00edtse vagy cser\u00e9lje ki a <strong data-start=\"670\" data-end=\"706\">Dell Latitude 7202 robusztus t\u00e1blag\u00e9p<\/strong> h\u00e1tlapi webkamer\u00e1j\u00e1t ezzel a kiv\u00e1l\u00f3 min\u0151s\u00e9g\u0171, eredeti <strong data-start=\"739\"<\/strong>5=&#8221;C7D25&#8243;>5C7D2&#8243;>0>5 r\u00e9sz. Kifejezetten a Latitude 7202 modellhez tervezett cserekamera biztos\u00edtja, hogy t\u00e1blag\u00e9pe tov\u00e1bbra is a legjobb teljes\u00edtm\u00e9nyt ny\u00fajtsa, tiszta, \u00e9les k\u00e9pekkel minden videokonferencia- vagy m\u00e9diasz\u00fcks\u00e9glet\u00e9hez.<\/p>\n<p class=\"\" data-start=\"964\" data-end=\"981\"><strong data-start=\"964\" data-end=\"981\">F\u0151bb jellemz\u0151k:<\/strong><\/p>\n<ul data-start=\"982\" data-end=\"1287\">\n<li class=\"\" data-start=\"982\" data-end=\"1013\">\n<p class=\"\" data-start=\"984\" data-end=\"1013\"><strong data-start=\"984\" data-end=\"999\">Alkatr\u00e9szsz\u00e1m<\/strong>: 5C7D2 05C7D2<\/p>\n<\/li>\n<li class=\"\" data-start=\"1014\" data-end=\"1084\">\n<p class=\"\" data-start=\"1016\" data-end=\"1084\"><strong data-start=\"1016\" data-end=\"1033\">Kompatibilit\u00e1s<\/strong>: A Dell Latitude 7202 robusztus t\u00e1blag\u00e9phez tervezve<\/p>\n<\/li>\n<li class=\"\" data-start=\"1085\" data-end=\"1133\">\n<p class=\"\" data-start=\"1087\" data-end=\"1133\"><strong data-start=\"1087\" data-end=\"1100\">\u00c1llapot<\/strong>: vadonat\u00faj, OEM cserealkatr\u00e9sz<\/p>\n<\/li>\n<li class=\"\" data-start=\"1134\" data-end=\"1228\">\n<p class=\"\" data-start=\"1136\" data-end=\"1228\"><strong data-start=\"1136\" data-end=\"1160\">Megb\u00edzhat\u00f3 teljes\u00edtm\u00e9ny<\/strong>: Vissza\u00e1ll\u00edtja a t\u00e1blag\u00e9p h\u00e1ts\u00f3 kamer\u00e1j\u00e1nak teljes funkcionalit\u00e1s\u00e1t<\/p>\n<\/li>\n<li class=\"\" data-start=\"1229\" data-end=\"1287\">\n<p class=\"\" data-start=\"1231\" data-end=\"1287\"><strong data-start=\"1231\" data-end=\"1241\">Fot\u00f3k<\/strong>: Val\u00f3di k\u00e9pek a pontos alkatr\u00e9szr\u0151l, amelyet kapni fog<\/p>\n<\/li>\n<\/ul>\n<p class=\"\" data-start=\"1289\" data-end=\"1604\">Ak\u00e1r t\u00e1blag\u00e9p\u00e9t jav\u00edtja, ak\u00e1r kamer\u00e1j\u00e1t friss\u00edti, ez a cserealkatr\u00e9sz garant\u00e1lja a kompatibilit\u00e1st \u00e9s a teljes\u00edtm\u00e9nyt. Nincsenek \u00fatmutat\u00e1sok, de ha seg\u00edts\u00e9gre van sz\u00fcks\u00e9ge a telep\u00edt\u00e9shez, vagy k\u00e9rd\u00e9se van, nyugodtan \u00edrjon nek\u00fcnk. \u00d6r\u00f6mmel seg\u00edt\u00fcnk eszk\u00f6ze \u00fajraind\u00edt\u00e1s\u00e1ban.<\/p>\n<p class=\"\" data-start=\"1606\" data-end=\"1869\">Ide\u00e1lis azoknak az \u00fcgyfeleknek, akiknek <strong data-start=\"1635\" data-end=\"1651\">laptopalkatr\u00e9szekre<\/strong> van sz\u00fcks\u00e9g\u00fck jav\u00edt\u00e1shoz vagy friss\u00edt\u00e9shez. Ez a h\u00e1ts\u00f3 kamerar\u00e9sz biztos\u00edtja, hogy eszk\u00f6ze kiv\u00e1l\u00f3 \u00e1llapotban maradjon professzion\u00e1lis haszn\u00e1latra vagy szem\u00e9lyes projektekhez. \u00c9lvezze Dell Latitude 7202 teljes funkcionalit\u00e1s\u00e1t egy megb\u00edzhat\u00f3 csereeszk\u00f6zzel.<\/p>\n","protected":false},"excerpt":{"rendered":"<p>Ez az eredeti <strong data-start=\"213\" data-end=\"268\">Dell Latitude 7202 robusztus t\u00e1blag\u00e9p h\u00e1ts\u00f3 webkamera<\/strong> (cikksz\u00e1m: 5C7D2 05C7D2) t\u00f6k\u00e9letes cserealkatr\u00e9sz massz\u00edv t\u00e1blag\u00e9p\u00e9hez. Ide\u00e1lis azoknak a felhaszn\u00e1l\u00f3knak, akiknek j\u00f3 min\u0151s\u00e9g\u0171, funkcion\u00e1lis alkatr\u00e9szekre van sz\u00fcks\u00e9g\u00fck, ez a h\u00e1ts\u00f3 kamera z\u00f6kken\u0151mentes integr\u00e1ci\u00f3t \u00e9s megb\u00edzhat\u00f3 teljes\u00edtm\u00e9nyt biztos\u00edt az eszk\u00f6z sz\u00e1m\u00e1ra. Az \u00f6sszes megjelen\u00edtett fot\u00f3 a kapott alkatr\u00e9sz val\u00f3di k\u00e9pe.<\/p>\n","protected":false},"featured_media":11885,"template":"","meta":[],"product_brand":[],"product_cat":[23],"product_tag":[],"class_list":{"0":"post-11825","1":"product","2":"type-product","3":"status-publish","4":"has-post-thumbnail","6":"product_cat-laptop-camera","8":"first","9":"instock","10":"taxable","11":"shipping-taxable","12":"purchasable","13":"product-type-simple"},"_links":{"self":[{"href":"https:\/\/boreait.com\/hu\/wp-json\/wp\/v2\/product\/11825","targetHints":{"allow":["GET"]}}],"collection":[{"href":"https:\/\/boreait.com\/hu\/wp-json\/wp\/v2\/product"}],"about":[{"href":"https:\/\/boreait.com\/hu\/wp-json\/wp\/v2\/types\/product"}],"wp:featuredmedia":[{"embeddable":true,"href":"https:\/\/boreait.com\/hu\/wp-json\/wp\/v2\/media\/11885"}],"wp:attachment":[{"href":"https:\/\/boreait.com\/hu\/wp-json\/wp\/v2\/media?parent=11825"}],"wp:term":[{"taxonomy":"product_brand","embeddable":true,"href":"https:\/\/boreait.com\/hu\/wp-json\/wp\/v2\/product_brand?post=11825"},{"taxonomy":"product_cat","embeddable":true,"href":"https:\/\/boreait.com\/hu\/wp-json\/wp\/v2\/product_cat?post=11825"},{"taxonomy":"product_tag","embeddable":true,"href":"https:\/\/boreait.com\/hu\/wp-json\/wp\/v2\/product_tag?post=11825"}],"curies":[{"name":"wp","href":"https:\/\/api.w.org\/{rel}","templated":true}]}}