{"id":11824,"date":"2025-09-17T13:28:58","date_gmt":"2025-09-17T11:28:58","guid":{"rendered":"https:\/\/boreait.com\/hu\/?post_type=product&#038;p=11824"},"modified":"2025-09-17T13:30:24","modified_gmt":"2025-09-17T11:30:24","slug":"latitude-7202-robusztus-hdmi-audio-sd-port-fedel-cserealkatresz-a-dell-latitude-7202-hez","status":"publish","type":"product","link":"https:\/\/boreait.com\/hu\/termek\/latitude-7202-robusztus-hdmi-audio-sd-port-fedel-cserealkatresz-a-dell-latitude-7202-hez\/","title":{"rendered":"Latitude 7202 robusztus HDMI, audio, SD-port fed\u00e9l | Cserealkatr\u00e9sz a Dell Latitude 7202-hez"},"content":{"rendered":"<p class=\"\" data-start=\"634\" data-end=\"956\">Gondoskodjon <strong data-start=\"678\" data-end=\"707\">Dell Latitude 7202 Rugged<\/strong> laptopj\u00e1nak v\u00e9delm\u00e9r\u0151l \u00e9s hossz\u00fa \u00e9lettartam\u00e1r\u00f3l ezzel az eredeti <strong data-start=\"733\" data-end=\"767\">HDMI, hang- \u00e9s<\/strong> porttal. Az eredeti alkatr\u00e9sz prec\u00edz helyettes\u00edt\u00e9s\u00e9re tervezett burkolat seg\u00edt meg\u00f3vni eszk\u00f6z\u00e9t a port\u00f3l, szennyez\u0151d\u00e9sekt\u0151l \u00e9s s\u00e9r\u00fcl\u00e9sekt\u0151l, mik\u00f6zben biztos\u00edtja a laptop portjainak teljes m\u0171k\u00f6d\u00e9s\u00e9t.<\/p>\n<p class=\"\" data-start=\"958\" data-end=\"978\"><strong data-start=\"958\" data-end=\"978\">Term\u00e9k r\u00e9szletei:<\/strong><\/p>\n<ul data-start=\"979\" data-end=\"1445\">\n<li class=\"\" data-start=\"979\" data-end=\"1103\">\n<p class=\"\" data-start=\"981\" data-end=\"1103\"><strong data-start=\"981\" data-end=\"998\">Kompatibilit\u00e1s<\/strong>: Kifejezetten a <strong data-start=\"1026\" data-end=\"1055\">Dell Latitude 7202 Rugged<\/strong> sorozat\u00fa laptopokhoz t\u00f6k\u00e9letes illeszked\u00e9st k\u00edn\u00e1l.<\/p>\n<\/li>\n<li class=\"\" data-start=\"1104\" data-end=\"1185\">\n<p class=\"\" data-start=\"1106\" data-end=\"1185\"><strong data-start=\"1106\" data-end=\"1123\">Funkcionalit\u00e1s<\/strong>: v\u00e9di az olyan alapvet\u0151 portokat, mint a HDMI, a hang \u00e9s az SD-k\u00e1rtyany\u00edl\u00e1s.<\/p>\n<\/li>\n<li class=\"\" data-start=\"1186\" data-end=\"1313\">\n<p class=\"\" data-start=\"1188\" data-end=\"1313\"><strong data-start=\"1188\" data-end=\"1202\">Tart\u00f3ss\u00e1g<\/strong>: A kiv\u00e1l\u00f3 min\u0151s\u00e9g\u0171 anyagokb\u00f3l k\u00e9sz\u00fclt burkolat \u00fagy k\u00e9sz\u00fclt, hogy tart\u00f3s legyen, \u00e9s ellen\u00e1lljon a zord k\u00f6rnyezeti k\u00f6r\u00fclm\u00e9nyeknek.<\/p>\n<\/li>\n<li class=\"\" data-start=\"1314\" data-end=\"1445\">\n<p class=\"\" data-start=\"1316\" data-end=\"1445\"><strong data-start=\"1316\" data-end=\"1331\">Val\u00f3di fot\u00f3k<\/strong>: Minden term\u00e9kk\u00e9p val\u00f3di fot\u00f3k arr\u00f3l a term\u00e9kr\u0151l, amelyet \u00d6n kap, \u00edgy biztos\u00edtva a teljes \u00e1tl\u00e1that\u00f3s\u00e1got \u00e9s a bizalmat.<\/p>\n<\/li>\n<\/ul>\n<p class=\"\" data-start=\"1447\" data-end=\"1702\">Ez a cserealkatr\u00e9sz ide\u00e1lis <strong data-start=\"1482\" data-end=\"1500\">laptopjav\u00edt\u00e1shoz<\/strong> vagy friss\u00edt\u00e9shez, seg\u00edt meg\u0151rizni eszk\u00f6ze nagy teljes\u00edtm\u00e9ny\u00e9t \u00e9s eszt\u00e9tikai \u00e9ps\u00e9g\u00e9t. Ha tov\u00e1bbi seg\u00edts\u00e9gre van sz\u00fcks\u00e9ge a telep\u00edt\u00e9shez, b\u00e1tran \u00edrjon nek\u00fcnk, \u00e9s mi \u00f6r\u00f6mmel seg\u00edt\u00fcnk.<\/p>\n<p class=\"\" data-start=\"1704\" data-end=\"1913\">Ak\u00e1r elveszett burkolatot cser\u00e9l, ak\u00e1r s\u00e9r\u00fclt alkatr\u00e9szeket jav\u00edt, ez az eredeti <strong data-start=\"1783\" data-end=\"1798\">laptop alkatr\u00e9sz<\/strong> a megold\u00e1s, amire sz\u00fcks\u00e9ge van. Rendeljen most, \u00e9s gondoskodjon arr\u00f3l, hogy <strong data-start=\"1851\" data-end=\"1880\">Dell Latitude 7202 Rugged<\/strong> laptopja a legjobb \u00e1llapotban maradjon!<\/p>\n","protected":false},"excerpt":{"rendered":"<p>Ez az eredeti <strong data-start=\"237\" data-end=\"297\">Dell Latitude 7202 robusztus HDMI-, audio- \u00e9s SD-port fed\u00e9l<\/strong> egy kiv\u00e1l\u00f3 min\u0151s\u00e9g\u0171 cserealkatr\u00e9sz, amelyet az eszk\u00f6z v\u00e9delm\u00e9re terveztek. T\u00f6k\u00e9letesen illeszkedik, \u00edgy biztos\u00edtja laptopja hossz\u00fa \u00e9lettartam\u00e1t, mik\u00f6zben meg\u00f3vja portjait. T\u00f6k\u00e9letes jav\u00edt\u00e1sokhoz vagy friss\u00edt\u00e9sekhez, ez a r\u00e9sz garant\u00e1lja a biztons\u00e1gos \u00e9s szoros illeszked\u00e9st, tart\u00f3ss\u00e1got \u00e9s megb\u00edzhat\u00f3s\u00e1got k\u00edn\u00e1lva.<\/p>\n","protected":false},"featured_media":11884,"template":"","meta":[],"product_brand":[],"product_cat":[16],"product_tag":[],"class_list":{"0":"post-11824","1":"product","2":"type-product","3":"status-publish","4":"has-post-thumbnail","6":"product_cat-laptop-housing","8":"first","9":"instock","10":"taxable","11":"shipping-taxable","12":"purchasable","13":"product-type-simple"},"_links":{"self":[{"href":"https:\/\/boreait.com\/hu\/wp-json\/wp\/v2\/product\/11824","targetHints":{"allow":["GET"]}}],"collection":[{"href":"https:\/\/boreait.com\/hu\/wp-json\/wp\/v2\/product"}],"about":[{"href":"https:\/\/boreait.com\/hu\/wp-json\/wp\/v2\/types\/product"}],"wp:featuredmedia":[{"embeddable":true,"href":"https:\/\/boreait.com\/hu\/wp-json\/wp\/v2\/media\/11884"}],"wp:attachment":[{"href":"https:\/\/boreait.com\/hu\/wp-json\/wp\/v2\/media?parent=11824"}],"wp:term":[{"taxonomy":"product_brand","embeddable":true,"href":"https:\/\/boreait.com\/hu\/wp-json\/wp\/v2\/product_brand?post=11824"},{"taxonomy":"product_cat","embeddable":true,"href":"https:\/\/boreait.com\/hu\/wp-json\/wp\/v2\/product_cat?post=11824"},{"taxonomy":"product_tag","embeddable":true,"href":"https:\/\/boreait.com\/hu\/wp-json\/wp\/v2\/product_tag?post=11824"}],"curies":[{"name":"wp","href":"https:\/\/api.w.org\/{rel}","templated":true}]}}