{"id":11823,"date":"2025-09-17T13:28:58","date_gmt":"2025-09-17T11:28:58","guid":{"rendered":"https:\/\/boreait.com\/hu\/?post_type=product&#038;p=11823"},"modified":"2025-09-17T13:30:23","modified_gmt":"2025-09-17T11:30:23","slug":"dell-latitude-7202-robusztus-extreme-usb-es-i-o-port-fedel-eredeti-cserealkatresz","status":"publish","type":"product","link":"https:\/\/boreait.com\/hu\/termek\/dell-latitude-7202-robusztus-extreme-usb-es-i-o-port-fedel-eredeti-cserealkatresz\/","title":{"rendered":"Dell Latitude 7202 Robusztus Extreme USB \u00e9s I\/O port fed\u00e9l \u2013 Eredeti cserealkatr\u00e9sz"},"content":{"rendered":"<p class=\"\" data-start=\"806\" data-end=\"1240\">V\u00e9dje meg <strong data-start=\"819\" data-end=\"856\">Dell Latitude 7202 Rugged Extreme<\/strong> t\u00e1blag\u00e9p \u00e9rt\u00e9kes portjait ezzel az <strong data-start=\"891\" data-end=\"917\">USB \u00e9s I.O porttal<\/strong> Ez az eredeti cserealkatr\u00e9sz k\u00f6telez\u0151 mindenkinek, akinek ki kell cser\u00e9lnie egy s\u00e9r\u00fclt vagy elveszett burkolatot, \u00edgy biztos\u00edtva a t\u00e1blag\u00e9pe I\/O portjainak teljes v\u00e9delm\u00e9t. Ak\u00e1r neh\u00e9z k\u00f6rnyezetben, ak\u00e1r rendszeres napi haszn\u00e1lat mellett haszn\u00e1lja eszk\u00f6z\u00e9t, ez a burkolat seg\u00edt t\u00e1vol tartani a port, a nedvess\u00e9get \u00e9s a t\u00f6rmel\u00e9ket, \u00e9s megakad\u00e1lyozza a k\u00e1rosod\u00e1st.<\/p>\n<ul data-start=\"1242\" data-end=\"1791\">\n<li class=\"\" data-start=\"1242\" data-end=\"1371\">\n<p class=\"\" data-start=\"1244\" data-end=\"1371\"><strong data-start=\"1244\" data-end=\"1261\">Kompatibilit\u00e1s<\/strong>: Kifejezetten a <strong data-start=\"1293\" data-end=\"1330\">Dell Latitude 7202-hez<\/strong> t\u00f6k\u00e9letes illeszked\u00e9st biztos\u00edtva t\u00e1blag\u00e9p\u00e9hez.<\/p>\n<\/li>\n<li class=\"\" data-start=\"1372\" data-end=\"1527\">\n<p class=\"\" data-start=\"1374\" data-end=\"1527\"><strong data-start=\"1374\" data-end=\"1388\">Tart\u00f3ss\u00e1g<\/strong>: \u00dagy tervezt\u00e9k, hogy ellen\u00e1lljon a <strong data-start=\"1438\" data-end=\"1470\">Latitude 72, tre 2. Rugged> Extreability<\/strong>tre zord k\u00f6r\u00fclm\u00e9nyeknek. zord k\u00f6rnyezetben.<\/p>\n<\/li>\n<li class=\"\" data-start=\"1528\" data-end=\"1645\">\n<p class=\"\" data-start=\"1530\" data-end=\"1645\"><strong data-start=\"1530\" data-end=\"1555\">Kiv\u00e1l\u00f3 min\u0151s\u00e9g\u0171 anyag<\/strong>: Tart\u00f3s anyagokb\u00f3l k\u00e9sz\u00fclt, hogy er\u0151s, biztons\u00e1gos burkolatot biztos\u00edtson az USB- \u00e9s I\/O-portoknak.<\/p>\n<\/li>\n<li class=\"\" data-start=\"1646\" data-end=\"1791\">\n<p class=\"\" data-start=\"1648\" data-end=\"1791\"><strong data-start=\"1648\" data-end=\"1663\">Val\u00f3di fot\u00f3k<\/strong>: A megjelen\u00edtett k\u00e9pek a t\u00e9nylegesen megkapott alkatr\u00e9szr\u0151l k\u00e9sz\u00fcltek, \u00edgy biztos\u00edtva, hogy pontosan azt kapja, amire sz\u00fcks\u00e9ge van a jav\u00edt\u00e1shoz vagy cser\u00e9hez.<\/p>\n<\/li>\n<\/ul>\n<p class=\"\" data-start=\"1793\" data-end=\"2070\">Ak\u00e1r megl\u00e9v\u0151 t\u00e1blag\u00e9p\u00e9t jav\u00edtja, ak\u00e1r egy elhaszn\u00e1l\u00f3dott bor\u00edt\u00e1st szeretne cser\u00e9lni, ez az eredeti <strong data-start=\"1889\" data-end=\"1911\">Dell Latitude 7202<\/strong> egyszer\u0171 megold\u00e1st k\u00edn\u00e1l az USB- \u00e9s I\/O-portok v\u00e9delm\u00e9re. Ha seg\u00edts\u00e9gre van sz\u00fcks\u00e9ge a telep\u00edt\u00e9shez, b\u00e1tran \u00edrjon nekem tov\u00e1bbi t\u00e1mogat\u00e1s\u00e9rt.<\/p>\n","protected":false},"excerpt":{"rendered":"<p>Ezt az eredeti csere<strong data-start=\"350\" data-end=\"376\">USB- \u00e9s I\/O-port fedelet<\/strong> kifejezetten a <strong data-start=\"410\" data-end=\"447\">Dell Latitude 7202 Rugged Extreme<\/strong> t\u00e1blag\u00e9phez tervezt\u00e9k. Biztos\u00edtja az eszk\u00f6z portjainak biztons\u00e1gos illeszked\u00e9s\u00e9t \u00e9s v\u00e9delm\u00e9t. Ide\u00e1lis jav\u00edt\u00e1shoz vagy cser\u00e9hez, ez a burkolat \u00fagy k\u00e9sz\u00fclt, hogy ellen\u00e1lljon a zord k\u00f6rnyezetnek \u00e9s a durva haszn\u00e1latnak, meg\u0151rizve k\u00e9sz\u00fcl\u00e9ke tart\u00f3ss\u00e1g\u00e1t \u00e9s teljes\u00edtm\u00e9ny\u00e9t. K\u00e9rj\u00fck, vegye figyelembe, hogy a k\u00e9pek a t\u00e9nyleges alkatr\u00e9szt mutatj\u00e1k, amelyet kap.<\/p>\n","protected":false},"featured_media":11883,"template":"","meta":[],"product_brand":[],"product_cat":[16],"product_tag":[],"class_list":{"0":"post-11823","1":"product","2":"type-product","3":"status-publish","4":"has-post-thumbnail","6":"product_cat-laptop-housing","8":"first","9":"instock","10":"taxable","11":"shipping-taxable","12":"purchasable","13":"product-type-simple"},"_links":{"self":[{"href":"https:\/\/boreait.com\/hu\/wp-json\/wp\/v2\/product\/11823","targetHints":{"allow":["GET"]}}],"collection":[{"href":"https:\/\/boreait.com\/hu\/wp-json\/wp\/v2\/product"}],"about":[{"href":"https:\/\/boreait.com\/hu\/wp-json\/wp\/v2\/types\/product"}],"wp:featuredmedia":[{"embeddable":true,"href":"https:\/\/boreait.com\/hu\/wp-json\/wp\/v2\/media\/11883"}],"wp:attachment":[{"href":"https:\/\/boreait.com\/hu\/wp-json\/wp\/v2\/media?parent=11823"}],"wp:term":[{"taxonomy":"product_brand","embeddable":true,"href":"https:\/\/boreait.com\/hu\/wp-json\/wp\/v2\/product_brand?post=11823"},{"taxonomy":"product_cat","embeddable":true,"href":"https:\/\/boreait.com\/hu\/wp-json\/wp\/v2\/product_cat?post=11823"},{"taxonomy":"product_tag","embeddable":true,"href":"https:\/\/boreait.com\/hu\/wp-json\/wp\/v2\/product_tag?post=11823"}],"curies":[{"name":"wp","href":"https:\/\/api.w.org\/{rel}","templated":true}]}}