{"id":1182,"date":"2025-09-17T09:55:58","date_gmt":"2025-09-17T07:55:58","guid":{"rendered":"https:\/\/boreait.com\/hu\/?post_type=product&#038;p=1182"},"modified":"2025-09-17T09:57:33","modified_gmt":"2025-09-17T07:57:33","slug":"hp-elitebook-8570p-also-tok-641182-001-csuklotamasz-erintopad-641208-001","status":"publish","type":"product","link":"https:\/\/boreait.com\/hu\/termek\/hp-elitebook-8570p-also-tok-641182-001-csuklotamasz-erintopad-641208-001\/","title":{"rendered":"HP EliteBook 8570p als\u00f3 tok 641182-001 csukl\u00f3t\u00e1masz \u00e9rint\u0151pad 641208-001"},"content":{"rendered":"<p>A HP EliteBook 8570p 641182-001 als\u00f3 tok csukl\u00f3t\u00e1masz 641208-001 \u00e9rint\u0151paddal egy hiteles cserealkatr\u00e9sz, amelyet a HP gy\u00e1rtott, hogy megfeleljen a HP EliteBook 8570p laptopmodell specifik\u00e1ci\u00f3inak. Ez a szerelv\u00e9ny tartalmazza az als\u00f3 h\u00e1zat \u00e9s a csukl\u00f3t\u00e1maszt is be\u00e9p\u00edtett \u00e9rint\u0151paddal, \u00edgy \u00e1tfog\u00f3 megold\u00e1st jelent a s\u00e9r\u00fclt vagy elhaszn\u00e1l\u00f3dott alkatr\u00e9szek cser\u00e9j\u00e9re.<\/p>\n<p>Az als\u00f3 h\u00e1z a laptop h\u00e1z\u00e1nak elengedhetetlen r\u00e9sze, amely v\u00e9delmet \u00e9s t\u00e1mogat\u00e1st ny\u00fajt a bels\u0151 alkatr\u00e9szeknek. Biztos\u00edtja, hogy minden bels\u0151 alkatr\u00e9sz biztons\u00e1gosan r\u00f6gz\u00edtve legyen, \u00e9s v\u00e9dve legyen az esetleges s\u00e9r\u00fcl\u00e9sekt\u0151l. Ennek az eredeti HP cser\u00e9nek a haszn\u00e1lat\u00e1val a felhaszn\u00e1l\u00f3k meg\u0151rizhetik a laptop szerkezeti integrit\u00e1s\u00e1t \u00e9s meg\u0151rizhetik eredeti kialak\u00edt\u00e1s\u00e1t.<\/p>\n<p>A be\u00e9p\u00edtett \u00e9rint\u0151paddal ell\u00e1tott csukl\u00f3t\u00e1masz egy m\u00e1sik kritikus eleme ennek az \u00f6ssze\u00e1ll\u00edt\u00e1snak. Az \u00e9rint\u0151pad lehet\u0151v\u00e9 teszi a felhaszn\u00e1l\u00f3k sz\u00e1m\u00e1ra, hogy intuit\u00edv mozdulatokkal \u00e9s \u00e9rint\u00e9si bemenetekkel navig\u00e1lhassanak \u00e9s interakci\u00f3ba l\u00e9pjenek a laptop k\u00e9perny\u0151j\u00e9n. Sima \u00e9s \u00e9rz\u00e9keny teljes\u00edtm\u00e9ny\u00e9nek k\u00f6sz\u00f6nhet\u0151en a felhaszn\u00e1l\u00f3k z\u00f6kken\u0151mentesen vez\u00e9relhetik a kurzort \u00e9s a k\u00e9perny\u0151n megjelen\u0151 k\u00fcl\u00f6nf\u00e9le m\u0171veleteket.<\/p>\n<p>A kiv\u00e1l\u00f3 min\u0151s\u00e9g\u0171 anyagokb\u00f3l k\u00e9sz\u00fclt HP EliteBook 8570p 641182-001 als\u00f3 tok csukl\u00f3t\u00e1masz 641208-001 \u00e9rint\u0151paddal tart\u00f3s \u00e9s megb\u00edzhat\u00f3. Szigor\u00fa min\u0151s\u00e9g-ellen\u0151rz\u00e9si int\u00e9zked\u00e9seken megy kereszt\u00fcl, hogy megfeleljen a HP szabv\u00e1nyainak, biztos\u00edtva, hogy a felhaszn\u00e1l\u00f3k olyan term\u00e9ket kapjanak, amely optim\u00e1lisan m\u0171k\u00f6dik \u00e9s ellen\u00e1ll a napi haszn\u00e1latnak.<\/p>\n<p>Az als\u00f3 h\u00e1z \u00e9s a csukl\u00f3t\u00e1masz cser\u00e9je m\u0171szaki szak\u00e9rtelmet \u00e9s szabv\u00e1nyos szersz\u00e1mok haszn\u00e1lat\u00e1t ig\u00e9nyelheti. A HP utas\u00edt\u00e1sokat \u00e9s ir\u00e1nymutat\u00e1sokat ad a felhaszn\u00e1l\u00f3knak a cserefolyamat sor\u00e1n, megk\u00f6nny\u00edtve a sikeres \u00e9s pontos telep\u00edt\u00e9st.<\/p>\n<p>\u00d6sszefoglalva, a HP EliteBook 8570p als\u00f3 tok 641182-001 csukl\u00f3t\u00e1masz 641208-001 \u00e9rint\u0151paddal egy eredeti \u00e9s \u00e1tfog\u00f3 cseremegold\u00e1s a HP EliteBook 8570p laptophoz. Biztos\u00edtja, hogy a felhaszn\u00e1l\u00f3k meg\u0151rizz\u00e9k a laptop megjelen\u00e9s\u00e9t \u00e9s funkcionalit\u00e1s\u00e1t, \u00e9lvezve az \u00e9rint\u0151pad z\u00f6kken\u0151mentes m\u0171k\u00f6d\u00e9s\u00e9t \u00e9s a bels\u0151 alkatr\u00e9szek megb\u00edzhat\u00f3 v\u00e9delm\u00e9t. Ennek az eredeti HP alkatr\u00e9sznek a kiv\u00e1laszt\u00e1s\u00e1val a felhaszn\u00e1l\u00f3k vissza\u00e1ll\u00edthatj\u00e1k laptopjuk teljes\u00edtm\u00e9ny\u00e9t \u00e9s meghosszabb\u00edthatj\u00e1k \u00e9lettartam\u00e1t.<\/p>\n","protected":false},"excerpt":{"rendered":"<p>A HP EliteBook 8570p 641182-001 als\u00f3 tok csukl\u00f3t\u00e1masz 641208-001 \u00e9rint\u0151paddal egy eredeti cserealkatr\u00e9sz, amelyet a HP EliteBook 8570p laptopmodellhez terveztek. Ez az als\u00f3 h\u00e1z \u00e9s a csukl\u00f3t\u00e1masz kiv\u00e1l\u00f3 min\u0151s\u00e9g\u0171 anyagokb\u00f3l k\u00e9sz\u00fclt, \u00edgy tart\u00f3s \u00e9s prec\u00edz illeszked\u00e9st biztos\u00edt a laptop szerkezeti integrit\u00e1s\u00e1nak meg\u0151rz\u00e9s\u00e9hez.<\/p>\n","protected":false},"featured_media":1261,"template":"","meta":[],"product_brand":[],"product_cat":[16],"product_tag":[25],"class_list":{"0":"post-1182","1":"product","2":"type-product","3":"status-publish","4":"has-post-thumbnail","6":"product_cat-laptop-housing","7":"product_tag-hp","9":"first","10":"instock","11":"taxable","12":"shipping-taxable","13":"purchasable","14":"product-type-simple"},"_links":{"self":[{"href":"https:\/\/boreait.com\/hu\/wp-json\/wp\/v2\/product\/1182","targetHints":{"allow":["GET"]}}],"collection":[{"href":"https:\/\/boreait.com\/hu\/wp-json\/wp\/v2\/product"}],"about":[{"href":"https:\/\/boreait.com\/hu\/wp-json\/wp\/v2\/types\/product"}],"wp:featuredmedia":[{"embeddable":true,"href":"https:\/\/boreait.com\/hu\/wp-json\/wp\/v2\/media\/1261"}],"wp:attachment":[{"href":"https:\/\/boreait.com\/hu\/wp-json\/wp\/v2\/media?parent=1182"}],"wp:term":[{"taxonomy":"product_brand","embeddable":true,"href":"https:\/\/boreait.com\/hu\/wp-json\/wp\/v2\/product_brand?post=1182"},{"taxonomy":"product_cat","embeddable":true,"href":"https:\/\/boreait.com\/hu\/wp-json\/wp\/v2\/product_cat?post=1182"},{"taxonomy":"product_tag","embeddable":true,"href":"https:\/\/boreait.com\/hu\/wp-json\/wp\/v2\/product_tag?post=1182"}],"curies":[{"name":"wp","href":"https:\/\/api.w.org\/{rel}","templated":true}]}}