{"id":11809,"date":"2025-09-17T13:28:34","date_gmt":"2025-09-17T11:28:34","guid":{"rendered":"https:\/\/boreait.com\/hu\/?post_type=product&#038;p=11809"},"modified":"2025-09-17T13:30:12","modified_gmt":"2025-09-17T11:30:12","slug":"latitude-7212-robusztus-extrem-mikrofon-kabellel-eredeti-cserealkatresz","status":"publish","type":"product","link":"https:\/\/boreait.com\/hu\/termek\/latitude-7212-robusztus-extrem-mikrofon-kabellel-eredeti-cserealkatresz\/","title":{"rendered":"Latitude 7212 robusztus extr\u00e9m mikrofon k\u00e1bellel \u2013 Eredeti cserealkatr\u00e9sz"},"content":{"rendered":"<p class=\"\" data-start=\"736\" data-end=\"854\"><strong data-start=\"736\" data-end=\"854\">Latitude 7212 robusztus extr\u00e9m mikrofon k\u00e1bellel \u2013 Eredeti cserealkatr\u00e9sz a Dell Latitude 7212 robusztus t\u00e1blag\u00e9phez<\/strong><\/p>\n<p class=\"\" data-start=\"856\" data-end=\"1204\">Ha szeretn\u00e9 vissza\u00e1ll\u00edtani Dell Latitude 7212 Rugged Extreme t\u00e1blag\u00e9pe hangmin\u0151s\u00e9g\u00e9t, ez az eredeti csere <strong data-start=\"978\" data-end=\"1003\">k\u00e1beles mikrofon<\/strong> a t\u00f6k\u00e9letes megold\u00e1s. Ez a kifejezetten a Latitude 7212 modellhez tervezett alkatr\u00e9sz z\u00f6kken\u0151mentes kompatibilit\u00e1st \u00e9s kiv\u00e1l\u00f3 hangteljes\u00edtm\u00e9nyt biztos\u00edt a h\u00edv\u00e1sokhoz, a felv\u00e9telekhez \u00e9s a hangutas\u00edt\u00e1sokhoz.<\/p>\n<p class=\"\" data-start=\"1206\" data-end=\"1596\">Ak\u00e1r zord k\u00f6rnyezetben dolgozik, ak\u00e1r hib\u00e1s mikrofont kell cser\u00e9lnie, ez a <strong data-start=\"1296\" data-end=\"1317\">strapab\u00edr\u00f3 mikrofon<\/strong> \u00fagy k\u00e9sz\u00fclt, hogy ellen\u00e1lljon a napi haszn\u00e1lat kih\u00edv\u00e1sainak. Tart\u00f3ss\u00e1gra tervezt\u00e9k, megb\u00edzhat\u00f3 teljes\u00edtm\u00e9nyt ny\u00fajt a legnehezebb k\u00f6r\u00fclm\u00e9nyek k\u00f6z\u00f6tt is. A hozz\u00e1 tartoz\u00f3 <strong data-start=\"1472\" data-end=\"1481\">k\u00e1bel<\/strong> biztons\u00e1gos \u00e9s stabil kapcsolatot biztos\u00edt, ami lehet\u0151v\u00e9 teszi az egyszer\u0171 telep\u00edt\u00e9st \u00e9s a nagyobb tart\u00f3ss\u00e1got.<\/p>\n<p class=\"\" data-start=\"1598\" data-end=\"1615\"><strong data-start=\"1598\" data-end=\"1615\">F\u0151bb jellemz\u0151k:<\/strong><\/p>\n<ul data-start=\"1616\" data-end=\"2007\">\n<li class=\"\" data-start=\"1616\" data-end=\"1691\">\n<p class=\"\" data-start=\"1618\" data-end=\"1691\"><strong data-start=\"1618\" data-end=\"1646\">Eredeti cserealkatr\u00e9sz<\/strong> a Dell Latitude 7212 Rugged Extreme t\u00e1blag\u00e9phez<\/p>\n<\/li>\n<li class=\"\" data-start=\"1692\" data-end=\"1772\">\n<p class=\"\" data-start=\"1694\" data-end=\"1772\"><strong data-start=\"1694\" data-end=\"1721\">Kiv\u00e1l\u00f3 min\u0151s\u00e9g\u0171 mikrofon<\/strong>, amely tiszta hangot biztos\u00edt felv\u00e9telekhez \u00e9s h\u00edv\u00e1sokhoz<\/p>\n<\/li>\n<li class=\"\" data-start=\"1773\" data-end=\"1830\">\n<p class=\"\" data-start=\"1775\" data-end=\"1830\">Tartalmaz <strong data-start=\"1784\" data-end=\"1808\">mikrofont \u00e9s k\u00e1belt<\/strong> az egyszer\u0171 telep\u00edt\u00e9s \u00e9rdek\u00e9ben<\/p>\n<\/li>\n<li class=\"\" data-start=\"1831\" data-end=\"1906\">\n<p class=\"\" data-start=\"1833\" data-end=\"1906\">Ide\u00e1lis az eszk\u00f6z hib\u00e1san m\u0171k\u00f6d\u0151 vagy s\u00e9r\u00fclt mikrofonj\u00e1nak cser\u00e9j\u00e9hez<\/p>\n<\/li>\n<li class=\"\" data-start=\"1907\" data-end=\"1956\">\n<p class=\"\" data-start=\"1909\" data-end=\"1956\">T\u00f6k\u00e9letes zord k\u00f6rnyezetekhez \u00e9s er\u0151s ig\u00e9nybev\u00e9telhez<\/p>\n<\/li>\n<li class=\"\" data-start=\"1957\" data-end=\"2007\">\n<p class=\"\" data-start=\"1959\" data-end=\"2007\">Val\u00f3di fot\u00f3kat a t\u00e9nyleges r\u00e9szr\u0151l kapsz majd!<\/p>\n<\/li>\n<\/ul>\n<p class=\"\" data-start=\"2009\" data-end=\"2207\">K\u00e9rj\u00fck, vegye figyelembe, hogy b\u00e1r nem adunk telep\u00edt\u00e9si utas\u00edt\u00e1sokat, csapatunk sz\u00edvesen seg\u00edt b\u00e1rmilyen k\u00e9rd\u00e9sben. Tov\u00e1bbi t\u00e1mogat\u00e1s\u00e9rt vagy telep\u00edt\u00e9si \u00fatmutat\u00e1s\u00e9rt b\u00e1tran \u00edrjon nek\u00fcnk.<\/p>\n","protected":false},"excerpt":{"rendered":"<p>Friss\u00edtse Dell Latitude 7212 Rugged Extreme t\u00e1blag\u00e9p\u00e9t ezzel az eredeti cseremikrofonnal \u00e9s -k\u00e1bellel. A tart\u00f3ss\u00e1gra \u00e9s a kiv\u00e1l\u00f3 hangmin\u0151s\u00e9gre tervezett r\u00e9sz biztos\u00edtja, hogy eszk\u00f6ze mikrofonja \u00fajszer\u0171 m\u00f3don m\u0171k\u00f6dj\u00f6n, krist\u00e1lytiszta hangot biztos\u00edtva h\u00edv\u00e1sok \u00e9s felv\u00e9telek k\u00f6zben. Ide\u00e1lis azok sz\u00e1m\u00e1ra, akiknek ki kell cser\u00e9lni\u00fck az elhaszn\u00e1l\u00f3dott vagy hib\u00e1san m\u0171k\u00f6d\u0151 mikrofonjukat.<\/p>\n","protected":false},"featured_media":11874,"template":"","meta":[],"product_brand":[],"product_cat":[27],"product_tag":[],"class_list":{"0":"post-11809","1":"product","2":"type-product","3":"status-publish","4":"has-post-thumbnail","6":"product_cat-motherboards-board-parts","8":"first","9":"instock","10":"taxable","11":"shipping-taxable","12":"purchasable","13":"product-type-simple"},"_links":{"self":[{"href":"https:\/\/boreait.com\/hu\/wp-json\/wp\/v2\/product\/11809","targetHints":{"allow":["GET"]}}],"collection":[{"href":"https:\/\/boreait.com\/hu\/wp-json\/wp\/v2\/product"}],"about":[{"href":"https:\/\/boreait.com\/hu\/wp-json\/wp\/v2\/types\/product"}],"wp:featuredmedia":[{"embeddable":true,"href":"https:\/\/boreait.com\/hu\/wp-json\/wp\/v2\/media\/11874"}],"wp:attachment":[{"href":"https:\/\/boreait.com\/hu\/wp-json\/wp\/v2\/media?parent=11809"}],"wp:term":[{"taxonomy":"product_brand","embeddable":true,"href":"https:\/\/boreait.com\/hu\/wp-json\/wp\/v2\/product_brand?post=11809"},{"taxonomy":"product_cat","embeddable":true,"href":"https:\/\/boreait.com\/hu\/wp-json\/wp\/v2\/product_cat?post=11809"},{"taxonomy":"product_tag","embeddable":true,"href":"https:\/\/boreait.com\/hu\/wp-json\/wp\/v2\/product_tag?post=11809"}],"curies":[{"name":"wp","href":"https:\/\/api.w.org\/{rel}","templated":true}]}}