{"id":11808,"date":"2025-09-17T13:28:34","date_gmt":"2025-09-17T11:28:34","guid":{"rendered":"https:\/\/boreait.com\/hu\/?post_type=product&#038;p=11808"},"modified":"2025-09-17T13:30:04","modified_gmt":"2025-09-17T11:30:04","slug":"dell-latitude-7212-robusztus-extrem-bekapcsologomb-kabellel","status":"publish","type":"product","link":"https:\/\/boreait.com\/hu\/termek\/dell-latitude-7212-robusztus-extrem-bekapcsologomb-kabellel\/","title":{"rendered":"Dell Latitude 7212 robusztus extr\u00e9m bekapcsol\u00f3gomb k\u00e1bellel"},"content":{"rendered":"<p class=\"\" data-start=\"577\" data-end=\"871\">Ez a <strong data-start=\"582\" data-end=\"643\">Dell Latitude 7212 Rugged Extreme Power gomb k\u00e1bellel<\/strong> egy eredeti, kiv\u00e1l\u00f3 min\u0151s\u00e9g\u0171 cserealkatr\u00e9sz, amelyet arra terveztek, hogy vissza\u00e1ll\u00edtsa robusztus laptopja m\u0171k\u00f6d\u00e9s\u00e9t. Ha a bekapcsol\u00f3gomb megs\u00e9r\u00fcl vagy hib\u00e1san m\u0171k\u00f6dik, ez az \u00f6sszetev\u0151 a t\u00f6k\u00e9letes megold\u00e1s arra, hogy eszk\u00f6ze \u00fajszer\u0171 m\u00f3don m\u0171k\u00f6dj\u00f6n.<\/p>\n<ul data-start=\"873\" data-end=\"1479\">\n<li class=\"\" data-start=\"873\" data-end=\"1018\">\n<p class=\"\" data-start=\"875\" data-end=\"1018\"><strong data-start=\"875\" data-end=\"892\">Kompatibilit\u00e1s<\/strong>: Kifejezetten a <strong data-start=\"924\" data-end=\"961\">Dell Latitude 7212 Rugged Extreme<\/strong> modellhez k\u00e9sz\u00fclt, t\u00f6k\u00e9letes illeszked\u00e9st \u00e9s be\u00e1ll\u00edt\u00e1st biztos\u00edtva.<\/p>\n<\/li>\n<li class=\"\" data-start=\"1019\" data-end=\"1141\">\n<p class=\"\" data-start=\"1021\" data-end=\"1141\"><strong data-start=\"1021\" data-end=\"1043\">Kiv\u00e1l\u00f3 min\u0151s\u00e9g\u0171 fel\u00e9p\u00edt\u00e9s<\/strong>: Ez a k\u00e1bellel ell\u00e1tott bekapcsol\u00f3gomb eredeti alkatr\u00e9sz, kiv\u00e1l\u00f3 tart\u00f3ss\u00e1got \u00e9s teljes\u00edtm\u00e9nyt k\u00edn\u00e1l.<\/p>\n<\/li>\n<li class=\"\" data-start=\"1142\" data-end=\"1288\">\n<p class=\"\" data-start=\"1144\" data-end=\"1288\"><strong data-start=\"1144\" data-end=\"1159\">Val\u00f3di fot\u00f3k<\/strong>: A megadott fot\u00f3k a t\u00e9nylegesen megkapott r\u00e9szekr\u0151l k\u00e9sz\u00fcltek, biztos\u00edtva az \u00e1tl\u00e1that\u00f3s\u00e1got, \u00e9s seg\u00edtenek ellen\u0151rizni a term\u00e9k min\u0151s\u00e9g\u00e9t.<\/p>\n<\/li>\n<li class=\"\" data-start=\"1289\" data-end=\"1479\">\n<p class=\"\" data-start=\"1291\" data-end=\"1479\"><strong data-start=\"1291\" data-end=\"1323\">Nincs telep\u00edt\u00e9si utas\u00edt\u00e1s<\/strong>: B\u00e1r ehhez a term\u00e9khez nem mell\u00e9keltek telep\u00edt\u00e9si \u00fatmutat\u00f3t, nyugodtan forduljon hozz\u00e1nk, ha \u00fatmutat\u00e1sra vagy seg\u00edts\u00e9gre van sz\u00fcks\u00e9ge a telep\u00edt\u00e9si folyamathoz.<\/p>\n<\/li>\n<\/ul>\n<p class=\"\" data-start=\"1481\" data-end=\"1749\">Ak\u00e1r jelenlegi eszk\u00f6z\u00e9t jav\u00edtja, ak\u00e1r egy r\u00e9gebbi modellt friss\u00edt, ez a <strong data-start=\"1560\" data-end=\"1575\">laptop alkatr\u00e9sz<\/strong> n\u00e9lk\u00fcl\u00f6zhetetlen a bekapcsol\u00f3gomb m\u0171k\u00f6d\u00e9s\u00e9nek vissza\u00e1ll\u00edt\u00e1s\u00e1hoz. Gyors sz\u00e1ll\u00edt\u00e1st biztos\u00edtunk az eg\u00e9sz vil\u00e1gon, a legt\u00f6bb rendel\u00e9st gyorsan feldolgozzuk \u00e9s kisz\u00e1ll\u00edtjuk Eur\u00f3pa-szerte \u00e9s azon t\u00fal is.<\/p>\n<p class=\"\" data-start=\"1751\" data-end=\"1906\"><strong data-start=\"1751\" data-end=\"1759\">Megjegyz\u00e9s<\/strong>: Ha tov\u00e1bbi seg\u00edts\u00e9gre van sz\u00fcks\u00e9ge, ne habozzon k\u00f6zvetlen\u00fcl \u00fczenetet k\u00fcldeni nek\u00fcnk. Sz\u00edvesen seg\u00edt\u00fcnk b\u00e1rmilyen k\u00e9rd\u00e9se vagy telep\u00edt\u00e9si k\u00e9rd\u00e9se eset\u00e9n.<\/p>\n","protected":false},"excerpt":{"rendered":"<p>Friss\u00edtse vagy cser\u00e9lje ki Dell Latitude 7212 Rugged Extreme bekapcsol\u00f3gombj\u00e1t erre az eredeti alkatr\u00e9szre. Az eredeti k\u00e1bellel ez az alkatr\u00e9sz t\u00f6k\u00e9letes illeszked\u00e9st \u00e9s megb\u00edzhat\u00f3 m\u0171k\u00f6d\u00e9st biztos\u00edt, ami elengedhetetlen a laptopjav\u00edt\u00e1shoz vagy friss\u00edt\u00e9shez. Val\u00f3di term\u00e9kfot\u00f3k mell\u00e9kelve!<\/p>\n","protected":false},"featured_media":11873,"template":"","meta":[],"product_brand":[],"product_cat":[16],"product_tag":[],"class_list":{"0":"post-11808","1":"product","2":"type-product","3":"status-publish","4":"has-post-thumbnail","6":"product_cat-laptop-housing","8":"first","9":"instock","10":"taxable","11":"shipping-taxable","12":"purchasable","13":"product-type-simple"},"_links":{"self":[{"href":"https:\/\/boreait.com\/hu\/wp-json\/wp\/v2\/product\/11808","targetHints":{"allow":["GET"]}}],"collection":[{"href":"https:\/\/boreait.com\/hu\/wp-json\/wp\/v2\/product"}],"about":[{"href":"https:\/\/boreait.com\/hu\/wp-json\/wp\/v2\/types\/product"}],"wp:featuredmedia":[{"embeddable":true,"href":"https:\/\/boreait.com\/hu\/wp-json\/wp\/v2\/media\/11873"}],"wp:attachment":[{"href":"https:\/\/boreait.com\/hu\/wp-json\/wp\/v2\/media?parent=11808"}],"wp:term":[{"taxonomy":"product_brand","embeddable":true,"href":"https:\/\/boreait.com\/hu\/wp-json\/wp\/v2\/product_brand?post=11808"},{"taxonomy":"product_cat","embeddable":true,"href":"https:\/\/boreait.com\/hu\/wp-json\/wp\/v2\/product_cat?post=11808"},{"taxonomy":"product_tag","embeddable":true,"href":"https:\/\/boreait.com\/hu\/wp-json\/wp\/v2\/product_tag?post=11808"}],"curies":[{"name":"wp","href":"https:\/\/api.w.org\/{rel}","templated":true}]}}