{"id":11806,"date":"2025-09-17T13:28:34","date_gmt":"2025-09-17T11:28:34","guid":{"rendered":"https:\/\/boreait.com\/hu\/?post_type=product&#038;p=11806"},"modified":"2025-09-17T13:29:57","modified_gmt":"2025-09-17T11:29:57","slug":"dell-latitude-7212-robusztus-tablagep-micro-sd-kartyanyilas-kabel","status":"publish","type":"product","link":"https:\/\/boreait.com\/hu\/termek\/dell-latitude-7212-robusztus-tablagep-micro-sd-kartyanyilas-kabel\/","title":{"rendered":"Dell Latitude 7212 robusztus t\u00e1blag\u00e9p Micro SD k\u00e1rtyany\u00edl\u00e1s k\u00e1bel"},"content":{"rendered":"<p class=\"\" data-start=\"623\" data-end=\"1085\">Friss\u00edtse vagy cser\u00e9lje ki a <strong data-start=\"679\" data-end=\"715\">Dell Latitude 7212 robusztus t\u00e1blag\u00e9p<\/strong>ben l\u00e9v\u0151 Micro SD k\u00e1rtyany\u00edl\u00e1s k\u00e1bel\u00e9t ezzel az eredeti laptop alkatr\u00e9szrel. Ez az alapvet\u0151 komponens biztos\u00edtja az eszk\u00f6z Micro SD k\u00e1rtyany\u00edl\u00e1s\u00e1nak biztons\u00e1gos \u00e9s hat\u00e9kony csatlakoztat\u00e1s\u00e1t, lehet\u0151v\u00e9 t\u00e9ve a megb\u00edzhat\u00f3 adat\u00e1tvitelt \u00e9s a k\u00e9sz\u00fcl\u00e9k z\u00f6kken\u0151mentes m\u0171k\u00f6d\u00e9s\u00e9t. Ak\u00e1r egy hib\u00e1san m\u0171k\u00f6d\u0151 k\u00e1rtyany\u00edl\u00e1st jav\u00edt, vagy egyszer\u0171en csak friss\u00edti a megl\u00e9v\u0151 k\u00e1bel\u00e9t, ez a cserealkatr\u00e9sz garant\u00e1lja a kompatibilit\u00e1st \u00e9s a hossz\u00fa t\u00e1v\u00fa teljes\u00edtm\u00e9nyt.<\/p>\n<h4 class=\"\" data-start=\"1087\" data-end=\"1105\">F\u0151bb jellemz\u0151k:<\/h4>\n<ul data-start=\"1106\" data-end=\"1723\">\n<li class=\"\" data-start=\"1106\" data-end=\"1243\">\n<p class=\"\" data-start=\"1108\" data-end=\"1243\"><strong data-start=\"1108\" data-end=\"1126\">Kompatibilit\u00e1s:<\/strong> Kifejezetten a <strong data-start=\"1157\" data-end=\"1193\">Dell Latitude 7212-hez k\u00e9sz\u00fclt, megb\u00edzhat\u00f3 \u00e9s megb\u00edzhat\u00f3<\/strong> t\u00e1blag\u00e9phez tervezve.<\/p>\n<\/li>\n<li class=\"\" data-start=\"1244\" data-end=\"1385\">\n<p class=\"\" data-start=\"1246\" data-end=\"1385\"><strong data-start=\"1246\" data-end=\"1263\">Eredeti alkatr\u00e9sz:<\/strong> Ez egy kiv\u00e1l\u00f3 min\u0151s\u00e9g\u0171, hiteles cserek\u00e1bel, amely megfelel a Dell tart\u00f3ss\u00e1gra \u00e9s teljes\u00edtm\u00e9nyre vonatkoz\u00f3 szigor\u00fa szabv\u00e1nyainak.<\/p>\n<\/li>\n<li class=\"\" data-start=\"1386\" data-end=\"1533\">\n<p class=\"\" data-start=\"1388\" data-end=\"1533\"><strong data-start=\"1388\" data-end=\"1415\">Megb\u00edzhat\u00f3 funkcionalit\u00e1s:<\/strong> Kicser\u00e9li a Micro SD-k\u00e1rtyany\u00edl\u00e1s k\u00e1bel\u00e9t, vissza\u00e1ll\u00edtva a t\u00e1blag\u00e9p SD-k\u00e1rtyany\u00edl\u00e1s\u00e1nak z\u00f6kken\u0151mentes \u00e9s zavartalan teljes\u00edtm\u00e9ny\u00e9t.<\/p>\n<\/li>\n<li class=\"\" data-start=\"1534\" data-end=\"1723\">\n<p class=\"\" data-start=\"1536\" data-end=\"1723\"><strong data-start=\"1536\" data-end=\"1558\">Egyszer\u0171 telep\u00edt\u00e9s:<\/strong> B\u00e1r a telep\u00edt\u00e9si utas\u00edt\u00e1sokat nem tartalmazza, az alkatr\u00e9sz k\u00f6nnyen cser\u00e9lhet\u0151 a m\u0171szaki ismeretekkel rendelkez\u0151 felhaszn\u00e1l\u00f3k sz\u00e1m\u00e1ra. Tov\u00e1bbi seg\u00edts\u00e9g\u00e9rt forduljon hozz\u00e1nk bizalommal.<\/p>\n<\/li>\n<\/ul>\n<h4 class=\"\" data-start=\"1725\" data-end=\"1744\">Mi\u00e9rt v\u00e1lasszon minket?<\/h4>\n<ul data-start=\"1745\" data-end=\"2146\">\n<li class=\"\" data-start=\"1745\" data-end=\"1878\">\n<p class=\"\" data-start=\"1747\" data-end=\"1878\"><strong data-start=\"1747\" data-end=\"1763\">Val\u00f3di fot\u00f3k:<\/strong> Az adatlapon l\u00e1that\u00f3 fot\u00f3k a t\u00e9nyleges r\u00e9szr\u0151l sz\u00f3lnak, amelyet kap, \u00edgy pontosan tudja, mit v\u00e1s\u00e1rol.<\/p>\n<\/li>\n<li class=\"\" data-start=\"1879\" data-end=\"2010\">\n<p class=\"\" data-start=\"1881\" data-end=\"2010\"><strong data-start=\"1881\" data-end=\"1904\">Sz\u00e1ll\u00edt\u00e1s az eg\u00e9sz vil\u00e1gon:<\/strong> Eur\u00f3p\u00e1ba \u00e9s vil\u00e1gszerte sz\u00e1ll\u00edtunk, \u00edgy biztos\u00edtjuk, hogy a cserealkatr\u00e9szt b\u00e1rhol is megkaphassa.<\/p>\n<\/li>\n<li class=\"\" data-start=\"2011\" data-end=\"2146\">\n<p class=\"\" data-start=\"2013\" data-end=\"2146\"><strong data-start=\"2013\" data-end=\"2034\">\u00dcgyf\u00e9lszolg\u00e1lat:<\/strong> Ha b\u00e1rmilyen k\u00e9rd\u00e9se van, vagy \u00fatmutat\u00e1sra van sz\u00fcks\u00e9ge a telep\u00edt\u00e9ssel kapcsolatban, csapatunk k\u00e9szs\u00e9ggel seg\u00edt. Csak k\u00fcldj\u00f6n nek\u00fcnk \u00fczenetet!<\/p>\n<\/li>\n<\/ul>\n<p class=\"\" data-start=\"2148\" data-end=\"2404\">\u00dajra\u00e9lesztheti <strong data-start=\"2160\" data-end=\"2196\">Dell Latitude 7212 robusztus t\u00e1blag\u00e9p\u00e9t<\/strong> ezzel a <strong data-start=\"2207\" data-end=\"2207\" data-end=\"2247\" data-end=\"2247\" t\u00e1blag\u00e9ppel \u00e9s a k\u00e1rtyahely-csere n\u00e9lk\u00fcl \u00e9lvezheti a MicroSD k\u00e1rtya minden funkci\u00f3j\u00e1t<\/strong> t\u00e1rol\u00e1si ig\u00e9nyek. T\u00f6k\u00e9letes azok sz\u00e1m\u00e1ra, akiknek megb\u00edzhat\u00f3 alkatr\u00e9szre van sz\u00fcks\u00e9g\u00fck, amely garant\u00e1lja a z\u00f6kken\u0151mentes felhaszn\u00e1l\u00f3i \u00e9lm\u00e9nyt.<\/p>\n","protected":false},"excerpt":{"rendered":"<p>Cser\u00e9lje ki Dell Latitude 7212 Rugged Tablet Micro SD k\u00e1rtyany\u00edl\u00e1s k\u00e1bel\u00e9t erre a kiv\u00e1l\u00f3 min\u0151s\u00e9g\u0171, eredeti alkatr\u00e9szre. Ide\u00e1lis eszk\u00f6ze teljes funkcionalit\u00e1s\u00e1nak vissza\u00e1ll\u00edt\u00e1s\u00e1hoz, ez a k\u00e1bel megb\u00edzhat\u00f3 csatlakoz\u00e1st biztos\u00edt az SD-k\u00e1rty\u00e1hoz, \u00e9s z\u00f6kken\u0151mentes teljes\u00edtm\u00e9nyt ny\u00fajt. A f\u00e9nyk\u00e9pek pontosan azt a r\u00e9szt mutatj\u00e1k, amelyet kapsz. Tov\u00e1bbi seg\u00edts\u00e9g\u00e9rt a telep\u00edt\u00e9shez forduljon bizalommal!<\/p>\n","protected":false},"featured_media":11870,"template":"","meta":[],"product_brand":[],"product_cat":[27],"product_tag":[],"class_list":{"0":"post-11806","1":"product","2":"type-product","3":"status-publish","4":"has-post-thumbnail","6":"product_cat-motherboards-board-parts","8":"first","9":"instock","10":"taxable","11":"shipping-taxable","12":"purchasable","13":"product-type-simple"},"_links":{"self":[{"href":"https:\/\/boreait.com\/hu\/wp-json\/wp\/v2\/product\/11806","targetHints":{"allow":["GET"]}}],"collection":[{"href":"https:\/\/boreait.com\/hu\/wp-json\/wp\/v2\/product"}],"about":[{"href":"https:\/\/boreait.com\/hu\/wp-json\/wp\/v2\/types\/product"}],"wp:featuredmedia":[{"embeddable":true,"href":"https:\/\/boreait.com\/hu\/wp-json\/wp\/v2\/media\/11870"}],"wp:attachment":[{"href":"https:\/\/boreait.com\/hu\/wp-json\/wp\/v2\/media?parent=11806"}],"wp:term":[{"taxonomy":"product_brand","embeddable":true,"href":"https:\/\/boreait.com\/hu\/wp-json\/wp\/v2\/product_brand?post=11806"},{"taxonomy":"product_cat","embeddable":true,"href":"https:\/\/boreait.com\/hu\/wp-json\/wp\/v2\/product_cat?post=11806"},{"taxonomy":"product_tag","embeddable":true,"href":"https:\/\/boreait.com\/hu\/wp-json\/wp\/v2\/product_tag?post=11806"}],"curies":[{"name":"wp","href":"https:\/\/api.w.org\/{rel}","templated":true}]}}