{"id":11805,"date":"2025-09-17T13:28:34","date_gmt":"2025-09-17T11:28:34","guid":{"rendered":"https:\/\/boreait.com\/hu\/?post_type=product&#038;p=11805"},"modified":"2025-09-17T13:29:53","modified_gmt":"2025-09-17T11:29:53","slug":"latitude-7212-rugged-extreme-tablettalap-muanyag-p-n-13nj-25a0a01-1gv90","status":"publish","type":"product","link":"https:\/\/boreait.com\/hu\/termek\/latitude-7212-rugged-extreme-tablettalap-muanyag-p-n-13nj-25a0a01-1gv90\/","title":{"rendered":"Latitude 7212 Rugged Extreme tablettalap m\u0171anyag P\/N 13NJ-25A0A01 1GV90"},"content":{"rendered":"<p class=\"\" data-start=\"903\" data-end=\"1272\"><strong data-start=\"903\" data-end=\"955\">Latitude 7212 Rugged Extreme tablettalap m\u0171anyag<\/strong> (P\/N 13NJ-25A0A01, 1GV90) egy pr\u00e9mium cserealkatr\u00e9sz, amelyet kifejezetten az 1-hez terveztek. data-end=&#8221;1097&#8243;>Dell Latitude 7212 Rugged Extreme t\u00e1blag\u00e9pek<\/strong>. Ha az eszk\u00f6z alapm\u0171anyaga megs\u00e9r\u00fclt, vagy cser\u00e9re szorul, ez az alkatr\u00e9sz biztos\u00edtja, hogy t\u00e1blag\u00e9pe tov\u00e1bbra is z\u00f6kken\u0151mentesen m\u0171k\u00f6dj\u00f6n, meg\u0151rizve massz\u00edv integrit\u00e1s\u00e1t.<\/p>\n<p class=\"\" data-start=\"1274\" data-end=\"1291\"><strong data-start=\"1274\" data-end=\"1291\">F\u0151bb jellemz\u0151k:<\/strong><\/p>\n<ul data-start=\"1293\" data-end=\"1965\">\n<li class=\"\" data-start=\"1293\" data-end=\"1400\">\n<p class=\"\" data-start=\"1295\" data-end=\"1400\"><strong data-start=\"1295\" data-end=\"1312\">Kompatibilit\u00e1s<\/strong>: Ez az alapm\u0171anyag kompatibilis a <strong data-start=\"1355\" data-end=\"1399\">Dell Latitude 7212<\/strong> Ruggpt.<\/p>\n<\/li>\n<li class=\"\" data-start=\"1401\" data-end=\"1558\">\n<p class=\"\" data-start=\"1403\" data-end=\"1558\"><strong data-start=\"1403\" data-end=\"1427\">Tart\u00f3s konstrukci\u00f3<\/strong>: A kem\u00e9ny k\u00f6r\u00fclm\u00e9nyeknek is ellen\u00e1ll\u00f3 alapm\u0171anyagot zord k\u00f6rnyezetekhez tervezt\u00e9k, \u00edgy t\u00f6k\u00e9letes a nagy ig\u00e9nybev\u00e9telhez.<\/p>\n<\/li>\n<li class=\"\" data-start=\"1559\" data-end=\"1718\">\n<p class=\"\" data-start=\"1561\" data-end=\"1718\"><strong data-start=\"1561\" data-end=\"1582\">Egyszer\u0171 telep\u00edt\u00e9s<\/strong>: B\u00e1r az utas\u00edt\u00e1sokat nem tartalmazza, ha seg\u00edts\u00e9gre van sz\u00fcks\u00e9ge a telep\u00edt\u00e9shez, forduljon hozz\u00e1nk bizalommal \u2013 csapatunk \u00f6r\u00f6mmel seg\u00edt!<\/p>\n<\/li>\n<li class=\"\" data-start=\"1719\" data-end=\"1841\">\n<p class=\"\" data-start=\"1721\" data-end=\"1841\"><strong data-start=\"1721\" data-end=\"1744\">Val\u00f3di term\u00e9kfot\u00f3k<\/strong>: Az adatlapon l\u00e1that\u00f3 fot\u00f3k val\u00f3diak, \u00e9s pontosan azt mutatj\u00e1k, hogy mit kap a rendel\u00e9skor.<\/p>\n<\/li>\n<li class=\"\" data-start=\"1842\" data-end=\"1965\">\n<p class=\"\" data-start=\"1844\" data-end=\"1965\"><strong data-start=\"1844\" data-end=\"1865\">Eredeti Dell alkatr\u00e9sz<\/strong>: P\/N 13NJ-25A0A01, 1GV90 egy eredeti cserealkatr\u00e9sz, amely kiv\u00e1l\u00f3 teljes\u00edtm\u00e9nyt \u00e9s min\u0151s\u00e9get biztos\u00edt.<\/p>\n<\/li>\n<\/ul>\n<p class=\"\" data-start=\"1967\" data-end=\"2339\">Ez a r\u00e9sz elengedhetetlen \u00f6sszetev\u0151je a robusztus t\u00e1blag\u00e9p m\u0171k\u00f6d\u00e9s\u00e9nek fenntart\u00e1s\u00e1hoz. Legyen sz\u00f3 helysz\u00edni technikusr\u00f3l, katonai szem\u00e9lyzetr\u0151l vagy egyszer\u0171en a strapab\u00edr\u00f3 Latitude 7212 felhaszn\u00e1l\u00f3j\u00e1r\u00f3l, profit\u00e1lni fog az alkatr\u00e9sz ny\u00fajtotta tart\u00f3ss\u00e1gb\u00f3l \u00e9s min\u0151s\u00e9gb\u0151l. Vil\u00e1gszerte sz\u00e1ll\u00edtunk, \u00edgy b\u00e1rhol is van, ezt a cserealkatr\u00e9szt k\u00f6zvetlen\u00fcl az ajt\u00f3hoz sz\u00e1ll\u00edthatja.<\/p>\n","protected":false},"excerpt":{"rendered":"<p>Ez a <strong data-start=\"339\" data-end=\"391\">Latitude 7212 Rugged Extreme Tablet Base Plastic<\/strong> (P\/N 13NJ-25A0A01, 1GV90) egy eredeti cserealkatr\u00e9sz, amelyet a Dell robusztus t\u00e1blag\u00e9p-sorozat\u00e1hoz terveztek. Tart\u00f3ss\u00e1gra tervezt\u00e9k, t\u00f6k\u00e9letes illeszked\u00e9st \u00e9s megb\u00edzhat\u00f3 teljes\u00edtm\u00e9nyt biztos\u00edtva. Ak\u00e1r megs\u00e9r\u00fclt alapot jav\u00edt, ak\u00e1r eszk\u00f6z\u00e9t friss\u00edti, ez az alkatr\u00e9sz elengedhetetlen a massz\u00edv t\u00e1blag\u00e9p m\u0171k\u00f6d\u00e9s\u00e9nek fenntart\u00e1s\u00e1hoz. A <strong data-start=\"736\" data-end=\"775\">Latitude 7212 Rugged Extreme Tablet<\/strong>tel kompatibilis ez az alapm\u0171anyag \u00fagy k\u00e9sz\u00fclt, hogy ellen\u00e1lljon a zord k\u00f6rnyezetnek \u00e9s a napi haszn\u00e1latnak.<\/p>\n","protected":false},"featured_media":11868,"template":"","meta":[],"product_brand":[],"product_cat":[16],"product_tag":[],"class_list":{"0":"post-11805","1":"product","2":"type-product","3":"status-publish","4":"has-post-thumbnail","6":"product_cat-laptop-housing","8":"first","9":"instock","10":"taxable","11":"shipping-taxable","12":"purchasable","13":"product-type-simple"},"_links":{"self":[{"href":"https:\/\/boreait.com\/hu\/wp-json\/wp\/v2\/product\/11805","targetHints":{"allow":["GET"]}}],"collection":[{"href":"https:\/\/boreait.com\/hu\/wp-json\/wp\/v2\/product"}],"about":[{"href":"https:\/\/boreait.com\/hu\/wp-json\/wp\/v2\/types\/product"}],"wp:featuredmedia":[{"embeddable":true,"href":"https:\/\/boreait.com\/hu\/wp-json\/wp\/v2\/media\/11868"}],"wp:attachment":[{"href":"https:\/\/boreait.com\/hu\/wp-json\/wp\/v2\/media?parent=11805"}],"wp:term":[{"taxonomy":"product_brand","embeddable":true,"href":"https:\/\/boreait.com\/hu\/wp-json\/wp\/v2\/product_brand?post=11805"},{"taxonomy":"product_cat","embeddable":true,"href":"https:\/\/boreait.com\/hu\/wp-json\/wp\/v2\/product_cat?post=11805"},{"taxonomy":"product_tag","embeddable":true,"href":"https:\/\/boreait.com\/hu\/wp-json\/wp\/v2\/product_tag?post=11805"}],"curies":[{"name":"wp","href":"https:\/\/api.w.org\/{rel}","templated":true}]}}