{"id":11804,"date":"2025-09-17T13:28:34","date_gmt":"2025-09-17T11:28:34","guid":{"rendered":"https:\/\/boreait.com\/hu\/?post_type=product&#038;p=11804"},"modified":"2025-09-17T13:29:49","modified_gmt":"2025-09-17T11:29:49","slug":"dell-latitude-7212-robusztus-alaplap-i5-6300u-cpu-val","status":"publish","type":"product","link":"https:\/\/boreait.com\/hu\/termek\/dell-latitude-7212-robusztus-alaplap-i5-6300u-cpu-val\/","title":{"rendered":"Dell Latitude 7212 robusztus alaplap i5-6300U CPU-val"},"content":{"rendered":"<p class=\"\" data-start=\"741\" data-end=\"1051\">Friss\u00edtse vagy cser\u00e9lje ki Dell Latitude 7212 Rugged laptopja alaplapj\u00e1t ezzel az eredeti, kiv\u00e1l\u00f3 min\u0151s\u00e9g\u0171 <strong data-start=\"844\" data-end=\"886\">4041M Latitude 7212 Rugged alaplappal, vagy cser\u00e9lje ki ezt a <strong>0 adatot&#8221;0&#8243; data-end=&#8221;916&#8243;>i5-6300U CPU<\/strong>. Ez a cserealaplap biztos\u00edtja, hogy laptopja visszat\u00e9rjen teljes funkcionalit\u00e1s\u00e1hoz, \u00e9s megb\u00edzhat\u00f3 teljes\u00edtm\u00e9nyt ny\u00fajt az ig\u00e9nyes feladatokhoz.<\/p>\n<p class=\"\" data-start=\"1053\" data-end=\"1388\">Az <strong data-start=\"1057\" data-end=\"1073\">i5-6300U CPU<\/strong> a hat\u00e9konys\u00e1g \u00e9s a teljes\u00edtm\u00e9ny egyens\u00faly\u00e1t biztos\u00edtja, \u00edgy ide\u00e1lis a mindennapi sz\u00e1m\u00edt\u00e1stechnik\u00e1hoz, \u00fczleti feladatokhoz vagy ak\u00e1r massz\u00edv k\u00fclt\u00e9ri munkak\u00f6rnyezetekhez. Ezt az alaplapot kifejezetten a Latitude 7212 robusztus sorozathoz tervezt\u00e9k, \u00e9s \u00fagy tervezt\u00e9k, hogy ellen\u00e1lljon a kem\u00e9nyebb k\u00f6r\u00fclm\u00e9nyeknek, bele\u00e9rtve az extr\u00e9m h\u0151m\u00e9rs\u00e9kleteket, es\u00e9seket \u00e9s rezg\u00e9seket.<\/p>\n<p class=\"\" data-start=\"1390\" data-end=\"1576\">Ak\u00e1r technikus, ak\u00e1r v\u00e9gfelhaszn\u00e1l\u00f3, aki \u00fajj\u00e1\u00e9leszteni szeretn\u00e9 Latitude 7212 k\u00e9sz\u00fcl\u00e9k\u00e9t, ez az alaplap t\u00f6k\u00e9letesen illeszkedik. <strong data-start=\"1506\" data-end=\"1576\">A megjelen\u00edtett fot\u00f3k val\u00f3s k\u00e9pek a t\u00e9nylegesen megkapott alkatr\u00e9szekr\u0151l.<\/strong><\/p>\n<p class=\"\" data-start=\"1578\" data-end=\"1599\"><strong data-start=\"1578\" data-end=\"1599\">Term\u00e9kjellemz\u0151k:<\/strong><\/p>\n<ul data-start=\"1600\" data-end=\"1975\">\n<li class=\"\" data-start=\"1600\" data-end=\"1659\">\n<p class=\"\" data-start=\"1602\" data-end=\"1659\"><strong data-start=\"1602\" data-end=\"1625\">Modell kompatibilit\u00e1s<\/strong>: Dell Latitude 7212 robusztus sorozat<\/p>\n<\/li>\n<li class=\"\" data-start=\"1660\" data-end=\"1716\">\n<p class=\"\" data-start=\"1662\" data-end=\"1716\"><strong data-start=\"1662\" data-end=\"1675\">Processzor<\/strong>: Intel Core i5-6300U (2,4 GHz, 3M gyors\u00edt\u00f3t\u00e1r)<\/p>\n<\/li>\n<li class=\"\" data-start=\"1717\" data-end=\"1789\">\n<p class=\"\" data-start=\"1719\" data-end=\"1789\"><strong data-start=\"1719\" data-end=\"1732\">\u00c1llapot<\/strong>: Tesztelve, fel\u00faj\u00edtva \u00e9s kiv\u00e1l\u00f3an m\u0171k\u00f6d\u0151 \u00e1llapotban<\/p>\n<\/li>\n<li class=\"\" data-start=\"1790\" data-end=\"1845\">\n<p class=\"\" data-start=\"1792\" data-end=\"1845\"><strong data-start=\"1792\" data-end=\"1812\">Eredeti OEM-alkatr\u00e9sz<\/strong>: Eredeti Dell cserealkatr\u00e9sz<\/p>\n<\/li>\n<li class=\"\" data-start=\"1846\" data-end=\"1900\">\n<p class=\"\" data-start=\"1848\" data-end=\"1900\"><strong data-start=\"1848\" data-end=\"1862\">Tart\u00f3ss\u00e1g<\/strong>: Robusztus, neh\u00e9z k\u00f6rnyezetekhez k\u00e9sz\u00fclt<\/p>\n<\/li>\n<li class=\"\" data-start=\"1901\" data-end=\"1975\">\n<p class=\"\" data-start=\"1903\" data-end=\"1975\"><strong data-start=\"1903\" data-end=\"1920\">Kompatibilit\u00e1s<\/strong>: S\u00e9r\u00fclt vagy hib\u00e1s alaplapok k\u00f6zvetlen cser\u00e9je<\/p>\n<\/li>\n<\/ul>\n<p class=\"\" data-start=\"1977\" data-end=\"2087\">Ha b\u00e1rmilyen k\u00e9rd\u00e9se van a telep\u00edt\u00e9ssel vagy a kompatibilit\u00e1ssal kapcsolatban, forduljon bizalommal. Az\u00e9rt vagyunk itt, hogy seg\u00edts\u00fcnk!<\/p>\n<p class=\"\" data-start=\"2089\" data-end=\"2263\"><strong data-start=\"2089\" data-end=\"2108\">Fontos megjegyz\u00e9s:<\/strong> Az alaplap cser\u00e9j\u00e9hez nem adunk utas\u00edt\u00e1sokat, de sz\u00edvesen seg\u00edt\u00fcnk b\u00e1rmilyen telep\u00edt\u00e9si k\u00e9rd\u00e9sben vagy probl\u00e9ma eset\u00e9n \u00fczenetben.<\/p>\n","protected":false},"excerpt":{"rendered":"<p>Ez az eredeti Dell Latitude 7212 strapab\u00edr\u00f3 alaplap nagy teljes\u00edtm\u00e9ny\u0171 i5-6300U CPU-val \u00e9rkezik. Ide\u00e1lis a hib\u00e1s vagy s\u00e9r\u00fclt alaplapok cser\u00e9j\u00e9hez, megb\u00edzhat\u00f3 teljes\u00edtm\u00e9nyt \u00e9s tart\u00f3ss\u00e1got k\u00edn\u00e1l laptopja sz\u00e1m\u00e1ra. <strong data-start=\"543\" data-end=\"567\">Val\u00f3di fot\u00f3k mell\u00e9kelve<\/strong>, hogy pontosan megmutass\u00e1k, melyik r\u00e9szt kapja meg. \u00cdrjon nek\u00fcnk, ha seg\u00edts\u00e9gre van sz\u00fcks\u00e9ge a telep\u00edt\u00e9ssel vagy kompatibilit\u00e1si k\u00e9rd\u00e9sekkel kapcsolatban.<\/p>\n","protected":false},"featured_media":11866,"template":"","meta":[],"product_brand":[],"product_cat":[27],"product_tag":[],"class_list":{"0":"post-11804","1":"product","2":"type-product","3":"status-publish","4":"has-post-thumbnail","6":"product_cat-motherboards-board-parts","8":"first","9":"instock","10":"taxable","11":"shipping-taxable","12":"purchasable","13":"product-type-simple"},"_links":{"self":[{"href":"https:\/\/boreait.com\/hu\/wp-json\/wp\/v2\/product\/11804","targetHints":{"allow":["GET"]}}],"collection":[{"href":"https:\/\/boreait.com\/hu\/wp-json\/wp\/v2\/product"}],"about":[{"href":"https:\/\/boreait.com\/hu\/wp-json\/wp\/v2\/types\/product"}],"wp:featuredmedia":[{"embeddable":true,"href":"https:\/\/boreait.com\/hu\/wp-json\/wp\/v2\/media\/11866"}],"wp:attachment":[{"href":"https:\/\/boreait.com\/hu\/wp-json\/wp\/v2\/media?parent=11804"}],"wp:term":[{"taxonomy":"product_brand","embeddable":true,"href":"https:\/\/boreait.com\/hu\/wp-json\/wp\/v2\/product_brand?post=11804"},{"taxonomy":"product_cat","embeddable":true,"href":"https:\/\/boreait.com\/hu\/wp-json\/wp\/v2\/product_cat?post=11804"},{"taxonomy":"product_tag","embeddable":true,"href":"https:\/\/boreait.com\/hu\/wp-json\/wp\/v2\/product_tag?post=11804"}],"curies":[{"name":"wp","href":"https:\/\/api.w.org\/{rel}","templated":true}]}}