{"id":11803,"date":"2025-09-17T13:28:34","date_gmt":"2025-09-17T11:28:34","guid":{"rendered":"https:\/\/boreait.com\/hu\/?post_type=product&#038;p=11803"},"modified":"2025-09-17T13:29:47","modified_gmt":"2025-09-17T11:29:47","slug":"dell-latitude-7212-robusztus-extrem-egyenaramu-csatlakozokabel-eredeti-laptop-cserealkatresz","status":"publish","type":"product","link":"https:\/\/boreait.com\/hu\/termek\/dell-latitude-7212-robusztus-extrem-egyenaramu-csatlakozokabel-eredeti-laptop-cserealkatresz\/","title":{"rendered":"Dell Latitude 7212 robusztus, extr\u00e9m egyen\u00e1ram\u00fa csatlakoz\u00f3k\u00e1bel \u2013 eredeti laptop cserealkatr\u00e9sz"},"content":{"rendered":"<p class=\"\" data-start=\"579\" data-end=\"851\">Gy\u0151z\u0151dj\u00f6n meg arr\u00f3l, hogy <strong data-start=\"591\" data-end=\"628\">Dell Latitude 7212 Rugged Extreme<\/strong> laptopja ism\u00e9t z\u00f6kken\u0151mentesen m\u0171k\u00f6dik ezzel az <strong data-start=\"666\" data-end=\"703\"\">eredeti DC-csatlakoz\u00f3val. Ha eszk\u00f6z\u00e9nek gondjai vannak a t\u00e1pcsatlakoz\u00e1s fenntart\u00e1s\u00e1val, vagy az egyen\u00e1ram\u00fa aljzat megs\u00e9r\u00fclt, ez a cserealkatr\u00e9sz pontosan az, amire sz\u00fcks\u00e9ge van.<\/p>\n<p class=\"\" data-start=\"853\" data-end=\"1227\">Ez a kiv\u00e1l\u00f3 min\u0151s\u00e9g\u0171 anyagokb\u00f3l k\u00e9sz\u00fclt k\u00e1bel t\u00f6k\u00e9letes illeszked\u00e9st \u00e9s optim\u00e1lis \u00e1ramell\u00e1t\u00e1st biztos\u00edt eszk\u00f6ze sz\u00e1m\u00e1ra. A <strong data-start=\"978\" data-end=\"1000\">Dell Latitude 7212<\/strong> strapab\u00edr\u00f3 k\u00f6rnyezetekhez k\u00e9sz\u00fclt, \u00e9s ez a cserealkatr\u00e9sz megfelel ennek a tart\u00f3ss\u00e1gi szintnek. Ak\u00e1r egy elhaszn\u00e1l\u00f3dott aljzatot cser\u00e9l, ak\u00e1r a rendszert a legjobb \u00e1llapotban tartja, ez a k\u00e1bel helyre\u00e1ll\u00edtja a megb\u00edzhat\u00f3 teljes\u00edtm\u00e9nyt.<\/p>\n<p class=\"\" data-start=\"1229\" data-end=\"1249\"><strong data-start=\"1229\" data-end=\"1249\">Fontos megjegyz\u00e9sek:<\/strong><\/p>\n<ul data-start=\"1250\" data-end=\"1436\">\n<li class=\"\" data-start=\"1250\" data-end=\"1336\">\n<p class=\"\" data-start=\"1252\" data-end=\"1336\">Ez a term\u00e9k val\u00f3s, j\u00f3 min\u0151s\u00e9g\u0171 f\u00e9nyk\u00e9peket tartalmaz azokr\u00f3l az alkatr\u00e9szekr\u0151l, amelyeket pontosan fog kapni.<\/p>\n<\/li>\n<li class=\"\" data-start=\"1337\" data-end=\"1436\">\n<p class=\"\" data-start=\"1339\" data-end=\"1436\">Nem tartalmaz utas\u00edt\u00e1sokat, de ha \u00fatmutat\u00e1sra van sz\u00fcks\u00e9ge, b\u00e1tran forduljon seg\u00edts\u00e9g\u00e9rt.<\/p>\n<\/li>\n<\/ul>\n<p class=\"\" data-start=\"1438\" data-end=\"1707\">Ak\u00e1r jelenlegi laptopj\u00e1t jav\u00edtja, ak\u00e1r egy extra alkatr\u00e9szt tart k\u00e9zn\u00e9l, ez a <strong data-start=\"1522\" data-end=\"1537\">laptop alkatr\u00e9sz<\/strong> elengedhetetlen a <strong data-start=\"1572\" Latitude\"09\">7=&#8221;16 Latitude&#8221; data-end=&#8221;2. Extr\u00e9m<\/strong>es, kiv\u00e1l\u00f3 \u00e1llapotban. Az eszk\u00f6z\u00e9vel kompatibilis, minden alkalommal z\u00f6kken\u0151mentes t\u00e1pell\u00e1t\u00e1st biztos\u00edt.<\/p>\n<p class=\"\" data-start=\"1709\" data-end=\"1817\">Friss\u00edtse <strong data-start=\"1722\" data-end=\"1738\">laptop r\u00e9szeit<\/strong> m\u00e9g ma, \u00e9s tartsa <strong data-start=\"1759\" data-end=\"1796\">Dell Latitude 7212<\/strong>treme Rugged Ex.<\/p>\n","protected":false},"excerpt":{"rendered":"<p>Ez az eredeti <strong data-start=\"290\" data-end=\"341\">Dell Latitude 7212 Rugged Extreme DC Jack k\u00e1bel<\/strong> a t\u00f6k\u00e9letes cserealkatr\u00e9sz a laptop t\u00e1pell\u00e1t\u00e1s\u00e1nak helyre\u00e1ll\u00edt\u00e1s\u00e1hoz. Tart\u00f3ss\u00e1gra \u00e9s pontoss\u00e1gra tervezve megb\u00edzhat\u00f3 csatlakoz\u00e1st biztos\u00edt a hosszan tart\u00f3 teljes\u00edtm\u00e9ny \u00e9rdek\u00e9ben.<\/p>\n","protected":false},"featured_media":11865,"template":"","meta":[],"product_brand":[],"product_cat":[20],"product_tag":[],"class_list":{"0":"post-11803","1":"product","2":"type-product","3":"status-publish","4":"has-post-thumbnail","6":"product_cat-cables","8":"first","9":"instock","10":"taxable","11":"shipping-taxable","12":"purchasable","13":"product-type-simple"},"_links":{"self":[{"href":"https:\/\/boreait.com\/hu\/wp-json\/wp\/v2\/product\/11803","targetHints":{"allow":["GET"]}}],"collection":[{"href":"https:\/\/boreait.com\/hu\/wp-json\/wp\/v2\/product"}],"about":[{"href":"https:\/\/boreait.com\/hu\/wp-json\/wp\/v2\/types\/product"}],"wp:featuredmedia":[{"embeddable":true,"href":"https:\/\/boreait.com\/hu\/wp-json\/wp\/v2\/media\/11865"}],"wp:attachment":[{"href":"https:\/\/boreait.com\/hu\/wp-json\/wp\/v2\/media?parent=11803"}],"wp:term":[{"taxonomy":"product_brand","embeddable":true,"href":"https:\/\/boreait.com\/hu\/wp-json\/wp\/v2\/product_brand?post=11803"},{"taxonomy":"product_cat","embeddable":true,"href":"https:\/\/boreait.com\/hu\/wp-json\/wp\/v2\/product_cat?post=11803"},{"taxonomy":"product_tag","embeddable":true,"href":"https:\/\/boreait.com\/hu\/wp-json\/wp\/v2\/product_tag?post=11803"}],"curies":[{"name":"wp","href":"https:\/\/api.w.org\/{rel}","templated":true}]}}