{"id":11802,"date":"2025-09-17T13:28:33","date_gmt":"2025-09-17T11:28:33","guid":{"rendered":"https:\/\/boreait.com\/hu\/?post_type=product&#038;p=11802"},"modified":"2025-09-17T13:29:43","modified_gmt":"2025-09-17T11:29:43","slug":"dell-latitude-7212-rugged-extreme-micro-sd-kartyanyilas-kabel-0801-6dl3e00","status":"publish","type":"product","link":"https:\/\/boreait.com\/hu\/termek\/dell-latitude-7212-rugged-extreme-micro-sd-kartyanyilas-kabel-0801-6dl3e00\/","title":{"rendered":"Dell Latitude 7212 Rugged Extreme Micro SD k\u00e1rtyany\u00edl\u00e1s k\u00e1bel 0801-6DL3E00"},"content":{"rendered":"<p class=\"\" data-start=\"908\" data-end=\"1400\">A <strong data-start=\"912\" data-end=\"974\">Dell Latitude 7212 Rugged Extreme Micro SD k\u00e1rtyany\u00edl\u00e1s k\u00e1bele<\/strong> (cikksz\u00e1m: <strong data-start=\"988\" data-end=\"1004\">DL080 a 01-6&#8243;>DL03 elengedhetetlen cserealkatr\u00e9sze) <strong data-start=\"1047\" data-end=\"1084\">Dell Latitude 7212 Rugged Extreme<\/strong> sorozat, amelyet kifejezetten a micro SD-k\u00e1rtyany\u00edl\u00e1s m\u0171k\u00f6d\u0151k\u00e9pess\u00e9g\u00e9nek helyre\u00e1ll\u00edt\u00e1s\u00e1ra terveztek. Ak\u00e1r s\u00e9r\u00fclt slotot jav\u00edt, ak\u00e1r megl\u00e9v\u0151 k\u00e1bel\u00e9t friss\u00edti, ez az eredeti Dell alkatr\u00e9sz megb\u00edzhat\u00f3 \u00e9s z\u00f6kken\u0151mentes adat\u00e1tvitelt biztos\u00edt, \u00edgy ide\u00e1lis v\u00e1laszt\u00e1s azok sz\u00e1m\u00e1ra, akik laptopjuk teljes\u00edtm\u00e9ny\u00e9t szeretn\u00e9k vissza\u00e1ll\u00edtani.<\/p>\n<h3 class=\"\" data-start=\"1402\" data-end=\"1419\">F\u0151bb jellemz\u0151k:<\/h3>\n<ul data-start=\"1420\" data-end=\"1767\">\n<li class=\"\" data-start=\"1420\" data-end=\"1483\">\n<p class=\"\" data-start=\"1422\" data-end=\"1483\"><strong data-start=\"1422\" data-end=\"1475\">Kompatibilis a Dell Latitude 7212 Rugged Extreme<\/strong> modellekkel.<\/p>\n<\/li>\n<li class=\"\" data-start=\"1484\" data-end=\"1516\">\n<p class=\"\" data-start=\"1486\" data-end=\"1516\"><strong data-start=\"1486\" data-end=\"1501\">Alkatr\u00e9szsz\u00e1m<\/strong>: 0801-6DL3E00.<\/p>\n<\/li>\n<li class=\"\" data-start=\"1517\" data-end=\"1589\">\n<p class=\"\" data-start=\"1519\" data-end=\"1589\"><strong data-start=\"1519\" data-end=\"1552\">Eredeti Dell cserealkatr\u00e9sz<\/strong> a kiv\u00e1l\u00f3 min\u0151s\u00e9g \u00e9s tart\u00f3ss\u00e1g \u00e9rdek\u00e9ben.<\/p>\n<\/li>\n<li class=\"\" data-start=\"1590\" data-end=\"1684\">\n<p class=\"\" data-start=\"1592\" data-end=\"1684\">T\u00f6k\u00e9letes a <strong data-start=\"1604\" data-end=\"1630\">jav\u00edt\u00e1sra vagy cser\u00e9re<\/strong> hib\u00e1san m\u0171k\u00f6d\u0151 vagy s\u00e9r\u00fclt micro SD k\u00e1rtyany\u00edl\u00e1s k\u00e1bele.<\/p>\n<\/li>\n<li class=\"\" data-start=\"1685\" data-end=\"1764\">\n<p class=\"\" data-start=\"1687\" data-end=\"1764\">Megb\u00edzhat\u00f3 \u00e9s tart\u00f3s teljes\u00edtm\u00e9ny az adatokhoz val\u00f3 z\u00f6kken\u0151mentes hozz\u00e1f\u00e9r\u00e9s \u00e9rdek\u00e9ben.<\/p>\n<\/li>\n<\/ul>\n<p class=\"\" data-start=\"1768\" data-end=\"2028\">Ezt a kiv\u00e1l\u00f3 min\u0151s\u00e9g\u0171 alkatr\u00e9szt hiteless\u00e9g t\u00e1masztja al\u00e1, \u00edgy a laptop micro SD k\u00e1rtyany\u00edl\u00e1s k\u00e1bel\u00e9nek cser\u00e9jekor sz\u00fcks\u00e9ges nyugalmat biztos\u00edtja. A lista val\u00f3di f\u00e9nyk\u00e9peket tartalmaz a t\u00e9nylegesen megkapott alkatr\u00e9szr\u0151l, biztos\u00edtva az \u00e1tl\u00e1that\u00f3s\u00e1got \u00e9s a v\u00e1s\u00e1rl\u00e1sba vetett bizalmat.<\/p>\n<h3 class=\"\" data-start=\"2030\" data-end=\"2094\">Mi\u00e9rt v\u00e1lassza ezt a Dell Latitude 7212 Micro SD k\u00e1rtyany\u00edl\u00e1s k\u00e1belt?<\/h3>\n<ul data-start=\"2095\" data-end=\"2547\">\n<li class=\"\" data-start=\"2095\" data-end=\"2273\">\n<p class=\"\" data-start=\"2097\" data-end=\"2273\"><strong data-start=\"2097\" data-end=\"2118\">Eredeti Dell-alkatr\u00e9sz<\/strong>: Az \u00e1ltal\u00e1nos alternat\u00edv\u00e1kkal ellent\u00e9tben ezt a k\u00e1belt kifejezetten az \u00d6n laptopj\u00e1hoz tervezt\u00e9k \u00e9s gy\u00e1rtott\u00e1k, biztos\u00edtva, hogy megfeleljen a Dell term\u00e9kek magas k\u00f6vetelm\u00e9nyeinek.<\/p>\n<\/li>\n<li class=\"\" data-start=\"2274\" data-end=\"2417\">\n<p class=\"\" data-start=\"2276\" data-end=\"2417\"><strong data-start=\"2276\" data-end=\"2305\">Kiv\u00e1l\u00f3 min\u0151s\u00e9g\u0171 konstrukci\u00f3<\/strong>: A tart\u00f3s anyagokb\u00f3l k\u00e9sz\u00fclt k\u00e1bel megb\u00edzhat\u00f3 teljes\u00edtm\u00e9nyt biztos\u00edt m\u00e9g neh\u00e9z k\u00f6r\u00fclm\u00e9nyek k\u00f6z\u00f6tt is.<\/p>\n<\/li>\n<li class=\"\" data-start=\"2418\" data-end=\"2547\">\n<p class=\"\" data-start=\"2420\" data-end=\"2547\"><strong data-start=\"2420\" data-end=\"2442\">Sz\u00e1ll\u00edt\u00e1s az eg\u00e9sz vil\u00e1gon<\/strong>: \u00dcgyfeleinket Eur\u00f3pa-szerte \u00e9s vil\u00e1gszerte szolg\u00e1ljuk ki, gyors \u00e9s biztons\u00e1gos sz\u00e1ll\u00edt\u00e1st biztos\u00edtunk az \u00d6n ig\u00e9nyeinek megfelel\u0151en.<\/p>\n<\/li>\n<\/ul>\n<p class=\"\" data-start=\"2549\" data-end=\"2737\">Ha tov\u00e1bbi seg\u00edts\u00e9gre vagy \u00fatmutat\u00e1sra van sz\u00fcks\u00e9ge az alkatr\u00e9sz telep\u00edt\u00e9s\u00e9vel kapcsolatban, ne habozzon, \u00edrjon nek\u00fcnk. Az\u00e9rt vagyunk itt, hogy seg\u00edts\u00fcnk, \u00e9s biztos\u00edtsuk, hogy laptopja \u00fajszer\u0171 m\u00f3don m\u0171k\u00f6dj\u00f6n!<\/p>\n","protected":false},"excerpt":{"rendered":"<p>Ez az eredeti <strong data-start=\"335\" data-end=\"397\">Dell Latitude 7212 Rugged Extreme Micro SD-k\u00e1rtyany\u00edl\u00e1s-k\u00e1bel<\/strong> (cikksz\u00e1m: <strong data-start=\"411\" data-end=\"427\">0801-6DL3E00<\/strong>) t\u00f6k\u00e9letes helyettes\u00edti laptopja SD-k\u00e1rtyany\u00edl\u00e1sait. Kiv\u00e1l\u00f3 min\u0151s\u00e9g\u0171 anyagokb\u00f3l k\u00e9sz\u00fclt, megb\u00edzhat\u00f3 funkcionalit\u00e1st biztos\u00edt k\u00e9sz\u00fcl\u00e9ke sz\u00e1m\u00e1ra, z\u00f6kken\u0151mentes adathozz\u00e1f\u00e9r\u00e9st biztos\u00edtva. Ide\u00e1lis jav\u00edt\u00e1shoz vagy friss\u00edt\u00e9shez, ez a k\u00e1bel k\u00f6telez\u0151 mindenkinek, aki szeretn\u00e9 helyre\u00e1ll\u00edtani vagy jav\u00edtani laptopja teljes\u00edtm\u00e9ny\u00e9t. <em data-start=\"738\" data-end=\"793\">Megjegyz\u00e9s: A fot\u00f3k pontosan azt a r\u00e9szt k\u00e9pviselik, amelyet kapni fog.<\/em> Ha telep\u00edt\u00e9si seg\u00edts\u00e9gre van sz\u00fcks\u00e9ge, forduljon bizalommal!<\/p>\n","protected":false},"featured_media":11854,"template":"","meta":[],"product_brand":[],"product_cat":[27],"product_tag":[],"class_list":{"0":"post-11802","1":"product","2":"type-product","3":"status-publish","4":"has-post-thumbnail","6":"product_cat-motherboards-board-parts","8":"first","9":"instock","10":"taxable","11":"shipping-taxable","12":"purchasable","13":"product-type-simple"},"_links":{"self":[{"href":"https:\/\/boreait.com\/hu\/wp-json\/wp\/v2\/product\/11802","targetHints":{"allow":["GET"]}}],"collection":[{"href":"https:\/\/boreait.com\/hu\/wp-json\/wp\/v2\/product"}],"about":[{"href":"https:\/\/boreait.com\/hu\/wp-json\/wp\/v2\/types\/product"}],"wp:featuredmedia":[{"embeddable":true,"href":"https:\/\/boreait.com\/hu\/wp-json\/wp\/v2\/media\/11854"}],"wp:attachment":[{"href":"https:\/\/boreait.com\/hu\/wp-json\/wp\/v2\/media?parent=11802"}],"wp:term":[{"taxonomy":"product_brand","embeddable":true,"href":"https:\/\/boreait.com\/hu\/wp-json\/wp\/v2\/product_brand?post=11802"},{"taxonomy":"product_cat","embeddable":true,"href":"https:\/\/boreait.com\/hu\/wp-json\/wp\/v2\/product_cat?post=11802"},{"taxonomy":"product_tag","embeddable":true,"href":"https:\/\/boreait.com\/hu\/wp-json\/wp\/v2\/product_tag?post=11802"}],"curies":[{"name":"wp","href":"https:\/\/api.w.org\/{rel}","templated":true}]}}