{"id":11789,"date":"2025-09-17T13:28:12","date_gmt":"2025-09-17T11:28:12","guid":{"rendered":"https:\/\/boreait.com\/hu\/?post_type=product&#038;p=11789"},"modified":"2025-09-17T13:29:34","modified_gmt":"2025-09-17T11:29:34","slug":"dell-latitude-7202-hatso-kameramodul-03f0gk-eredeti-cserealkatreszek-a-laptopokhoz","status":"publish","type":"product","link":"https:\/\/boreait.com\/hu\/termek\/dell-latitude-7202-hatso-kameramodul-03f0gk-eredeti-cserealkatreszek-a-laptopokhoz\/","title":{"rendered":"Dell Latitude 7202 h\u00e1ts\u00f3 kameramodul 03F0GK \u2013 Eredeti cserealkatr\u00e9szek a laptopokhoz"},"content":{"rendered":"<p class=\"\" data-start=\"781\" data-end=\"883\"><strong data-start=\"781\" data-end=\"883\">Dell Latitude 7202 h\u00e1ts\u00f3 kameramodul (cikksz\u00e1m: 03F0GK) \u2013 Kiv\u00e1l\u00f3 min\u0151s\u00e9g\u0171 laptop cserealkatr\u00e9sz<\/strong><\/p>\n<p class=\"\" data-start=\"885\" data-end=\"1244\">Megb\u00edzhat\u00f3 <strong data-start=\"908\" data-end=\"961\">Dell Latitude 7202 h\u00e1ts\u00f3 kameramodul cser\u00e9t keres<\/strong>? Ez az eredeti <strong data-start=\"976\" data-end=\"986\">03F0GK<\/strong> kameramodul a t\u00f6k\u00e9letes megold\u00e1s a Dell laptop h\u00e1ts\u00f3 kamera funkci\u00f3inak vissza\u00e1ll\u00edt\u00e1s\u00e1ra. Ak\u00e1r megs\u00e9r\u00fclt, ak\u00e1r hib\u00e1san m\u0171k\u00f6dik a f\u00e9nyk\u00e9pez\u0151g\u00e9p, ak\u00e1r egyszer\u0171en csak friss\u00edt\u00e9sre van sz\u00fcks\u00e9ge, ez a kiv\u00e1l\u00f3 min\u0151s\u00e9g\u0171 cserealkatr\u00e9sz biztos\u00edtja, hogy laptopja a lehet\u0151 legjobban m\u0171k\u00f6dj\u00f6n.<\/p>\n<p class=\"\" data-start=\"1246\" data-end=\"1267\"><strong data-start=\"1246\" data-end=\"1267\">Term\u00e9kjellemz\u0151k:<\/strong><\/p>\n<ul data-start=\"1268\" data-end=\"2147\">\n<li class=\"\" data-start=\"1268\" data-end=\"1434\">\n<p class=\"\" data-start=\"1270\" data-end=\"1434\"><strong data-start=\"1270\" data-end=\"1287\">Kompatibilit\u00e1s<\/strong>: Kifejezetten a <strong data-start=\"1315\" data-end=\"1344\">Dell Latitude 7202 modellekhez<\/strong> tervezt\u00e9k. Ez a h\u00e1ts\u00f3 kameramodul t\u00f6k\u00e9letesen illeszkedik laptopj\u00e1hoz, \u00e9s megb\u00edzhat\u00f3 teljes\u00edtm\u00e9nyt biztos\u00edt.<\/p>\n<\/li>\n<li class=\"\" data-start=\"1435\" data-end=\"1593\">\n<p class=\"\" data-start=\"1437\" data-end=\"1593\"><strong data-start=\"1437\" data-end=\"1458\">Eredeti Dell alkatr\u00e9sz<\/strong>: Ez a kameramodul egy hiteles <strong data-start=\"1495\" data-end=\"1520\">Dell cserealkatr\u00e9sz<\/strong> (5. Part. data-end=&#8221;1545&#8243;>03F0GK<\/strong>), amely garant\u00e1lja a t\u00f6k\u00e9letes illeszked\u00e9st \u00e9s funkcionalit\u00e1st.<\/p>\n<\/li>\n<li class=\"\" data-start=\"1594\" data-end=\"1769\">\n<p class=\"\" data-start=\"1596\" data-end=\"1769\"><strong data-start=\"1596\" data-end=\"1623\">Nagy felbont\u00e1s\u00fa k\u00e9palkot\u00e1s<\/strong>: prec\u00edzi\u00f3s \u00f6sszetev\u0151inek k\u00f6sz\u00f6nhet\u0151en ez a modul tiszta \u00e9s r\u00e9szletes k\u00e9peket k\u00edn\u00e1l, \u00edgy ide\u00e1lis videoh\u00edv\u00e1sokhoz, fot\u00f3z\u00e1shoz vagy vonalk\u00f3dok beolvas\u00e1s\u00e1hoz.<\/p>\n<\/li>\n<li class=\"\" data-start=\"1770\" data-end=\"2009\">\n<p class=\"\" data-start=\"1772\" data-end=\"2009\"><strong data-start=\"1772\" data-end=\"1793\">Egyszer\u0171 telep\u00edt\u00e9s<\/strong>: Noha nincsenek telep\u00edt\u00e9si utas\u00edt\u00e1sok, t\u00e1maszkodhat a list\u00e1ban szerepl\u0151 val\u00f3di f\u00e9nyk\u00e9pekre annak ellen\u0151rz\u00e9s\u00e9re, hogy pontosan ezt a r\u00e9szt kapja meg. Ha seg\u00edts\u00e9gre van sz\u00fcks\u00e9ge, forduljon hozz\u00e1nk bizalommal.<\/p>\n<\/li>\n<li class=\"\" data-start=\"2010\" data-end=\"2147\">\n<p class=\"\" data-start=\"2012\" data-end=\"2147\"><strong data-start=\"2012\" data-end=\"2034\">Sz\u00e1ll\u00edt\u00e1s a vil\u00e1gra<\/strong>: Gyors sz\u00e1ll\u00edt\u00e1st k\u00edn\u00e1lunk Eur\u00f3pa-szerte \u00e9s vil\u00e1gszerte annak \u00e9rdek\u00e9ben, hogy laptopja a lehet\u0151 leghamarabb \u00fczemk\u00e9pes legyen.<\/p>\n<\/li>\n<\/ul>\n<p class=\"\" data-start=\"2149\" data-end=\"2183\"><strong data-start=\"2149\" data-end=\"2183\">Mi\u00e9rt v\u00e1lassza ezt a kameramodult?<\/strong><\/p>\n<ul data-start=\"2184\" data-end=\"2574\">\n<li class=\"\" data-start=\"2184\" data-end=\"2277\">\n<p class=\"\" data-start=\"2186\" data-end=\"2277\"><strong data-start=\"2186\" data-end=\"2200\">Tart\u00f3ss\u00e1g<\/strong>: Ez a cserealkatr\u00e9sz a Dell magas sz\u00ednvonal\u00e1nak megfelel\u0151en k\u00e9sz\u00fclt, \u00e9s tart\u00f3snak k\u00e9sz\u00fclt.<\/p>\n<\/li>\n<li class=\"\" data-start=\"2278\" data-end=\"2434\">\n<p class=\"\" data-start=\"2280\" data-end=\"2434\"><strong data-start=\"2280\" data-end=\"2297\">Megfizethet\u0151s\u00e9g<\/strong>: Ker\u00fclje el a k\u00f6lts\u00e9ges jav\u00edt\u00e1sokat puszt\u00e1n a kameramodul cser\u00e9j\u00e9vel, ami k\u00f6lts\u00e9ghat\u00e9kony m\u00f3dja laptopja teljes funkcionalit\u00e1s\u00e1nak vissza\u00e1ll\u00edt\u00e1s\u00e1nak.<\/p>\n<\/li>\n<li class=\"\" data-start=\"2435\" data-end=\"2574\">\n<p class=\"\" data-start=\"2437\" data-end=\"2574\"><strong data-start=\"2437\" data-end=\"2452\">Val\u00f3di fot\u00f3k<\/strong>: Az ezen az adatlapon l\u00e1that\u00f3 fot\u00f3k a kapott alkatr\u00e9sz val\u00f3di k\u00e9pei, \u00edgy biztos lehet benne, hogy v\u00e1s\u00e1rol.<\/p>\n<\/li>\n<\/ul>\n<p class=\"\" data-start=\"2576\" data-end=\"2697\">Ha nem biztos a telep\u00edt\u00e9ssel kapcsolatban, vagy b\u00e1rmilyen k\u00e9rd\u00e9se van, forduljon hozz\u00e1nk bizalommal \u00fatmutat\u00e1s\u00e9rt. Az\u00e9rt vagyunk itt, hogy seg\u00edts\u00fcnk!<\/p>\n","protected":false},"excerpt":{"rendered":"<p>Ez az eredeti <strong data-start=\"274\" data-end=\"337\">Dell Latitude 7202 h\u00e1ts\u00f3 kameramodul (cikksz\u00e1m: 03F0GK)<\/strong> elengedhetetlen helyettes\u00edt\u0151je laptopj\u00e1nak. Ha a jelenlegi kamer\u00e1ja hib\u00e1san m\u0171k\u00f6dik vagy megs\u00e9r\u00fcl, ez a r\u00e9sz vissza\u00e1ll\u00edtja az eszk\u00f6z h\u00e1ts\u00f3 kamer\u00e1j\u00e1nak m\u0171k\u00f6d\u00e9s\u00e9t. Kompatibilis a <strong data-start=\"521\" data-end=\"550\">Dell Latitude 7202 modellekkel<\/strong>, \u00e9s egyszer\u0171 telep\u00edt\u00e9sre k\u00e9sz\u00fclt. Val\u00f3di fot\u00f3k az alkatr\u00e9szr\u0151l szerepelnek a list\u00e1ban, \u00edgy biztos\u00edtva, hogy pontosan azt kapd, amit l\u00e1tsz. Forduljon hozz\u00e1nk, ha telep\u00edt\u00e9si seg\u00edts\u00e9gre van sz\u00fcks\u00e9ge.<\/p>\n","protected":false},"featured_media":11850,"template":"","meta":[],"product_brand":[],"product_cat":[23],"product_tag":[],"class_list":{"0":"post-11789","1":"product","2":"type-product","3":"status-publish","4":"has-post-thumbnail","6":"product_cat-laptop-camera","8":"first","9":"instock","10":"taxable","11":"shipping-taxable","12":"purchasable","13":"product-type-simple"},"_links":{"self":[{"href":"https:\/\/boreait.com\/hu\/wp-json\/wp\/v2\/product\/11789","targetHints":{"allow":["GET"]}}],"collection":[{"href":"https:\/\/boreait.com\/hu\/wp-json\/wp\/v2\/product"}],"about":[{"href":"https:\/\/boreait.com\/hu\/wp-json\/wp\/v2\/types\/product"}],"wp:featuredmedia":[{"embeddable":true,"href":"https:\/\/boreait.com\/hu\/wp-json\/wp\/v2\/media\/11850"}],"wp:attachment":[{"href":"https:\/\/boreait.com\/hu\/wp-json\/wp\/v2\/media?parent=11789"}],"wp:term":[{"taxonomy":"product_brand","embeddable":true,"href":"https:\/\/boreait.com\/hu\/wp-json\/wp\/v2\/product_brand?post=11789"},{"taxonomy":"product_cat","embeddable":true,"href":"https:\/\/boreait.com\/hu\/wp-json\/wp\/v2\/product_cat?post=11789"},{"taxonomy":"product_tag","embeddable":true,"href":"https:\/\/boreait.com\/hu\/wp-json\/wp\/v2\/product_tag?post=11789"}],"curies":[{"name":"wp","href":"https:\/\/api.w.org\/{rel}","templated":true}]}}