{"id":11787,"date":"2025-09-17T13:28:12","date_gmt":"2025-09-17T11:28:12","guid":{"rendered":"https:\/\/boreait.com\/hu\/?post_type=product&#038;p=11787"},"modified":"2025-09-17T13:29:30","modified_gmt":"2025-09-17T11:29:30","slug":"latitude-7212-robusztus-hatso-webkamera-burkolat","status":"publish","type":"product","link":"https:\/\/boreait.com\/hu\/termek\/latitude-7212-robusztus-hatso-webkamera-burkolat\/","title":{"rendered":"Latitude 7212 robusztus h\u00e1ts\u00f3 webkamera burkolat"},"content":{"rendered":"<p class=\"\" data-start=\"758\" data-end=\"1108\">Gondoskodjon mag\u00e1n\u00e9let\u00e9r\u0151l \u00e9s biztons\u00e1g\u00e1r\u00f3l a <strong data-start=\"800\" data-end=\"849\">Latitude 7212 robusztus, h\u00e1tulr\u00f3l n\u00e9z\u0151 webkamera burkolattal<\/strong>, amely egy kiv\u00e1l\u00f3 min\u0151s\u00e9g\u0171, eredeti cserealkatr\u00e9sz, amelyet a <strong data-start=\"Dell=\"909\" data-start=\"909\" data-start=\"Dell=\"909\" 7212<\/strong>massz\u00edv laptop. Ezt a webkamera-burkolatot a tart\u00f3ss\u00e1gra tervezt\u00e9k, \u00e9s megb\u00edzhat\u00f3 v\u00e9delmet ny\u00fajt eszk\u00f6z\u00e9nek a nem k\u00edv\u00e1nt kamerahozz\u00e1f\u00e9r\u00e9s ellen, mik\u00f6zben meg\u0151rzi massz\u00edv teljes\u00edtm\u00e9ny\u00e9t.<\/p>\n<p class=\"\" data-start=\"1110\" data-end=\"1406\">Ak\u00e1r munk\u00e1hoz, ak\u00e1r utaz\u00e1shoz vagy szabadt\u00e9ri tev\u00e9kenys\u00e9gekhez haszn\u00e1lja Latitude 7212 k\u00e9sz\u00fcl\u00e9k\u00e9t, ez a webkamera burkolata biztos\u00edtja, hogy a kamera biztons\u00e1gosan le legyen fedve, amikor nem haszn\u00e1lja. K\u00f6nnyen telep\u00edthet\u0151, \u00e9s \u00fagy tervezt\u00e9k, hogy t\u00f6k\u00e9letesen illeszkedjen, \u00edgy b\u00edzhat benne, hogy gond n\u00e9lk\u00fcl, z\u00f6kken\u0151mentesen illeszkedik k\u00e9sz\u00fcl\u00e9k\u00e9be.<\/p>\n<p class=\"\" data-start=\"1408\" data-end=\"1425\"><strong data-start=\"1408\" data-end=\"1425\">F\u0151bb jellemz\u0151k:<\/strong><\/p>\n<ul data-start=\"1426\" data-end=\"1726\">\n<li class=\"\" data-start=\"1426\" data-end=\"1480\">\n<p class=\"\" data-start=\"1428\" data-end=\"1480\"><strong data-start=\"1428\" data-end=\"1442\">Kompatibilis<\/strong> a Dell Latitude 7212 robusztus laptoppal<\/p>\n<\/li>\n<li class=\"\" data-start=\"1481\" data-end=\"1533\">\n<p class=\"\" data-start=\"1483\" data-end=\"1533\"><strong data-start=\"1483\" data-end=\"1494\">Tart\u00f3s<\/strong> \u00e9s kem\u00e9ny k\u00f6r\u00fclm\u00e9nyeknek is ellen\u00e1ll<\/p>\n<\/li>\n<li class=\"\" data-start=\"1534\" data-end=\"1579\">\n<p class=\"\" data-start=\"1536\" data-end=\"1579\"><strong data-start=\"1536\" data-end=\"1551\">T\u00f6k\u00e9letes illeszked\u00e9s<\/strong> a z\u00f6kken\u0151mentes telep\u00edt\u00e9shez<\/p>\n<\/li>\n<li class=\"\" data-start=\"1580\" data-end=\"1630\">\n<p class=\"\" data-start=\"1582\" data-end=\"1630\"><strong data-start=\"1582\" data-end=\"1604\">Adatv\u00e9delem<\/strong>, ha nem haszn\u00e1lja a kamer\u00e1t<\/p>\n<\/li>\n<li class=\"\" data-start=\"1631\" data-end=\"1671\">\n<p class=\"\" data-start=\"1633\" data-end=\"1671\"><strong data-start=\"1633\" data-end=\"1661\">Eredeti cserealkatr\u00e9sz<\/strong> a Dellt\u0151l<\/p>\n<\/li>\n<li class=\"\" data-start=\"1672\" data-end=\"1726\">\n<p class=\"\" data-start=\"1674\" data-end=\"1726\"><strong data-start=\"1674\" data-end=\"1689\">Val\u00f3di fot\u00f3k<\/strong> az alkatr\u00e9szr\u0151l a list\u00e1ban<\/p>\n<\/li>\n<\/ul>\n<p class=\"\" data-start=\"1728\" data-end=\"1971\">Ez a webkamera bor\u00edt\u00f3ja ide\u00e1lis mindazok sz\u00e1m\u00e1ra, akiknek ki kell cser\u00e9lni\u00fck egy elhaszn\u00e1l\u00f3dott alkatr\u00e9szt, vagy extra v\u00e9delmet szeretn\u00e9nek eszk\u00f6ze sz\u00e1m\u00e1ra. Ha seg\u00edts\u00e9gre van sz\u00fcks\u00e9ge a telep\u00edt\u00e9shez, vagy b\u00e1rmilyen k\u00e9rd\u00e9se van, nyugodtan \u00edrjon nek\u00fcnk, \u00e9s sz\u00edvesen seg\u00edt\u00fcnk.<\/p>\n<p class=\"\" data-start=\"1973\" data-end=\"2137\">Gondoskodjon arr\u00f3l, hogy laptopja biztons\u00e1gban maradjon a <strong data-start=\"2014\" data-end=\"2063\">Latitude 7212 robusztus h\u00e1ts\u00f3 webkamera burkolattal<\/strong>, amely elengedhetetlen kell\u00e9ke mindenkinek, aki \u00e9rt\u00e9keli a mag\u00e1n\u00e9letet \u00e9s a tart\u00f3ss\u00e1got.<\/p>\n","protected":false},"excerpt":{"rendered":"<p>V\u00e9dje meg mag\u00e1n\u00e9let\u00e9t, \u00e9s n\u00f6velje eszk\u00f6ze tart\u00f3ss\u00e1g\u00e1t ezzel a <strong data-start=\"388\" data-end=\"437\">Latitude 7212 robusztus, h\u00e1tlapi webkamera-burkolattal<\/strong>. Kifejezetten a Dell Latitude 7212-hez tervezett webkamera burkolat massz\u00edv \u00e9s megb\u00edzhat\u00f3 megold\u00e1st k\u00edn\u00e1l a f\u00e9nyk\u00e9pez\u0151g\u00e9p v\u00e9delm\u00e9re. K\u00f6nnyen telep\u00edthet\u0151 \u00e9s tart\u00f3s, t\u00f6k\u00e9letes cserealkatr\u00e9sz massz\u00edv laptopj\u00e1hoz. Val\u00f3di fot\u00f3k a term\u00e9kr\u0151l.<\/p>\n","protected":false},"featured_media":11848,"template":"","meta":[],"product_brand":[],"product_cat":[16],"product_tag":[],"class_list":{"0":"post-11787","1":"product","2":"type-product","3":"status-publish","4":"has-post-thumbnail","6":"product_cat-laptop-housing","8":"first","9":"instock","10":"taxable","11":"shipping-taxable","12":"purchasable","13":"product-type-simple"},"_links":{"self":[{"href":"https:\/\/boreait.com\/hu\/wp-json\/wp\/v2\/product\/11787","targetHints":{"allow":["GET"]}}],"collection":[{"href":"https:\/\/boreait.com\/hu\/wp-json\/wp\/v2\/product"}],"about":[{"href":"https:\/\/boreait.com\/hu\/wp-json\/wp\/v2\/types\/product"}],"wp:featuredmedia":[{"embeddable":true,"href":"https:\/\/boreait.com\/hu\/wp-json\/wp\/v2\/media\/11848"}],"wp:attachment":[{"href":"https:\/\/boreait.com\/hu\/wp-json\/wp\/v2\/media?parent=11787"}],"wp:term":[{"taxonomy":"product_brand","embeddable":true,"href":"https:\/\/boreait.com\/hu\/wp-json\/wp\/v2\/product_brand?post=11787"},{"taxonomy":"product_cat","embeddable":true,"href":"https:\/\/boreait.com\/hu\/wp-json\/wp\/v2\/product_cat?post=11787"},{"taxonomy":"product_tag","embeddable":true,"href":"https:\/\/boreait.com\/hu\/wp-json\/wp\/v2\/product_tag?post=11787"}],"curies":[{"name":"wp","href":"https:\/\/api.w.org\/{rel}","templated":true}]}}