{"id":11776,"date":"2025-09-17T13:27:48","date_gmt":"2025-09-17T11:27:48","guid":{"rendered":"https:\/\/boreait.com\/hu\/?post_type=product&#038;p=11776"},"modified":"2025-09-17T13:29:24","modified_gmt":"2025-09-17T11:29:24","slug":"latitude-7212-rugged-extreme-intel-wireless-ac-8265-wifi-kartya-bluetooth-val","status":"publish","type":"product","link":"https:\/\/boreait.com\/hu\/termek\/latitude-7212-rugged-extreme-intel-wireless-ac-8265-wifi-kartya-bluetooth-val\/","title":{"rendered":"Latitude 7212 Rugged Extreme Intel Wireless-AC 8265 WiFi k\u00e1rtya Bluetooth-val"},"content":{"rendered":"<p class=\"\" data-start=\"703\" data-end=\"1039\">Fokozza laptopja vezet\u00e9k n\u00e9lk\u00fcli k\u00e9pess\u00e9geit a <strong data-start=\"756\" data-end=\"840\">Latitude 7212 Rugged Extreme Intel Wireless-AC 8265 WiFi k\u00e1rty\u00e1val Bluetooth 4.2-vel<\/strong>. Ezt az eredeti cserealkatr\u00e9szt \u00fagy tervezt\u00e9k, hogy kiv\u00e1l\u00f3 Wi-Fi-kapcsolatot \u00e9s Bluetooth-t\u00e1mogat\u00e1st biztos\u00edtson, \u00edgy t\u00f6k\u00e9letes azok sz\u00e1m\u00e1ra, akik friss\u00edteni vagy jav\u00edtani szeretn\u00e9k laptopjuk vezet\u00e9k n\u00e9lk\u00fcli teljes\u00edtm\u00e9ny\u00e9t.<\/p>\n<h4 class=\"\" data-start=\"1041\" data-end=\"1059\">F\u0151bb jellemz\u0151k:<\/h4>\n<ul data-start=\"1060\" data-end=\"1684\">\n<li class=\"\" data-start=\"1060\" data-end=\"1213\">\n<p class=\"\" data-start=\"1062\" data-end=\"1213\"><strong data-start=\"1062\" data-end=\"1088\">Intel Wireless-AC 8265<\/strong>: Gyors \u00e9s stabil Wi-Fi kapcsolatot biztos\u00edt, z\u00f6kken\u0151mentes online \u00e9lm\u00e9nyt biztos\u00edtva, ak\u00e1r streamel\u00e9shez, b\u00f6ng\u00e9sz\u00e9shez vagy j\u00e1t\u00e9khoz.<\/p>\n<\/li>\n<li class=\"\" data-start=\"1214\" data-end=\"1385\">\n<p class=\"\" data-start=\"1216\" data-end=\"1385\"><strong data-start=\"1216\" data-end=\"1233\">Bluetooth 4.2<\/strong>: Megb\u00edzhat\u00f3 Bluetooth-kapcsolatot biztos\u00edt, lehet\u0151v\u00e9 t\u00e9ve, hogy gond n\u00e9lk\u00fcl p\u00e1ros\u00edtsa laptopj\u00e1t vezet\u00e9k n\u00e9lk\u00fcli eszk\u00f6z\u00f6kkel, p\u00e9ld\u00e1ul fejhallgat\u00f3val, billenty\u0171zettel vagy eg\u00e9rrel.<\/p>\n<\/li>\n<li class=\"\" data-start=\"1386\" data-end=\"1544\">\n<p class=\"\" data-start=\"1388\" data-end=\"1544\"><strong data-start=\"1388\" data-end=\"1420\">Rugged Extreme kompatibilit\u00e1s<\/strong>: Kifejezetten a Latitude 7212 Rugged Extreme modellhez tervezve, t\u00f6k\u00e9letes kompatibilit\u00e1st \u00e9s megb\u00edzhat\u00f3 teljes\u00edtm\u00e9nyt biztos\u00edtva.<\/p>\n<\/li>\n<li class=\"\" data-start=\"1545\" data-end=\"1684\">\n<p class=\"\" data-start=\"1547\" data-end=\"1684\"><strong data-start=\"1547\" data-end=\"1575\">Eredeti cserealkatr\u00e9sz<\/strong>: Biztos lehet benne, hogy j\u00f3 min\u0151s\u00e9g\u0171 alkatr\u00e9szt kap, amelyet val\u00f3di fot\u00f3k t\u00e1masztanak al\u00e1 a kapott t\u00e9telr\u0151l.<\/p>\n<\/li>\n<\/ul>\n<p class=\"\" data-start=\"1686\" data-end=\"1957\">Ez a Wi-Fi-k\u00e1rtya megb\u00edzhat\u00f3, k\u00f6nnyen telep\u00edthet\u0151 cserealkatr\u00e9sz laptopj\u00e1hoz, amely z\u00f6kken\u0151mentes kapcsolatot \u00e9s Bluetooth-funkci\u00f3kat tesz lehet\u0151v\u00e9. Ak\u00e1r hib\u00e1s alkatr\u00e9szt cser\u00e9l, ak\u00e1r gyorsabb kapcsolatra friss\u00edt, ez az Intel Wireless-AC 8265 k\u00e1rtya megfelel az \u00d6n ig\u00e9nyeinek.<\/p>\n<p class=\"\" data-start=\"1959\" data-end=\"2129\"><em data-start=\"1959\" data-end=\"2129\">Megjegyz\u00e9s: B\u00e1r nem adunk \u00fatmutat\u00e1st a telep\u00edt\u00e9shez, forduljon hozz\u00e1nk bizalommal, ha tov\u00e1bbi t\u00e1mogat\u00e1sra van sz\u00fcks\u00e9ge, vagy k\u00e9rd\u00e9se van a cserefolyamattal kapcsolatban.<\/em><\/p>\n<p class=\"\" data-start=\"2131\" data-end=\"2254\">T\u00f6k\u00e9letes az eur\u00f3pai \u00e9s vil\u00e1gszerte \u00e9l\u0151 \u00fcgyfelek sz\u00e1m\u00e1ra. Ezt az alkatr\u00e9szt biztons\u00e1gosan sz\u00e1ll\u00edtjuk, hogy t\u00f6k\u00e9letes \u00e1llapotban jusson el \u00d6nh\u00f6z.<\/p>\n","protected":false},"excerpt":{"rendered":"<p>B\u0151v\u00edtse vagy cser\u00e9lje ki Wi-Fi kapcsolat\u00e1t a Latitude 7212 Rugged Extreme Intel Wireless-AC 8265 WiFi k\u00e1rty\u00e1val. Ez az eredeti cserealkatr\u00e9sz t\u00e1mogatja a nagy sebess\u00e9g\u0171 Wi-Fi-kapcsolatokat \u00e9s a Bluetooth 4.2-t a z\u00f6kken\u0151mentes eszk\u00f6zp\u00e1ros\u00edt\u00e1s \u00e9rdek\u00e9ben. Ide\u00e1lis laptopok jav\u00edt\u00e1s\u00e1hoz \u00e9s friss\u00edt\u00e9s\u00e9hez. Val\u00f3di fot\u00f3k mell\u00e9kelve!<\/p>\n","protected":false},"featured_media":11845,"template":"","meta":[],"product_brand":[],"product_cat":[27],"product_tag":[],"class_list":{"0":"post-11776","1":"product","2":"type-product","3":"status-publish","4":"has-post-thumbnail","6":"product_cat-motherboards-board-parts","8":"first","9":"instock","10":"taxable","11":"shipping-taxable","12":"purchasable","13":"product-type-simple"},"_links":{"self":[{"href":"https:\/\/boreait.com\/hu\/wp-json\/wp\/v2\/product\/11776","targetHints":{"allow":["GET"]}}],"collection":[{"href":"https:\/\/boreait.com\/hu\/wp-json\/wp\/v2\/product"}],"about":[{"href":"https:\/\/boreait.com\/hu\/wp-json\/wp\/v2\/types\/product"}],"wp:featuredmedia":[{"embeddable":true,"href":"https:\/\/boreait.com\/hu\/wp-json\/wp\/v2\/media\/11845"}],"wp:attachment":[{"href":"https:\/\/boreait.com\/hu\/wp-json\/wp\/v2\/media?parent=11776"}],"wp:term":[{"taxonomy":"product_brand","embeddable":true,"href":"https:\/\/boreait.com\/hu\/wp-json\/wp\/v2\/product_brand?post=11776"},{"taxonomy":"product_cat","embeddable":true,"href":"https:\/\/boreait.com\/hu\/wp-json\/wp\/v2\/product_cat?post=11776"},{"taxonomy":"product_tag","embeddable":true,"href":"https:\/\/boreait.com\/hu\/wp-json\/wp\/v2\/product_tag?post=11776"}],"curies":[{"name":"wp","href":"https:\/\/api.w.org\/{rel}","templated":true}]}}