{"id":11775,"date":"2025-09-17T13:27:48","date_gmt":"2025-09-17T11:27:48","guid":{"rendered":"https:\/\/boreait.com\/hu\/?post_type=product&#038;p=11775"},"modified":"2025-09-17T13:29:19","modified_gmt":"2025-09-17T11:29:19","slug":"latitude-7212-robusztus-extreme-i-o-port-fedel-eredeti-dell-cserealkatresz","status":"publish","type":"product","link":"https:\/\/boreait.com\/hu\/termek\/latitude-7212-robusztus-extreme-i-o-port-fedel-eredeti-dell-cserealkatresz\/","title":{"rendered":"Latitude 7212 robusztus Extreme I\/O port fed\u00e9l \u2013 Eredeti Dell cserealkatr\u00e9sz"},"content":{"rendered":"<p class=\"\" data-start=\"741\" data-end=\"1007\">Gondoskodjon arr\u00f3l, hogy <strong data-start=\"753\" data-end=\"790\">Dell Latitude 7212 Rugged Extreme<\/strong> laptopja teljes v\u00e9delmet \u00e9lvezzen ezzel az <strong data-start=\"832\" data-end=\"858\">Eredeti<\/strong> I\/O porttal. Ezt a tart\u00f3s cserealkatr\u00e9szt \u00fagy tervezt\u00e9k, hogy megv\u00e9dje laptopja bemeneti\/kimeneti portjait az olyan k\u00f6rnyezeti t\u00e9nyez\u0151kt\u0151l, mint a szennyez\u0151d\u00e9s, por \u00e9s nedvess\u00e9g.<\/p>\n<p class=\"\" data-start=\"1009\" data-end=\"1378\">A <strong data-start=\"1013\" data-end=\"1060\">Latitude 7212 Rugged Extreme I\/O Port Cover<\/strong> kiv\u00e1l\u00f3 min\u0151s\u00e9g\u0171 anyagokb\u00f3l k\u00e9sz\u00fclt, \u00edgy biztos\u00edtva, hogy ellen\u00e1ll az ipari \u00e9s k\u00fclt\u00e9ri k\u00f6r\u00fclm\u00e9nyek k\u00f6z\u00f6tt gyakran el\u0151fordul\u00f3 zord k\u00f6r\u00fclm\u00e9nyeknek. F\u00fcggetlen\u00fcl att\u00f3l, hogy terepmunk\u00e1ra, katonai c\u00e9lokra vagy b\u00e1rmilyen strapab\u00edr\u00f3 k\u00f6rnyezetben haszn\u00e1lja laptopj\u00e1t, ez a bor\u00edt\u00e1s seg\u00edt meg\u0151rizni eszk\u00f6ze \u00e9lettartam\u00e1t \u00e9s funkcionalit\u00e1s\u00e1t.<\/p>\n<p class=\"\" data-start=\"1380\" data-end=\"1400\"><strong data-start=\"1380\" data-end=\"1400\">Term\u00e9k r\u00e9szletei:<\/strong><\/p>\n<ul data-start=\"1401\" data-end=\"1665\">\n<li class=\"\" data-start=\"1401\" data-end=\"1457\">\n<p class=\"\" data-start=\"1403\" data-end=\"1457\"><strong data-start=\"1403\" data-end=\"1412\">Modell<\/strong>: Latitude 7212 robusztus extr\u00e9m I\/O port burkolat<\/p>\n<\/li>\n<li class=\"\" data-start=\"1458\" data-end=\"1535\">\n<p class=\"\" data-start=\"1460\" data-end=\"1535\"><strong data-start=\"1460\" data-end=\"1477\">Kompatibilit\u00e1s<\/strong>: Kompatibilis a Dell Latitude 7212 Rugged Extreme sorozattal<\/p>\n<\/li>\n<li class=\"\" data-start=\"1536\" data-end=\"1617\">\n<p class=\"\" data-start=\"1538\" data-end=\"1617\"><strong data-start=\"1538\" data-end=\"1550\">Anyag<\/strong>: Tart\u00f3s m\u0171anyag konstrukci\u00f3 a hosszan tart\u00f3 v\u00e9delem \u00e9rdek\u00e9ben<\/p>\n<\/li>\n<li class=\"\" data-start=\"1618\" data-end=\"1665\">\n<p class=\"\" data-start=\"1620\" data-end=\"1665\"><strong data-start=\"1620\" data-end=\"1633\">\u00c1llapot<\/strong>: vadonat\u00faj \u00e9s telep\u00edt\u00e9sre k\u00e9sz<\/p>\n<\/li>\n<\/ul>\n<p class=\"\" data-start=\"1667\" data-end=\"1840\">Ez a <strong data-start=\"1672\" data-end=\"1695\">Dell I\/O port bor\u00edt\u00f3<\/strong> szorosan illeszkedik, \u00e9s biztons\u00e1gosan tartja az eszk\u00f6z portjait, biztos\u00edtva, hogy laptopja a legnagyobb kih\u00edv\u00e1st jelent\u0151 k\u00f6rnyezetben is v\u00e9dve marad.<\/p>\n<p class=\"\" data-start=\"1842\" data-end=\"1862\"><strong data-start=\"1842\" data-end=\"1862\">Fontos megjegyz\u00e9sek:<\/strong><\/p>\n<ul data-start=\"1863\" data-end=\"2079\">\n<li class=\"\" data-start=\"1863\" data-end=\"1968\">\n<p class=\"\" data-start=\"1865\" data-end=\"1968\">Nem adunk telep\u00edt\u00e9si utas\u00edt\u00e1sokat, de ha seg\u00edts\u00e9gre van sz\u00fcks\u00e9ge, nyugodtan \u00edrjon nek\u00fcnk b\u00e1rmikor.<\/p>\n<\/li>\n<li class=\"\" data-start=\"1969\" data-end=\"2079\">\n<p class=\"\" data-start=\"1971\" data-end=\"2079\">Az adatlapon szerepl\u0151 fot\u00f3k a t\u00e9nylegesen megkapott term\u00e9kr\u0151l k\u00e9sz\u00fcltek, \u00edgy biztos\u00edtva, hogy pontosan azt kapja, amire sz\u00fcks\u00e9ge van.<\/p>\n<\/li>\n<\/ul>\n<p class=\"\" data-start=\"2081\" data-end=\"2349\">Ak\u00e1r professzion\u00e1lis, akinek kem\u00e9ny, megb\u00edzhat\u00f3 laptop-alkatr\u00e9szekre van sz\u00fcks\u00e9ge, vagy egy elveszett vagy s\u00e9r\u00fclt burkolatot cser\u00e9lni k\u00edv\u00e1n\u00f3 felhaszn\u00e1l\u00f3, ez az eredeti cserealkatr\u00e9sz biztos\u00edtja laptopja v\u00e9delm\u00e9t. Rendelje meg m\u00e9g ma, hogy <strong data-start=\"2297\" data-end=\"2319\">Dell Latitude 7212<\/strong> k\u00e9sz\u00fcl\u00e9ke t\u00f6k\u00e9letes \u00e1llapotban maradjon!<\/p>\n","protected":false},"excerpt":{"rendered":"<p>Ez az eredeti <strong data-start=\"331\" data-end=\"378\">Latitude 7212 Rugged Extreme I\/O Port Cover<\/strong> egy kiv\u00e1l\u00f3 min\u0151s\u00e9g\u0171 cserealkatr\u00e9sz, amelyet arra terveztek, hogy megv\u00e9dje eszk\u00f6ze I\/O portjait a port\u00f3l, nedvess\u00e9gt\u0151l \u00e9s s\u00e9r\u00fcl\u00e9sekt\u0151l. A <strong data-start=\"511\" data-end=\"548\">Dell Latitude 7212 Rugged Extreme<\/strong> sorozattal kompatibilis, \u00e9s biztos\u00edtja, hogy laptopja biztons\u00e1gban maradjon neh\u00e9z k\u00f6r\u00fclm\u00e9nyek k\u00f6z\u00f6tt is. A list\u00e1n szerepl\u0151 fot\u00f3k a t\u00e9nylegesen \u00e1tvett term\u00e9kr\u0151l k\u00e9sz\u00fcltek.<\/p>\n","protected":false},"featured_media":11837,"template":"","meta":[],"product_brand":[],"product_cat":[16],"product_tag":[],"class_list":{"0":"post-11775","1":"product","2":"type-product","3":"status-publish","4":"has-post-thumbnail","6":"product_cat-laptop-housing","8":"first","9":"instock","10":"taxable","11":"shipping-taxable","12":"purchasable","13":"product-type-simple"},"_links":{"self":[{"href":"https:\/\/boreait.com\/hu\/wp-json\/wp\/v2\/product\/11775","targetHints":{"allow":["GET"]}}],"collection":[{"href":"https:\/\/boreait.com\/hu\/wp-json\/wp\/v2\/product"}],"about":[{"href":"https:\/\/boreait.com\/hu\/wp-json\/wp\/v2\/types\/product"}],"wp:featuredmedia":[{"embeddable":true,"href":"https:\/\/boreait.com\/hu\/wp-json\/wp\/v2\/media\/11837"}],"wp:attachment":[{"href":"https:\/\/boreait.com\/hu\/wp-json\/wp\/v2\/media?parent=11775"}],"wp:term":[{"taxonomy":"product_brand","embeddable":true,"href":"https:\/\/boreait.com\/hu\/wp-json\/wp\/v2\/product_brand?post=11775"},{"taxonomy":"product_cat","embeddable":true,"href":"https:\/\/boreait.com\/hu\/wp-json\/wp\/v2\/product_cat?post=11775"},{"taxonomy":"product_tag","embeddable":true,"href":"https:\/\/boreait.com\/hu\/wp-json\/wp\/v2\/product_tag?post=11775"}],"curies":[{"name":"wp","href":"https:\/\/api.w.org\/{rel}","templated":true}]}}