{"id":11774,"date":"2025-09-17T13:27:48","date_gmt":"2025-09-17T11:27:48","guid":{"rendered":"https:\/\/boreait.com\/hu\/?post_type=product&#038;p=11774"},"modified":"2025-09-17T13:29:17","modified_gmt":"2025-09-17T11:29:17","slug":"dell-latitude-7212-robusztus-extrem-egyenaramu-toltoport-fedelenek-csereje-eredeti-laptop-alkatreszek","status":"publish","type":"product","link":"https:\/\/boreait.com\/hu\/termek\/dell-latitude-7212-robusztus-extrem-egyenaramu-toltoport-fedelenek-csereje-eredeti-laptop-alkatreszek\/","title":{"rendered":"Dell Latitude 7212 robusztus, extr\u00e9m egyen\u00e1ram\u00fa t\u00f6lt\u0151port fedel\u00e9nek cser\u00e9je | Eredeti laptop alkatr\u00e9szek"},"content":{"rendered":"<p class=\"\" data-start=\"619\" data-end=\"973\">Gondoskodjon arr\u00f3l, hogy Dell Latitude 7212 Rugged Extreme laptopja v\u00e9dett maradjon ezzel az eredeti egyen\u00e1ram\u00fa t\u00f6lt\u0151port fedel\u00e9nek cser\u00e9j\u00e9vel. Ez a t\u00f6k\u00e9letes illeszked\u00e9sre tervezett burkolat biztos\u00edtja, hogy a t\u00f6lt\u0151csatlakoz\u00f3 biztons\u00e1gos maradjon, \u00e9s meg\u00f3vja a port\u00f3l, szennyez\u0151d\u00e9st\u0151l \u00e9s nedvess\u00e9gt\u0151l, ami elengedhetetlen a laptop teljes\u00edtm\u00e9ny\u00e9nek meg\u0151rz\u00e9s\u00e9hez, k\u00fcl\u00f6n\u00f6sen zord k\u00f6rnyezetben.<\/p>\n<p class=\"\" data-start=\"975\" data-end=\"992\"><strong data-start=\"975\" data-end=\"992\">F\u0151bb jellemz\u0151k:<\/strong><\/p>\n<ul data-start=\"993\" data-end=\"1633\">\n<li class=\"\" data-start=\"993\" data-end=\"1123\">\n<p class=\"\" data-start=\"995\" data-end=\"1123\"><strong data-start=\"995\" data-end=\"1012\">Kompatibilit\u00e1s<\/strong>: Kiz\u00e1r\u00f3lag a Dell Latitude 7212 Rugged Extreme laptophoz, t\u00f6k\u00e9letes illeszked\u00e9st \u00e9s megb\u00edzhat\u00f3 v\u00e9delmet biztos\u00edtva.<\/p>\n<\/li>\n<li class=\"\" data-start=\"1124\" data-end=\"1247\">\n<p class=\"\" data-start=\"1126\" data-end=\"1247\"><strong data-start=\"1126\" data-end=\"1140\">Tart\u00f3ss\u00e1g<\/strong>: \u00dagy tervezt\u00e9k, hogy ellen\u00e1lljon a neh\u00e9z k\u00f6r\u00fclm\u00e9nyeknek, \u00edgy ide\u00e1lis olyan szakemberek sz\u00e1m\u00e1ra, akik zord k\u00f6rnyezetben dolgoznak.<\/p>\n<\/li>\n<li class=\"\" data-start=\"1248\" data-end=\"1383\">\n<p class=\"\" data-start=\"1250\" data-end=\"1383\"><strong data-start=\"1250\" data-end=\"1278\">Eredeti cserealkatr\u00e9sz<\/strong>: Ez a bor\u00edt\u00f3 egy eredeti Dell-alkatr\u00e9sz, amely ugyanazt a min\u0151s\u00e9get \u00e9s megb\u00edzhat\u00f3s\u00e1got k\u00edn\u00e1lja, mint az eredeti alkatr\u00e9sz.<\/p>\n<\/li>\n<li class=\"\" data-start=\"1384\" data-end=\"1509\">\n<p class=\"\" data-start=\"1386\" data-end=\"1509\"><strong data-start=\"1386\" data-end=\"1409\">Val\u00f3di term\u00e9kfot\u00f3k<\/strong>: A list\u00e1ban szerepl\u0151 fot\u00f3k a t\u00e9nyleges r\u00e9szr\u0151l k\u00e9sz\u00fcltek, amely teljes \u00e1tl\u00e1that\u00f3s\u00e1got biztos\u00edt.<\/p>\n<\/li>\n<li class=\"\" data-start=\"1510\" data-end=\"1633\">\n<p class=\"\" data-start=\"1512\" data-end=\"1633\"><strong data-start=\"1512\" data-end=\"1532\">Egyszer\u0171 csere<\/strong>: B\u00e1r az utas\u00edt\u00e1sokat nem tartalmazza, ha seg\u00edts\u00e9gre van sz\u00fcks\u00e9ge, tov\u00e1bbi seg\u00edts\u00e9g\u00e9rt nyugodtan \u00edrjon nek\u00fcnk.<\/p>\n<\/li>\n<\/ul>\n<p class=\"\" data-start=\"1635\" data-end=\"1957\">Ez az egyen\u00e1ram\u00fa t\u00f6lt\u0151port fedele seg\u00edt meg\u0151rizni eszk\u00f6ze hossz\u00fa \u00e9lettartam\u00e1t \u00e9s m\u0171k\u00f6d\u0151k\u00e9pess\u00e9g\u00e9t. Legyen sz\u00f3 \u00e9p\u00edtkez\u00e9sr\u0151l, terepmunk\u00e1r\u00f3l vagy b\u00e1rmilyen m\u00e1s ig\u00e9nyes k\u00f6rnyezetr\u0151l, ez a burkolat azt a v\u00e9delmet ny\u00fajtja, amelyre laptopj\u00e1nak sz\u00fcks\u00e9ge van. Ha b\u00e1rmilyen k\u00e9rd\u00e9se van, vagy tov\u00e1bbi seg\u00edts\u00e9gre van sz\u00fcks\u00e9ge, forduljon hozz\u00e1nk bizalommal!<\/p>\n","protected":false},"excerpt":{"rendered":"<p>Ez az eredeti egyen\u00e1ram\u00fa t\u00f6lt\u0151csatlakoz\u00f3-fed\u00e9l kifejezetten a Dell Latitude 7212 Rugged Extreme laptophoz k\u00e9sz\u00fclt. T\u00f6k\u00e9letes cserealkatr\u00e9sz a t\u00f6lt\u0151port biztons\u00e1gos \u00e9s megb\u00edzhat\u00f3 v\u00e9delm\u00e9hez. Ide\u00e1lis eszk\u00f6ze tart\u00f3ss\u00e1g\u00e1nak \u00e9s funkcionalit\u00e1s\u00e1nak meg\u0151rz\u00e9s\u00e9hez neh\u00e9z k\u00f6r\u00fclm\u00e9nyek k\u00f6z\u00f6tt is.<\/p>\n","protected":false},"featured_media":11836,"template":"","meta":[],"product_brand":[],"product_cat":[16],"product_tag":[],"class_list":{"0":"post-11774","1":"product","2":"type-product","3":"status-publish","4":"has-post-thumbnail","6":"product_cat-laptop-housing","8":"first","9":"instock","10":"taxable","11":"shipping-taxable","12":"purchasable","13":"product-type-simple"},"_links":{"self":[{"href":"https:\/\/boreait.com\/hu\/wp-json\/wp\/v2\/product\/11774","targetHints":{"allow":["GET"]}}],"collection":[{"href":"https:\/\/boreait.com\/hu\/wp-json\/wp\/v2\/product"}],"about":[{"href":"https:\/\/boreait.com\/hu\/wp-json\/wp\/v2\/types\/product"}],"wp:featuredmedia":[{"embeddable":true,"href":"https:\/\/boreait.com\/hu\/wp-json\/wp\/v2\/media\/11836"}],"wp:attachment":[{"href":"https:\/\/boreait.com\/hu\/wp-json\/wp\/v2\/media?parent=11774"}],"wp:term":[{"taxonomy":"product_brand","embeddable":true,"href":"https:\/\/boreait.com\/hu\/wp-json\/wp\/v2\/product_brand?post=11774"},{"taxonomy":"product_cat","embeddable":true,"href":"https:\/\/boreait.com\/hu\/wp-json\/wp\/v2\/product_cat?post=11774"},{"taxonomy":"product_tag","embeddable":true,"href":"https:\/\/boreait.com\/hu\/wp-json\/wp\/v2\/product_tag?post=11774"}],"curies":[{"name":"wp","href":"https:\/\/api.w.org\/{rel}","templated":true}]}}