{"id":11773,"date":"2025-09-17T13:27:48","date_gmt":"2025-09-17T11:27:48","guid":{"rendered":"https:\/\/boreait.com\/hu\/?post_type=product&#038;p=11773"},"modified":"2025-09-17T13:29:14","modified_gmt":"2025-09-17T11:29:14","slug":"dell-latitude-7212-ssd-displayport-sd-kartya-es-audiocsatlakozo-fedel","status":"publish","type":"product","link":"https:\/\/boreait.com\/hu\/termek\/dell-latitude-7212-ssd-displayport-sd-kartya-es-audiocsatlakozo-fedel\/","title":{"rendered":"Dell Latitude 7212 SSD, DisplayPort, SD-k\u00e1rtya \u00e9s audiocsatlakoz\u00f3 fed\u00e9l"},"content":{"rendered":"<p class=\"\" data-start=\"431\" data-end=\"773\">N\u00f6velje <strong data-start=\"462\" data-end=\"484\">Dell Latitude 7212<\/strong> tart\u00f3ss\u00e1g\u00e1t ezzel az <strong data-start=\"495\" data-end=\"560\">eredeti SSD-vel, DisplayPort-al \u00e9s audio-SD-k\u00e1rtya-ny\u00edl\u00e1ssal<\/strong>. Id\u0151vel a v\u00e9d\u0151burkolatok elhaszn\u00e1l\u00f3dhatnak, \u00edgy a portok ki vannak t\u00e9ve pornak, szennyez\u0151d\u00e9snek \u00e9s esetleges s\u00e9r\u00fcl\u00e9seknek. Ez az <strong data-start=\"669\" data-end=\"697\">eredeti cserealkatr\u00e9sz<\/strong> vissza\u00e1ll\u00edtja a v\u00e9delmet, meg\u0151rzi eszk\u00f6ze integrit\u00e1s\u00e1t \u00e9s teljes\u00edtm\u00e9ny\u00e9t.<\/p>\n<p class=\"\" data-start=\"775\" data-end=\"1069\"><strong data-start=\"775\" data-end=\"792\">F\u0151bb jellemz\u0151k:<\/strong><br data-start=\"792\" data-end=\"795\" \/>\u2714 <strong data-start=\"797\" data-end=\"833\">Eredeti 2 r\u00e9sz<\/strong> \u00e9s kompatibilit\u00e1s<br data-start=\"873\" data-end=\"876\" \/>\u2714 <strong data-start=\"878\" data-end=\"932\">Megv\u00e9di az SSD-t, a DisplayPort-ot, az SD-k\u00e1rty\u00e1t \u00e9s a hangcsatlakoz\u00f3t<\/strong> a port\u00f3l \u00e9s t\u00f6rmel\u00e9kt\u0151l.<br data-start=\"953\" data-end=\"956\" \/>8-start=&#8221;956&#8243; \/>8-start= data-end=&#8221;999&#8243;>Tart\u00f3s \u00e9s kiv\u00e1l\u00f3 min\u0151s\u00e9g\u0171 konstrukci\u00f3<\/strong> a hossz\u00fa t\u00e1v\u00fa haszn\u00e1latra<br data-start=\"1017\" data-end=\"1020\" data-is-only-node=\"\" \/>\u2714 <strong data-start=\"1022\" data-end=\"1041\">K\u00f6nnyen telep\u00edthet\u0151<\/strong> \u2013 nincs sz\u00fcks\u00e9g m\u00f3dos\u00edt\u00e1sra<\/p>\n<p class=\"\" data-start=\"1071\" data-end=\"1239\">\ud83d\udccc <strong data-start=\"1074\" data-end=\"1083\">Megjegyz\u00e9s:<\/strong> Ez az adatlap a <strong data-start=\"1110\" data-end=\"1145\">a f\u00e9nyk\u00e9peken l\u00e1that\u00f3 t\u00e9nyleges r\u00e9szt<\/strong> tartalmazza. Ha seg\u00edts\u00e9gre van sz\u00fcks\u00e9ge, vagy k\u00e9rd\u00e9se van a kompatibilit\u00e1sr\u00f3l, \u00edrjon nek\u00fcnk \u00fczenetet!<\/p>\n","protected":false},"excerpt":{"rendered":"<p>V\u00e9dje meg Dell Latitude 7212 SSD-j\u00e9t, DisplayPortj\u00e1t, SD-k\u00e1rtyany\u00edl\u00e1s\u00e1t \u00e9s audiocsatlakoz\u00f3j\u00e1t ezzel az eredeti cserefed\u00e9llel. A t\u00f6k\u00e9letes illeszked\u00e9sre tervezve seg\u00edt t\u00e1vol tartani a port \u00e9s a t\u00f6rmel\u00e9ket, \u00edgy biztos\u00edtva laptopja hossz\u00fa \u00e9lettartam\u00e1t.<\/p>\n","protected":false},"featured_media":11835,"template":"","meta":[],"product_brand":[],"product_cat":[16],"product_tag":[],"class_list":{"0":"post-11773","1":"product","2":"type-product","3":"status-publish","4":"has-post-thumbnail","6":"product_cat-laptop-housing","8":"first","9":"instock","10":"taxable","11":"shipping-taxable","12":"purchasable","13":"product-type-simple"},"_links":{"self":[{"href":"https:\/\/boreait.com\/hu\/wp-json\/wp\/v2\/product\/11773","targetHints":{"allow":["GET"]}}],"collection":[{"href":"https:\/\/boreait.com\/hu\/wp-json\/wp\/v2\/product"}],"about":[{"href":"https:\/\/boreait.com\/hu\/wp-json\/wp\/v2\/types\/product"}],"wp:featuredmedia":[{"embeddable":true,"href":"https:\/\/boreait.com\/hu\/wp-json\/wp\/v2\/media\/11835"}],"wp:attachment":[{"href":"https:\/\/boreait.com\/hu\/wp-json\/wp\/v2\/media?parent=11773"}],"wp:term":[{"taxonomy":"product_brand","embeddable":true,"href":"https:\/\/boreait.com\/hu\/wp-json\/wp\/v2\/product_brand?post=11773"},{"taxonomy":"product_cat","embeddable":true,"href":"https:\/\/boreait.com\/hu\/wp-json\/wp\/v2\/product_cat?post=11773"},{"taxonomy":"product_tag","embeddable":true,"href":"https:\/\/boreait.com\/hu\/wp-json\/wp\/v2\/product_tag?post=11773"}],"curies":[{"name":"wp","href":"https:\/\/api.w.org\/{rel}","templated":true}]}}