{"id":11758,"date":"2025-09-17T13:27:25","date_gmt":"2025-09-17T11:27:25","guid":{"rendered":"https:\/\/boreait.com\/hu\/?post_type=product&#038;p=11758"},"modified":"2025-09-17T13:28:54","modified_gmt":"2025-09-17T11:28:54","slug":"dell-latitude-7212-robusztus-tablagep-hatso-kamera-webkamera-cn6d9","status":"publish","type":"product","link":"https:\/\/boreait.com\/hu\/termek\/dell-latitude-7212-robusztus-tablagep-hatso-kamera-webkamera-cn6d9\/","title":{"rendered":"Dell Latitude 7212 robusztus t\u00e1blag\u00e9p h\u00e1ts\u00f3 kamera webkamera CN6D9"},"content":{"rendered":"<p class=\"\" data-start=\"617\" data-end=\"897\">Fokozza tov\u00e1bb <strong data-start=\"630\" data-end=\"666\">Dell Latitude 7212 robusztus t\u00e1blag\u00e9p\u00e9t<\/strong> ezzel az <strong data-start=\"677\" data-end=\"722\">eredeti h\u00e1tlapi kameramodullal<\/strong> (CN6D9). Ak\u00e1r egy hib\u00e1s egys\u00e9g cser\u00e9j\u00e9re van sz\u00fcks\u00e9ge, ak\u00e1r az optim\u00e1lis k\u00e9pmin\u0151s\u00e9get szeretn\u00e9 biztos\u00edtani, ez az <strong data-start=\"819\" data-end=\"848\">eredeti Dell laptop alkatr\u00e9sz<\/strong> \u00e9les k\u00e9pet \u00e9s egyenletes teljes\u00edtm\u00e9nyt biztos\u00edt.<\/p>\n<h4 class=\"\" data-start=\"899\" data-end=\"923\"><strong data-start=\"904\" data-end=\"921\">F\u0151bb jellemz\u0151k:<\/strong><\/h4>\n<p class=\"\" data-start=\"924\" data-end=\"1310\">\u2714 <strong data-start=\"926\" data-end=\"938\">OEM-alkatr\u00e9sz<\/strong> \u2013 Eredeti <strong data-start=\"949\" data-end=\"971\">Dell Latitude 7212<\/strong> kameramodul=&#8221;1. t\u00f6k\u00e9letes illeszked\u00e9st \u00e9s 2. adat\u00e1tvitelt biztos\u00edt&#8221; data-end=&#8221;1029&#8243; \/>\u2714 <strong data-start=\"1031\" data-end=\"1054\">Tiszta k\u00e9pmin\u0151s\u00e9g<\/strong> \u2013 \u00c9les f\u00e9nyk\u00e9peket \u00e9s vide\u00f3kat k\u00e9sz\u00edt, ide\u00e1lis \u00fczleti \u00e9s szem\u00e9lyes haszn\u00e1latra.<br data-start=\"1127\" data-end=\"1130\" \/>\u2714 <strong data-start=\"1031\" data-end=\"1054\">D <strong data-start=\"2-1=\"end;12\" data=\"2-1=\"end;12\" data=\"2-1; Robusztus<\/strong> \u2013 A strapab\u00edr\u00f3 <strong data-start=\"1179\" data-end=\"1203\">Latitude 7212 t\u00e1blag\u00e9phez<\/strong> tervezt\u00e9k, extr\u00e9m k\u00f6r\u00fclm\u00e9nyekre tervezve.<br data-start=\"1234\" data-end=\"1237\" \/>\u2714 <strong data-start=\"1239\" data-end=\"1239\" data-end=\"1203\">E direkt m\u00f3dos\u00edt\u00e1sa<\/strong>Compification, data-end=&#8221;as261-end=&#8221;126 sz\u00fcks\u00e9ges.<\/p>\n<h4 class=\"\" data-start=\"1312\" data-end=\"1337\"><strong data-start=\"1317\" data-end=\"1335\">Kompatibilit\u00e1s:<\/strong><\/h4>\n<ul data-start=\"1338\" data-end=\"1423\">\n<li class=\"\" data-start=\"1338\" data-end=\"1396\">\n<p class=\"\" data-start=\"1340\" data-end=\"1396\"><strong data-start=\"1340\" data-end=\"1361\">Kompatibilis modell:<\/strong> Dell Latitude 7212 robusztus t\u00e1blag\u00e9p<\/p>\n<\/li>\n<li class=\"\" data-start=\"1397\" data-end=\"1423\">\n<p class=\"\" data-start=\"1399\" data-end=\"1423\"><strong data-start=\"1399\" data-end=\"1415\">Alkatr\u00e9szsz\u00e1m:<\/strong> CN6D9<\/p>\n<\/li>\n<\/ul>\n<h4 class=\"\" data-start=\"1425\" data-end=\"1452\"><strong data-start=\"1430\" data-end=\"1450\">Mi\u00e9rt v\u00e1s\u00e1roljon t\u0151l\u00fcnk?<\/strong><\/h4>\n<p class=\"\" data-start=\"1453\" data-end=\"1716\">\u2705 <strong data-start=\"1455\" data-end=\"1479\">Eredeti laptop-alkatr\u00e9szek<\/strong> \u2013 Nincs hamis\u00edtv\u00e1ny, nincs ut\u00e1nzat.<br data-start=\"1506\" data-end=\"1509\" \/>\u2705=&#8221;1509&#8243; \/>\u2705 data-end=&#8221;1526&#8243;>Val\u00f3di fot\u00f3k<\/strong> \u2013 A list\u00e1n szerepl\u0151 k\u00e9pek a t\u00e9nylegesen megkapott t\u00e9telr\u0151l k\u00e9sz\u00fcltek.<br data-start=\"1596\" data-end=\"1599\" \/>\u2705 <strong data-start=\"1601\" data-end=\"1623\">Sz\u00e1ll\u00edt\u00e1s a vil\u00e1g minden pontj\u00e1ra<\/strong> \u2013 Sz\u00e1ll\u00edt\u00e1sunk Eur\u00f3p\u00e1ba 5-5 data-end=&#8221;1658&#8243; \/>\u2705 <strong data-start=\"1660\" data-end=\"1681\">T\u00e1mogat\u00e1s el\u00e9rhet\u0151<\/strong> \u2013 Seg\u00edts\u00e9gre van sz\u00fcks\u00e9ge? \u00cdrjon nek\u00fcnk b\u00e1rmikor!<\/p>\n","protected":false},"excerpt":{"rendered":"<p>Friss\u00edtse vagy cser\u00e9lje ki a <strong data-start=\"355\" data-end=\"391\">Dell Latitude 7212 Rugged Tablet<\/strong> h\u00e1tlapi kamer\u00e1j\u00e1t ezzel az <strong data-start=\"402\" data-end=\"434\">eredeti CN6D9 webkamera modullal<\/strong>. Ez az eredeti Dell alkatr\u00e9sz tiszta k\u00e9pmin\u0151s\u00e9get \u00e9s z\u00f6kken\u0151mentes kompatibilit\u00e1st biztos\u00edt. <strong data-start=\"515\" data-end=\"560\">Val\u00f3di fot\u00f3k \u2013 amit l\u00e1tsz, azt kapod!<\/strong><\/p>\n","protected":false},"featured_media":11820,"template":"","meta":[],"product_brand":[],"product_cat":[27],"product_tag":[],"class_list":{"0":"post-11758","1":"product","2":"type-product","3":"status-publish","4":"has-post-thumbnail","6":"product_cat-motherboards-board-parts","8":"first","9":"instock","10":"taxable","11":"shipping-taxable","12":"purchasable","13":"product-type-simple"},"_links":{"self":[{"href":"https:\/\/boreait.com\/hu\/wp-json\/wp\/v2\/product\/11758","targetHints":{"allow":["GET"]}}],"collection":[{"href":"https:\/\/boreait.com\/hu\/wp-json\/wp\/v2\/product"}],"about":[{"href":"https:\/\/boreait.com\/hu\/wp-json\/wp\/v2\/types\/product"}],"wp:featuredmedia":[{"embeddable":true,"href":"https:\/\/boreait.com\/hu\/wp-json\/wp\/v2\/media\/11820"}],"wp:attachment":[{"href":"https:\/\/boreait.com\/hu\/wp-json\/wp\/v2\/media?parent=11758"}],"wp:term":[{"taxonomy":"product_brand","embeddable":true,"href":"https:\/\/boreait.com\/hu\/wp-json\/wp\/v2\/product_brand?post=11758"},{"taxonomy":"product_cat","embeddable":true,"href":"https:\/\/boreait.com\/hu\/wp-json\/wp\/v2\/product_cat?post=11758"},{"taxonomy":"product_tag","embeddable":true,"href":"https:\/\/boreait.com\/hu\/wp-json\/wp\/v2\/product_tag?post=11758"}],"curies":[{"name":"wp","href":"https:\/\/api.w.org\/{rel}","templated":true}]}}