{"id":11756,"date":"2025-09-17T13:27:24","date_gmt":"2025-09-17T11:27:24","guid":{"rendered":"https:\/\/boreait.com\/hu\/?post_type=product&#038;p=11756"},"modified":"2025-09-17T13:28:48","modified_gmt":"2025-09-17T11:28:48","slug":"dell-latitude-7212-7202-robusztus-hatso-kamerauveg-lencse-led-burkolat-eredeti-laptop-alkatresz","status":"publish","type":"product","link":"https:\/\/boreait.com\/hu\/termek\/dell-latitude-7212-7202-robusztus-hatso-kamerauveg-lencse-led-burkolat-eredeti-laptop-alkatresz\/","title":{"rendered":"Dell Latitude 7212 7202 robusztus h\u00e1ts\u00f3 kamera\u00fcveg lencse LED burkolat \u2013 eredeti laptop alkatr\u00e9sz"},"content":{"rendered":"<p class=\"\" data-start=\"519\" data-end=\"785\">Friss\u00edtse vagy jav\u00edtsa a <strong data-start=\"542\" data-end=\"578\">Dell Latitude 7212 &amp; 7202 Robusztus<\/strong> laptop ezzel az <strong data-start=\"596\" data-end=\"641\">eredeti h\u00e1ts\u00f3 kamera\u00fcveg lencs\u00e9s LED-burkolattal<\/strong>. A <strong data-start=\"656\" data-end=\"678\">maxim\u00e1lis tart\u00f3ss\u00e1gra<\/strong> tervezett ez a cserealkatr\u00e9sz biztos\u00edtja, hogy laptopja h\u00e1tlapi kamer\u00e1ja v\u00e9dett marad \u00e9s optim\u00e1lisan m\u0171k\u00f6dj\u00f6n.<\/p>\n<p>? data-start=&#8221;859&#8243; data-end=&#8221;890&#8243;>Latitude 7212 &amp; 7202 Robusztus<\/strong> modellek.<br data-start=\"898\" data-end=\"901\" \/>\u2714 <strong data-start=\"903\" data-end=\"931\">Krist\u00e1lytiszta v\u00e9delem<\/strong> \u2013 Megv\u00e9di a h\u00e1ts\u00f3 kamera lencs\u00e9j\u00e9t a karcol\u00e1sokt\u00f3l, port\u00f3l \u00e9s s\u00e9r\u00fcl\u00e9sekt\u0151l.<br data-start=\"898\" data-end=\"901\" \/>\u2714 <strong data-start=\"903\" data-end=\"931\">Krist\u00e1lytiszta v\u00e9delem<\/strong> \u2013 Megv\u00e9di a h\u00e1ts\u00f3 kamera lencs\u00e9j\u00e9t a karcol\u00e1sokt\u00f3l, port\u00f3l \u00e9s s\u00e9r\u00fcl\u00e9sekt\u0151l.<br data-start=\"898\" data-end=\"901\" \/>\u2714 <strong data-start=\"1005\" data-end=\"1020\">T\u00f6k\u00e9letes illeszked\u00e9s<\/strong> \u2013 Gondoskodik a z\u00f6kken\u0151mentes telep\u00edt\u00e9sr\u0151l, m\u00f3dos\u00edt\u00e1sok n\u00e9lk\u00fcl.<br data-start=\"1075\" data-end=\"1078\" \/>\u2714 <strong data-start=\"1080\" data-end=\"1109\">Kiv\u00e1l\u00f3, min\u0151s\u00e9gi \u00e9p\u00edt\u00e9s<\/strong> \u00e9s a legjobb k\u00f6rnyezet kialak\u00edt\u00e1sa Robusztus laptop.<br data-start=\"1180\" data-end=\"1183\" \/>\u2714 <strong data-start=\"1185\" data-end=\"1200\">Val\u00f3di fot\u00f3k<\/strong> \u2013 A k\u00e9peken l\u00e1that\u00f3 t\u00e9tel pontosan az, amit kapsz!<\/p>\n<p class=\"\" data-start=\"1261\" data-end=\"1281\"><strong data-start=\"1261\" data-end=\"1279\">Kompatibilit\u00e1s:<\/strong><\/p>\n<ul data-start=\"1282\" data-end=\"1349\">\n<li class=\"\" data-start=\"1282\" data-end=\"1315\">\n<p class=\"\" data-start=\"1284\" data-end=\"1315\"><strong data-start=\"1284\" data-end=\"1313\">Dell Latitude 7212 robusztus<\/strong><\/p>\n<\/li>\n<li class=\"\" data-start=\"1316\" data-end=\"1349\">\n<p class=\"\" data-start=\"1318\" data-end=\"1349\"><strong data-start=\"1318\" data-end=\"1347\">Dell Latitude 7202 robusztus<\/strong><\/p>\n<\/li>\n<\/ul>\n<p class=\"\" data-start=\"1351\" data-end=\"1372\">\ud83d\udccc <strong data-start=\"1354\" data-end=\"1370\">K\u00e9rj\u00fck, vegye figyelembe:<\/strong><\/p>\n<ul data-start=\"1373\" data-end=\"1525\">\n<li class=\"\" data-start=\"1373\" data-end=\"1468\">\n<p class=\"\" data-start=\"1375\" data-end=\"1468\"><strong data-start=\"1375\" data-end=\"1417\">Nem tartalmaz telep\u00edt\u00e9si utas\u00edt\u00e1st.<\/strong> Ha seg\u00edts\u00e9gre van sz\u00fcks\u00e9ge, nyugodtan \u00edrjon nek\u00fcnk.<\/p>\n<\/li>\n<li class=\"\" data-start=\"1469\" data-end=\"1525\">\n<p class=\"\" data-start=\"1471\" data-end=\"1525\"><strong data-start=\"1471\" data-end=\"1490\">A fot\u00f3k val\u00f3diak<\/strong> \u2013 pontosan azt kapod, ami a k\u00e9pen l\u00e1that\u00f3.<\/p>\n<\/li>\n<\/ul>\n<p class=\"\" data-start=\"1527\" data-end=\"1617\">\ud83d\udd39 <strong data-start=\"1530\" data-end=\"1562\">El\u00e9rhet\u0151 a vil\u00e1gm\u00e9ret\u0171 kisz\u00e1ll\u00edt\u00e1s<\/strong> \u2013 Gyors \u00e9s biztons\u00e1gos sz\u00e1ll\u00edt\u00e1s Eur\u00f3pa-szerte \u00e9s azon k\u00edv\u00fcl is!<\/p>\n","protected":false},"excerpt":{"rendered":"<p>Eredeti <strong data-start=\"254\" data-end=\"290\">h\u00e1ts\u00f3 kamera\u00fcveg lencse LED-burkolata<\/strong> a <strong data-start=\"295\" data-end=\"331\">Dell Latitude 7212 \u00e9s amp; 7202 Robusztus<\/strong>laptopok. T\u00f6k\u00e9letes cserealkatr\u00e9sz a kamera tisztas\u00e1g\u00e1nak \u00e9s v\u00e9delm\u00e9nek helyre\u00e1ll\u00edt\u00e1s\u00e1hoz. <strong data-start=\"408\" data-end=\"455\">Val\u00f3di fot\u00f3k \u2013 amit l\u00e1tsz, azt kapod!<\/strong><\/p>\n","protected":false},"featured_media":11817,"template":"","meta":[],"product_brand":[],"product_cat":[16],"product_tag":[],"class_list":{"0":"post-11756","1":"product","2":"type-product","3":"status-publish","4":"has-post-thumbnail","6":"product_cat-laptop-housing","8":"first","9":"instock","10":"taxable","11":"shipping-taxable","12":"purchasable","13":"product-type-simple"},"_links":{"self":[{"href":"https:\/\/boreait.com\/hu\/wp-json\/wp\/v2\/product\/11756","targetHints":{"allow":["GET"]}}],"collection":[{"href":"https:\/\/boreait.com\/hu\/wp-json\/wp\/v2\/product"}],"about":[{"href":"https:\/\/boreait.com\/hu\/wp-json\/wp\/v2\/types\/product"}],"wp:featuredmedia":[{"embeddable":true,"href":"https:\/\/boreait.com\/hu\/wp-json\/wp\/v2\/media\/11817"}],"wp:attachment":[{"href":"https:\/\/boreait.com\/hu\/wp-json\/wp\/v2\/media?parent=11756"}],"wp:term":[{"taxonomy":"product_brand","embeddable":true,"href":"https:\/\/boreait.com\/hu\/wp-json\/wp\/v2\/product_brand?post=11756"},{"taxonomy":"product_cat","embeddable":true,"href":"https:\/\/boreait.com\/hu\/wp-json\/wp\/v2\/product_cat?post=11756"},{"taxonomy":"product_tag","embeddable":true,"href":"https:\/\/boreait.com\/hu\/wp-json\/wp\/v2\/product_tag?post=11756"}],"curies":[{"name":"wp","href":"https:\/\/api.w.org\/{rel}","templated":true}]}}