{"id":11704,"date":"2025-09-17T13:26:14","date_gmt":"2025-09-17T11:26:14","guid":{"rendered":"https:\/\/boreait.com\/hu\/?post_type=product&#038;p=11704"},"modified":"2025-09-17T13:27:34","modified_gmt":"2025-09-17T11:27:34","slug":"dell-latitude-14-rugged-extreme-7404-csatlakozotabla-eredeti-laptop-alkatresz","status":"publish","type":"product","link":"https:\/\/boreait.com\/hu\/termek\/dell-latitude-14-rugged-extreme-7404-csatlakozotabla-eredeti-laptop-alkatresz\/","title":{"rendered":"Dell Latitude 14 Rugged Extreme (7404) csatlakoz\u00f3t\u00e1bla \u2013 Eredeti laptop alkatr\u00e9sz"},"content":{"rendered":"<p class=\"\" data-start=\"570\" data-end=\"854\">Gondoskodjon z\u00f6kken\u0151mentes kapcsolatr\u00f3l \u00e9s megb\u00edzhat\u00f3 teljes\u00edtm\u00e9nyr\u0151l ezzel az <strong data-start=\"634\" data-end=\"699\">eredeti Dell Latitude 14 Rugged Extreme (7404) csatlakoz\u00f3t\u00e1bl\u00e1val<\/strong>. Ez a kifejezetten a <strong data-start=\"731\" data-end=\"771\">Dell Latitude 14 Rugged Extreme 7404<\/strong>hez tervezett r\u00e9sz seg\u00edt fenntartani a megfelel\u0151 bels\u0151 kapcsolatokat az optim\u00e1lis m\u0171k\u00f6d\u00e9s \u00e9rdek\u00e9ben.<\/p>\n<p>? t\u00f6k\u00e9letes kompatibilit\u00e1s<br data-start=\"950\" data-end=\"953\" \/>\u2714 <strong data-start=\"955\" data-end=\"1005\">Latitude 14 Rugged Extreme (7404) sz\u00e1m\u00e1ra tervezve<\/strong> \u2013 Tart\u00f3ss\u00e1gra \u00e9s teljes\u00edtm\u00e9nyre tervezve<br data-start=\"1049\"52-end adatok data-end=\"1231\" \/>\u2714 <strong data-start=\"1233\" data-end=\"1254\">Egyszer\u0171 telep\u00edt\u00e9s<\/strong> \u2013 A megl\u00e9v\u0151 k\u00e1rtya k\u00f6zvetlen helyettes\u00edt\u0151je<\/p>\n<p class=\"\" data-start=\"1305\" data-end=\"1328\">\ud83d\udca1 <strong data-start=\"1308\" data-end=\"1326\">Kompatibilit\u00e1s:<\/strong><\/p>\n<ul data-start=\"1329\" data-end=\"1463\">\n<li class=\"\" data-start=\"1329\" data-end=\"1401\">\n<p class=\"\" data-start=\"1331\" data-end=\"1401\">Kifejezetten a <strong data-start=\"1357\" data-end=\"1399\">Dell Latitude 14 Rugged Extreme (7404)<\/strong><\/p>\n<\/li>\n<li class=\"\" data-start=\"1402\" data-end=\"1463\">\n<p class=\"\" data-start=\"1404\" data-end=\"1463\">V\u00e1s\u00e1rl\u00e1s el\u0151tt ellen\u0151rizze laptopja modellj\u00e9t \u00e9s cikksz\u00e1m\u00e1t<\/p>\n<\/li>\n<\/ul>\n<p class=\"\" data-start=\"1465\" data-end=\"1568\">\ud83d\udcf8 <strong data-start=\"1468\" data-end=\"1484\">Val\u00f3di fot\u00f3k:<\/strong> Az adatlapon szerepl\u0151 k\u00e9pek pontosan azt a term\u00e9ket mutatj\u00e1k, amelyet \u00d6n kap \u2013 nincs meglepet\u00e9s!<\/p>\n<p class=\"\" data-start=\"1570\" data-end=\"1690\">\u2753 <strong data-start=\"1572\" data-end=\"1586\">Seg\u00edts\u00e9gre van sz\u00fcks\u00e9ge?<\/strong> B\u00e1r telep\u00edt\u00e9si utas\u00edt\u00e1sokat nem adunk, nyugodtan <strong data-start=\"1650\" data-end=\"1664\">\u00fczenjen<\/strong>, ha seg\u00edts\u00e9gre van sz\u00fcks\u00e9ge.<\/strong><\/p>\n<p class=\"\" data-start=\"1692\" data-end=\"1812\">\ud83d\udce6 <strong data-start=\"1695\" data-end=\"1723\">Gyors kisz\u00e1ll\u00edt\u00e1s a vil\u00e1g minden pontj\u00e1ra!<\/strong> Ezzel a <strong data-start=\"1778\" data-end=\"1809\">gen.<\/strong>pine<\/strong>pine<\/strong>n.<\/strong>n.<\/p>\n","protected":false},"excerpt":{"rendered":"<p>Cser\u00e9lje ki vagy friss\u00edtse <strong data-start=\"350\" data-end=\"407\">Dell Latitude 14 Rugged Extreme (7404) csatlakoz\u00f3k\u00e1rty\u00e1j\u00e1t<\/strong> erre az <strong data-start=\"418\" data-end=\"438\">eredeti OEM alkatr\u00e9szre<\/strong>. <strong data-start=\"440\" data-end=\"487\">Val\u00f3di fot\u00f3k \u2013 amit l\u00e1tsz, azt kapod!<\/strong><\/p>\n","protected":false},"featured_media":11764,"template":"","meta":[],"product_brand":[],"product_cat":[27],"product_tag":[17],"class_list":{"0":"post-11704","1":"product","2":"type-product","3":"status-publish","4":"has-post-thumbnail","6":"product_cat-motherboards-board-parts","7":"product_tag-dell","9":"first","10":"instock","11":"taxable","12":"shipping-taxable","13":"purchasable","14":"product-type-simple"},"_links":{"self":[{"href":"https:\/\/boreait.com\/hu\/wp-json\/wp\/v2\/product\/11704","targetHints":{"allow":["GET"]}}],"collection":[{"href":"https:\/\/boreait.com\/hu\/wp-json\/wp\/v2\/product"}],"about":[{"href":"https:\/\/boreait.com\/hu\/wp-json\/wp\/v2\/types\/product"}],"wp:featuredmedia":[{"embeddable":true,"href":"https:\/\/boreait.com\/hu\/wp-json\/wp\/v2\/media\/11764"}],"wp:attachment":[{"href":"https:\/\/boreait.com\/hu\/wp-json\/wp\/v2\/media?parent=11704"}],"wp:term":[{"taxonomy":"product_brand","embeddable":true,"href":"https:\/\/boreait.com\/hu\/wp-json\/wp\/v2\/product_brand?post=11704"},{"taxonomy":"product_cat","embeddable":true,"href":"https:\/\/boreait.com\/hu\/wp-json\/wp\/v2\/product_cat?post=11704"},{"taxonomy":"product_tag","embeddable":true,"href":"https:\/\/boreait.com\/hu\/wp-json\/wp\/v2\/product_tag?post=11704"}],"curies":[{"name":"wp","href":"https:\/\/api.w.org\/{rel}","templated":true}]}}