{"id":11703,"date":"2025-09-17T13:26:14","date_gmt":"2025-09-17T11:26:14","guid":{"rendered":"https:\/\/boreait.com\/hu\/?post_type=product&#038;p=11703"},"modified":"2025-09-17T13:27:33","modified_gmt":"2025-09-17T11:27:33","slug":"dell-latitude-rugged-12-extreme-7204-also-burkolat-7h8qny1-eredeti-alkatresz","status":"publish","type":"product","link":"https:\/\/boreait.com\/hu\/termek\/dell-latitude-rugged-12-extreme-7204-also-burkolat-7h8qny1-eredeti-alkatresz\/","title":{"rendered":"Dell Latitude Rugged 12 Extreme 7204 als\u00f3 burkolat 7H8QNY1 \u2013 Eredeti alkatr\u00e9sz"},"content":{"rendered":"<p class=\"\" data-start=\"600\" data-end=\"847\">Adjon <strong data-start=\"610\" data-end=\"652\">Dell Latitude Rugged 12 Extreme (7204)<\/strong> k\u00e9sz\u00fcl\u00e9k\u00e9nek friss megjelen\u00e9st \u00e9s v\u00e9delmet ezzel az <strong data-start=\"691\" data-end=\"725\">eredeti 725&#8243;>H8.QNY1 (<\/strong>H8.QNY1) bor\u00edt\u00f3val. Ez a tart\u00f3ss\u00e1gra tervezett <strong data-start=\"757\" data-end=\"779\">massz\u00edv laptop alkatr\u00e9sz<\/strong> t\u00f6k\u00e9letes illeszked\u00e9st biztos\u00edt, \u00e9s seg\u00edt meg\u0151rizni eszk\u00f6ze sz\u00edv\u00f3ss\u00e1g\u00e1t.<\/p>\n<p>? teljes\u00edtm\u00e9ny<br data-start=\"936\" data-end=\"939\" \/>\u2714 <strong data-start=\"941\" data-end=\"959\">Modell: 7H8QNY1<\/strong> \u2013 Kifejezetten a <strong data-start=\"992\" data-end=\"1029\">Latitude Rugged 12 Extreme<\/strong=\"tart42-9\" (71><br00) adatokhoz data-end=\"1032\" \/>\u2714 <strong data-start=\"1034\" data-end=\"1060\">Tart\u00f3s &amp; Er\u0151s fel\u00e9p\u00edt\u00e9s<\/strong> \u2013 Megv\u00e9di a bels\u0151 alkatr\u00e9szeket a s\u00e9r\u00fcl\u00e9sekt\u0151l<br data-start=\"1103\" data-end=\"1106\" \/>\u2714 <strong data-start=\"1108\" data-end=\"1123\">T\u00f6k\u00e9letes illeszked\u00e9s<\/strong> \u2013 \u00dagy tervezt\u00e9k, hogy illeszkedjen a massz\u00edv laptop szerkezethez<br data-start=\"1171\" data-4\" \/strong> data-start=&#8221;1176&#8243; data-end=&#8221;1197&#8243;>Egyszer\u0171 telep\u00edt\u00e9s<\/strong> \u2013 A s\u00e9r\u00fclt vagy hi\u00e1nyz\u00f3 als\u00f3 burkolat k\u00f6zvetlen p\u00f3tl\u00e1sa<\/p>\n<p class=\"\" data-start=\"1262\" data-end=\"1285\">\ud83d\udca1 <strong data-start=\"1265\" data-end=\"1283\">Kompatibilit\u00e1s:<\/strong><\/p>\n<ul data-start=\"1286\" data-end=\"1410\">\n<li class=\"\" data-start=\"1286\" data-end=\"1355\">\n<p class=\"\" data-start=\"1288\" data-end=\"1355\">Kompatibilis a <strong data-start=\"1304\" data-end=\"1353\">Dell Latitude Rugged 12 Extreme (7204) sorozattal<\/strong><\/p>\n<\/li>\n<li class=\"\" data-start=\"1356\" data-end=\"1410\">\n<p class=\"\" data-start=\"1358\" data-end=\"1410\">V\u00e1s\u00e1rl\u00e1s el\u0151tt gy\u0151z\u0151dj\u00f6n meg arr\u00f3l, hogy laptopja modellje megegyezik<\/p>\n<\/li>\n<\/ul>\n<p class=\"\" data-start=\"1412\" data-end=\"1517\">\ud83d\udcf8 <strong data-start=\"1415\" data-end=\"1431\">Val\u00f3di fot\u00f3k:<\/strong> Az adatlapon szerepl\u0151 k\u00e9pek a <strong data-start=\"1468\" data-end=\"1499\">pontos r\u00e9szt mutatj\u00e1k<\/strong> \u2013 nem \u00e9r meglepet\u00e9s<\/strong>!<\/p>\n<p class=\"\" data-start=\"1519\" data-end=\"1667\">\u2753 <strong data-start=\"1521\" data-end=\"1535\">Seg\u00edts\u00e9gre van sz\u00fcks\u00e9ge?<\/strong> Telep\u00edt\u00e9si utas\u00edt\u00e1sokat nem adunk, de nyugodtan <strong data-start=\"1597\" data-end=\"1611\"\">\u00fczenje meg seg\u00edts\u00e9g\u00e9t a v\u00e1s\u00e1rl\u00e1s el\u0151tt.<\/p>\n<p><\/strong><\/p>\n<p class=\"\" data-start=\"1669\" data-end=\"1788\">\ud83d\udce6 <strong data-start=\"1672\" data-end=\"1700\">Gyors kisz\u00e1ll\u00edt\u00e1s a vil\u00e1g minden pontj\u00e1ra!<\/strong> Szerezze be <strong data-start=\"1710\" data-end=\"1732\">Latitude 12 <strong top-6\"<\/strong> \u00e1llapot\u00e1t ezzel a &#8222;Latitude 12&#8221; <strong top-6\" \u00e1llapottal<\/strong> data-end=&#8221;1785&#8243;>OEM als\u00f3 bor\u00edt\u00f3<\/strong>.<\/p>\n","protected":false},"excerpt":{"rendered":"<p>\u00c1ll\u00edtsa vissza <strong data-start=\"331\" data-end=\"373\">Dell Latitude Rugged 12 Extreme (7204)<\/strong> k\u00e9sz\u00fcl\u00e9k\u00e9t ezzel az <strong data-start=\"384\" data-end=\"419\">eredeti als\u00f3 bor\u00edt\u00f3val (7H8QNY1)<\/strong>. Tart\u00f3s \u00e9s t\u00f6k\u00e9letesen illeszkedik a biztons\u00e1gos illeszked\u00e9shez. <strong data-start=\"470\" data-end=\"517\">Val\u00f3di fot\u00f3k \u2013 amit l\u00e1tsz, azt kapod!<\/strong><\/p>\n","protected":false},"featured_media":11762,"template":"","meta":[],"product_brand":[],"product_cat":[16],"product_tag":[17],"class_list":{"0":"post-11703","1":"product","2":"type-product","3":"status-publish","4":"has-post-thumbnail","6":"product_cat-laptop-housing","7":"product_tag-dell","9":"first","10":"instock","11":"taxable","12":"shipping-taxable","13":"purchasable","14":"product-type-simple"},"_links":{"self":[{"href":"https:\/\/boreait.com\/hu\/wp-json\/wp\/v2\/product\/11703","targetHints":{"allow":["GET"]}}],"collection":[{"href":"https:\/\/boreait.com\/hu\/wp-json\/wp\/v2\/product"}],"about":[{"href":"https:\/\/boreait.com\/hu\/wp-json\/wp\/v2\/types\/product"}],"wp:featuredmedia":[{"embeddable":true,"href":"https:\/\/boreait.com\/hu\/wp-json\/wp\/v2\/media\/11762"}],"wp:attachment":[{"href":"https:\/\/boreait.com\/hu\/wp-json\/wp\/v2\/media?parent=11703"}],"wp:term":[{"taxonomy":"product_brand","embeddable":true,"href":"https:\/\/boreait.com\/hu\/wp-json\/wp\/v2\/product_brand?post=11703"},{"taxonomy":"product_cat","embeddable":true,"href":"https:\/\/boreait.com\/hu\/wp-json\/wp\/v2\/product_cat?post=11703"},{"taxonomy":"product_tag","embeddable":true,"href":"https:\/\/boreait.com\/hu\/wp-json\/wp\/v2\/product_tag?post=11703"}],"curies":[{"name":"wp","href":"https:\/\/api.w.org\/{rel}","templated":true}]}}