{"id":11675,"date":"2025-09-17T13:25:29","date_gmt":"2025-09-17T11:25:29","guid":{"rendered":"https:\/\/boreait.com\/hu\/?post_type=product&#038;p=11675"},"modified":"2025-09-17T13:27:11","modified_gmt":"2025-09-17T11:27:11","slug":"dell-7214-robusztus-c_lid_c-hajlekony-kabel-0801-2gw4000-oem-hasznalt-laptop-alkatresz","status":"publish","type":"product","link":"https:\/\/boreait.com\/hu\/termek\/dell-7214-robusztus-c_lid_c-hajlekony-kabel-0801-2gw4000-oem-hasznalt-laptop-alkatresz\/","title":{"rendered":"Dell 7214 robusztus C_LID_C hajl\u00e9kony k\u00e1bel 0801-2GW4000 OEM haszn\u00e1lt laptop alkatr\u00e9sz"},"content":{"rendered":"<p class=\"\" data-start=\"408\" data-end=\"648\">Ez egy <strong data-start=\"418\" data-end=\"454\">haszn\u00e1lt OEM Dell C_LID_C flexibilis k\u00e1bel<\/strong>, cikksz\u00e1m: <strong data-start=\"468\" data-end=\"484\">0801-2GW,1 teljesen m\u0171k\u00f6d\u0151k\u00e9pes=&#8221;5,1&#8243; teljesen m\u0171k\u00f6d\u0151k\u00e9pes=&#8221;8,1 adat data-end=&#8221;555&#8243;>Dell Latitude 7214 Rugged Extreme<\/strong>. Elengedhetetlen a kijelz\u0151 vagy a fed\u00e9l megfelel\u0151 m\u0171k\u00f6d\u00e9s\u00e9hez, \u00e9s ide\u00e1lis jav\u00edt\u00e1shoz vagy cser\u00e9hez.<\/p>\n<p class=\"\" data-start=\"650\" data-end=\"674\">\u2705 <strong data-start=\"652\" data-end=\"672\">Kompatibilis:<\/strong><\/p>\n<ul data-start=\"675\" data-end=\"710\">\n<li class=\"\" data-start=\"675\" data-end=\"710\">\n<p class=\"\" data-start=\"677\" data-end=\"710\">Dell Latitude 7214 Rugged Extreme<\/p>\n<\/li>\n<\/ul>\n<p class=\"\" data-start=\"712\" data-end=\"732\">\u2705 <strong data-start=\"714\" data-end=\"730\">Alkatr\u00e9szsz\u00e1m:<\/strong><\/p>\n<ul data-start=\"733\" data-end=\"747\">\n<li class=\"\" data-start=\"733\" data-end=\"747\">\n<p class=\"\" data-start=\"735\" data-end=\"747\">0801-2GW4000<\/p>\n<\/li>\n<\/ul>\n<p class=\"\" data-start=\"749\" data-end=\"768\">\u2705 <strong data-start=\"751\" data-end=\"766\">Kiemel\u00e9sek:<\/strong><\/p>\n<ul data-start=\"769\" data-end=\"978\">\n<li class=\"\" data-start=\"769\" data-end=\"798\">\n<p class=\"\" data-start=\"771\" data-end=\"798\">Eredeti Dell laptop alkatr\u00e9sz<\/p>\n<\/li>\n<li class=\"\" data-start=\"799\" data-end=\"843\">\n<p class=\"\" data-start=\"801\" data-end=\"843\">Haszn\u00e1lt \u00e9s tesztelt \u2013 100%-ban m\u0171k\u00f6d\u0151k\u00e9pes \u00e1llapot<\/p>\n<\/li>\n<li class=\"\" data-start=\"844\" data-end=\"894\">\n<p class=\"\" data-start=\"846\" data-end=\"894\">Gondoskodik a megfelel\u0151 jel- \u00e9s kijelz\u0151kapcsolatr\u00f3l<\/p>\n<\/li>\n<li class=\"\" data-start=\"895\" data-end=\"948\">\n<p class=\"\" data-start=\"897\" data-end=\"948\">Ide\u00e1lis professzion\u00e1lis jav\u00edt\u00f3m\u0171helyek vagy bark\u00e1csszerel\u0151k sz\u00e1m\u00e1ra<\/p>\n<\/li>\n<li class=\"\" data-start=\"949\" data-end=\"978\">\n<p class=\"\" data-start=\"951\" data-end=\"978\">Gyorsan sz\u00e1ll\u00edtjuk Eur\u00f3p\u00e1b\u00f3l<\/p>\n<\/li>\n<\/ul>\n<p class=\"\" data-start=\"980\" data-end=\"1092\">A teljes funkcionalit\u00e1s vissza\u00e1ll\u00edt\u00e1sa az eredeti <strong data-start=\"1021\" data-end=\"1042\">Dell laptop alkatr\u00e9szek<\/strong> haszn\u00e1lat\u00e1val. L\u00e9pjen kapcsolatba vel\u00fcnk, ha nem biztos a kompatibilit\u00e1sban!<\/p>\n","protected":false},"excerpt":{"rendered":"<p>Haszn\u00e1lt OEM C_LID_C rugalmas k\u00e1bel (cikksz\u00e1m: 0801-2GW4000) a Dell Latitude 7214 Rugged Extreme k\u00e9sz\u00fcl\u00e9khez. Teljesen tesztelt Dell laptop alkatr\u00e9sz a megb\u00edzhat\u00f3 jav\u00edt\u00e1s \u00e9rdek\u00e9ben.<\/p>\n","protected":false},"featured_media":11741,"template":"","meta":[],"product_brand":[],"product_cat":[20],"product_tag":[17],"class_list":{"0":"post-11675","1":"product","2":"type-product","3":"status-publish","4":"has-post-thumbnail","6":"product_cat-cables","7":"product_tag-dell","9":"first","10":"instock","11":"taxable","12":"shipping-taxable","13":"purchasable","14":"product-type-simple"},"_links":{"self":[{"href":"https:\/\/boreait.com\/hu\/wp-json\/wp\/v2\/product\/11675","targetHints":{"allow":["GET"]}}],"collection":[{"href":"https:\/\/boreait.com\/hu\/wp-json\/wp\/v2\/product"}],"about":[{"href":"https:\/\/boreait.com\/hu\/wp-json\/wp\/v2\/types\/product"}],"wp:featuredmedia":[{"embeddable":true,"href":"https:\/\/boreait.com\/hu\/wp-json\/wp\/v2\/media\/11741"}],"wp:attachment":[{"href":"https:\/\/boreait.com\/hu\/wp-json\/wp\/v2\/media?parent=11675"}],"wp:term":[{"taxonomy":"product_brand","embeddable":true,"href":"https:\/\/boreait.com\/hu\/wp-json\/wp\/v2\/product_brand?post=11675"},{"taxonomy":"product_cat","embeddable":true,"href":"https:\/\/boreait.com\/hu\/wp-json\/wp\/v2\/product_cat?post=11675"},{"taxonomy":"product_tag","embeddable":true,"href":"https:\/\/boreait.com\/hu\/wp-json\/wp\/v2\/product_tag?post=11675"}],"curies":[{"name":"wp","href":"https:\/\/api.w.org\/{rel}","templated":true}]}}